{"id":11128,"date":"2025-05-27T15:03:08","date_gmt":"2025-05-27T13:03:08","guid":{"rendered":"https:\/\/clonemontessori-dev.host3ip.eu\/annuaire-de-limi\/"},"modified":"2025-08-04T16:02:59","modified_gmt":"2025-08-04T14:02:59","slug":"annuaire-de-limi","status":"publish","type":"page","link":"https:\/\/clonemontessori-dev.host3ip.eu\/fr\/annuaire-de-limi\/","title":{"rendered":"Annuaire de l&rsquo;IMI"},"content":{"rendered":"\t\t<div data-elementor-type=\"wp-page\" data-elementor-id=\"11128\" class=\"elementor elementor-11128 elementor-6864\" data-elementor-post-type=\"page\">\n\t\t\t\t<div class=\"elementor-element elementor-element-ec89e95 e-con-full e-flex e-con e-parent\" data-id=\"ec89e95\" data-element_type=\"container\" data-settings=\"{&quot;jet_parallax_layout_list&quot;:[]}\">\n\t\t<div class=\"elementor-element elementor-element-24215b3 e-flex e-con-boxed e-con e-child\" data-id=\"24215b3\" data-element_type=\"container\" data-settings=\"{&quot;jet_parallax_layout_list&quot;:[]}\">\n\t\t\t\t\t<div class=\"e-con-inner\">\n\t\t\t\t<div class=\"elementor-element elementor-element-360fb1f elementor-widget__width-initial elementor-widget elementor-widget-heading\" data-id=\"360fb1f\" data-element_type=\"widget\" data-widget_type=\"heading.default\">\n\t\t\t\t<div class=\"elementor-widget-container\">\n\t\t\t\t\t<p class=\"elementor-heading-title elementor-size-default\">Annuaire IMI 2021<\/p>\t\t\t\t<\/div>\n\t\t\t\t<\/div>\n\t\t\t\t<div class=\"elementor-element elementor-element-a4554b6 elementor-widget elementor-widget-heading\" data-id=\"a4554b6\" data-element_type=\"widget\" data-widget_type=\"heading.default\">\n\t\t\t\t<div class=\"elementor-widget-container\">\n\t\t\t\t\t<h2 class=\"elementor-heading-title elementor-size-default\">P\u00e9dagogie Montessori et innovation p\u00e9dagogique\n<\/h2>\t\t\t\t<\/div>\n\t\t\t\t<\/div>\n\t\t\t\t\t<\/div>\n\t\t\t\t<\/div>\n\t\t<main class=\"elementor-element elementor-element-e828b0f e-con-full e-flex e-con e-child\" data-id=\"e828b0f\" data-element_type=\"container\" data-settings=\"{&quot;background_background&quot;:&quot;classic&quot;,&quot;jet_parallax_layout_list&quot;:[]}\">\n\t\t\t\t<div class=\"elementor-element elementor-element-f9c6c76 e-transform elementor-widget elementor-widget-image\" data-id=\"f9c6c76\" data-element_type=\"widget\" data-settings=\"{&quot;_transform_rotateZ_effect&quot;:{&quot;unit&quot;:&quot;px&quot;,&quot;size&quot;:2.41,&quot;sizes&quot;:[]},&quot;_transform_rotateZ_effect_mobile&quot;:{&quot;unit&quot;:&quot;deg&quot;,&quot;size&quot;:-2,&quot;sizes&quot;:[]},&quot;_transform_rotateZ_effect_laptop&quot;:{&quot;unit&quot;:&quot;deg&quot;,&quot;size&quot;:&quot;&quot;,&quot;sizes&quot;:[]},&quot;_transform_rotateZ_effect_tablet_extra&quot;:{&quot;unit&quot;:&quot;deg&quot;,&quot;size&quot;:&quot;&quot;,&quot;sizes&quot;:[]},&quot;_transform_rotateZ_effect_tablet&quot;:{&quot;unit&quot;:&quot;deg&quot;,&quot;size&quot;:&quot;&quot;,&quot;sizes&quot;:[]},&quot;_transform_rotateZ_effect_mobile_extra&quot;:{&quot;unit&quot;:&quot;deg&quot;,&quot;size&quot;:&quot;&quot;,&quot;sizes&quot;:[]}}\" data-widget_type=\"image.default\">\n\t\t\t\t<div class=\"elementor-widget-container\">\n\t\t\t\t\t\t\t\t\t\t\t\t\t\t\t<img fetchpriority=\"high\" decoding=\"async\" width=\"800\" height=\"485\" src=\"https:\/\/clonemontessori-dev.host3ip.eu\/wp-content\/uploads\/imagenes-941-800x485.jpg\" class=\"attachment-medium size-medium wp-image-6552\" alt=\"\" srcset=\"https:\/\/clonemontessori-dev.host3ip.eu\/wp-content\/uploads\/imagenes-941-800x485.jpg 800w, https:\/\/clonemontessori-dev.host3ip.eu\/wp-content\/uploads\/imagenes-941-1280x776.jpg 1280w, https:\/\/clonemontessori-dev.host3ip.eu\/wp-content\/uploads\/imagenes-941-300x182.jpg 300w, https:\/\/clonemontessori-dev.host3ip.eu\/wp-content\/uploads\/imagenes-941-768x465.jpg 768w, https:\/\/clonemontessori-dev.host3ip.eu\/wp-content\/uploads\/imagenes-941-1536x931.jpg 1536w, https:\/\/clonemontessori-dev.host3ip.eu\/wp-content\/uploads\/imagenes-941-600x364.jpg 600w, https:\/\/clonemontessori-dev.host3ip.eu\/wp-content\/uploads\/imagenes-941.jpg 1680w\" sizes=\"(max-width: 800px) 100vw, 800px\" \/>\t\t\t\t\t\t\t\t\t\t\t\t\t\t\t<\/div>\n\t\t\t\t<\/div>\n\t\t\t\t<\/main>\n\t\t\t\t<\/div>\n\t\t<div class=\"elementor-element elementor-element-aace6b1 e-flex e-con-boxed e-con e-parent\" data-id=\"aace6b1\" data-element_type=\"container\" data-settings=\"{&quot;jet_parallax_layout_list&quot;:[]}\">\n\t\t\t\t\t<div class=\"e-con-inner\">\n\t\t\t\t<div class=\"elementor-element elementor-element-7494da0 elementor-widget elementor-widget-text-editor\" data-id=\"7494da0\" data-element_type=\"widget\" data-widget_type=\"text-editor.default\">\n\t\t\t\t<div class=\"elementor-widget-container\">\n\t\t\t\t\t\t\t\t\t<p>Il s&rsquo;agit du premier annuaire de l&rsquo;<strong>Institut international Montessori (IMI)<\/strong>, cr\u00e9\u00e9 dans le but de r\u00e9fl\u00e9chir aux pratiques \u00e9ducatives actuelles, de valoriser le travail des enseignants et de diffuser la p\u00e9dagogie Montessori.<\/p><div class=\"su-spacer\"> <\/div><p>Dans cette premi\u00e8re \u00e9dition, vous trouverez<\/p><ul><li>Une <strong>section Montessori<\/strong> par Adela Vizca\u00edno, directrice p\u00e9dagogique de l&rsquo;IMI, sur l&rsquo;utilisation du mat\u00e9riel Montessori, le cycle de travail et la mixit\u00e9 des \u00e2ges dans les classes Montessori.<\/li><li>Une <strong>\u00e9tude de terrain men\u00e9e aupr\u00e8s de plus de 150 professionnels de l&rsquo;\u00e9ducation<\/strong> sur la situation actuelle de la pratique \u00e9ducative.<\/li><li>Un <strong>espace pour les opinions des enseignants<\/strong> sur les d\u00e9fis auxquels l&rsquo;\u00e9ducation sera confront\u00e9e dans les ann\u00e9es \u00e0 venir.<\/li><li><strong>Entretiens avec des professionnels de Montessori<\/strong>: Elena Moreta, directrice de l&rsquo;\u00e9cole Montessori Cuarto Creciente ; Graciela Heguy, fondatrice du projet social Innovar ; et D\u00e1cil Martin, ancien \u00e9l\u00e8ve de l&rsquo;IMI et actuel directeur de Kaizen Montessori.<\/li><\/ul><p>Nous vous recommandons l&rsquo;annuaire de l&rsquo;IMI si vous \u00eates enseignant dans une \u00e9cole non Montessori, guide Montessori ou assistant Montessori, et surtout si vous souhaitez cr\u00e9er un centre Montessori. <strong>T\u00e9l\u00e9chargez-le gratuitement en cliquant sur la banni\u00e8re ou <a href=\"https:\/\/montessorispace.com\/wp-content\/uploads\/anuario_-2021.pdf\" target=\"_blank\" rel=\"noopener\">ici<\/a>.<\/strong><\/p>\t\t\t\t\t\t\t\t<\/div>\n\t\t\t\t<\/div>\n\t\t\t\t<div class=\"elementor-element elementor-element-75939d6 elementor-widget elementor-widget-image\" data-id=\"75939d6\" data-element_type=\"widget\" data-widget_type=\"image.default\">\n\t\t\t\t<div class=\"elementor-widget-container\">\n\t\t\t\t\t\t\t\t\t\t\t\t\t\t\t\t<a href=\"https:\/\/montessorispace.com\/wp-content\/uploads\/anuario_-2021.pdf\" target=\"_blank\" rel=\"noopener\">\n\t\t\t\t\t\t\t<img decoding=\"async\" width=\"800\" height=\"510\" src=\"https:\/\/clonemontessori-dev.host3ip.eu\/wp-content\/uploads\/ANUARIO-IMI-min-scaled-1-1256x800.jpg\" class=\"attachment-large size-large wp-image-6868\" alt=\"\" srcset=\"https:\/\/clonemontessori-dev.host3ip.eu\/wp-content\/uploads\/ANUARIO-IMI-min-scaled-1-1256x800.jpg 1256w, https:\/\/clonemontessori-dev.host3ip.eu\/wp-content\/uploads\/ANUARIO-IMI-min-scaled-1-800x510.jpg 800w, https:\/\/clonemontessori-dev.host3ip.eu\/wp-content\/uploads\/ANUARIO-IMI-min-scaled-1-300x191.jpg 300w, https:\/\/clonemontessori-dev.host3ip.eu\/wp-content\/uploads\/ANUARIO-IMI-min-scaled-1-768x489.jpg 768w, https:\/\/clonemontessori-dev.host3ip.eu\/wp-content\/uploads\/ANUARIO-IMI-min-scaled-1-1536x979.jpg 1536w, https:\/\/clonemontessori-dev.host3ip.eu\/wp-content\/uploads\/ANUARIO-IMI-min-scaled-1-2048x1305.jpg 2048w, https:\/\/clonemontessori-dev.host3ip.eu\/wp-content\/uploads\/ANUARIO-IMI-min-scaled-1-600x382.jpg 600w\" sizes=\"(max-width: 800px) 100vw, 800px\" \/>\t\t\t\t\t\t\t\t<\/a>\n\t\t\t\t\t\t\t\t\t\t\t\t\t\t\t<\/div>\n\t\t\t\t<\/div>\n\t\t\t\t\t<\/div>\n\t\t\t\t<\/div>\n\t\t\t\t<\/div>\n\t\t","protected":false},"excerpt":{"rendered":"<p>Annuaire IMI 2021 P\u00e9dagogie Montessori et innovation p\u00e9dagogique Il s&rsquo;agit du premier annuaire de l&rsquo;Institut international Montessori (IMI), cr\u00e9\u00e9 dans le but de r\u00e9fl\u00e9chir aux pratiques \u00e9ducatives actuelles, de valoriser le travail des enseignants et de diffuser la p\u00e9dagogie Montessori. Dans cette premi\u00e8re \u00e9dition, vous trouverez Une section Montessori par Adela Vizca\u00edno, directrice p\u00e9dagogique de [&hellip;]<\/p>\n","protected":false},"author":1,"featured_media":0,"parent":0,"menu_order":0,"comment_status":"closed","ping_status":"closed","template":"","meta":{"_acf_changed":false,"footnotes":""},"class_list":["post-11128","page","type-page","status-publish","hentry"],"acf":[],"_links":{"self":[{"href":"https:\/\/clonemontessori-dev.host3ip.eu\/fr\/wp-json\/wp\/v2\/pages\/11128","targetHints":{"allow":["GET"]}}],"collection":[{"href":"https:\/\/clonemontessori-dev.host3ip.eu\/fr\/wp-json\/wp\/v2\/pages"}],"about":[{"href":"https:\/\/clonemontessori-dev.host3ip.eu\/fr\/wp-json\/wp\/v2\/types\/page"}],"author":[{"embeddable":true,"href":"https:\/\/clonemontessori-dev.host3ip.eu\/fr\/wp-json\/wp\/v2\/users\/1"}],"replies":[{"embeddable":true,"href":"https:\/\/clonemontessori-dev.host3ip.eu\/fr\/wp-json\/wp\/v2\/comments?post=11128"}],"version-history":[{"count":3,"href":"https:\/\/clonemontessori-dev.host3ip.eu\/fr\/wp-json\/wp\/v2\/pages\/11128\/revisions"}],"predecessor-version":[{"id":12433,"href":"https:\/\/clonemontessori-dev.host3ip.eu\/fr\/wp-json\/wp\/v2\/pages\/11128\/revisions\/12433"}],"wp:attachment":[{"href":"https:\/\/clonemontessori-dev.host3ip.eu\/fr\/wp-json\/wp\/v2\/media?parent=11128"}],"curies":[{"name":"wp","href":"https:\/\/api.w.org\/{rel}","templated":true}]}}