{"id":11216,"date":"2025-02-04T20:35:20","date_gmt":"2025-02-04T19:35:20","guid":{"rendered":"https:\/\/clonemontessori-dev.host3ip.eu\/conseil-montessori\/"},"modified":"2025-07-10T13:11:45","modified_gmt":"2025-07-10T11:11:45","slug":"conseil-montessori","status":"publish","type":"page","link":"https:\/\/clonemontessori-dev.host3ip.eu\/fr\/conseil-montessori\/","title":{"rendered":"Conseil Montessori"},"content":{"rendered":"\t\t<div data-elementor-type=\"wp-page\" data-elementor-id=\"11216\" class=\"elementor elementor-11216 elementor-2050\" data-elementor-post-type=\"page\">\n\t\t\t\t<div class=\"elementor-element elementor-element-9a77605 e-con-full e-flex e-con e-parent\" data-id=\"9a77605\" data-element_type=\"container\" data-settings=\"{&quot;jet_parallax_layout_list&quot;:[]}\">\n\t\t<div class=\"elementor-element elementor-element-46c17e5 e-flex e-con-boxed e-con e-child\" data-id=\"46c17e5\" data-element_type=\"container\" data-settings=\"{&quot;jet_parallax_layout_list&quot;:[]}\">\n\t\t\t\t\t<div class=\"e-con-inner\">\n\t\t\t\t<div class=\"elementor-element elementor-element-df52520 elementor-widget__width-initial elementor-widget elementor-widget-heading\" data-id=\"df52520\" data-element_type=\"widget\" data-widget_type=\"heading.default\">\n\t\t\t\t<div class=\"elementor-widget-container\">\n\t\t\t\t\t<p class=\"elementor-heading-title elementor-size-default\">Conseil Montessori<\/p>\t\t\t\t<\/div>\n\t\t\t\t<\/div>\n\t\t\t\t<div class=\"elementor-element elementor-element-0874232 elementor-widget elementor-widget-heading\" data-id=\"0874232\" data-element_type=\"widget\" data-widget_type=\"heading.default\">\n\t\t\t\t<div class=\"elementor-widget-container\">\n\t\t\t\t\t<h2 class=\"elementor-heading-title elementor-size-default\">Service de conseil aux \u00e9coles\n<\/h2>\t\t\t\t<\/div>\n\t\t\t\t<\/div>\n\t\t\t\t\t<\/div>\n\t\t\t\t<\/div>\n\t\t<main class=\"elementor-element elementor-element-fc00525 e-con-full e-flex e-con e-child\" data-id=\"fc00525\" data-element_type=\"container\" data-settings=\"{&quot;background_background&quot;:&quot;classic&quot;,&quot;jet_parallax_layout_list&quot;:[]}\">\n\t\t\t\t<div class=\"elementor-element elementor-element-cdf7d67 e-transform elementor-widget elementor-widget-image\" data-id=\"cdf7d67\" data-element_type=\"widget\" data-settings=\"{&quot;_transform_rotateZ_effect&quot;:{&quot;unit&quot;:&quot;px&quot;,&quot;size&quot;:2.41,&quot;sizes&quot;:[]},&quot;_transform_rotateZ_effect_mobile&quot;:{&quot;unit&quot;:&quot;deg&quot;,&quot;size&quot;:-2,&quot;sizes&quot;:[]},&quot;_transform_rotateZ_effect_laptop&quot;:{&quot;unit&quot;:&quot;deg&quot;,&quot;size&quot;:&quot;&quot;,&quot;sizes&quot;:[]},&quot;_transform_rotateZ_effect_tablet_extra&quot;:{&quot;unit&quot;:&quot;deg&quot;,&quot;size&quot;:&quot;&quot;,&quot;sizes&quot;:[]},&quot;_transform_rotateZ_effect_tablet&quot;:{&quot;unit&quot;:&quot;deg&quot;,&quot;size&quot;:&quot;&quot;,&quot;sizes&quot;:[]},&quot;_transform_rotateZ_effect_mobile_extra&quot;:{&quot;unit&quot;:&quot;deg&quot;,&quot;size&quot;:&quot;&quot;,&quot;sizes&quot;:[]}}\" data-widget_type=\"image.default\">\n\t\t\t\t<div class=\"elementor-widget-container\">\n\t\t\t\t\t\t\t\t\t\t\t\t\t\t\t<img fetchpriority=\"high\" decoding=\"async\" width=\"800\" height=\"533\" src=\"https:\/\/clonemontessori-dev.host3ip.eu\/wp-content\/uploads\/Fotolia_77914465_Subscription_XXL-800x533.jpg\" class=\"attachment-medium size-medium wp-image-4308\" alt=\"\" srcset=\"https:\/\/clonemontessori-dev.host3ip.eu\/wp-content\/uploads\/Fotolia_77914465_Subscription_XXL-800x533.jpg 800w, https:\/\/clonemontessori-dev.host3ip.eu\/wp-content\/uploads\/Fotolia_77914465_Subscription_XXL-1201x800.jpg 1201w, https:\/\/clonemontessori-dev.host3ip.eu\/wp-content\/uploads\/Fotolia_77914465_Subscription_XXL-300x200.jpg 300w, https:\/\/clonemontessori-dev.host3ip.eu\/wp-content\/uploads\/Fotolia_77914465_Subscription_XXL-768x512.jpg 768w, https:\/\/clonemontessori-dev.host3ip.eu\/wp-content\/uploads\/Fotolia_77914465_Subscription_XXL-1536x1023.jpg 1536w, https:\/\/clonemontessori-dev.host3ip.eu\/wp-content\/uploads\/Fotolia_77914465_Subscription_XXL-600x400.jpg 600w, https:\/\/clonemontessori-dev.host3ip.eu\/wp-content\/uploads\/Fotolia_77914465_Subscription_XXL.jpg 1732w\" sizes=\"(max-width: 800px) 100vw, 800px\" \/>\t\t\t\t\t\t\t\t\t\t\t\t\t\t\t<\/div>\n\t\t\t\t<\/div>\n\t\t\t\t<\/main>\n\t\t\t\t<\/div>\n\t\t<div class=\"elementor-element elementor-element-b020542 e-flex e-con-boxed e-con e-parent\" data-id=\"b020542\" data-element_type=\"container\" data-settings=\"{&quot;jet_parallax_layout_list&quot;:[]}\">\n\t\t\t\t\t<div class=\"e-con-inner\">\n\t\t\t\t<div class=\"elementor-element elementor-element-a001c68 elementor-widget elementor-widget-text-editor\" data-id=\"a001c68\" data-element_type=\"widget\" data-widget_type=\"text-editor.default\">\n\t\t\t\t<div class=\"elementor-widget-container\">\n\t\t\t\t\t\t\t\t\t<p>L&rsquo;offre de cours est de plus en plus importante, ce qui est un facteur positif refl\u00e9tant l&rsquo;int\u00e9r\u00eat et les r\u00e9sultats visibles de cette m\u00e9thodologie, ainsi qu&rsquo;une grande opportunit\u00e9 pour sa diffusion. Cependant, ces formations ne sont pas suffisantes pour cr\u00e9er et d\u00e9velopper un environnement Montessori bien implant\u00e9.   <strong>Le soutien technique, l&rsquo;accompagnement et les conseils d&rsquo;un centre exp\u00e9riment\u00e9 sont n\u00e9cessaires pour poser les bases du nouveau projet Montessori.<\/strong><\/p><p>De m\u00eame, ceux qui ont d\u00e9j\u00e0 lanc\u00e9 un projet d&rsquo;\u00e9ducation de la petite enfance et qui sont confront\u00e9s aux difficult\u00e9s de l&rsquo;introduction de Montessori dans le primaire ont besoin de <strong>guides form\u00e9s, d&rsquo;un soutien et d&rsquo;une aide pour le d\u00e9veloppement de l&rsquo;environnement et des bonnes pratiques \u00e9ducatives<\/strong>.<\/p>\t\t\t\t\t\t\t\t<\/div>\n\t\t\t\t<\/div>\n\t\t\t\t\t<\/div>\n\t\t\t\t<\/div>\n\t\t<div class=\"elementor-element elementor-element-4b40067 e-flex e-con-boxed e-con e-parent\" data-id=\"4b40067\" data-element_type=\"container\" data-settings=\"{&quot;jet_parallax_layout_list&quot;:[]}\">\n\t\t\t\t\t<div class=\"e-con-inner\">\n\t\t\t\t<div class=\"elementor-element elementor-element-b3c3265 elementor-widget elementor-widget-heading\" data-id=\"b3c3265\" data-element_type=\"widget\" data-widget_type=\"heading.default\">\n\t\t\t\t<div class=\"elementor-widget-container\">\n\t\t\t\t\t<h2 class=\"elementor-heading-title elementor-size-default\">Consultations pour les <span style=\"font-weight: bold;color: #D72827\">\u00e9coles et les \u00e9tablissements d'enseignement<\/span> <\/h2>\t\t\t\t<\/div>\n\t\t\t\t<\/div>\n\t\t\t\t<div class=\"elementor-element elementor-element-4da2bf6 elementor-widget elementor-widget-text-editor\" data-id=\"4da2bf6\" data-element_type=\"widget\" data-widget_type=\"text-editor.default\">\n\t\t\t\t<div class=\"elementor-widget-container\">\n\t\t\t\t\t\t\t\t\t<p>Comme nos enfants sont les b\u00e9n\u00e9ficiaires et les victimes ultimes, il est dans notre int\u00e9r\u00eat que tous ceux qui choisissent de faire partie de la communaut\u00e9 Montessori respectent les normes sur lesquelles repose une pratique Montessori efficace et r\u00e9ussie.<\/p><div class=\"et_pb_column et_pb_column_1_2 et_pb_column_22 et_pb_css_mix_blend_mode_passthrough\"><div class=\"et_pb_module et_pb_text et_pb_text_15 et_pb_bg_layout_light et_pb_text_align_left\"><div class=\"et_pb_text_inner\"><p>L&rsquo;Institut International Montessori (IMI) est n\u00e9 dans le seul but de donner une continuit\u00e9 \u00e0 la grande \u0153uvre initi\u00e9e par le Dr. Maria Montessori, un centre sp\u00e9cialis\u00e9 dans l&rsquo;\u00e9ducation Montessori avec un objectif clair :   <strong>offrir une formation Montessori classique bas\u00e9e sur les sources originales du Dr Maria Montessori et adapt\u00e9e aux besoins \u00e9ducatifs d&rsquo;aujourd&rsquo;hui. <\/strong><\/p><\/div><\/div><\/div><div class=\"et_pb_column et_pb_column_1_2 et_pb_column_23 et_pb_css_mix_blend_mode_passthrough et-last-child\"><div class=\"et_pb_module et_pb_text et_pb_text_16 et_pb_bg_layout_light et_pb_text_align_left\"><div class=\"et_pb_text_inner\"><p>Notre \u00e9quipe d&rsquo;enseignants a \u00e9t\u00e9 soigneusement s\u00e9lectionn\u00e9e pour sa grande exp\u00e9rience internationale et son expertise, dans le but de transmettre toute la richesse de la m\u00e9thode Montessori et d&rsquo;offrir \u00e0 nos \u00e9tudiants une vision large et unique de l&rsquo;\u00e9ducation Montessori.<\/p><p>Cette combinaison fait de l&rsquo;IMI un point de rencontre montessorien unique au monde, o\u00f9 se noue un dialogue inter-montessorien qui garantit la fid\u00e9lit\u00e9 aux id\u00e9es et \u00e0 la vision du Dr Maria Montessori. <\/p><p> <\/p><blockquote><p>Dans le m\u00eame but, nous offrons \u00e0 nos \u00e9tudiants Guide et Master un service de conseil, de consultation et de soutien pour les \u00e9coles et les environnements Montessori, en maintenant, en poursuivant et en garantissant toujours le respect des directives \u00e9tablies par le Dr.<\/p><\/blockquote><\/div><\/div><\/div><div> <\/div>\t\t\t\t\t\t\t\t<\/div>\n\t\t\t\t<\/div>\n\t\t\t\t\t<\/div>\n\t\t\t\t<\/div>\n\t\t<div class=\"elementor-element elementor-element-4d087cc e-flex e-con-boxed e-con e-parent\" data-id=\"4d087cc\" data-element_type=\"container\" data-settings=\"{&quot;jet_parallax_layout_list&quot;:[]}\">\n\t\t\t\t\t<div class=\"e-con-inner\">\n\t\t<div class=\"elementor-element elementor-element-be8b892 e-con-full e-flex e-con e-child\" data-id=\"be8b892\" data-element_type=\"container\" data-settings=\"{&quot;jet_parallax_layout_list&quot;:[]}\">\n\t\t\t\t<div class=\"elementor-element elementor-element-6fdac93 elementor-widget elementor-widget-heading\" data-id=\"6fdac93\" data-element_type=\"widget\" data-widget_type=\"heading.default\">\n\t\t\t\t<div class=\"elementor-widget-container\">\n\t\t\t\t\t<h2 class=\"elementor-heading-title elementor-size-default\">\n<span style=\"font-weight: bold;color: #D72827\"> service deconseil pour<\/span> les \u00e9coles<\/h2>\t\t\t\t<\/div>\n\t\t\t\t<\/div>\n\t\t\t\t<div class=\"elementor-element elementor-element-30f513c elementor-widget elementor-widget-text-editor\" data-id=\"30f513c\" data-element_type=\"widget\" data-widget_type=\"text-editor.default\">\n\t\t\t\t<div class=\"elementor-widget-container\">\n\t\t\t\t\t\t\t\t\t<div><div class=\"et_pb_column et_pb_column_1_2 et_pb_column_26 et_pb_css_mix_blend_mode_passthrough\"><div class=\"et_pb_module et_pb_text et_pb_text_18 et_pb_bg_layout_light et_pb_text_align_left\"><div class=\"et_pb_text_inner\"><p>Notre ligne de conseil peut vous aider :<\/p><\/div><\/div><div class=\"et_pb_module et_pb_blurb et_pb_blurb_13 et_pb_bg_layout_light et_pb_text_align_left et_pb_blurb_position_left\"><div class=\"et_pb_blurb_content\"><ul><li class=\"et_pb_main_blurb_image\">Les d\u00e9buts de la cr\u00e9ation et du d\u00e9veloppement de son projet \u00e9ducatif Montessori.<\/li><li class=\"et_pb_main_blurb_image\">Formation, accompagnement de leurs guides dans les classes de travail.<\/li><li class=\"et_pb_main_blurb_image\">Conception d&rsquo;espaces et d&rsquo;environnements Montessori dans les salles de classe, pour les stades 0-3, 3-6 et 6-12 ans.<\/li><li class=\"et_pb_main_blurb_image\">Fournissez le mobilier et le mat\u00e9riel Montessori n\u00e9cessaires aux diff\u00e9rents environnements.<\/li><li class=\"et_pb_main_blurb_image\">Formation et soutien \u00e0 la gestion de la classe.<\/li><li class=\"et_pb_main_blurb_image\">Assistance \u00e0 la mise en \u0153uvre des \u00e9tapes Montessori de l&rsquo;\u00e9cole maternelle, de l&rsquo;\u00e9cole enfantine et de l&rsquo;\u00e9cole primaire.<\/li><li class=\"et_pb_main_blurb_image\">Formation des parents pour soutenir l&rsquo;\u00e9cole et la continuit\u00e9 de l&rsquo;\u00e9ducation \u00e0 la maison.<\/li><li class=\"et_pb_main_blurb_image\">Conseil et suivi de la pratique Montessori (0-3, 3-6, 6-12).<\/li><li class=\"et_pb_main_blurb_image\">Formation et soutien \u00e0 la gestion des \u00e9coles.<\/li><\/ul><\/div><\/div><\/div><\/div>\t\t\t\t\t\t\t\t<\/div>\n\t\t\t\t<\/div>\n\t\t\t\t<\/div>\n\t\t<div class=\"elementor-element elementor-element-fe79f14 e-con-full e-transform e-flex e-con e-child\" data-id=\"fe79f14\" data-element_type=\"container\" data-settings=\"{&quot;_transform_rotateZ_effect&quot;:{&quot;unit&quot;:&quot;px&quot;,&quot;size&quot;:-1.12,&quot;sizes&quot;:[]},&quot;jet_parallax_layout_list&quot;:[],&quot;_transform_rotateZ_effect_laptop&quot;:{&quot;unit&quot;:&quot;deg&quot;,&quot;size&quot;:&quot;&quot;,&quot;sizes&quot;:[]},&quot;_transform_rotateZ_effect_tablet_extra&quot;:{&quot;unit&quot;:&quot;deg&quot;,&quot;size&quot;:&quot;&quot;,&quot;sizes&quot;:[]},&quot;_transform_rotateZ_effect_tablet&quot;:{&quot;unit&quot;:&quot;deg&quot;,&quot;size&quot;:&quot;&quot;,&quot;sizes&quot;:[]},&quot;_transform_rotateZ_effect_mobile_extra&quot;:{&quot;unit&quot;:&quot;deg&quot;,&quot;size&quot;:&quot;&quot;,&quot;sizes&quot;:[]},&quot;_transform_rotateZ_effect_mobile&quot;:{&quot;unit&quot;:&quot;deg&quot;,&quot;size&quot;:&quot;&quot;,&quot;sizes&quot;:[]}}\">\n\t\t\t\t<div class=\"elementor-element elementor-element-82727a9 e-transform elementor-widget elementor-widget-image\" data-id=\"82727a9\" data-element_type=\"widget\" data-settings=\"{&quot;_transform_rotateZ_effect&quot;:{&quot;unit&quot;:&quot;px&quot;,&quot;size&quot;:1.12,&quot;sizes&quot;:[]},&quot;_transform_rotateZ_effect_laptop&quot;:{&quot;unit&quot;:&quot;deg&quot;,&quot;size&quot;:&quot;&quot;,&quot;sizes&quot;:[]},&quot;_transform_rotateZ_effect_tablet_extra&quot;:{&quot;unit&quot;:&quot;deg&quot;,&quot;size&quot;:&quot;&quot;,&quot;sizes&quot;:[]},&quot;_transform_rotateZ_effect_tablet&quot;:{&quot;unit&quot;:&quot;deg&quot;,&quot;size&quot;:&quot;&quot;,&quot;sizes&quot;:[]},&quot;_transform_rotateZ_effect_mobile_extra&quot;:{&quot;unit&quot;:&quot;deg&quot;,&quot;size&quot;:&quot;&quot;,&quot;sizes&quot;:[]},&quot;_transform_rotateZ_effect_mobile&quot;:{&quot;unit&quot;:&quot;deg&quot;,&quot;size&quot;:&quot;&quot;,&quot;sizes&quot;:[]}}\" data-widget_type=\"image.default\">\n\t\t\t\t<div class=\"elementor-widget-container\">\n\t\t\t\t\t\t\t\t\t\t\t\t\t\t\t<img decoding=\"async\" src=\"https:\/\/clonemontessori-dev.host3ip.eu\/wp-content\/uploads\/elementor\/thumbs\/centro-formacion-montessori-1-rdtn9t3410w7fvm6c1orulz1rvie70erwweweu860w.jpg\" title=\"centro formacion montessori\" alt=\"centro formacion montessori\" loading=\"lazy\" \/>\t\t\t\t\t\t\t\t\t\t\t\t\t\t\t<\/div>\n\t\t\t\t<\/div>\n\t\t\t\t<\/div>\n\t\t\t\t\t<\/div>\n\t\t\t\t<\/div>\n\t\t<div class=\"elementor-element elementor-element-f3b368e e-flex e-con-boxed e-con e-parent\" data-id=\"f3b368e\" data-element_type=\"container\" data-settings=\"{&quot;jet_parallax_layout_list&quot;:[]}\">\n\t\t\t\t\t<div class=\"e-con-inner\">\n\t\t\t\t<div class=\"elementor-element elementor-element-a37ae01 elementor-widget elementor-widget-heading\" data-id=\"a37ae01\" data-element_type=\"widget\" data-widget_type=\"heading.default\">\n\t\t\t\t<div class=\"elementor-widget-container\">\n\t\t\t\t\t<h2 class=\"elementor-heading-title elementor-size-default\">Vous souhaitez<span style=\"font-weight: bold;color: #D72827\">obtenir plus d'informations sur<\/span> \n?<\/h2>\t\t\t\t<\/div>\n\t\t\t\t<\/div>\n\t\t\t\t<div class=\"elementor-element elementor-element-28c978f elementor-widget elementor-widget-text-editor\" data-id=\"28c978f\" data-element_type=\"widget\" data-widget_type=\"text-editor.default\">\n\t\t\t\t<div class=\"elementor-widget-container\">\n\t\t\t\t\t\t\t\t\tRemplissez le formulaire ci-dessous et nous vous contacterons dans les plus brefs d\u00e9lais pour r\u00e9pondre \u00e0 vos questions.\n\t\t\t\t\t\t\t\t<\/div>\n\t\t\t\t<\/div>\n\t\t\t\t<div class=\"elementor-element elementor-element-5b2ca5a elementor-button-align-start elementor-widget__width-initial elementor-widget elementor-widget-form\" data-id=\"5b2ca5a\" data-element_type=\"widget\" data-settings=\"{&quot;step_next_label&quot;:&quot;Suivant&quot;,&quot;step_previous_label&quot;:&quot;Pr\\u00e9c\\u00e9dent&quot;,&quot;button_width&quot;:&quot;100&quot;,&quot;step_type&quot;:&quot;number_text&quot;,&quot;step_icon_shape&quot;:&quot;circle&quot;}\" data-widget_type=\"form.default\">\n\t\t\t\t<div class=\"elementor-widget-container\">\n\t\t\t\t\t\t\t<form class=\"elementor-form\" method=\"post\" name=\"Nouveau formulaire\" aria-label=\"Nouveau formulaire\">\n\t\t\t<input type=\"hidden\" name=\"post_id\" value=\"11216\"\/>\n\t\t\t<input type=\"hidden\" name=\"form_id\" value=\"5b2ca5a\"\/>\n\t\t\t<input type=\"hidden\" name=\"referer_title\" value=\"\" \/>\n\n\t\t\t\n\t\t\t<div class=\"elementor-form-fields-wrapper elementor-labels-above\">\n\t\t\t\t\t\t\t\t<div class=\"elementor-field-type-text elementor-field-group elementor-column elementor-field-group-nombre elementor-col-50 elementor-field-required elementor-mark-required\">\n\t\t\t\t\t\t\t\t\t\t\t\t<label for=\"form-field-nombre\" class=\"elementor-field-label\">\n\t\t\t\t\t\t\t\tNom et pr\u00e9nom\t\t\t\t\t\t\t<\/label>\n\t\t\t\t\t\t\t\t\t\t\t\t\t\t<input size=\"1\" type=\"text\" name=\"form_fields[nombre]\" id=\"form-field-nombre\" class=\"elementor-field elementor-size-sm  elementor-field-textual\" required=\"required\">\n\t\t\t\t\t\t\t\t\t\t\t<\/div>\n\t\t\t\t\t\t\t\t<div class=\"elementor-field-type-text elementor-field-group elementor-column elementor-field-group-apellidos elementor-col-50 elementor-field-required elementor-mark-required\">\n\t\t\t\t\t\t\t\t\t\t\t\t<label for=\"form-field-apellidos\" class=\"elementor-field-label\">\n\t\t\t\t\t\t\t\tNom de famille\t\t\t\t\t\t\t<\/label>\n\t\t\t\t\t\t\t\t\t\t\t\t\t\t<input size=\"1\" type=\"text\" name=\"form_fields[apellidos]\" id=\"form-field-apellidos\" class=\"elementor-field elementor-size-sm  elementor-field-textual\" required=\"required\">\n\t\t\t\t\t\t\t\t\t\t\t<\/div>\n\t\t\t\t\t\t\t\t<div class=\"elementor-field-type-email elementor-field-group elementor-column elementor-field-group-email elementor-col-66 elementor-field-required elementor-mark-required\">\n\t\t\t\t\t\t\t\t\t\t\t\t<label for=\"form-field-email\" class=\"elementor-field-label\">\n\t\t\t\t\t\t\t\tAdresse \u00e9lectronique\t\t\t\t\t\t\t<\/label>\n\t\t\t\t\t\t\t\t\t\t\t\t\t\t<input size=\"1\" type=\"email\" name=\"form_fields[email]\" id=\"form-field-email\" class=\"elementor-field elementor-size-sm  elementor-field-textual\" required=\"required\">\n\t\t\t\t\t\t\t\t\t\t\t<\/div>\n\t\t\t\t\t\t\t\t<div class=\"elementor-field-type-tel elementor-field-group elementor-column elementor-field-group-telefono elementor-col-33 elementor-field-required elementor-mark-required\">\n\t\t\t\t\t\t\t\t\t\t\t\t<label for=\"form-field-telefono\" class=\"elementor-field-label\">\n\t\t\t\t\t\t\t\tT\u00e9l\u00e9phone\t\t\t\t\t\t\t<\/label>\n\t\t\t\t\t\t\t\t<input size=\"1\" type=\"tel\" name=\"form_fields[telefono]\" id=\"form-field-telefono\" class=\"elementor-field elementor-size-sm  elementor-field-textual\" required=\"required\" pattern=\"[0-9()#&amp;+*-=.]+\" title=\"Seuls les caract\u00e8res de num\u00e9ros de t\u00e9l\u00e9phone (#, -, *, etc.) sont accept\u00e9s.\">\n\n\t\t\t\t\t\t<\/div>\n\t\t\t\t\t\t\t\t<div class=\"elementor-field-type-select elementor-field-group elementor-column elementor-field-group-informacion elementor-col-100 elementor-field-required elementor-mark-required\">\n\t\t\t\t\t\t\t\t\t\t\t\t<label for=\"form-field-informacion\" class=\"elementor-field-label\">\n\t\t\t\t\t\t\t\tSur quoi souhaitez-vous recevoir des informations ?\t\t\t\t\t\t\t<\/label>\n\t\t\t\t\t\t\t\t<div class=\"elementor-field elementor-select-wrapper remove-before \">\n\t\t\t<div class=\"select-caret-down-wrapper\">\n\t\t\t\t<svg aria-hidden=\"true\" class=\"e-font-icon-svg e-eicon-caret-down\" viewBox=\"0 0 571.4 571.4\" xmlns=\"http:\/\/www.w3.org\/2000\/svg\"><path d=\"M571 393Q571 407 561 418L311 668Q300 679 286 679T261 668L11 418Q0 407 0 393T11 368 36 357H536Q550 357 561 368T571 393Z\"><\/path><\/svg>\t\t\t<\/div>\n\t\t\t<select name=\"form_fields[informacion]\" id=\"form-field-informacion\" class=\"elementor-field-textual elementor-size-sm\" required=\"required\">\n\t\t\t\t\t\t\t\t\t<option value=\"Allemagne\">Allemagne<\/option>\n\t\t\t\t\t\t\t\t\t<option value=\"Italie\">Italie<\/option>\n\t\t\t\t\t\t\t\t\t<option value=\"Espagne\">Espagne<\/option>\n\t\t\t\t\t\t\t\t\t<option value=\"France\">France<\/option>\n\t\t\t\t\t\t\t\t\t<option value=\"Norv\u00e8ge\">Norv\u00e8ge<\/option>\n\t\t\t\t\t\t\t<\/select>\n\t\t<\/div>\n\t\t\t\t\t\t<\/div>\n\t\t\t\t\t\t\t\t<div class=\"elementor-field-type-textarea elementor-field-group elementor-column elementor-field-group-mensaje elementor-col-100 elementor-field-required elementor-mark-required\">\n\t\t\t\t\t\t\t\t\t\t\t\t<label for=\"form-field-mensaje\" class=\"elementor-field-label\">\n\t\t\t\t\t\t\t\tParlez-nous un peu de vous - nous voulons vous conna\u00eetre !   \t\t\t\t\t\t\t<\/label>\n\t\t\t\t\t\t<textarea class=\"elementor-field-textual elementor-field  elementor-size-sm\" name=\"form_fields[mensaje]\" id=\"form-field-mensaje\" rows=\"4\" required=\"required\"><\/textarea>\t\t\t\t<\/div>\n\t\t\t\t\t\t\t\t<div class=\"elementor-field-type-acceptance elementor-field-group elementor-column elementor-field-group-privacidad elementor-col-100 elementor-field-required elementor-mark-required\">\n\t\t\t\t\t\t\t<div class=\"elementor-field-subgroup\">\n\t\t\t<span class=\"elementor-field-option\">\n\t\t\t\t<input type=\"checkbox\" name=\"form_fields[privacidad]\" id=\"form-field-privacidad\" class=\"elementor-field elementor-size-sm  elementor-acceptance-field\" required=\"required\">\n\t\t\t\t<label for=\"form-field-privacidad\">J'accepte les <a href=\"https:\/\/montessorispace.com\/politica-de-privacidad\/\" target=\"_blank\" rel=\"noopener\">conditions g\u00e9n\u00e9rales et la politique de confidentialit\u00e9<\/a><\/label>\t\t\t<\/span>\n\t\t<\/div>\n\t\t\t\t\t\t<\/div>\n\t\t\t\t\t\t\t\t<div class=\"elementor-field-group elementor-column elementor-field-type-submit elementor-col-100 e-form__buttons\">\n\t\t\t\t\t<button class=\"elementor-button elementor-size-sm\" type=\"submit\">\n\t\t\t\t\t\t<span class=\"elementor-button-content-wrapper\">\n\t\t\t\t\t\t\t\t\t\t\t\t\t\t\t<span class=\"elementor-button-icon\">\n\t\t\t\t\t\t\t\t\t<svg aria-hidden=\"true\" class=\"e-font-icon-svg e-far-envelope-open\" viewBox=\"0 0 512 512\" xmlns=\"http:\/\/www.w3.org\/2000\/svg\"><path d=\"M494.586 164.516c-4.697-3.883-111.723-89.95-135.251-108.657C337.231 38.191 299.437 0 256 0c-43.205 0-80.636 37.717-103.335 55.859-24.463 19.45-131.07 105.195-135.15 108.549A48.004 48.004 0 0 0 0 201.485V464c0 26.51 21.49 48 48 48h416c26.51 0 48-21.49 48-48V201.509a48 48 0 0 0-17.414-36.993zM464 458a6 6 0 0 1-6 6H54a6 6 0 0 1-6-6V204.347c0-1.813.816-3.526 2.226-4.665 15.87-12.814 108.793-87.554 132.364-106.293C200.755 78.88 232.398 48 256 48c23.693 0 55.857 31.369 73.41 45.389 23.573 18.741 116.503 93.493 132.366 106.316a5.99 5.99 0 0 1 2.224 4.663V458zm-31.991-187.704c4.249 5.159 3.465 12.795-1.745 16.981-28.975 23.283-59.274 47.597-70.929 56.863C336.636 362.283 299.205 400 256 400c-43.452 0-81.287-38.237-103.335-55.86-11.279-8.967-41.744-33.413-70.927-56.865-5.21-4.187-5.993-11.822-1.745-16.981l15.258-18.528c4.178-5.073 11.657-5.843 16.779-1.726 28.618 23.001 58.566 47.035 70.56 56.571C200.143 320.631 232.307 352 256 352c23.602 0 55.246-30.88 73.41-45.389 11.994-9.535 41.944-33.57 70.563-56.568 5.122-4.116 12.601-3.346 16.778 1.727l15.258 18.526z\"><\/path><\/svg>\t\t\t\t\t\t\t\t\t\t\t\t\t\t\t\t\t<\/span>\n\t\t\t\t\t\t\t\t\t\t\t\t\t\t\t\t\t\t\t\t\t\t<span class=\"elementor-button-text\">Envoyer<\/span>\n\t\t\t\t\t\t\t\t\t\t\t\t\t<\/span>\n\t\t\t\t\t<\/button>\n\t\t\t\t<\/div>\n\t\t\t<\/div>\n\t\t<\/form>\n\t\t\t\t\t\t<\/div>\n\t\t\t\t<\/div>\n\t\t\t\t\t<\/div>\n\t\t\t\t<\/div>\n\t\t\t\t<\/div>\n\t\t","protected":false},"excerpt":{"rendered":"<p>Conseil Montessori Service de conseil aux \u00e9coles L&rsquo;offre de cours est de plus en plus importante, ce qui est un facteur positif refl\u00e9tant l&rsquo;int\u00e9r\u00eat et les r\u00e9sultats visibles de cette m\u00e9thodologie, ainsi qu&rsquo;une grande opportunit\u00e9 pour sa diffusion. Cependant, ces formations ne sont pas suffisantes pour cr\u00e9er et d\u00e9velopper un environnement Montessori bien implant\u00e9. Le [&hellip;]<\/p>\n","protected":false},"author":1,"featured_media":0,"parent":0,"menu_order":0,"comment_status":"closed","ping_status":"closed","template":"","meta":{"_acf_changed":false,"footnotes":""},"class_list":["post-11216","page","type-page","status-publish","hentry"],"acf":[],"_links":{"self":[{"href":"https:\/\/clonemontessori-dev.host3ip.eu\/fr\/wp-json\/wp\/v2\/pages\/11216","targetHints":{"allow":["GET"]}}],"collection":[{"href":"https:\/\/clonemontessori-dev.host3ip.eu\/fr\/wp-json\/wp\/v2\/pages"}],"about":[{"href":"https:\/\/clonemontessori-dev.host3ip.eu\/fr\/wp-json\/wp\/v2\/types\/page"}],"author":[{"embeddable":true,"href":"https:\/\/clonemontessori-dev.host3ip.eu\/fr\/wp-json\/wp\/v2\/users\/1"}],"replies":[{"embeddable":true,"href":"https:\/\/clonemontessori-dev.host3ip.eu\/fr\/wp-json\/wp\/v2\/comments?post=11216"}],"version-history":[{"count":4,"href":"https:\/\/clonemontessori-dev.host3ip.eu\/fr\/wp-json\/wp\/v2\/pages\/11216\/revisions"}],"predecessor-version":[{"id":11220,"href":"https:\/\/clonemontessori-dev.host3ip.eu\/fr\/wp-json\/wp\/v2\/pages\/11216\/revisions\/11220"}],"wp:attachment":[{"href":"https:\/\/clonemontessori-dev.host3ip.eu\/fr\/wp-json\/wp\/v2\/media?parent=11216"}],"curies":[{"name":"wp","href":"https:\/\/api.w.org\/{rel}","templated":true}]}}