{"id":11250,"date":"2025-01-15T14:32:48","date_gmt":"2025-01-15T13:32:48","guid":{"rendered":"https:\/\/clonemontessori-dev.host3ip.eu\/politique-de-confidentialite\/"},"modified":"2025-11-12T10:28:55","modified_gmt":"2025-11-12T09:28:55","slug":"politique-de-confidentialite","status":"publish","type":"page","link":"https:\/\/clonemontessori-dev.host3ip.eu\/fr\/politique-de-confidentialite\/","title":{"rendered":"Politique de confidentialit\u00e9"},"content":{"rendered":"\n<h2 class=\"wp-block-heading\">1. INFORMATIONS SUR L&rsquo;UTILISATEUR<\/h2>\n\n<h2 class=\"wp-block-heading\">Qui est responsable du traitement de vos donn\u00e9es personnelles ?<\/h2>\n\n<p><strong>EFFICE COMUNICACIONS, S.L. <\/strong>est RESPONSABLE du traitement des donn\u00e9es personnelles de l&rsquo;UTILISATEUR et vous informe que ces donn\u00e9es seront trait\u00e9es conform\u00e9ment aux dispositions du r\u00e8glement (UE) 2016\/679, du 27 avril (GDPR), et de la loi organique 3\/2018, du 5 d\u00e9cembre (LOPDGDD).<\/p>\n\n<h2 class=\"wp-block-heading\">Pourquoi traitons-nous vos donn\u00e9es personnelles ?<\/h2>\n\n<p>maintenir une relation commerciale avec l&rsquo;utilisateur. Les op\u00e9rations envisag\u00e9es pour effectuer le traitement sont : <\/p>\n\n<p>Envoyer des communications commerciales publicitaires par courrier \u00e9lectronique, fax, SMS, MMS, r\u00e9seaux sociaux ou tout autre moyen \u00e9lectronique ou physique, pr\u00e9sent ou futur, permettant d&rsquo;effectuer des communications commerciales. Ces communications seront effectu\u00e9es par le RESPONSABLE et porteront sur ses produits et services, ou sur ceux de ses collaborateurs ou fournisseurs, avec lesquels il a conclu un accord promotionnel. Dans ce cas, les tiers n&rsquo;auront jamais acc\u00e8s aux donn\u00e9es personnelles.  <\/p>\n\n<p>R\u00e9aliser des \u00e9tudes de march\u00e9 et des analyses statistiques.<\/p>\n\n<p>Traiter les commandes, les demandes, r\u00e9pondre aux questions ou \u00e0 tout type de demande formul\u00e9e par l&rsquo;UTILISATEUR par le biais de l&rsquo;un des formulaires de contact disponibles sur le site web du RESPONSABLE.<\/p>\n\n<p>Pour envoyer la lettre d&rsquo;information en ligne sur les nouvelles, les offres et les promotions de notre activit\u00e9<strong>.<\/strong><\/p>\n\n<h2 class=\"wp-block-heading\">Pourquoi pouvons-nous traiter vos donn\u00e9es personnelles ?<\/h2>\n\n<p>Parce que le traitement est l\u00e9gitim\u00e9 par l&rsquo;article 6 du GDPR comme suit :<\/p>\n\n<p>Avec le consentement de l&rsquo;UTILISATEUR : envoi de communications commerciales et de la lettre d&rsquo;information.<\/p>\n\n<p>Pour l&rsquo;int\u00e9r\u00eat l\u00e9gitime du RESPONSABLE : r\u00e9aliser des \u00e9tudes de march\u00e9, des analyses statistiques, etc. et traiter des commandes, des demandes, etc. \u00e0 la demande de l&rsquo;UTILISATEUR.<\/p>\n\n<h2 class=\"wp-block-heading\">Combien de temps conserverons-nous vos donn\u00e9es personnelles ?<\/h2>\n\n<p>Elles sont conserv\u00e9es pendant une dur\u00e9e n&rsquo;exc\u00e9dant pas celle n\u00e9cessaire \u00e0 la r\u00e9alisation de la finalit\u00e9 du traitement ou \u00e0 la satisfaction d&rsquo;exigences l\u00e9gales imposant leur conservation et, lorsqu&rsquo;elles ne sont plus n\u00e9cessaires \u00e0 cette finalit\u00e9, elles sont effac\u00e9es avec des mesures de s\u00e9curit\u00e9 appropri\u00e9es pour garantir l&rsquo;anonymisation des donn\u00e9es ou leur destruction totale.<\/p>\n\n<h2 class=\"wp-block-heading\">\u00c0 qui fournissons-nous vos donn\u00e9es personnelles ?<\/h2>\n\n<p>Aucune communication de donn\u00e9es \u00e0 caract\u00e8re personnel \u00e0 des tiers n&rsquo;est pr\u00e9vue, sauf, si cela est n\u00e9cessaire au d\u00e9veloppement et \u00e0 l&rsquo;ex\u00e9cution des finalit\u00e9s du traitement, \u00e0 nos prestataires de services li\u00e9s aux communications, avec lesquels le RESPONSABLE a sign\u00e9 les contrats de confidentialit\u00e9 et de traitement des donn\u00e9es requis par la r\u00e9glementation en vigueur en mati\u00e8re de protection de la vie priv\u00e9e.<\/p>\n\n<h2 class=\"wp-block-heading\">Quels sont vos droits ?<\/h2>\n\n<p>Les droits de l&rsquo;UTILISATEUR sont les suivants :<\/p>\n\n<p>Droit de retirer son consentement \u00e0 tout moment.<\/p>\n\n<p>Le droit d&rsquo;acc\u00e8s, de rectification, de portabilit\u00e9 et d&rsquo;effacement de vos donn\u00e9es, ainsi que le droit de limiter leur traitement ou de s&rsquo;y opposer.<\/p>\n\n<p>Le droit d&rsquo;introduire une r\u00e9clamation aupr\u00e8s de l&rsquo;autorit\u00e9 de contr\u00f4le (www.aepd.es) si vous estimez que le traitement n&rsquo;est pas conforme \u00e0 la r\u00e9glementation en vigueur.<\/p>\n\n<p><strong>Coordonn\u00e9es pour l&rsquo;exercice de vos droits<\/strong>:<\/p>\n\n<p>EFFICE COMUNICACIONS, S.L.. Passeig de Gr\u00e0cia, 101 2 2 &#8211; 08008 Barcelona (Barcelone). Courriel : <a href=\"mailto:info@montessorispace.com\">info@montessorispace.com<\/a>  <\/p>\n\n<h2 class=\"wp-block-heading\">2. LE CARACT\u00c8RE OBLIGATOIRE OU FACULTATIF DES INFORMATIONS FOURNIES PAR L&rsquo;UTILISATEUR<\/h2>\n\n<p>L&rsquo;UTILISATEUR, en cochant les cases correspondantes et en saisissant des donn\u00e9es dans les champs marqu\u00e9s d&rsquo;un ast\u00e9risque (*) dans le formulaire de contact ou pr\u00e9sent\u00e9s dans les formulaires de t\u00e9l\u00e9chargement, accepte express\u00e9ment, librement et sans \u00e9quivoque que ses donn\u00e9es soient n\u00e9cessaires pour r\u00e9pondre \u00e0 sa demande, par le fournisseur, \u00e9tant volontaire l&rsquo;inclusion de donn\u00e9es dans les champs restants. L&rsquo;UTILISATEUR garantit que les donn\u00e9es personnelles fournies au RESPONSABLE sont v\u00e9ridiques et est responsable de la communication de tout changement les concernant. <\/p>\n\n<p>Le RESPONSABLE informe que toutes les donn\u00e9es demand\u00e9es par le biais du site web sont obligatoires, car elles sont n\u00e9cessaires \u00e0 la fourniture d&rsquo;un service optimal \u00e0 l&rsquo;UTILISATEUR. Si toutes les donn\u00e9es ne sont pas fournies, il n&rsquo;est pas garanti que les informations et les services fournis seront parfaitement adapt\u00e9s \u00e0 vos besoins. <\/p>\n\n<h2 class=\"wp-block-heading\">3. LES MESURES DE S\u00c9CURIT\u00c9<\/h2>\n\n<p>Que conform\u00e9ment aux dispositions de la r\u00e9glementation en vigueur en mati\u00e8re de protection des donn\u00e9es \u00e0 caract\u00e8re personnel, le RESPONSABLE respecte l&rsquo;ensemble des dispositions du RGPD et de la LOPDGDD pour le traitement des donn\u00e9es \u00e0 caract\u00e8re personnel sous sa responsabilit\u00e9, et manifestement les principes d\u00e9crits \u00e0 l&rsquo;article 5 du RGPD, selon lesquels elles sont trait\u00e9es de mani\u00e8re licite, loyale et transparente \u00e0 l&rsquo;\u00e9gard de la personne concern\u00e9e et sont ad\u00e9quates, pertinentes et limit\u00e9es \u00e0 ce qui est n\u00e9cessaire au regard des finalit\u00e9s pour lesquelles elles sont trait\u00e9es.<\/p>\n\n<p>Le RESPONSABLE garantit qu&rsquo;il a mis en \u0153uvre les politiques techniques et organisationnelles appropri\u00e9es pour appliquer les mesures de s\u00e9curit\u00e9 \u00e9tablies par le GDPR et la LOPDGDD afin de prot\u00e9ger les droits et libert\u00e9s des UTILISATEURS et qu&rsquo;il leur a communiqu\u00e9 les informations appropri\u00e9es pour qu&rsquo;ils puissent les exercer.<\/p>\n\n<p>Pour plus d&rsquo;informations sur les garanties de confidentialit\u00e9, vous pouvez contacter le RESPONSABLE par l&rsquo;interm\u00e9diaire de EFFICE COMUNICACIONS, S.L.. Passeig de Gr\u00e0cia, 101 2 2 &#8211; 08008 Barcelona (Barcelone). Courriel : <a href=\"mailto:info@montessorispace.com\">info@montessorispace.com<\/a>  <\/p>\n","protected":false},"excerpt":{"rendered":"<p>1. INFORMATIONS SUR L&rsquo;UTILISATEUR Qui est responsable du traitement de vos donn\u00e9es personnelles ? EFFICE COMUNICACIONS, S.L. est RESPONSABLE du traitement des donn\u00e9es personnelles de l&rsquo;UTILISATEUR et vous informe que ces donn\u00e9es seront trait\u00e9es conform\u00e9ment aux dispositions du r\u00e8glement (UE) 2016\/679, du 27 avril (GDPR), et de la loi organique 3\/2018, du 5 d\u00e9cembre (LOPDGDD). [&hellip;]<\/p>\n","protected":false},"author":1,"featured_media":0,"parent":0,"menu_order":0,"comment_status":"closed","ping_status":"closed","template":"","meta":{"_acf_changed":false,"footnotes":""},"class_list":["post-11250","page","type-page","status-publish","hentry"],"acf":[],"_links":{"self":[{"href":"https:\/\/clonemontessori-dev.host3ip.eu\/fr\/wp-json\/wp\/v2\/pages\/11250","targetHints":{"allow":["GET"]}}],"collection":[{"href":"https:\/\/clonemontessori-dev.host3ip.eu\/fr\/wp-json\/wp\/v2\/pages"}],"about":[{"href":"https:\/\/clonemontessori-dev.host3ip.eu\/fr\/wp-json\/wp\/v2\/types\/page"}],"author":[{"embeddable":true,"href":"https:\/\/clonemontessori-dev.host3ip.eu\/fr\/wp-json\/wp\/v2\/users\/1"}],"replies":[{"embeddable":true,"href":"https:\/\/clonemontessori-dev.host3ip.eu\/fr\/wp-json\/wp\/v2\/comments?post=11250"}],"version-history":[{"count":2,"href":"https:\/\/clonemontessori-dev.host3ip.eu\/fr\/wp-json\/wp\/v2\/pages\/11250\/revisions"}],"predecessor-version":[{"id":11254,"href":"https:\/\/clonemontessori-dev.host3ip.eu\/fr\/wp-json\/wp\/v2\/pages\/11250\/revisions\/11254"}],"wp:attachment":[{"href":"https:\/\/clonemontessori-dev.host3ip.eu\/fr\/wp-json\/wp\/v2\/media?parent=11250"}],"curies":[{"name":"wp","href":"https:\/\/api.w.org\/{rel}","templated":true}]}}