{"id":11268,"date":"2025-01-15T23:34:56","date_gmt":"2025-01-15T22:34:56","guid":{"rendered":"https:\/\/clonemontessori-dev.host3ip.eu\/contact\/"},"modified":"2025-07-10T13:13:26","modified_gmt":"2025-07-10T11:13:26","slug":"contact","status":"publish","type":"page","link":"https:\/\/clonemontessori-dev.host3ip.eu\/fr\/contact\/","title":{"rendered":"Contact"},"content":{"rendered":"\t\t<div data-elementor-type=\"wp-page\" data-elementor-id=\"11268\" class=\"elementor elementor-11268 elementor-1257\" data-elementor-post-type=\"page\">\n\t\t\t\t<div class=\"elementor-element elementor-element-8f03f29 e-flex e-con-boxed e-con e-parent\" data-id=\"8f03f29\" data-element_type=\"container\" data-settings=\"{&quot;jet_parallax_layout_list&quot;:[]}\">\n\t\t\t\t\t<div class=\"e-con-inner\">\n\t\t\t\t<div class=\"elementor-element elementor-element-de022ea elementor-widget elementor-widget-woocommerce-breadcrumb\" data-id=\"de022ea\" data-element_type=\"widget\" data-widget_type=\"woocommerce-breadcrumb.default\">\n\t\t\t\t<div class=\"elementor-widget-container\">\n\t\t\t\t\t<nav class=\"woocommerce-breadcrumb\" aria-label=\"Breadcrumb\">Accueil<\/nav>\t\t\t\t<\/div>\n\t\t\t\t<\/div>\n\t\t<div class=\"elementor-element elementor-element-f65b854 e-con-full e-flex e-con e-child\" data-id=\"f65b854\" data-element_type=\"container\" data-settings=\"{&quot;jet_parallax_layout_list&quot;:[]}\">\n\t\t\t\t<\/div>\n\t\t\t\t\t<\/div>\n\t\t\t\t<\/div>\n\t\t<div class=\"elementor-element elementor-element-1bc0b0e e-flex e-con-boxed e-con e-parent\" data-id=\"1bc0b0e\" data-element_type=\"container\" data-settings=\"{&quot;jet_parallax_layout_list&quot;:[]}\">\n\t\t\t\t\t<div class=\"e-con-inner\">\n\t\t\t\t<div class=\"elementor-element elementor-element-64aad92 elementor-widget elementor-widget-heading\" data-id=\"64aad92\" data-element_type=\"widget\" data-widget_type=\"heading.default\">\n\t\t\t\t<div class=\"elementor-widget-container\">\n\t\t\t\t\t<h2 class=\"elementor-heading-title elementor-size-default\">Si vous avez besoin de<span style=\"font-weight: bold;color: #D72827\">plus d'informations<\/span>, veuillez nous contacter \u00e0 l'adresse suivante: \n <\/h2>\t\t\t\t<\/div>\n\t\t\t\t<\/div>\n\t\t\t\t<div class=\"elementor-element elementor-element-cf7d2b6 elementor-widget elementor-widget-text-editor\" data-id=\"cf7d2b6\" data-element_type=\"widget\" data-widget_type=\"text-editor.default\">\n\t\t\t\t<div class=\"elementor-widget-container\">\n\t\t\t\t\t\t\t\t\t<p>Vous pouvez \u00e9galement \u00e9crire \u00e0 <strong>imi@montessorispace.com<\/strong><br>ou nous appeler au <strong>+34 931 029 780<\/strong> \/ <strong>+34 638 645 662<\/strong>.<\/p>\t\t\t\t\t\t\t\t<\/div>\n\t\t\t\t<\/div>\n\t\t\t\t<div class=\"elementor-element elementor-element-cf0ddef elementor-button-align-start elementor-widget__width-initial elementor-widget elementor-widget-form\" data-id=\"cf0ddef\" data-element_type=\"widget\" data-settings=\"{&quot;step_next_label&quot;:&quot;Suivant&quot;,&quot;step_previous_label&quot;:&quot;Pr\\u00e9c\\u00e9dent&quot;,&quot;button_width&quot;:&quot;100&quot;,&quot;step_type&quot;:&quot;number_text&quot;,&quot;step_icon_shape&quot;:&quot;circle&quot;}\" data-widget_type=\"form.default\">\n\t\t\t\t<div class=\"elementor-widget-container\">\n\t\t\t\t\t\t\t<form class=\"elementor-form\" method=\"post\" name=\"Nouveau formulaire\" aria-label=\"Nouveau formulaire\">\n\t\t\t<input type=\"hidden\" name=\"post_id\" value=\"11268\"\/>\n\t\t\t<input type=\"hidden\" name=\"form_id\" value=\"cf0ddef\"\/>\n\t\t\t<input type=\"hidden\" name=\"referer_title\" value=\"\" \/>\n\n\t\t\t\n\t\t\t<div class=\"elementor-form-fields-wrapper elementor-labels-above\">\n\t\t\t\t\t\t\t\t<div class=\"elementor-field-type-text elementor-field-group elementor-column elementor-field-group-nombre elementor-col-50 elementor-field-required elementor-mark-required\">\n\t\t\t\t\t\t\t\t\t\t\t\t<label for=\"form-field-nombre\" class=\"elementor-field-label\">\n\t\t\t\t\t\t\t\tNom\t\t\t\t\t\t\t<\/label>\n\t\t\t\t\t\t\t\t\t\t\t\t\t\t<input size=\"1\" type=\"text\" name=\"form_fields[nombre]\" id=\"form-field-nombre\" class=\"elementor-field elementor-size-sm  elementor-field-textual\" required=\"required\">\n\t\t\t\t\t\t\t\t\t\t\t<\/div>\n\t\t\t\t\t\t\t\t<div class=\"elementor-field-type-text elementor-field-group elementor-column elementor-field-group-apellidos elementor-col-50 elementor-field-required elementor-mark-required\">\n\t\t\t\t\t\t\t\t\t\t\t\t<label for=\"form-field-apellidos\" class=\"elementor-field-label\">\n\t\t\t\t\t\t\t\tNom de famille\t\t\t\t\t\t\t<\/label>\n\t\t\t\t\t\t\t\t\t\t\t\t\t\t<input size=\"1\" type=\"text\" name=\"form_fields[apellidos]\" id=\"form-field-apellidos\" class=\"elementor-field elementor-size-sm  elementor-field-textual\" required=\"required\">\n\t\t\t\t\t\t\t\t\t\t\t<\/div>\n\t\t\t\t\t\t\t\t<div class=\"elementor-field-type-email elementor-field-group elementor-column elementor-field-group-email elementor-col-66 elementor-field-required elementor-mark-required\">\n\t\t\t\t\t\t\t\t\t\t\t\t<label for=\"form-field-email\" class=\"elementor-field-label\">\n\t\t\t\t\t\t\t\tAdresse \u00e9lectronique\t\t\t\t\t\t\t<\/label>\n\t\t\t\t\t\t\t\t\t\t\t\t\t\t<input size=\"1\" type=\"email\" name=\"form_fields[email]\" id=\"form-field-email\" class=\"elementor-field elementor-size-sm  elementor-field-textual\" required=\"required\">\n\t\t\t\t\t\t\t\t\t\t\t<\/div>\n\t\t\t\t\t\t\t\t<div class=\"elementor-field-type-tel elementor-field-group elementor-column elementor-field-group-telefono elementor-col-33 elementor-field-required elementor-mark-required\">\n\t\t\t\t\t\t\t\t\t\t\t\t<label for=\"form-field-telefono\" class=\"elementor-field-label\">\n\t\t\t\t\t\t\t\tT\u00e9l\u00e9phone\t\t\t\t\t\t\t<\/label>\n\t\t\t\t\t\t\t\t<input size=\"1\" type=\"tel\" name=\"form_fields[telefono]\" id=\"form-field-telefono\" class=\"elementor-field elementor-size-sm  elementor-field-textual\" required=\"required\" pattern=\"[0-9()#&amp;+*-=.]+\" title=\"Seuls les caract\u00e8res de num\u00e9ros de t\u00e9l\u00e9phone (#, -, *, etc.) sont accept\u00e9s.\">\n\n\t\t\t\t\t\t<\/div>\n\t\t\t\t\t\t\t\t<div class=\"elementor-field-type-select elementor-field-group elementor-column elementor-field-group-pais elementor-col-50 elementor-field-required elementor-mark-required\">\n\t\t\t\t\t\t\t\t\t\t\t\t<label for=\"form-field-pais\" class=\"elementor-field-label\">\n\t\t\t\t\t\t\t\tPays\t\t\t\t\t\t\t<\/label>\n\t\t\t\t\t\t\t\t<div class=\"elementor-field elementor-select-wrapper remove-before \">\n\t\t\t<div class=\"select-caret-down-wrapper\">\n\t\t\t\t<svg aria-hidden=\"true\" class=\"e-font-icon-svg e-eicon-caret-down\" viewBox=\"0 0 571.4 571.4\" xmlns=\"http:\/\/www.w3.org\/2000\/svg\"><path d=\"M571 393Q571 407 561 418L311 668Q300 679 286 679T261 668L11 418Q0 407 0 393T11 368 36 357H536Q550 357 561 368T571 393Z\"><\/path><\/svg>\t\t\t<\/div>\n\t\t\t<select name=\"form_fields[pais]\" id=\"form-field-pais\" class=\"elementor-field-textual elementor-size-sm\" required=\"required\">\n\t\t\t\t\t\t\t\t\t<option value=\"Espagne\">Espagne<\/option>\n\t\t\t\t\t\t\t\t\t<option value=\"Afghanistan\">Afghanistan<\/option>\n\t\t\t\t\t\t\t\t\t<option value=\"Albanie\">Albanie<\/option>\n\t\t\t\t\t\t\t\t\t<option value=\"Allemagne\">Allemagne<\/option>\n\t\t\t\t\t\t\t\t\t<option value=\"Andorre\">Andorre<\/option>\n\t\t\t\t\t\t\t\t\t<option value=\"Angola\">Angola<\/option>\n\t\t\t\t\t\t\t\t\t<option value=\"Antigua et Barbuda\">Antigua et Barbuda<\/option>\n\t\t\t\t\t\t\t\t\t<option value=\"Arabie Saoudite\">Arabie Saoudite<\/option>\n\t\t\t\t\t\t\t\t\t<option value=\"Alg\u00e9rie\">Alg\u00e9rie<\/option>\n\t\t\t\t\t\t\t\t\t<option value=\"Argentine\">Argentine<\/option>\n\t\t\t\t\t\t\t\t\t<option value=\"Arm\u00e9nie\">Arm\u00e9nie<\/option>\n\t\t\t\t\t\t\t\t\t<option value=\"Australie\">Australie<\/option>\n\t\t\t\t\t\t\t\t\t<option value=\"Autriche\">Autriche<\/option>\n\t\t\t\t\t\t\t\t\t<option value=\"Azerba\u00efdjan\">Azerba\u00efdjan<\/option>\n\t\t\t\t\t\t\t\t\t<option value=\"Bahamas\">Bahamas<\/option>\n\t\t\t\t\t\t\t\t\t<option value=\"Bangladesh\">Bangladesh<\/option>\n\t\t\t\t\t\t\t\t\t<option value=\"Barbade\">Barbade<\/option>\n\t\t\t\t\t\t\t\t\t<option value=\"Bahre\u00efn\">Bahre\u00efn<\/option>\n\t\t\t\t\t\t\t\t\t<option value=\"Belgique\">Belgique<\/option>\n\t\t\t\t\t\t\t\t\t<option value=\"Belize\">Belize<\/option>\n\t\t\t\t\t\t\t\t\t<option value=\"B\u00e9nin\">B\u00e9nin<\/option>\n\t\t\t\t\t\t\t\t\t<option value=\"B\u00e9larus\">B\u00e9larus<\/option>\n\t\t\t\t\t\t\t\t\t<option value=\"Birmanie (Myanmar)\">Birmanie (Myanmar)<\/option>\n\t\t\t\t\t\t\t\t\t<option value=\"Bolivie\">Bolivie<\/option>\n\t\t\t\t\t\t\t\t\t<option value=\"Bosnie et Herz\u00e9govine\">Bosnie et Herz\u00e9govine<\/option>\n\t\t\t\t\t\t\t\t\t<option value=\"Botswana\">Botswana<\/option>\n\t\t\t\t\t\t\t\t\t<option value=\"Br\u00e9sil\">Br\u00e9sil<\/option>\n\t\t\t\t\t\t\t\t\t<option value=\"Brunei\">Brunei<\/option>\n\t\t\t\t\t\t\t\t\t<option value=\"Bulgarie\">Bulgarie<\/option>\n\t\t\t\t\t\t\t\t\t<option value=\"Burkina Faso\">Burkina Faso<\/option>\n\t\t\t\t\t\t\t\t\t<option value=\"Burundi\">Burundi<\/option>\n\t\t\t\t\t\t\t\t\t<option value=\"Bhoutan\">Bhoutan<\/option>\n\t\t\t\t\t\t\t\t\t<option value=\"Cap Vert\">Cap Vert<\/option>\n\t\t\t\t\t\t\t\t\t<option value=\"Cambodge\">Cambodge<\/option>\n\t\t\t\t\t\t\t\t\t<option value=\"Cameroun\">Cameroun<\/option>\n\t\t\t\t\t\t\t\t\t<option value=\"Canada\">Canada<\/option>\n\t\t\t\t\t\t\t\t\t<option value=\"Qatar\">Qatar<\/option>\n\t\t\t\t\t\t\t\t\t<option value=\"Tchad\">Tchad<\/option>\n\t\t\t\t\t\t\t\t\t<option value=\"Chili\">Chili<\/option>\n\t\t\t\t\t\t\t\t\t<option value=\"Chine\">Chine<\/option>\n\t\t\t\t\t\t\t\t\t<option value=\"Chypre\">Chypre<\/option>\n\t\t\t\t\t\t\t\t\t<option value=\"Colombie\">Colombie<\/option>\n\t\t\t\t\t\t\t\t\t<option value=\"Comores\">Comores<\/option>\n\t\t\t\t\t\t\t\t\t<option value=\"Cor\u00e9e du Nord\">Cor\u00e9e du Nord<\/option>\n\t\t\t\t\t\t\t\t\t<option value=\"Cor\u00e9e du Sud\">Cor\u00e9e du Sud<\/option>\n\t\t\t\t\t\t\t\t\t<option value=\"C\u00f4te d&#039;Ivoire\">C\u00f4te d&#039;Ivoire<\/option>\n\t\t\t\t\t\t\t\t\t<option value=\"Costa Rica\">Costa Rica<\/option>\n\t\t\t\t\t\t\t\t\t<option value=\"Croatie\">Croatie<\/option>\n\t\t\t\t\t\t\t\t\t<option value=\"Cuba\">Cuba<\/option>\n\t\t\t\t\t\t\t\t\t<option value=\"Danemark\">Danemark<\/option>\n\t\t\t\t\t\t\t\t\t<option value=\"Dominique\">Dominique<\/option>\n\t\t\t\t\t\t\t\t\t<option value=\"\u00c9quateur\">\u00c9quateur<\/option>\n\t\t\t\t\t\t\t\t\t<option value=\"\u00c9gypte\">\u00c9gypte<\/option>\n\t\t\t\t\t\t\t\t\t<option value=\"El Salvador\">El Salvador<\/option>\n\t\t\t\t\t\t\t\t\t<option value=\"\u00c9mirats arabes unis\">\u00c9mirats arabes unis<\/option>\n\t\t\t\t\t\t\t\t\t<option value=\"Erythr\u00e9e\">Erythr\u00e9e<\/option>\n\t\t\t\t\t\t\t\t\t<option value=\"Slovaquie\">Slovaquie<\/option>\n\t\t\t\t\t\t\t\t\t<option value=\"Slov\u00e9nie\">Slov\u00e9nie<\/option>\n\t\t\t\t\t\t\t\t\t<option value=\"\u00c9tats-Unis\">\u00c9tats-Unis<\/option>\n\t\t\t\t\t\t\t\t\t<option value=\"Estonie\">Estonie<\/option>\n\t\t\t\t\t\t\t\t\t<option value=\"Esuatini (Swaziland)\">Esuatini (Swaziland)<\/option>\n\t\t\t\t\t\t\t\t\t<option value=\"\u00c9thiopie\">\u00c9thiopie<\/option>\n\t\t\t\t\t\t\t\t\t<option value=\"Philippines\">Philippines<\/option>\n\t\t\t\t\t\t\t\t\t<option value=\"Finlande\">Finlande<\/option>\n\t\t\t\t\t\t\t\t\t<option value=\"Fidji\">Fidji<\/option>\n\t\t\t\t\t\t\t\t\t<option value=\"France\">France<\/option>\n\t\t\t\t\t\t\t\t\t<option value=\"Gabon\">Gabon<\/option>\n\t\t\t\t\t\t\t\t\t<option value=\"Gambie\">Gambie<\/option>\n\t\t\t\t\t\t\t\t\t<option value=\"G\u00e9orgie\">G\u00e9orgie<\/option>\n\t\t\t\t\t\t\t\t\t<option value=\"Ghana\">Ghana<\/option>\n\t\t\t\t\t\t\t\t\t<option value=\"Grenade\">Grenade<\/option>\n\t\t\t\t\t\t\t\t\t<option value=\"Gr\u00e8ce\">Gr\u00e8ce<\/option>\n\t\t\t\t\t\t\t\t\t<option value=\"Guatemala\">Guatemala<\/option>\n\t\t\t\t\t\t\t\t\t<option value=\"Guyane\">Guyane<\/option>\n\t\t\t\t\t\t\t\t\t<option value=\"Guin\u00e9e\">Guin\u00e9e<\/option>\n\t\t\t\t\t\t\t\t\t<option value=\"Guin\u00e9e-Bissau\">Guin\u00e9e-Bissau<\/option>\n\t\t\t\t\t\t\t\t\t<option value=\"Guin\u00e9e \u00e9quatoriale\">Guin\u00e9e \u00e9quatoriale<\/option>\n\t\t\t\t\t\t\t\t\t<option value=\"Ha\u00efti\">Ha\u00efti<\/option>\n\t\t\t\t\t\t\t\t\t<option value=\"Honduras\">Honduras<\/option>\n\t\t\t\t\t\t\t\t\t<option value=\"Hongrie\">Hongrie<\/option>\n\t\t\t\t\t\t\t\t\t<option value=\"Inde\">Inde<\/option>\n\t\t\t\t\t\t\t\t\t<option value=\"Indon\u00e9sie\">Indon\u00e9sie<\/option>\n\t\t\t\t\t\t\t\t\t<option value=\"L&#039;Irak\">L&#039;Irak<\/option>\n\t\t\t\t\t\t\t\t\t<option value=\"L&#039;Iran\">L&#039;Iran<\/option>\n\t\t\t\t\t\t\t\t\t<option value=\"Irlande\">Irlande<\/option>\n\t\t\t\t\t\t\t\t\t<option value=\"Islande\">Islande<\/option>\n\t\t\t\t\t\t\t\t\t<option value=\"\u00celes Marshall\">\u00celes Marshall<\/option>\n\t\t\t\t\t\t\t\t\t<option value=\"\u00celes Salomon\">\u00celes Salomon<\/option>\n\t\t\t\t\t\t\t\t\t<option value=\"Isra\u00ebl\">Isra\u00ebl<\/option>\n\t\t\t\t\t\t\t\t\t<option value=\"Italie\">Italie<\/option>\n\t\t\t\t\t\t\t\t\t<option value=\"Jama\u00efque\">Jama\u00efque<\/option>\n\t\t\t\t\t\t\t\t\t<option value=\"Japon\">Japon<\/option>\n\t\t\t\t\t\t\t\t\t<option value=\"Jordanie\">Jordanie<\/option>\n\t\t\t\t\t\t\t\t\t<option value=\"Kazakhstan\">Kazakhstan<\/option>\n\t\t\t\t\t\t\t\t\t<option value=\"Kenya\">Kenya<\/option>\n\t\t\t\t\t\t\t\t\t<option value=\"Kirghizistan\">Kirghizistan<\/option>\n\t\t\t\t\t\t\t\t\t<option value=\"Kiribati\">Kiribati<\/option>\n\t\t\t\t\t\t\t\t\t<option value=\"Kowe\u00eft\">Kowe\u00eft<\/option>\n\t\t\t\t\t\t\t\t\t<option value=\"Laos\">Laos<\/option>\n\t\t\t\t\t\t\t\t\t<option value=\"Lesotho\">Lesotho<\/option>\n\t\t\t\t\t\t\t\t\t<option value=\"Lettonie\">Lettonie<\/option>\n\t\t\t\t\t\t\t\t\t<option value=\"Liban\">Liban<\/option>\n\t\t\t\t\t\t\t\t\t<option value=\"Lib\u00e9ria\">Lib\u00e9ria<\/option>\n\t\t\t\t\t\t\t\t\t<option value=\"Libye\">Libye<\/option>\n\t\t\t\t\t\t\t\t\t<option value=\"Liechtenstein\">Liechtenstein<\/option>\n\t\t\t\t\t\t\t\t\t<option value=\"Lituanie\">Lituanie<\/option>\n\t\t\t\t\t\t\t\t\t<option value=\"Luxembourg\">Luxembourg<\/option>\n\t\t\t\t\t\t\t\t\t<option value=\"Madagascar\">Madagascar<\/option>\n\t\t\t\t\t\t\t\t\t<option value=\"Malaisie\">Malaisie<\/option>\n\t\t\t\t\t\t\t\t\t<option value=\"Malawi\">Malawi<\/option>\n\t\t\t\t\t\t\t\t\t<option value=\"Maldives\">Maldives<\/option>\n\t\t\t\t\t\t\t\t\t<option value=\"Mali\">Mali<\/option>\n\t\t\t\t\t\t\t\t\t<option value=\"Malte\">Malte<\/option>\n\t\t\t\t\t\t\t\t\t<option value=\"Maroc\">Maroc<\/option>\n\t\t\t\t\t\t\t\t\t<option value=\"Maurice\">Maurice<\/option>\n\t\t\t\t\t\t\t\t\t<option value=\"Mauritanie\">Mauritanie<\/option>\n\t\t\t\t\t\t\t\t\t<option value=\"Mexique\">Mexique<\/option>\n\t\t\t\t\t\t\t\t\t<option value=\"Micron\u00e9sie\">Micron\u00e9sie<\/option>\n\t\t\t\t\t\t\t\t\t<option value=\"Moldavie\">Moldavie<\/option>\n\t\t\t\t\t\t\t\t\t<option value=\"Monaco\">Monaco<\/option>\n\t\t\t\t\t\t\t\t\t<option value=\"Mongolie\">Mongolie<\/option>\n\t\t\t\t\t\t\t\t\t<option value=\"Mont\u00e9n\u00e9gro\">Mont\u00e9n\u00e9gro<\/option>\n\t\t\t\t\t\t\t\t\t<option value=\"Mozambique\">Mozambique<\/option>\n\t\t\t\t\t\t\t\t\t<option value=\"Namibie\">Namibie<\/option>\n\t\t\t\t\t\t\t\t\t<option value=\"Nauru\">Nauru<\/option>\n\t\t\t\t\t\t\t\t\t<option value=\"N\u00e9pal\">N\u00e9pal<\/option>\n\t\t\t\t\t\t\t\t\t<option value=\"Nicaragua\">Nicaragua<\/option>\n\t\t\t\t\t\t\t\t\t<option value=\"Niger\">Niger<\/option>\n\t\t\t\t\t\t\t\t\t<option value=\"Nig\u00e9ria\">Nig\u00e9ria<\/option>\n\t\t\t\t\t\t\t\t\t<option value=\"Norv\u00e8ge\">Norv\u00e8ge<\/option>\n\t\t\t\t\t\t\t\t\t<option value=\"Nouvelle-Z\u00e9lande\">Nouvelle-Z\u00e9lande<\/option>\n\t\t\t\t\t\t\t\t\t<option value=\"Oman\">Oman<\/option>\n\t\t\t\t\t\t\t\t\t<option value=\"Les Pays-Bas\">Les Pays-Bas<\/option>\n\t\t\t\t\t\t\t\t\t<option value=\"Le Pakistan\">Le Pakistan<\/option>\n\t\t\t\t\t\t\t\t\t<option value=\"Palau\">Palau<\/option>\n\t\t\t\t\t\t\t\t\t<option value=\"Panama\">Panama<\/option>\n\t\t\t\t\t\t\t\t\t<option value=\"Papouasie-Nouvelle-Guin\u00e9e\">Papouasie-Nouvelle-Guin\u00e9e<\/option>\n\t\t\t\t\t\t\t\t\t<option value=\"Paraguay\">Paraguay<\/option>\n\t\t\t\t\t\t\t\t\t<option value=\"P\u00e9rou\">P\u00e9rou<\/option>\n\t\t\t\t\t\t\t\t\t<option value=\"Pologne\">Pologne<\/option>\n\t\t\t\t\t\t\t\t\t<option value=\"Portugal\">Portugal<\/option>\n\t\t\t\t\t\t\t\t\t<option value=\"Royaume-Uni\">Royaume-Uni<\/option>\n\t\t\t\t\t\t\t\t\t<option value=\"R\u00e9publique centrafricaine\">R\u00e9publique centrafricaine<\/option>\n\t\t\t\t\t\t\t\t\t<option value=\"R\u00e9publique tch\u00e8que\">R\u00e9publique tch\u00e8que<\/option>\n\t\t\t\t\t\t\t\t\t<option value=\"R\u00e9publique du Congo\">R\u00e9publique du Congo<\/option>\n\t\t\t\t\t\t\t\t\t<option value=\"R\u00e9publique d\u00e9mocratique du Congo\">R\u00e9publique d\u00e9mocratique du Congo<\/option>\n\t\t\t\t\t\t\t\t\t<option value=\"R\u00e9publique dominicaine\">R\u00e9publique dominicaine<\/option>\n\t\t\t\t\t\t\t\t\t<option value=\"Rwanda\">Rwanda<\/option>\n\t\t\t\t\t\t\t\t\t<option value=\"Roumanie\">Roumanie<\/option>\n\t\t\t\t\t\t\t\t\t<option value=\"Russie\">Russie<\/option>\n\t\t\t\t\t\t\t\t\t<option value=\"Samoa\">Samoa<\/option>\n\t\t\t\t\t\t\t\t\t<option value=\"Saint-Kitts-et-Nevis\">Saint-Kitts-et-Nevis<\/option>\n\t\t\t\t\t\t\t\t\t<option value=\"Saint-Marin\">Saint-Marin<\/option>\n\t\t\t\t\t\t\t\t\t<option value=\"Saint-Vincent-et-les-Grenadines\">Saint-Vincent-et-les-Grenadines<\/option>\n\t\t\t\t\t\t\t\t\t<option value=\"Sainte-Lucie\">Sainte-Lucie<\/option>\n\t\t\t\t\t\t\t\t\t<option value=\"Sao Tom\u00e9 et Principe\">Sao Tom\u00e9 et Principe<\/option>\n\t\t\t\t\t\t\t\t\t<option value=\"S\u00e9n\u00e9gal\">S\u00e9n\u00e9gal<\/option>\n\t\t\t\t\t\t\t\t\t<option value=\"Serbie\">Serbie<\/option>\n\t\t\t\t\t\t\t\t\t<option value=\"Seychelles\">Seychelles<\/option>\n\t\t\t\t\t\t\t\t\t<option value=\"Sierra Leone\">Sierra Leone<\/option>\n\t\t\t\t\t\t\t\t\t<option value=\"Singapour\">Singapour<\/option>\n\t\t\t\t\t\t\t\t\t<option value=\"Syrie\">Syrie<\/option>\n\t\t\t\t\t\t\t\t\t<option value=\"Somalie\">Somalie<\/option>\n\t\t\t\t\t\t\t\t\t<option value=\"Sri Lanka\">Sri Lanka<\/option>\n\t\t\t\t\t\t\t\t\t<option value=\"Afrique du Sud\">Afrique du Sud<\/option>\n\t\t\t\t\t\t\t\t\t<option value=\"Soudan\">Soudan<\/option>\n\t\t\t\t\t\t\t\t\t<option value=\"Sud Soudan\">Sud Soudan<\/option>\n\t\t\t\t\t\t\t\t\t<option value=\"Su\u00e8de\">Su\u00e8de<\/option>\n\t\t\t\t\t\t\t\t\t<option value=\"Suisse\">Suisse<\/option>\n\t\t\t\t\t\t\t\t\t<option value=\"Suriname\">Suriname<\/option>\n\t\t\t\t\t\t\t\t\t<option value=\"Tha\u00eflande\">Tha\u00eflande<\/option>\n\t\t\t\t\t\t\t\t\t<option value=\"Tanzanie\">Tanzanie<\/option>\n\t\t\t\t\t\t\t\t\t<option value=\"Tadjikistan\">Tadjikistan<\/option>\n\t\t\t\t\t\t\t\t\t<option value=\"Timor oriental\">Timor oriental<\/option>\n\t\t\t\t\t\t\t\t\t<option value=\"Togo\">Togo<\/option>\n\t\t\t\t\t\t\t\t\t<option value=\"Tonga\">Tonga<\/option>\n\t\t\t\t\t\t\t\t\t<option value=\"Trinit\u00e9-et-Tobago\">Trinit\u00e9-et-Tobago<\/option>\n\t\t\t\t\t\t\t\t\t<option value=\"Tunisie\">Tunisie<\/option>\n\t\t\t\t\t\t\t\t\t<option value=\"Turkm\u00e9nistan\">Turkm\u00e9nistan<\/option>\n\t\t\t\t\t\t\t\t\t<option value=\"Turquie\">Turquie<\/option>\n\t\t\t\t\t\t\t\t\t<option value=\"Tuvalu\">Tuvalu<\/option>\n\t\t\t\t\t\t\t\t\t<option value=\"Ukraine\">Ukraine<\/option>\n\t\t\t\t\t\t\t\t\t<option value=\"Ouganda\">Ouganda<\/option>\n\t\t\t\t\t\t\t\t\t<option value=\"Uruguay\">Uruguay<\/option>\n\t\t\t\t\t\t\t\t\t<option value=\"Ouzb\u00e9kistan\">Ouzb\u00e9kistan<\/option>\n\t\t\t\t\t\t\t\t\t<option value=\"Vanuatu\">Vanuatu<\/option>\n\t\t\t\t\t\t\t\t\t<option value=\"Vatican\">Vatican<\/option>\n\t\t\t\t\t\t\t\t\t<option value=\"Venezuela\">Venezuela<\/option>\n\t\t\t\t\t\t\t\t\t<option value=\"Vietnam\">Vietnam<\/option>\n\t\t\t\t\t\t\t\t\t<option value=\"Y\u00e9men\">Y\u00e9men<\/option>\n\t\t\t\t\t\t\t\t\t<option value=\"Djibouti\">Djibouti<\/option>\n\t\t\t\t\t\t\t\t\t<option value=\"Zambie\">Zambie<\/option>\n\t\t\t\t\t\t\t\t\t<option value=\"Zimbabwe\">Zimbabwe<\/option>\n\t\t\t\t\t\t\t<\/select>\n\t\t<\/div>\n\t\t\t\t\t\t<\/div>\n\t\t\t\t\t\t\t\t<div class=\"elementor-field-type-radio elementor-field-group elementor-column elementor-field-group-formacion elementor-col-50 elementor-field-required elementor-mark-required\">\n\t\t\t\t\t\t\t\t\t\t\t\t<label for=\"form-field-formacion\" class=\"elementor-field-label\">\n\t\t\t\t\t\t\t\tComment pr\u00e9f\u00e9rez-vous \u00eatre contact\u00e9 ?\t\t\t\t\t\t\t<\/label>\n\t\t\t\t\t\t<div class=\"elementor-field-subgroup  elementor-subgroup-inline\"><span class=\"elementor-field-option\"><input type=\"radio\" value=\"Par t\u00e9l\u00e9phone\" id=\"form-field-formacion-0\" name=\"form_fields[formacion]\" required=\"required\"> <label for=\"form-field-formacion-0\">Par t\u00e9l\u00e9phone<\/label><\/span><span class=\"elementor-field-option\"><input type=\"radio\" value=\"Par courrier \u00e9lectronique\" id=\"form-field-formacion-1\" name=\"form_fields[formacion]\" required=\"required\"> <label for=\"form-field-formacion-1\">Par courrier \u00e9lectronique<\/label><\/span><\/div>\t\t\t\t<\/div>\n\t\t\t\t\t\t\t\t<div class=\"elementor-field-type-textarea elementor-field-group elementor-column elementor-field-group-mensaje elementor-col-100 elementor-field-required elementor-mark-required\">\n\t\t\t\t\t\t\t\t\t\t\t\t<label for=\"form-field-mensaje\" class=\"elementor-field-label\">\n\t\t\t\t\t\t\t\tComment pouvons-nous vous aider ?\t\t\t\t\t\t\t<\/label>\n\t\t\t\t\t\t<textarea class=\"elementor-field-textual elementor-field  elementor-size-sm\" name=\"form_fields[mensaje]\" id=\"form-field-mensaje\" rows=\"4\" placeholder=\"R\u00e9digez votre message\" required=\"required\"><\/textarea>\t\t\t\t<\/div>\n\t\t\t\t\t\t\t\t<div class=\"elementor-field-type-acceptance elementor-field-group elementor-column elementor-field-group-privacidad elementor-col-100 elementor-field-required elementor-mark-required\">\n\t\t\t\t\t\t\t<div class=\"elementor-field-subgroup\">\n\t\t\t<span class=\"elementor-field-option\">\n\t\t\t\t<input type=\"checkbox\" name=\"form_fields[privacidad]\" id=\"form-field-privacidad\" class=\"elementor-field elementor-size-sm  elementor-acceptance-field\" required=\"required\">\n\t\t\t\t<label for=\"form-field-privacidad\">J'accepte les <a href=\"https:\/\/montessorispace.com\/fr\/?page_id=11250\" target=\"_blank\" rel=\"noopener\">conditions g\u00e9n\u00e9rales et la politique de confidentialit\u00e9<\/a><\/label>\t\t\t<\/span>\n\t\t<\/div>\n\t\t\t\t\t\t<\/div>\n\t\t\t\t\t\t\t\t<div class=\"elementor-field-group elementor-column elementor-field-type-submit elementor-col-100 e-form__buttons\">\n\t\t\t\t\t<button class=\"elementor-button elementor-size-sm\" type=\"submit\">\n\t\t\t\t\t\t<span class=\"elementor-button-content-wrapper\">\n\t\t\t\t\t\t\t\t\t\t\t\t\t\t\t<span class=\"elementor-button-icon\">\n\t\t\t\t\t\t\t\t\t<svg aria-hidden=\"true\" class=\"e-font-icon-svg e-far-envelope-open\" viewBox=\"0 0 512 512\" xmlns=\"http:\/\/www.w3.org\/2000\/svg\"><path d=\"M494.586 164.516c-4.697-3.883-111.723-89.95-135.251-108.657C337.231 38.191 299.437 0 256 0c-43.205 0-80.636 37.717-103.335 55.859-24.463 19.45-131.07 105.195-135.15 108.549A48.004 48.004 0 0 0 0 201.485V464c0 26.51 21.49 48 48 48h416c26.51 0 48-21.49 48-48V201.509a48 48 0 0 0-17.414-36.993zM464 458a6 6 0 0 1-6 6H54a6 6 0 0 1-6-6V204.347c0-1.813.816-3.526 2.226-4.665 15.87-12.814 108.793-87.554 132.364-106.293C200.755 78.88 232.398 48 256 48c23.693 0 55.857 31.369 73.41 45.389 23.573 18.741 116.503 93.493 132.366 106.316a5.99 5.99 0 0 1 2.224 4.663V458zm-31.991-187.704c4.249 5.159 3.465 12.795-1.745 16.981-28.975 23.283-59.274 47.597-70.929 56.863C336.636 362.283 299.205 400 256 400c-43.452 0-81.287-38.237-103.335-55.86-11.279-8.967-41.744-33.413-70.927-56.865-5.21-4.187-5.993-11.822-1.745-16.981l15.258-18.528c4.178-5.073 11.657-5.843 16.779-1.726 28.618 23.001 58.566 47.035 70.56 56.571C200.143 320.631 232.307 352 256 352c23.602 0 55.246-30.88 73.41-45.389 11.994-9.535 41.944-33.57 70.563-56.568 5.122-4.116 12.601-3.346 16.778 1.727l15.258 18.526z\"><\/path><\/svg>\t\t\t\t\t\t\t\t\t\t\t\t\t\t\t\t\t<\/span>\n\t\t\t\t\t\t\t\t\t\t\t\t\t\t\t\t\t\t\t\t\t\t<span class=\"elementor-button-text\">Envoyer<\/span>\n\t\t\t\t\t\t\t\t\t\t\t\t\t<\/span>\n\t\t\t\t\t<\/button>\n\t\t\t\t<\/div>\n\t\t\t<\/div>\n\t\t<\/form>\n\t\t\t\t\t\t<\/div>\n\t\t\t\t<\/div>\n\t\t\t\t\t<\/div>\n\t\t\t\t<\/div>\n\t\t\t\t<\/div>\n\t\t","protected":false},"excerpt":{"rendered":"<p>Si vous avez besoin deplus d&rsquo;informations, veuillez nous contacter \u00e0 l&rsquo;adresse suivante: Vous pouvez \u00e9galement \u00e9crire \u00e0 imi@montessorispace.comou nous appeler au +34 931 029 780 \/ +34 638 645 662.<\/p>\n","protected":false},"author":1,"featured_media":0,"parent":0,"menu_order":0,"comment_status":"closed","ping_status":"closed","template":"","meta":{"_acf_changed":false,"footnotes":""},"class_list":["post-11268","page","type-page","status-publish","hentry"],"acf":[],"_links":{"self":[{"href":"https:\/\/clonemontessori-dev.host3ip.eu\/fr\/wp-json\/wp\/v2\/pages\/11268","targetHints":{"allow":["GET"]}}],"collection":[{"href":"https:\/\/clonemontessori-dev.host3ip.eu\/fr\/wp-json\/wp\/v2\/pages"}],"about":[{"href":"https:\/\/clonemontessori-dev.host3ip.eu\/fr\/wp-json\/wp\/v2\/types\/page"}],"author":[{"embeddable":true,"href":"https:\/\/clonemontessori-dev.host3ip.eu\/fr\/wp-json\/wp\/v2\/users\/1"}],"replies":[{"embeddable":true,"href":"https:\/\/clonemontessori-dev.host3ip.eu\/fr\/wp-json\/wp\/v2\/comments?post=11268"}],"version-history":[{"count":2,"href":"https:\/\/clonemontessori-dev.host3ip.eu\/fr\/wp-json\/wp\/v2\/pages\/11268\/revisions"}],"predecessor-version":[{"id":11272,"href":"https:\/\/clonemontessori-dev.host3ip.eu\/fr\/wp-json\/wp\/v2\/pages\/11268\/revisions\/11272"}],"wp:attachment":[{"href":"https:\/\/clonemontessori-dev.host3ip.eu\/fr\/wp-json\/wp\/v2\/media?parent=11268"}],"curies":[{"name":"wp","href":"https:\/\/api.w.org\/{rel}","templated":true}]}}