{"id":11558,"date":"2025-07-11T13:01:06","date_gmt":"2025-07-11T11:01:06","guid":{"rendered":"https:\/\/clonemontessori-dev.host3ip.eu\/?post_type=product&#038;p=11558"},"modified":"2025-10-27T11:22:19","modified_gmt":"2025-10-27T10:22:19","slug":"education-prescolaire-montessori","status":"publish","type":"product","link":"https:\/\/clonemontessori-dev.host3ip.eu\/fr\/0-3-ans\/education-prescolaire-montessori\/","title":{"rendered":"\u00c9ducation Pr\u00e9scolaire Montessori"},"content":{"rendered":"<p>C\u2019est le cours id\u00e9al pour apprendre les bases de la m\u00e9thode Montessori pendant les 3 premi\u00e8res ann\u00e9es de vie. Cette formation aborde diff\u00e9rents contenus de la\u00a0<strong>p\u00e9dagogie Montessori<\/strong>, qui peuvent \u00e9galement \u00eatre mis en \u0153uvre \u00e0 domicile.<\/p>\n<p>Des aspects tels que l\u2019Esprit Absorbant et les P\u00e9riodes Sensibles, le R\u00f4le de l\u2019Adulte, les premiers Environnements Pr\u00e9par\u00e9s: le Nido et la Communaut\u00e9 des Enfants, seront les principaux contenus de ce cours d\u2019introduction online.<\/p>\n","protected":false},"excerpt":{"rendered":"<p>C\u2019est le cours id\u00e9al pour apprendre les bases de la m\u00e9thode Montessori pendant les 3 premi\u00e8res ann\u00e9es de vie. Cette formation aborde diff\u00e9rents contenus de la\u00a0p\u00e9dagogie Montessori, qui peuvent \u00e9galement \u00eatre mis en \u0153uvre \u00e0 domicile. Des aspects tels que l\u2019Esprit Absorbant et les P\u00e9riodes Sensibles, le R\u00f4le de l\u2019Adulte, les premiers Environnements Pr\u00e9par\u00e9s: le [&hellip;]<\/p>\n","protected":false},"featured_media":11383,"template":"","meta":{"_acf_changed":false},"product_brand":[],"product_cat":[147,99,159,163,155],"product_tag":[],"tematica":[],"class_list":{"0":"post-11558","1":"product","2":"type-product","3":"status-publish","4":"has-post-thumbnail","6":"product_cat-enfant","7":"product_cat-cours","8":"product_cat-parents-fr","9":"product_cat-0-3-ans","10":"product_cat-enseignants","12":"first","13":"instock","14":"virtual","15":"taxable","16":"purchasable","17":"product-type-simple"},"acf":[],"_links":{"self":[{"href":"https:\/\/clonemontessori-dev.host3ip.eu\/fr\/wp-json\/wp\/v2\/product\/11558","targetHints":{"allow":["GET"]}}],"collection":[{"href":"https:\/\/clonemontessori-dev.host3ip.eu\/fr\/wp-json\/wp\/v2\/product"}],"about":[{"href":"https:\/\/clonemontessori-dev.host3ip.eu\/fr\/wp-json\/wp\/v2\/types\/product"}],"wp:featuredmedia":[{"embeddable":true,"href":"https:\/\/clonemontessori-dev.host3ip.eu\/fr\/wp-json\/wp\/v2\/media\/11383"}],"wp:attachment":[{"href":"https:\/\/clonemontessori-dev.host3ip.eu\/fr\/wp-json\/wp\/v2\/media?parent=11558"}],"wp:term":[{"taxonomy":"product_brand","embeddable":true,"href":"https:\/\/clonemontessori-dev.host3ip.eu\/fr\/wp-json\/wp\/v2\/product_brand?post=11558"},{"taxonomy":"product_cat","embeddable":true,"href":"https:\/\/clonemontessori-dev.host3ip.eu\/fr\/wp-json\/wp\/v2\/product_cat?post=11558"},{"taxonomy":"product_tag","embeddable":true,"href":"https:\/\/clonemontessori-dev.host3ip.eu\/fr\/wp-json\/wp\/v2\/product_tag?post=11558"},{"taxonomy":"tematica","embeddable":true,"href":"https:\/\/clonemontessori-dev.host3ip.eu\/fr\/wp-json\/wp\/v2\/tematica?post=11558"}],"curies":[{"name":"wp","href":"https:\/\/api.w.org\/{rel}","templated":true}]}}