{"id":11559,"date":"2025-07-11T13:05:02","date_gmt":"2025-07-11T11:05:02","guid":{"rendered":"https:\/\/clonemontessori-dev.host3ip.eu\/?post_type=product&#038;p=11559"},"modified":"2025-10-30T16:30:37","modified_gmt":"2025-10-30T15:30:37","slug":"introduction-a-leducation-montessori","status":"publish","type":"product","link":"https:\/\/clonemontessori-dev.host3ip.eu\/fr\/6-12-ans\/introduction-a-leducation-montessori\/","title":{"rendered":"Introduction \u00e0 l\u2019\u00c9ducation Montessori"},"content":{"rendered":"<div>Ce cours d\u2019introduction est l\u2019approche plus g\u00e9n\u00e9rale de la p\u00e9dagogie Montessori que nous proposons \u00e0 l\u2019IMI, avec un<strong>\u00a0aper\u00e7u des diff\u00e9rents domaines curriculaires.<\/strong><\/div>\n<div>Il se compose d\u2019une introduction \u00e0 la\u00a0<strong>philosophie Montessori<\/strong>\u00a0et\u00a0 et un aper\u00e7u des\u00a0diff\u00e9rents domaines curriculaires de la p\u00e9dagogie Montessori. Les connaissances sont transmises \u00e0 travers un\u00a0<strong>expos\u00e9 th\u00e9orique illustr\u00e9 d\u2019exemples pratiques<\/strong>, avec des pr\u00e9sentations de diverses activit\u00e9s dans les diff\u00e9rents domaines de sp\u00e9cialisation.<\/div>\n","protected":false},"excerpt":{"rendered":"<p>Ce cours d\u2019introduction est l\u2019approche plus g\u00e9n\u00e9rale de la p\u00e9dagogie Montessori que nous proposons \u00e0 l\u2019IMI, avec un\u00a0aper\u00e7u des diff\u00e9rents domaines curriculaires. Il se compose d\u2019une introduction \u00e0 la\u00a0philosophie Montessori\u00a0et\u00a0 et un aper\u00e7u des\u00a0diff\u00e9rents domaines curriculaires de la p\u00e9dagogie Montessori. Les connaissances sont transmises \u00e0 travers un\u00a0expos\u00e9 th\u00e9orique illustr\u00e9 d\u2019exemples pratiques, avec des pr\u00e9sentations de [&hellip;]<\/p>\n","protected":false},"featured_media":9004,"template":"","meta":{"_acf_changed":false},"product_brand":[],"product_cat":[147,99,159,163,167,171,155],"product_tag":[],"tematica":[],"class_list":{"0":"post-11559","1":"product","2":"type-product","3":"status-publish","4":"has-post-thumbnail","6":"product_cat-enfant","7":"product_cat-cours","8":"product_cat-parents-fr","9":"product_cat-0-3-ans","10":"product_cat-3-6-ans","11":"product_cat-6-12-ans","12":"product_cat-enseignants","14":"first","15":"instock","16":"virtual","17":"taxable","18":"purchasable","19":"product-type-simple"},"acf":[],"_links":{"self":[{"href":"https:\/\/clonemontessori-dev.host3ip.eu\/fr\/wp-json\/wp\/v2\/product\/11559","targetHints":{"allow":["GET"]}}],"collection":[{"href":"https:\/\/clonemontessori-dev.host3ip.eu\/fr\/wp-json\/wp\/v2\/product"}],"about":[{"href":"https:\/\/clonemontessori-dev.host3ip.eu\/fr\/wp-json\/wp\/v2\/types\/product"}],"wp:featuredmedia":[{"embeddable":true,"href":"https:\/\/clonemontessori-dev.host3ip.eu\/fr\/wp-json\/wp\/v2\/media\/9004"}],"wp:attachment":[{"href":"https:\/\/clonemontessori-dev.host3ip.eu\/fr\/wp-json\/wp\/v2\/media?parent=11559"}],"wp:term":[{"taxonomy":"product_brand","embeddable":true,"href":"https:\/\/clonemontessori-dev.host3ip.eu\/fr\/wp-json\/wp\/v2\/product_brand?post=11559"},{"taxonomy":"product_cat","embeddable":true,"href":"https:\/\/clonemontessori-dev.host3ip.eu\/fr\/wp-json\/wp\/v2\/product_cat?post=11559"},{"taxonomy":"product_tag","embeddable":true,"href":"https:\/\/clonemontessori-dev.host3ip.eu\/fr\/wp-json\/wp\/v2\/product_tag?post=11559"},{"taxonomy":"tematica","embeddable":true,"href":"https:\/\/clonemontessori-dev.host3ip.eu\/fr\/wp-json\/wp\/v2\/tematica?post=11559"}],"curies":[{"name":"wp","href":"https:\/\/api.w.org\/{rel}","templated":true}]}}