{"id":11560,"date":"2025-07-11T13:08:20","date_gmt":"2025-07-11T11:08:20","guid":{"rendered":"https:\/\/clonemontessori-dev.host3ip.eu\/?post_type=product&#038;p=11560"},"modified":"2025-10-27T11:22:19","modified_gmt":"2025-10-27T10:22:19","slug":"methodes-montessori-et-pikler","status":"publish","type":"product","link":"https:\/\/clonemontessori-dev.host3ip.eu\/fr\/cours\/methodes-montessori-et-pikler\/","title":{"rendered":"M\u00e9thodes Montessori et Pikler"},"content":{"rendered":"<p>Dans cette formation, les\u00a0approches de Maria Montessori\u00a0sont pr\u00e9sent\u00e9es et compar\u00e9es\u00a0et celle d\u2019Emmi Pikler, avec un accent sur l\u2019aide au d\u00e9veloppement du Mouvement ou du d\u00e9veloppement Postural.<\/p>\n<p>Apprenez \u00e0 pr\u00e9parer l\u2019Environnement \u00e0 la maison et \u00e0 l\u2019\u00e9cole, les mat\u00e9riaux et le mobilier appropri\u00e9s pour favoriser l\u2019\u00e9panouissement du b\u00e9b\u00e9 \u00e0 travers des outils th\u00e9oriques et pratiques et des tutoriels vid\u00e9o.<\/p>\n","protected":false},"excerpt":{"rendered":"<p>Dans cette formation, les\u00a0approches de Maria Montessori\u00a0sont pr\u00e9sent\u00e9es et compar\u00e9es\u00a0et celle d\u2019Emmi Pikler, avec un accent sur l\u2019aide au d\u00e9veloppement du Mouvement ou du d\u00e9veloppement Postural. Apprenez \u00e0 pr\u00e9parer l\u2019Environnement \u00e0 la maison et \u00e0 l\u2019\u00e9cole, les mat\u00e9riaux et le mobilier appropri\u00e9s pour favoriser l\u2019\u00e9panouissement du b\u00e9b\u00e9 \u00e0 travers des outils th\u00e9oriques et pratiques et [&hellip;]<\/p>\n","protected":false},"featured_media":11366,"template":"","meta":{"_acf_changed":false},"product_brand":[],"product_cat":[99,147,159,163,155],"product_tag":[],"tematica":[],"class_list":{"0":"post-11560","1":"product","2":"type-product","3":"status-publish","4":"has-post-thumbnail","6":"product_cat-cours","7":"product_cat-enfant","8":"product_cat-parents-fr","9":"product_cat-0-3-ans","10":"product_cat-enseignants","12":"first","13":"instock","14":"virtual","15":"taxable","16":"purchasable","17":"product-type-simple"},"acf":[],"_links":{"self":[{"href":"https:\/\/clonemontessori-dev.host3ip.eu\/fr\/wp-json\/wp\/v2\/product\/11560","targetHints":{"allow":["GET"]}}],"collection":[{"href":"https:\/\/clonemontessori-dev.host3ip.eu\/fr\/wp-json\/wp\/v2\/product"}],"about":[{"href":"https:\/\/clonemontessori-dev.host3ip.eu\/fr\/wp-json\/wp\/v2\/types\/product"}],"wp:featuredmedia":[{"embeddable":true,"href":"https:\/\/clonemontessori-dev.host3ip.eu\/fr\/wp-json\/wp\/v2\/media\/11366"}],"wp:attachment":[{"href":"https:\/\/clonemontessori-dev.host3ip.eu\/fr\/wp-json\/wp\/v2\/media?parent=11560"}],"wp:term":[{"taxonomy":"product_brand","embeddable":true,"href":"https:\/\/clonemontessori-dev.host3ip.eu\/fr\/wp-json\/wp\/v2\/product_brand?post=11560"},{"taxonomy":"product_cat","embeddable":true,"href":"https:\/\/clonemontessori-dev.host3ip.eu\/fr\/wp-json\/wp\/v2\/product_cat?post=11560"},{"taxonomy":"product_tag","embeddable":true,"href":"https:\/\/clonemontessori-dev.host3ip.eu\/fr\/wp-json\/wp\/v2\/product_tag?post=11560"},{"taxonomy":"tematica","embeddable":true,"href":"https:\/\/clonemontessori-dev.host3ip.eu\/fr\/wp-json\/wp\/v2\/tematica?post=11560"}],"curies":[{"name":"wp","href":"https:\/\/api.w.org\/{rel}","templated":true}]}}