{"id":11561,"date":"2025-07-11T13:12:19","date_gmt":"2025-07-11T11:12:19","guid":{"rendered":"https:\/\/clonemontessori-dev.host3ip.eu\/?post_type=product&#038;p=11561"},"modified":"2025-10-29T15:54:03","modified_gmt":"2025-10-29T14:54:03","slug":"cours-montessori-developpement-sensoriel-et-cognitif","status":"publish","type":"product","link":"https:\/\/clonemontessori-dev.host3ip.eu\/fr\/cours\/cours-montessori-developpement-sensoriel-et-cognitif\/","title":{"rendered":"Cours Montessori D\u00e9veloppement Sensoriel et Cognitif"},"content":{"rendered":"<div class=\"elementor-column elementor-col-50 elementor-top-column elementor-element elementor-element-ba032b6\" data-id=\"ba032b6\" data-element_type=\"column\">\n<div class=\"elementor-widget-wrap elementor-element-populated\">\n<div class=\"elementor-element elementor-element-ae15ce4 elementor-widget elementor-widget-text-editor\" data-id=\"ae15ce4\" data-element_type=\"widget\" data-widget_type=\"text-editor.default\">\n<div class=\"elementor-widget-container\">\n<p>Des \u00e9l\u00e9ments tels que les couleurs, les formes, les tailles, les odeurs, les go\u00fbts, les poids, les textures ou les temp\u00e9ratures font partie de l\u2019esprit absorbant de l\u2019enfant, qui a un potentiel illimit\u00e9 et \u00e9tablit la<strong>\u00a0base des processus de pens\u00e9e.<\/strong><\/p>\n<p>Les mat\u00e9riaux Montessori sont simples mais attrayants, ils ont un but pr\u00e9cis et ils donnent \u00e0 l\u2019enfant la possibilit\u00e9 d<strong>\u2018apprendre \u00e0 travers sa propre activit\u00e9<\/strong>.<\/p>\n<\/div>\n<\/div>\n<\/div>\n<\/div>\n<div class=\"elementor-column elementor-col-50 elementor-top-column elementor-element elementor-element-24ff126\" data-id=\"24ff126\" data-element_type=\"column\" data-settings=\"{&quot;background_background&quot;:&quot;classic&quot;}\">\n<div class=\"elementor-widget-wrap elementor-element-populated\">\n<div class=\"elementor-background-overlay\"><\/div>\n<div class=\"elementor-element elementor-element-f52d4ef elementor-widget elementor-widget-text-editor\" data-id=\"f52d4ef\" data-element_type=\"widget\" data-widget_type=\"text-editor.default\">\n<div class=\"elementor-widget-container\">\n<p>L\u2019\u00e9ducation Sensorielle est un \u00e9l\u00e9ment fondamental de l\u2019approche de Maria Montessori. Au cours des trois premi\u00e8res ann\u00e9es de vie de l\u2019enfant, on lui propose des exp\u00e9riences vari\u00e9es, qui r\u00e9pondent \u00e0 s<strong>a curiosit\u00e9 et \u00e0 la tendance de l\u2019enfant \u00e0 explorer<\/strong>\u00a0\u00e0 travers tout son corps.<\/p>\n<\/div>\n<\/div>\n<\/div>\n<\/div>\n","protected":false},"excerpt":{"rendered":"<p>Des \u00e9l\u00e9ments tels que les couleurs, les formes, les tailles, les odeurs, les go\u00fbts, les poids, les textures ou les temp\u00e9ratures font partie de l\u2019esprit absorbant de l\u2019enfant, qui a un potentiel illimit\u00e9 et \u00e9tablit la\u00a0base des processus de pens\u00e9e. Les mat\u00e9riaux Montessori sont simples mais attrayants, ils ont un but pr\u00e9cis et ils donnent [&hellip;]<\/p>\n","protected":false},"featured_media":11410,"template":"","meta":{"_acf_changed":false},"product_brand":[],"product_cat":[99,147,159,163,155],"product_tag":[],"tematica":[],"class_list":{"0":"post-11561","1":"product","2":"type-product","3":"status-publish","4":"has-post-thumbnail","6":"product_cat-cours","7":"product_cat-enfant","8":"product_cat-parents-fr","9":"product_cat-0-3-ans","10":"product_cat-enseignants","12":"first","13":"instock","14":"virtual","15":"taxable","16":"purchasable","17":"product-type-simple"},"acf":[],"_links":{"self":[{"href":"https:\/\/clonemontessori-dev.host3ip.eu\/fr\/wp-json\/wp\/v2\/product\/11561","targetHints":{"allow":["GET"]}}],"collection":[{"href":"https:\/\/clonemontessori-dev.host3ip.eu\/fr\/wp-json\/wp\/v2\/product"}],"about":[{"href":"https:\/\/clonemontessori-dev.host3ip.eu\/fr\/wp-json\/wp\/v2\/types\/product"}],"wp:featuredmedia":[{"embeddable":true,"href":"https:\/\/clonemontessori-dev.host3ip.eu\/fr\/wp-json\/wp\/v2\/media\/11410"}],"wp:attachment":[{"href":"https:\/\/clonemontessori-dev.host3ip.eu\/fr\/wp-json\/wp\/v2\/media?parent=11561"}],"wp:term":[{"taxonomy":"product_brand","embeddable":true,"href":"https:\/\/clonemontessori-dev.host3ip.eu\/fr\/wp-json\/wp\/v2\/product_brand?post=11561"},{"taxonomy":"product_cat","embeddable":true,"href":"https:\/\/clonemontessori-dev.host3ip.eu\/fr\/wp-json\/wp\/v2\/product_cat?post=11561"},{"taxonomy":"product_tag","embeddable":true,"href":"https:\/\/clonemontessori-dev.host3ip.eu\/fr\/wp-json\/wp\/v2\/product_tag?post=11561"},{"taxonomy":"tematica","embeddable":true,"href":"https:\/\/clonemontessori-dev.host3ip.eu\/fr\/wp-json\/wp\/v2\/tematica?post=11561"}],"curies":[{"name":"wp","href":"https:\/\/api.w.org\/{rel}","templated":true}]}}