{"id":11562,"date":"2025-07-11T13:16:13","date_gmt":"2025-07-11T11:16:13","guid":{"rendered":"https:\/\/clonemontessori-dev.host3ip.eu\/?post_type=product&#038;p=11562"},"modified":"2025-10-27T11:22:19","modified_gmt":"2025-10-27T10:22:19","slug":"developpement-du-mouvement-montessori","status":"publish","type":"product","link":"https:\/\/clonemontessori-dev.host3ip.eu\/fr\/cours\/developpement-du-mouvement-montessori\/","title":{"rendered":"D\u00e9veloppement du Mouvement Montessori"},"content":{"rendered":"<p>Le\u00a0<strong>mouvement<\/strong>\u00a0est l\u2019une des premi\u00e8res r\u00e9alisations dans la vie d\u2019un enfant, car il repr\u00e9sente un changement dans la fa\u00e7on dont il affronte le monde. Les capacit\u00e9s physiques ont des implications importantes pour le d\u00e9veloppement cognitif, \u00e9motionnel et social.<\/p>\n<p>Pour cette raison, ce cours se concentre sur le r\u00f4le jou\u00e9 par l\u2019adulte en tant que responsable d\u2019un espace ad\u00e9quat et s\u00fbr o\u00f9<strong>\u00a0l\u2019enfant peut se d\u00e9brouiller avec tranquillit\u00e9 et libert\u00e9, favorisant cette autonomie de mani\u00e8re naturelle.<\/strong><\/p>\n","protected":false},"excerpt":{"rendered":"<p>Le\u00a0mouvement\u00a0est l\u2019une des premi\u00e8res r\u00e9alisations dans la vie d\u2019un enfant, car il repr\u00e9sente un changement dans la fa\u00e7on dont il affronte le monde. Les capacit\u00e9s physiques ont des implications importantes pour le d\u00e9veloppement cognitif, \u00e9motionnel et social. Pour cette raison, ce cours se concentre sur le r\u00f4le jou\u00e9 par l\u2019adulte en tant que responsable d\u2019un [&hellip;]<\/p>\n","protected":false},"featured_media":11405,"template":"","meta":{"_acf_changed":false},"product_brand":[],"product_cat":[99,147,159,163,155],"product_tag":[],"tematica":[],"class_list":{"0":"post-11562","1":"product","2":"type-product","3":"status-publish","4":"has-post-thumbnail","6":"product_cat-cours","7":"product_cat-enfant","8":"product_cat-parents-fr","9":"product_cat-0-3-ans","10":"product_cat-enseignants","12":"first","13":"instock","14":"virtual","15":"taxable","16":"purchasable","17":"product-type-simple"},"acf":[],"_links":{"self":[{"href":"https:\/\/clonemontessori-dev.host3ip.eu\/fr\/wp-json\/wp\/v2\/product\/11562","targetHints":{"allow":["GET"]}}],"collection":[{"href":"https:\/\/clonemontessori-dev.host3ip.eu\/fr\/wp-json\/wp\/v2\/product"}],"about":[{"href":"https:\/\/clonemontessori-dev.host3ip.eu\/fr\/wp-json\/wp\/v2\/types\/product"}],"wp:featuredmedia":[{"embeddable":true,"href":"https:\/\/clonemontessori-dev.host3ip.eu\/fr\/wp-json\/wp\/v2\/media\/11405"}],"wp:attachment":[{"href":"https:\/\/clonemontessori-dev.host3ip.eu\/fr\/wp-json\/wp\/v2\/media?parent=11562"}],"wp:term":[{"taxonomy":"product_brand","embeddable":true,"href":"https:\/\/clonemontessori-dev.host3ip.eu\/fr\/wp-json\/wp\/v2\/product_brand?post=11562"},{"taxonomy":"product_cat","embeddable":true,"href":"https:\/\/clonemontessori-dev.host3ip.eu\/fr\/wp-json\/wp\/v2\/product_cat?post=11562"},{"taxonomy":"product_tag","embeddable":true,"href":"https:\/\/clonemontessori-dev.host3ip.eu\/fr\/wp-json\/wp\/v2\/product_tag?post=11562"},{"taxonomy":"tematica","embeddable":true,"href":"https:\/\/clonemontessori-dev.host3ip.eu\/fr\/wp-json\/wp\/v2\/tematica?post=11562"}],"curies":[{"name":"wp","href":"https:\/\/api.w.org\/{rel}","templated":true}]}}