{"id":11563,"date":"2025-07-11T13:18:37","date_gmt":"2025-07-11T11:18:37","guid":{"rendered":"https:\/\/clonemontessori-dev.host3ip.eu\/?post_type=product&#038;p=11563"},"modified":"2025-10-27T11:22:19","modified_gmt":"2025-10-27T10:22:19","slug":"cours-darts-montessori","status":"publish","type":"product","link":"https:\/\/clonemontessori-dev.host3ip.eu\/fr\/cours\/cours-darts-montessori\/","title":{"rendered":"Cours d\u2019Arts Montessori"},"content":{"rendered":"<p>L\u2019art pour les enfants de 0 \u00e0 3 ans est une exp\u00e9rience libre et quotidienne qui leur permet\u00a0<strong>d\u2019exprimer et de d\u00e9velopper leur intelligence<\/strong>.<\/p>\n<p>Avec ce cours, on apprendra \u00e0 d\u00e9couvrir le potentiel des enfants \u00e0 travers les langages non verbaux: la Musique et les Arts Visuels, en valorisant leur capacit\u00e9 \u00e0 s\u2019exprimer.<\/p>\n","protected":false},"excerpt":{"rendered":"<p>L\u2019art pour les enfants de 0 \u00e0 3 ans est une exp\u00e9rience libre et quotidienne qui leur permet\u00a0d\u2019exprimer et de d\u00e9velopper leur intelligence. Avec ce cours, on apprendra \u00e0 d\u00e9couvrir le potentiel des enfants \u00e0 travers les langages non verbaux: la Musique et les Arts Visuels, en valorisant leur capacit\u00e9 \u00e0 s\u2019exprimer.<\/p>\n","protected":false},"featured_media":11418,"template":"","meta":{"_acf_changed":false},"product_brand":[],"product_cat":[99,159,163,155],"product_tag":[],"tematica":[],"class_list":{"0":"post-11563","1":"product","2":"type-product","3":"status-publish","4":"has-post-thumbnail","6":"product_cat-cours","7":"product_cat-parents-fr","8":"product_cat-0-3-ans","9":"product_cat-enseignants","11":"first","12":"instock","13":"virtual","14":"taxable","15":"purchasable","16":"product-type-simple"},"acf":[],"_links":{"self":[{"href":"https:\/\/clonemontessori-dev.host3ip.eu\/fr\/wp-json\/wp\/v2\/product\/11563","targetHints":{"allow":["GET"]}}],"collection":[{"href":"https:\/\/clonemontessori-dev.host3ip.eu\/fr\/wp-json\/wp\/v2\/product"}],"about":[{"href":"https:\/\/clonemontessori-dev.host3ip.eu\/fr\/wp-json\/wp\/v2\/types\/product"}],"wp:featuredmedia":[{"embeddable":true,"href":"https:\/\/clonemontessori-dev.host3ip.eu\/fr\/wp-json\/wp\/v2\/media\/11418"}],"wp:attachment":[{"href":"https:\/\/clonemontessori-dev.host3ip.eu\/fr\/wp-json\/wp\/v2\/media?parent=11563"}],"wp:term":[{"taxonomy":"product_brand","embeddable":true,"href":"https:\/\/clonemontessori-dev.host3ip.eu\/fr\/wp-json\/wp\/v2\/product_brand?post=11563"},{"taxonomy":"product_cat","embeddable":true,"href":"https:\/\/clonemontessori-dev.host3ip.eu\/fr\/wp-json\/wp\/v2\/product_cat?post=11563"},{"taxonomy":"product_tag","embeddable":true,"href":"https:\/\/clonemontessori-dev.host3ip.eu\/fr\/wp-json\/wp\/v2\/product_tag?post=11563"},{"taxonomy":"tematica","embeddable":true,"href":"https:\/\/clonemontessori-dev.host3ip.eu\/fr\/wp-json\/wp\/v2\/tematica?post=11563"}],"curies":[{"name":"wp","href":"https:\/\/api.w.org\/{rel}","templated":true}]}}