{"id":11725,"date":"2025-07-14T11:35:21","date_gmt":"2025-07-14T09:35:21","guid":{"rendered":"https:\/\/clonemontessori-dev.host3ip.eu\/?post_type=product&#038;p=11725"},"modified":"2025-10-27T11:22:19","modified_gmt":"2025-10-27T10:22:19","slug":"montessori-langage","status":"publish","type":"product","link":"https:\/\/clonemontessori-dev.host3ip.eu\/fr\/cours\/montessori-langage\/","title":{"rendered":"Montessori Langage"},"content":{"rendered":"<p>Les\u00a0enfants de 3 \u00e0 6 ans ont un grand besoin de communiquer . Dans ce cours, vous apprendrez \u00e0 privil\u00e9gier leur\u00a0<strong>langue orale<\/strong>, ainsi que le d\u00e9but de\u00a0<strong>l\u2019\u00e9criture<\/strong>\u00a0et de la\u00a0<strong>lecture<\/strong>\u00a0de mani\u00e8re dynamique avec le mat\u00e9riel appropri\u00e9.<\/p>\n<p>L\u2019expression orale est essentielle pour le d\u00e9veloppement des enfants dans d\u2019autres domaines, tels que \u00e9motionnel ou social!<\/p>\n","protected":false},"excerpt":{"rendered":"<p>Les\u00a0enfants de 3 \u00e0 6 ans ont un grand besoin de communiquer . Dans ce cours, vous apprendrez \u00e0 privil\u00e9gier leur\u00a0langue orale, ainsi que le d\u00e9but de\u00a0l\u2019\u00e9criture\u00a0et de la\u00a0lecture\u00a0de mani\u00e8re dynamique avec le mat\u00e9riel appropri\u00e9. L\u2019expression orale est essentielle pour le d\u00e9veloppement des enfants dans d\u2019autres domaines, tels que \u00e9motionnel ou social!<\/p>\n","protected":false},"featured_media":11461,"template":"","meta":{"_acf_changed":false},"product_brand":[],"product_cat":[99,159,167,155],"product_tag":[],"tematica":[],"class_list":{"0":"post-11725","1":"product","2":"type-product","3":"status-publish","4":"has-post-thumbnail","6":"product_cat-cours","7":"product_cat-parents-fr","8":"product_cat-3-6-ans","9":"product_cat-enseignants","11":"first","12":"instock","13":"virtual","14":"taxable","15":"purchasable","16":"product-type-simple"},"acf":[],"_links":{"self":[{"href":"https:\/\/clonemontessori-dev.host3ip.eu\/fr\/wp-json\/wp\/v2\/product\/11725","targetHints":{"allow":["GET"]}}],"collection":[{"href":"https:\/\/clonemontessori-dev.host3ip.eu\/fr\/wp-json\/wp\/v2\/product"}],"about":[{"href":"https:\/\/clonemontessori-dev.host3ip.eu\/fr\/wp-json\/wp\/v2\/types\/product"}],"wp:featuredmedia":[{"embeddable":true,"href":"https:\/\/clonemontessori-dev.host3ip.eu\/fr\/wp-json\/wp\/v2\/media\/11461"}],"wp:attachment":[{"href":"https:\/\/clonemontessori-dev.host3ip.eu\/fr\/wp-json\/wp\/v2\/media?parent=11725"}],"wp:term":[{"taxonomy":"product_brand","embeddable":true,"href":"https:\/\/clonemontessori-dev.host3ip.eu\/fr\/wp-json\/wp\/v2\/product_brand?post=11725"},{"taxonomy":"product_cat","embeddable":true,"href":"https:\/\/clonemontessori-dev.host3ip.eu\/fr\/wp-json\/wp\/v2\/product_cat?post=11725"},{"taxonomy":"product_tag","embeddable":true,"href":"https:\/\/clonemontessori-dev.host3ip.eu\/fr\/wp-json\/wp\/v2\/product_tag?post=11725"},{"taxonomy":"tematica","embeddable":true,"href":"https:\/\/clonemontessori-dev.host3ip.eu\/fr\/wp-json\/wp\/v2\/tematica?post=11725"}],"curies":[{"name":"wp","href":"https:\/\/api.w.org\/{rel}","templated":true}]}}