{"id":11745,"date":"2025-07-14T11:40:30","date_gmt":"2025-07-14T09:40:30","guid":{"rendered":"https:\/\/clonemontessori-dev.host3ip.eu\/?post_type=product&#038;p=11745"},"modified":"2025-10-27T11:22:18","modified_gmt":"2025-10-27T10:22:18","slug":"education-enfantin-montessori","status":"publish","type":"product","link":"https:\/\/clonemontessori-dev.host3ip.eu\/fr\/cours\/education-enfantin-montessori\/","title":{"rendered":"\u00c9ducation Enfantin Montessori"},"content":{"rendered":"<p>Si vous souhaitez apprendre les\u00a0<strong>bases de la m\u00e9thode Montessori<\/strong>\u00a0sp\u00e9cifiquement chez les enfants entre trois et six ans, c\u2019est la bonne voie. Vous apprendrez les besoins qui surgissent \u00e0 ce stade de d\u00e9veloppement et quelques lignes directrices pour observer leurs int\u00e9r\u00eats individuels.<\/p>\n<p>\u00c0 ce stade, les sensibilit\u00e9s sp\u00e9ciales sont \u00e9veill\u00e9es \u00e0 des aspects tels que le langage, le mouvement, la perception raffin\u00e9e et l\u2019Esprit Absorbant, ce qui rend l\u2019apprentissage sans effort.<\/p>\n","protected":false},"excerpt":{"rendered":"<p>Si vous souhaitez apprendre les\u00a0bases de la m\u00e9thode Montessori\u00a0sp\u00e9cifiquement chez les enfants entre trois et six ans, c\u2019est la bonne voie. Vous apprendrez les besoins qui surgissent \u00e0 ce stade de d\u00e9veloppement et quelques lignes directrices pour observer leurs int\u00e9r\u00eats individuels. \u00c0 ce stade, les sensibilit\u00e9s sp\u00e9ciales sont \u00e9veill\u00e9es \u00e0 des aspects tels que le [&hellip;]<\/p>\n","protected":false},"featured_media":11456,"template":"","meta":{"_acf_changed":false},"product_brand":[],"product_cat":[99,147,159,167,155],"product_tag":[],"tematica":[],"class_list":{"0":"post-11745","1":"product","2":"type-product","3":"status-publish","4":"has-post-thumbnail","6":"product_cat-cours","7":"product_cat-enfant","8":"product_cat-parents-fr","9":"product_cat-3-6-ans","10":"product_cat-enseignants","12":"first","13":"instock","14":"virtual","15":"taxable","16":"purchasable","17":"product-type-simple"},"acf":[],"_links":{"self":[{"href":"https:\/\/clonemontessori-dev.host3ip.eu\/fr\/wp-json\/wp\/v2\/product\/11745","targetHints":{"allow":["GET"]}}],"collection":[{"href":"https:\/\/clonemontessori-dev.host3ip.eu\/fr\/wp-json\/wp\/v2\/product"}],"about":[{"href":"https:\/\/clonemontessori-dev.host3ip.eu\/fr\/wp-json\/wp\/v2\/types\/product"}],"wp:featuredmedia":[{"embeddable":true,"href":"https:\/\/clonemontessori-dev.host3ip.eu\/fr\/wp-json\/wp\/v2\/media\/11456"}],"wp:attachment":[{"href":"https:\/\/clonemontessori-dev.host3ip.eu\/fr\/wp-json\/wp\/v2\/media?parent=11745"}],"wp:term":[{"taxonomy":"product_brand","embeddable":true,"href":"https:\/\/clonemontessori-dev.host3ip.eu\/fr\/wp-json\/wp\/v2\/product_brand?post=11745"},{"taxonomy":"product_cat","embeddable":true,"href":"https:\/\/clonemontessori-dev.host3ip.eu\/fr\/wp-json\/wp\/v2\/product_cat?post=11745"},{"taxonomy":"product_tag","embeddable":true,"href":"https:\/\/clonemontessori-dev.host3ip.eu\/fr\/wp-json\/wp\/v2\/product_tag?post=11745"},{"taxonomy":"tematica","embeddable":true,"href":"https:\/\/clonemontessori-dev.host3ip.eu\/fr\/wp-json\/wp\/v2\/tematica?post=11745"}],"curies":[{"name":"wp","href":"https:\/\/api.w.org\/{rel}","templated":true}]}}