{"id":11749,"date":"2025-07-14T11:43:27","date_gmt":"2025-07-14T09:43:27","guid":{"rendered":"https:\/\/clonemontessori-dev.host3ip.eu\/?post_type=product&#038;p=11749"},"modified":"2025-10-27T11:22:18","modified_gmt":"2025-10-27T10:22:18","slug":"cours-darts-montessori-2","status":"publish","type":"product","link":"https:\/\/clonemontessori-dev.host3ip.eu\/fr\/cours\/cours-darts-montessori-2\/","title":{"rendered":"Cours d\u2019Arts Montessori"},"content":{"rendered":"<p>Du point de vue Montessori, l\u2019<strong>exp\u00e9rience artistique<\/strong>\u00a0est particuli\u00e8rement focalis\u00e9e, car elle se concentre sur les besoins de l\u2019enfant, en tenant compte de sa\u00a0<strong>p\u00e9riode sensible<\/strong>\u00a0et de l\u2019<strong>environnement pr\u00e9par\u00e9<\/strong>\u00a0que nous pouvons lui offrir. Il y a une multiplicit\u00e9 d\u2019aspects qui peuvent \u00eatre offerts dans cette \u00e9tape \u00e9volutive.<\/p>\n<p>D\u00e9couvrir dans l\u2019environnement des canaux pour proposer des situations qui englobent diff\u00e9rents codes de langages artistiques est une n\u00e9cessit\u00e9 pour l\u2019enfant, car cela lui permet de disposer d\u2019un outil pour s\u2019exprimer, explorer, d\u00e9velopper son intelligence et le langage.<\/p>\n","protected":false},"excerpt":{"rendered":"<p>Du point de vue Montessori, l\u2019exp\u00e9rience artistique\u00a0est particuli\u00e8rement focalis\u00e9e, car elle se concentre sur les besoins de l\u2019enfant, en tenant compte de sa\u00a0p\u00e9riode sensible\u00a0et de l\u2019environnement pr\u00e9par\u00e9\u00a0que nous pouvons lui offrir. Il y a une multiplicit\u00e9 d\u2019aspects qui peuvent \u00eatre offerts dans cette \u00e9tape \u00e9volutive. D\u00e9couvrir dans l\u2019environnement des canaux pour proposer des situations qui [&hellip;]<\/p>\n","protected":false},"featured_media":11451,"template":"","meta":{"_acf_changed":false},"product_brand":[],"product_cat":[99,147,159,167,155],"product_tag":[],"tematica":[],"class_list":{"0":"post-11749","1":"product","2":"type-product","3":"status-publish","4":"has-post-thumbnail","6":"product_cat-cours","7":"product_cat-enfant","8":"product_cat-parents-fr","9":"product_cat-3-6-ans","10":"product_cat-enseignants","12":"first","13":"instock","14":"virtual","15":"taxable","16":"purchasable","17":"product-type-simple"},"acf":[],"_links":{"self":[{"href":"https:\/\/clonemontessori-dev.host3ip.eu\/fr\/wp-json\/wp\/v2\/product\/11749","targetHints":{"allow":["GET"]}}],"collection":[{"href":"https:\/\/clonemontessori-dev.host3ip.eu\/fr\/wp-json\/wp\/v2\/product"}],"about":[{"href":"https:\/\/clonemontessori-dev.host3ip.eu\/fr\/wp-json\/wp\/v2\/types\/product"}],"wp:featuredmedia":[{"embeddable":true,"href":"https:\/\/clonemontessori-dev.host3ip.eu\/fr\/wp-json\/wp\/v2\/media\/11451"}],"wp:attachment":[{"href":"https:\/\/clonemontessori-dev.host3ip.eu\/fr\/wp-json\/wp\/v2\/media?parent=11749"}],"wp:term":[{"taxonomy":"product_brand","embeddable":true,"href":"https:\/\/clonemontessori-dev.host3ip.eu\/fr\/wp-json\/wp\/v2\/product_brand?post=11749"},{"taxonomy":"product_cat","embeddable":true,"href":"https:\/\/clonemontessori-dev.host3ip.eu\/fr\/wp-json\/wp\/v2\/product_cat?post=11749"},{"taxonomy":"product_tag","embeddable":true,"href":"https:\/\/clonemontessori-dev.host3ip.eu\/fr\/wp-json\/wp\/v2\/product_tag?post=11749"},{"taxonomy":"tematica","embeddable":true,"href":"https:\/\/clonemontessori-dev.host3ip.eu\/fr\/wp-json\/wp\/v2\/tematica?post=11749"}],"curies":[{"name":"wp","href":"https:\/\/api.w.org\/{rel}","templated":true}]}}