{"id":11750,"date":"2025-07-14T11:46:11","date_gmt":"2025-07-14T09:46:11","guid":{"rendered":"https:\/\/clonemontessori-dev.host3ip.eu\/?post_type=product&#038;p=11750"},"modified":"2025-10-27T11:22:18","modified_gmt":"2025-10-27T10:22:18","slug":"laire-sensoriel-montessori","status":"publish","type":"product","link":"https:\/\/clonemontessori-dev.host3ip.eu\/fr\/cours\/laire-sensoriel-montessori\/","title":{"rendered":"L\u2019aire Sensoriel Montessori"},"content":{"rendered":"<p>L\u2019\u00e9ducation sensorielle est fondamentale dans la p\u00e9dagogie Montessori, car elle repose sur la mise \u00e0 profit de<strong>\u00a0l\u2019int\u00e9r\u00eat pour l\u2019exploration<\/strong>\u00a0que manifestent les enfants de ces \u00e2ges, percevant facilement tous les d\u00e9tails.<\/p>\n<p>Apprenez-en davantage sur le mat\u00e9riel auto-correctif qui guidera les enfants dans leur processus d\u2019organisation de l\u2019information et de promotion de leur d\u00e9veloppement cognitif.<\/p>\n","protected":false},"excerpt":{"rendered":"<p>L\u2019\u00e9ducation sensorielle est fondamentale dans la p\u00e9dagogie Montessori, car elle repose sur la mise \u00e0 profit de\u00a0l\u2019int\u00e9r\u00eat pour l\u2019exploration\u00a0que manifestent les enfants de ces \u00e2ges, percevant facilement tous les d\u00e9tails. Apprenez-en davantage sur le mat\u00e9riel auto-correctif qui guidera les enfants dans leur processus d\u2019organisation de l\u2019information et de promotion de leur d\u00e9veloppement cognitif.<\/p>\n","protected":false},"featured_media":11446,"template":"","meta":{"_acf_changed":false},"product_brand":[],"product_cat":[99,147,159,167,155],"product_tag":[],"tematica":[],"class_list":{"0":"post-11750","1":"product","2":"type-product","3":"status-publish","4":"has-post-thumbnail","6":"product_cat-cours","7":"product_cat-enfant","8":"product_cat-parents-fr","9":"product_cat-3-6-ans","10":"product_cat-enseignants","12":"first","13":"instock","14":"virtual","15":"taxable","16":"purchasable","17":"product-type-simple"},"acf":[],"_links":{"self":[{"href":"https:\/\/clonemontessori-dev.host3ip.eu\/fr\/wp-json\/wp\/v2\/product\/11750","targetHints":{"allow":["GET"]}}],"collection":[{"href":"https:\/\/clonemontessori-dev.host3ip.eu\/fr\/wp-json\/wp\/v2\/product"}],"about":[{"href":"https:\/\/clonemontessori-dev.host3ip.eu\/fr\/wp-json\/wp\/v2\/types\/product"}],"wp:featuredmedia":[{"embeddable":true,"href":"https:\/\/clonemontessori-dev.host3ip.eu\/fr\/wp-json\/wp\/v2\/media\/11446"}],"wp:attachment":[{"href":"https:\/\/clonemontessori-dev.host3ip.eu\/fr\/wp-json\/wp\/v2\/media?parent=11750"}],"wp:term":[{"taxonomy":"product_brand","embeddable":true,"href":"https:\/\/clonemontessori-dev.host3ip.eu\/fr\/wp-json\/wp\/v2\/product_brand?post=11750"},{"taxonomy":"product_cat","embeddable":true,"href":"https:\/\/clonemontessori-dev.host3ip.eu\/fr\/wp-json\/wp\/v2\/product_cat?post=11750"},{"taxonomy":"product_tag","embeddable":true,"href":"https:\/\/clonemontessori-dev.host3ip.eu\/fr\/wp-json\/wp\/v2\/product_tag?post=11750"},{"taxonomy":"tematica","embeddable":true,"href":"https:\/\/clonemontessori-dev.host3ip.eu\/fr\/wp-json\/wp\/v2\/tematica?post=11750"}],"curies":[{"name":"wp","href":"https:\/\/api.w.org\/{rel}","templated":true}]}}