{"id":11751,"date":"2025-07-14T11:51:07","date_gmt":"2025-07-14T09:51:07","guid":{"rendered":"https:\/\/clonemontessori-dev.host3ip.eu\/?post_type=product&#038;p=11751"},"modified":"2025-10-27T11:22:18","modified_gmt":"2025-10-27T10:22:18","slug":"cours-de-mathematiques-montessori","status":"publish","type":"product","link":"https:\/\/clonemontessori-dev.host3ip.eu\/fr\/cours\/cours-de-mathematiques-montessori\/","title":{"rendered":"Cours de Math\u00e9matiques Montessori"},"content":{"rendered":"<p>L\u2019approche des enfants aux Math\u00e9matiques par la m\u00e9thode Montessori \u00e9veille leur int\u00e9r\u00eat pour l\u2019identification et l\u2019application de\u00a0<strong>l\u2019esprit math\u00e9matique<\/strong>, qui leur vient naturellement, d\u00e8s cet \u00e2ge.<\/p>\n<p>Entre trois et six ans, leurs\u00a0<strong>comp\u00e9tences math\u00e9matiques<\/strong>\u00a0commencent \u00e0 se d\u00e9velopper et \u00e0 comprendre des concepts. C\u2019est encore plus facile si cette aire est travaill\u00e9e \u00e0 travers des situations du quotidien et des exp\u00e9riences pratiques concr\u00e8tes que vous apprendrez dans ce cours.<\/p>\n","protected":false},"excerpt":{"rendered":"<p>L\u2019approche des enfants aux Math\u00e9matiques par la m\u00e9thode Montessori \u00e9veille leur int\u00e9r\u00eat pour l\u2019identification et l\u2019application de\u00a0l\u2019esprit math\u00e9matique, qui leur vient naturellement, d\u00e8s cet \u00e2ge. Entre trois et six ans, leurs\u00a0comp\u00e9tences math\u00e9matiques\u00a0commencent \u00e0 se d\u00e9velopper et \u00e0 comprendre des concepts. C\u2019est encore plus facile si cette aire est travaill\u00e9e \u00e0 travers des situations du quotidien [&hellip;]<\/p>\n","protected":false},"featured_media":11436,"template":"","meta":{"_acf_changed":false},"product_brand":[],"product_cat":[99,147,159,167,155],"product_tag":[],"tematica":[],"class_list":{"0":"post-11751","1":"product","2":"type-product","3":"status-publish","4":"has-post-thumbnail","6":"product_cat-cours","7":"product_cat-enfant","8":"product_cat-parents-fr","9":"product_cat-3-6-ans","10":"product_cat-enseignants","12":"first","13":"instock","14":"virtual","15":"taxable","16":"purchasable","17":"product-type-simple"},"acf":[],"_links":{"self":[{"href":"https:\/\/clonemontessori-dev.host3ip.eu\/fr\/wp-json\/wp\/v2\/product\/11751","targetHints":{"allow":["GET"]}}],"collection":[{"href":"https:\/\/clonemontessori-dev.host3ip.eu\/fr\/wp-json\/wp\/v2\/product"}],"about":[{"href":"https:\/\/clonemontessori-dev.host3ip.eu\/fr\/wp-json\/wp\/v2\/types\/product"}],"wp:featuredmedia":[{"embeddable":true,"href":"https:\/\/clonemontessori-dev.host3ip.eu\/fr\/wp-json\/wp\/v2\/media\/11436"}],"wp:attachment":[{"href":"https:\/\/clonemontessori-dev.host3ip.eu\/fr\/wp-json\/wp\/v2\/media?parent=11751"}],"wp:term":[{"taxonomy":"product_brand","embeddable":true,"href":"https:\/\/clonemontessori-dev.host3ip.eu\/fr\/wp-json\/wp\/v2\/product_brand?post=11751"},{"taxonomy":"product_cat","embeddable":true,"href":"https:\/\/clonemontessori-dev.host3ip.eu\/fr\/wp-json\/wp\/v2\/product_cat?post=11751"},{"taxonomy":"product_tag","embeddable":true,"href":"https:\/\/clonemontessori-dev.host3ip.eu\/fr\/wp-json\/wp\/v2\/product_tag?post=11751"},{"taxonomy":"tematica","embeddable":true,"href":"https:\/\/clonemontessori-dev.host3ip.eu\/fr\/wp-json\/wp\/v2\/tematica?post=11751"}],"curies":[{"name":"wp","href":"https:\/\/api.w.org\/{rel}","templated":true}]}}