{"id":11752,"date":"2025-07-14T11:54:08","date_gmt":"2025-07-14T09:54:08","guid":{"rendered":"https:\/\/clonemontessori-dev.host3ip.eu\/?post_type=product&#038;p=11752"},"modified":"2025-10-27T11:22:18","modified_gmt":"2025-10-27T10:22:18","slug":"langage-montessori","status":"publish","type":"product","link":"https:\/\/clonemontessori-dev.host3ip.eu\/fr\/cours\/langage-montessori\/","title":{"rendered":"Langage Montessori"},"content":{"rendered":"<p>Au stade de 6 \u00e0 12 ans, il est crucial de consolider et de valoriser les comp\u00e9tences linguistiques acquises au cours des premi\u00e8res ann\u00e9es. Connaissez les mat\u00e9riaux avec lesquels d\u00e9velopper vos connaissances de la\u00a0<strong>grammaire<\/strong>\u00a0ou de la\u00a0<strong>syntaxe<\/strong>\u00a0de mani\u00e8re dynamique.<\/p>\n<p>La\u00a0<strong>lecture<\/strong>\u00a0et\u00a0<strong>l\u2019\u00e9criture<\/strong>\u00a0sont essentielles \u00e0 la connaissance de tous les autres domaines!<\/p>\n","protected":false},"excerpt":{"rendered":"<p>Au stade de 6 \u00e0 12 ans, il est crucial de consolider et de valoriser les comp\u00e9tences linguistiques acquises au cours des premi\u00e8res ann\u00e9es. Connaissez les mat\u00e9riaux avec lesquels d\u00e9velopper vos connaissances de la\u00a0grammaire\u00a0ou de la\u00a0syntaxe\u00a0de mani\u00e8re dynamique. La\u00a0lecture\u00a0et\u00a0l\u2019\u00e9criture\u00a0sont essentielles \u00e0 la connaissance de tous les autres domaines!<\/p>\n","protected":false},"featured_media":11472,"template":"","meta":{"_acf_changed":false},"product_brand":[],"product_cat":[99,147,159,171,155],"product_tag":[],"tematica":[],"class_list":{"0":"post-11752","1":"product","2":"type-product","3":"status-publish","4":"has-post-thumbnail","6":"product_cat-cours","7":"product_cat-enfant","8":"product_cat-parents-fr","9":"product_cat-6-12-ans","10":"product_cat-enseignants","12":"first","13":"instock","14":"virtual","15":"taxable","16":"purchasable","17":"product-type-simple"},"acf":[],"_links":{"self":[{"href":"https:\/\/clonemontessori-dev.host3ip.eu\/fr\/wp-json\/wp\/v2\/product\/11752","targetHints":{"allow":["GET"]}}],"collection":[{"href":"https:\/\/clonemontessori-dev.host3ip.eu\/fr\/wp-json\/wp\/v2\/product"}],"about":[{"href":"https:\/\/clonemontessori-dev.host3ip.eu\/fr\/wp-json\/wp\/v2\/types\/product"}],"wp:featuredmedia":[{"embeddable":true,"href":"https:\/\/clonemontessori-dev.host3ip.eu\/fr\/wp-json\/wp\/v2\/media\/11472"}],"wp:attachment":[{"href":"https:\/\/clonemontessori-dev.host3ip.eu\/fr\/wp-json\/wp\/v2\/media?parent=11752"}],"wp:term":[{"taxonomy":"product_brand","embeddable":true,"href":"https:\/\/clonemontessori-dev.host3ip.eu\/fr\/wp-json\/wp\/v2\/product_brand?post=11752"},{"taxonomy":"product_cat","embeddable":true,"href":"https:\/\/clonemontessori-dev.host3ip.eu\/fr\/wp-json\/wp\/v2\/product_cat?post=11752"},{"taxonomy":"product_tag","embeddable":true,"href":"https:\/\/clonemontessori-dev.host3ip.eu\/fr\/wp-json\/wp\/v2\/product_tag?post=11752"},{"taxonomy":"tematica","embeddable":true,"href":"https:\/\/clonemontessori-dev.host3ip.eu\/fr\/wp-json\/wp\/v2\/tematica?post=11752"}],"curies":[{"name":"wp","href":"https:\/\/api.w.org\/{rel}","templated":true}]}}