{"id":11754,"date":"2025-07-14T12:03:10","date_gmt":"2025-07-14T10:03:10","guid":{"rendered":"https:\/\/clonemontessori-dev.host3ip.eu\/?post_type=product&#038;p=11754"},"modified":"2025-10-27T11:22:18","modified_gmt":"2025-10-27T10:22:18","slug":"cours-darts-montessori-3","status":"publish","type":"product","link":"https:\/\/clonemontessori-dev.host3ip.eu\/fr\/cours\/cours-darts-montessori-3\/","title":{"rendered":"Cours d\u2019Arts Montessori"},"content":{"rendered":"<p>L\u2019art aide les enfants au stade primaire \u00e0 acqu\u00e9rir la confiance en eux, \u00e0 la fois en exp\u00e9rimentant et en comprenant les concepts des diff\u00e9rents langages non verbaux: langage plastique et langage musical.<\/p>\n<p>Dans ce cours, vous apprendrez \u00e0 analyser les \u0153uvres d\u2019enfants dans une perspective Montessori et \u00e0 concevoir des situations expressives, aidant les enfants entre 6 et 12 ans \u00e0 repr\u00e9senter le monde qui les entoure.<\/p>\n","protected":false},"excerpt":{"rendered":"<p>L\u2019art aide les enfants au stade primaire \u00e0 acqu\u00e9rir la confiance en eux, \u00e0 la fois en exp\u00e9rimentant et en comprenant les concepts des diff\u00e9rents langages non verbaux: langage plastique et langage musical. Dans ce cours, vous apprendrez \u00e0 analyser les \u0153uvres d\u2019enfants dans une perspective Montessori et \u00e0 concevoir des situations expressives, aidant les [&hellip;]<\/p>\n","protected":false},"featured_media":11477,"template":"","meta":{"_acf_changed":false},"product_brand":[],"product_cat":[99,147,159,171],"product_tag":[],"tematica":[],"class_list":{"0":"post-11754","1":"product","2":"type-product","3":"status-publish","4":"has-post-thumbnail","6":"product_cat-cours","7":"product_cat-enfant","8":"product_cat-parents-fr","9":"product_cat-6-12-ans","11":"first","12":"instock","13":"virtual","14":"taxable","15":"purchasable","16":"product-type-simple"},"acf":[],"_links":{"self":[{"href":"https:\/\/clonemontessori-dev.host3ip.eu\/fr\/wp-json\/wp\/v2\/product\/11754","targetHints":{"allow":["GET"]}}],"collection":[{"href":"https:\/\/clonemontessori-dev.host3ip.eu\/fr\/wp-json\/wp\/v2\/product"}],"about":[{"href":"https:\/\/clonemontessori-dev.host3ip.eu\/fr\/wp-json\/wp\/v2\/types\/product"}],"wp:featuredmedia":[{"embeddable":true,"href":"https:\/\/clonemontessori-dev.host3ip.eu\/fr\/wp-json\/wp\/v2\/media\/11477"}],"wp:attachment":[{"href":"https:\/\/clonemontessori-dev.host3ip.eu\/fr\/wp-json\/wp\/v2\/media?parent=11754"}],"wp:term":[{"taxonomy":"product_brand","embeddable":true,"href":"https:\/\/clonemontessori-dev.host3ip.eu\/fr\/wp-json\/wp\/v2\/product_brand?post=11754"},{"taxonomy":"product_cat","embeddable":true,"href":"https:\/\/clonemontessori-dev.host3ip.eu\/fr\/wp-json\/wp\/v2\/product_cat?post=11754"},{"taxonomy":"product_tag","embeddable":true,"href":"https:\/\/clonemontessori-dev.host3ip.eu\/fr\/wp-json\/wp\/v2\/product_tag?post=11754"},{"taxonomy":"tematica","embeddable":true,"href":"https:\/\/clonemontessori-dev.host3ip.eu\/fr\/wp-json\/wp\/v2\/tematica?post=11754"}],"curies":[{"name":"wp","href":"https:\/\/api.w.org\/{rel}","templated":true}]}}