{"id":11755,"date":"2025-07-14T12:06:07","date_gmt":"2025-07-14T10:06:07","guid":{"rendered":"https:\/\/clonemontessori-dev.host3ip.eu\/?post_type=product&#038;p=11755"},"modified":"2025-10-27T11:22:17","modified_gmt":"2025-10-27T10:22:17","slug":"cours-de-mathematiques-montessori-2","status":"publish","type":"product","link":"https:\/\/clonemontessori-dev.host3ip.eu\/fr\/cours\/cours-de-mathematiques-montessori-2\/","title":{"rendered":"Cours de Math\u00e9matiques Montessori"},"content":{"rendered":"<p>Entre 6 et 12 ans, les enfants commencent \u00e0 apprendre des op\u00e9rations math\u00e9matiques plus complexes, telles que les fractions, les racines carr\u00e9es, les racines cubiques, etc.<\/p>\n<p>Dans ce cours, destin\u00e9 aux enseignants ou aux parents d\u2019enfants du primaire, vous apprendrez comment le mat\u00e9riel Montessori de l\u2019aire des Math\u00e9matiques permet aux enfants d\u2019<strong>apprendre ces concepts bas\u00e9s sur une pr\u00e9paration sensorielle<\/strong>.<\/p>\n","protected":false},"excerpt":{"rendered":"<p>Entre 6 et 12 ans, les enfants commencent \u00e0 apprendre des op\u00e9rations math\u00e9matiques plus complexes, telles que les fractions, les racines carr\u00e9es, les racines cubiques, etc. Dans ce cours, destin\u00e9 aux enseignants ou aux parents d\u2019enfants du primaire, vous apprendrez comment le mat\u00e9riel Montessori de l\u2019aire des Math\u00e9matiques permet aux enfants d\u2019apprendre ces concepts bas\u00e9s [&hellip;]<\/p>\n","protected":false},"featured_media":11482,"template":"","meta":{"_acf_changed":false},"product_brand":[],"product_cat":[99,147,159,171,155],"product_tag":[],"tematica":[],"class_list":{"0":"post-11755","1":"product","2":"type-product","3":"status-publish","4":"has-post-thumbnail","6":"product_cat-cours","7":"product_cat-enfant","8":"product_cat-parents-fr","9":"product_cat-6-12-ans","10":"product_cat-enseignants","12":"first","13":"instock","14":"virtual","15":"taxable","16":"purchasable","17":"product-type-simple"},"acf":[],"_links":{"self":[{"href":"https:\/\/clonemontessori-dev.host3ip.eu\/fr\/wp-json\/wp\/v2\/product\/11755","targetHints":{"allow":["GET"]}}],"collection":[{"href":"https:\/\/clonemontessori-dev.host3ip.eu\/fr\/wp-json\/wp\/v2\/product"}],"about":[{"href":"https:\/\/clonemontessori-dev.host3ip.eu\/fr\/wp-json\/wp\/v2\/types\/product"}],"wp:featuredmedia":[{"embeddable":true,"href":"https:\/\/clonemontessori-dev.host3ip.eu\/fr\/wp-json\/wp\/v2\/media\/11482"}],"wp:attachment":[{"href":"https:\/\/clonemontessori-dev.host3ip.eu\/fr\/wp-json\/wp\/v2\/media?parent=11755"}],"wp:term":[{"taxonomy":"product_brand","embeddable":true,"href":"https:\/\/clonemontessori-dev.host3ip.eu\/fr\/wp-json\/wp\/v2\/product_brand?post=11755"},{"taxonomy":"product_cat","embeddable":true,"href":"https:\/\/clonemontessori-dev.host3ip.eu\/fr\/wp-json\/wp\/v2\/product_cat?post=11755"},{"taxonomy":"product_tag","embeddable":true,"href":"https:\/\/clonemontessori-dev.host3ip.eu\/fr\/wp-json\/wp\/v2\/product_tag?post=11755"},{"taxonomy":"tematica","embeddable":true,"href":"https:\/\/clonemontessori-dev.host3ip.eu\/fr\/wp-json\/wp\/v2\/tematica?post=11755"}],"curies":[{"name":"wp","href":"https:\/\/api.w.org\/{rel}","templated":true}]}}