{"id":11756,"date":"2025-07-14T12:08:43","date_gmt":"2025-07-14T10:08:43","guid":{"rendered":"https:\/\/clonemontessori-dev.host3ip.eu\/?post_type=product&#038;p=11756"},"modified":"2025-10-30T16:38:18","modified_gmt":"2025-10-30T15:38:18","slug":"mathematiques-montessori","status":"publish","type":"product","link":"https:\/\/clonemontessori-dev.host3ip.eu\/fr\/cours\/mathematiques-montessori\/","title":{"rendered":"Math\u00e9matiques Montessori"},"content":{"rendered":"<p>Tous les \u00eatres humains tendent naturellement vers l\u2019ordre, l\u2019exploration ou la pr\u00e9cision. Avec l\u2019aide n\u00e9cessaire, nous d\u00e9veloppons un\u00a0<strong>esprit math\u00e9matique<\/strong>\u00a0qui nous permet de r\u00e9soudre des situations \u00e0 la fois th\u00e9oriques et pratiques.<\/p>\n<p>Au cours de cette formation sp\u00e9cifique, l\u2019enseignant pourra savoir comment la formation de l\u2019esprit math\u00e9matique est favoris\u00e9e chez les enfants, \u00e0 travers les mat\u00e9riels Montessori.<\/p>\n","protected":false},"excerpt":{"rendered":"<p>Tous les \u00eatres humains tendent naturellement vers l\u2019ordre, l\u2019exploration ou la pr\u00e9cision. Avec l\u2019aide n\u00e9cessaire, nous d\u00e9veloppons un\u00a0esprit math\u00e9matique\u00a0qui nous permet de r\u00e9soudre des situations \u00e0 la fois th\u00e9oriques et pratiques. Au cours de cette formation sp\u00e9cifique, l\u2019enseignant pourra savoir comment la formation de l\u2019esprit math\u00e9matique est favoris\u00e9e chez les enfants, \u00e0 travers les mat\u00e9riels [&hellip;]<\/p>\n","protected":false},"featured_media":11496,"template":"","meta":{"_acf_changed":false},"product_brand":[],"product_cat":[99,147,159,167,171],"product_tag":[],"tematica":[],"class_list":{"0":"post-11756","1":"product","2":"type-product","3":"status-publish","4":"has-post-thumbnail","6":"product_cat-cours","7":"product_cat-enfant","8":"product_cat-parents-fr","9":"product_cat-3-6-ans","10":"product_cat-6-12-ans","12":"first","13":"instock","14":"virtual","15":"taxable","16":"purchasable","17":"product-type-simple"},"acf":[],"_links":{"self":[{"href":"https:\/\/clonemontessori-dev.host3ip.eu\/fr\/wp-json\/wp\/v2\/product\/11756","targetHints":{"allow":["GET"]}}],"collection":[{"href":"https:\/\/clonemontessori-dev.host3ip.eu\/fr\/wp-json\/wp\/v2\/product"}],"about":[{"href":"https:\/\/clonemontessori-dev.host3ip.eu\/fr\/wp-json\/wp\/v2\/types\/product"}],"wp:featuredmedia":[{"embeddable":true,"href":"https:\/\/clonemontessori-dev.host3ip.eu\/fr\/wp-json\/wp\/v2\/media\/11496"}],"wp:attachment":[{"href":"https:\/\/clonemontessori-dev.host3ip.eu\/fr\/wp-json\/wp\/v2\/media?parent=11756"}],"wp:term":[{"taxonomy":"product_brand","embeddable":true,"href":"https:\/\/clonemontessori-dev.host3ip.eu\/fr\/wp-json\/wp\/v2\/product_brand?post=11756"},{"taxonomy":"product_cat","embeddable":true,"href":"https:\/\/clonemontessori-dev.host3ip.eu\/fr\/wp-json\/wp\/v2\/product_cat?post=11756"},{"taxonomy":"product_tag","embeddable":true,"href":"https:\/\/clonemontessori-dev.host3ip.eu\/fr\/wp-json\/wp\/v2\/product_tag?post=11756"},{"taxonomy":"tematica","embeddable":true,"href":"https:\/\/clonemontessori-dev.host3ip.eu\/fr\/wp-json\/wp\/v2\/tematica?post=11756"}],"curies":[{"name":"wp","href":"https:\/\/api.w.org\/{rel}","templated":true}]}}