{"id":11757,"date":"2025-07-14T12:11:46","date_gmt":"2025-07-14T10:11:46","guid":{"rendered":"https:\/\/clonemontessori-dev.host3ip.eu\/?post_type=product&#038;p=11757"},"modified":"2025-10-27T11:22:17","modified_gmt":"2025-10-27T10:22:17","slug":"sciences-montessori","status":"publish","type":"product","link":"https:\/\/clonemontessori-dev.host3ip.eu\/fr\/cours\/sciences-montessori\/","title":{"rendered":"Sciences Montessori"},"content":{"rendered":"<p>Maria Montessori concentre\u00a0<b>l\u2019\u00e9tude des sciences dans deux domaines<\/b>: les espaces culturels (3 \u00e0 6 ans) et l\u2019\u00e9ducation cosmique (6 \u00e0 12 ans).<\/p>\n<p>Dans cette premi\u00e8re \u00e9tape\u00a0<strong>d\u2019introduction aux sciences<\/strong>, la curiosit\u00e9 inn\u00e9e des enfants est mise \u00e0 profit pour les\u00a0<b>rapprocher de la nature de mani\u00e8re respectueuse.<\/b>\u00a0Les aspects sensoriels de la\u00a0biologie\u00a0et de la\u00a0g\u00e9ographie\u00a0commencent \u00e0 \u00eatre connus.<\/p>\n","protected":false},"excerpt":{"rendered":"<p>Maria Montessori concentre\u00a0l\u2019\u00e9tude des sciences dans deux domaines: les espaces culturels (3 \u00e0 6 ans) et l\u2019\u00e9ducation cosmique (6 \u00e0 12 ans). Dans cette premi\u00e8re \u00e9tape\u00a0d\u2019introduction aux sciences, la curiosit\u00e9 inn\u00e9e des enfants est mise \u00e0 profit pour les\u00a0rapprocher de la nature de mani\u00e8re respectueuse.\u00a0Les aspects sensoriels de la\u00a0biologie\u00a0et de la\u00a0g\u00e9ographie\u00a0commencent \u00e0 \u00eatre connus.<\/p>\n","protected":false},"featured_media":11501,"template":"","meta":{"_acf_changed":false},"product_brand":[],"product_cat":[99,147,159,163,167,171,155],"product_tag":[],"tematica":[],"class_list":{"0":"post-11757","1":"product","2":"type-product","3":"status-publish","4":"has-post-thumbnail","6":"product_cat-cours","7":"product_cat-enfant","8":"product_cat-parents-fr","9":"product_cat-0-3-ans","10":"product_cat-3-6-ans","11":"product_cat-6-12-ans","12":"product_cat-enseignants","14":"first","15":"instock","16":"virtual","17":"taxable","18":"purchasable","19":"product-type-simple"},"acf":[],"_links":{"self":[{"href":"https:\/\/clonemontessori-dev.host3ip.eu\/fr\/wp-json\/wp\/v2\/product\/11757","targetHints":{"allow":["GET"]}}],"collection":[{"href":"https:\/\/clonemontessori-dev.host3ip.eu\/fr\/wp-json\/wp\/v2\/product"}],"about":[{"href":"https:\/\/clonemontessori-dev.host3ip.eu\/fr\/wp-json\/wp\/v2\/types\/product"}],"wp:featuredmedia":[{"embeddable":true,"href":"https:\/\/clonemontessori-dev.host3ip.eu\/fr\/wp-json\/wp\/v2\/media\/11501"}],"wp:attachment":[{"href":"https:\/\/clonemontessori-dev.host3ip.eu\/fr\/wp-json\/wp\/v2\/media?parent=11757"}],"wp:term":[{"taxonomy":"product_brand","embeddable":true,"href":"https:\/\/clonemontessori-dev.host3ip.eu\/fr\/wp-json\/wp\/v2\/product_brand?post=11757"},{"taxonomy":"product_cat","embeddable":true,"href":"https:\/\/clonemontessori-dev.host3ip.eu\/fr\/wp-json\/wp\/v2\/product_cat?post=11757"},{"taxonomy":"product_tag","embeddable":true,"href":"https:\/\/clonemontessori-dev.host3ip.eu\/fr\/wp-json\/wp\/v2\/product_tag?post=11757"},{"taxonomy":"tematica","embeddable":true,"href":"https:\/\/clonemontessori-dev.host3ip.eu\/fr\/wp-json\/wp\/v2\/tematica?post=11757"}],"curies":[{"name":"wp","href":"https:\/\/api.w.org\/{rel}","templated":true}]}}