{"id":9698,"date":"2025-06-13T10:29:08","date_gmt":"2025-06-13T08:29:08","guid":{"rendered":"https:\/\/clonemontessori-dev.host3ip.eu\/?post_type=product&#038;p=9698"},"modified":"2025-10-27T11:22:20","modified_gmt":"2025-10-27T10:22:20","slug":"curso-salidas-y-excursiones-para-fomentar-la-autonomia","status":"publish","type":"product","link":"https:\/\/clonemontessori-dev.host3ip.eu\/fr\/3-6-ans\/curso-salidas-y-excursiones-para-fomentar-la-autonomia\/","title":{"rendered":"Curso Salidas y excursiones para fomentar la autonom\u00eda"},"content":{"rendered":"<p>Aprende a preparar\u00a0<strong>salidas y actividades fuera de casa que despierten el inter\u00e9s de tus hijos y fomenten su autonom\u00eda<\/strong>: un tranquilo paseo por la naturaleza, una visita a un museo o incluso asistir a un concierto.<\/p>\n<p>Organizar y\u00a0realizar actividades juntos, en familia y al aire libre, contribuye al aprendizaje y al\u00a0<strong>conocimiento del mundo que nos rodea<\/strong>. Adem\u00e1s, ayuda a los ni\u00f1os a identificar los elementos del entorno natural y cultural y se potencia la observaci\u00f3n y las relaciones sociales.<\/p>\n","protected":false},"excerpt":{"rendered":"<p>Aprende a preparar\u00a0salidas y actividades fuera de casa que despierten el inter\u00e9s de tus hijos y fomenten su autonom\u00eda: un tranquilo paseo por la naturaleza, una visita a un museo o incluso asistir a un concierto. Organizar y\u00a0realizar actividades juntos, en familia y al aire libre, contribuye al aprendizaje y al\u00a0conocimiento del mundo que nos [&hellip;]<\/p>\n","protected":false},"featured_media":6240,"template":"","meta":{"_acf_changed":false},"product_brand":[],"product_cat":[99,159,167],"product_tag":[],"tematica":[],"class_list":{"0":"post-9698","1":"product","2":"type-product","3":"status-publish","4":"has-post-thumbnail","6":"product_cat-cours","7":"product_cat-parents-fr","8":"product_cat-3-6-ans","10":"first","11":"instock","12":"virtual","13":"taxable","14":"purchasable","15":"product-type-simple"},"acf":[],"_links":{"self":[{"href":"https:\/\/clonemontessori-dev.host3ip.eu\/fr\/wp-json\/wp\/v2\/product\/9698","targetHints":{"allow":["GET"]}}],"collection":[{"href":"https:\/\/clonemontessori-dev.host3ip.eu\/fr\/wp-json\/wp\/v2\/product"}],"about":[{"href":"https:\/\/clonemontessori-dev.host3ip.eu\/fr\/wp-json\/wp\/v2\/types\/product"}],"wp:featuredmedia":[{"embeddable":true,"href":"https:\/\/clonemontessori-dev.host3ip.eu\/fr\/wp-json\/wp\/v2\/media\/6240"}],"wp:attachment":[{"href":"https:\/\/clonemontessori-dev.host3ip.eu\/fr\/wp-json\/wp\/v2\/media?parent=9698"}],"wp:term":[{"taxonomy":"product_brand","embeddable":true,"href":"https:\/\/clonemontessori-dev.host3ip.eu\/fr\/wp-json\/wp\/v2\/product_brand?post=9698"},{"taxonomy":"product_cat","embeddable":true,"href":"https:\/\/clonemontessori-dev.host3ip.eu\/fr\/wp-json\/wp\/v2\/product_cat?post=9698"},{"taxonomy":"product_tag","embeddable":true,"href":"https:\/\/clonemontessori-dev.host3ip.eu\/fr\/wp-json\/wp\/v2\/product_tag?post=9698"},{"taxonomy":"tematica","embeddable":true,"href":"https:\/\/clonemontessori-dev.host3ip.eu\/fr\/wp-json\/wp\/v2\/tematica?post=9698"}],"curies":[{"name":"wp","href":"https:\/\/api.w.org\/{rel}","templated":true}]}}