{"id":11223,"date":"2025-02-04T20:35:20","date_gmt":"2025-02-04T19:35:20","guid":{"rendered":"https:\/\/clonemontessori-dev.host3ip.eu\/consulenza-montessori\/"},"modified":"2025-07-10T13:11:53","modified_gmt":"2025-07-10T11:11:53","slug":"consulenza-montessori","status":"publish","type":"page","link":"https:\/\/clonemontessori-dev.host3ip.eu\/it\/consulenza-montessori\/","title":{"rendered":"Consulenza Montessori"},"content":{"rendered":"\t\t<div data-elementor-type=\"wp-page\" data-elementor-id=\"11223\" class=\"elementor elementor-11223 elementor-2050\" data-elementor-post-type=\"page\">\n\t\t\t\t<div class=\"elementor-element elementor-element-9a77605 e-con-full e-flex e-con e-parent\" data-id=\"9a77605\" data-element_type=\"container\" data-settings=\"{&quot;jet_parallax_layout_list&quot;:[]}\">\n\t\t<div class=\"elementor-element elementor-element-46c17e5 e-flex e-con-boxed e-con e-child\" data-id=\"46c17e5\" data-element_type=\"container\" data-settings=\"{&quot;jet_parallax_layout_list&quot;:[]}\">\n\t\t\t\t\t<div class=\"e-con-inner\">\n\t\t\t\t<div class=\"elementor-element elementor-element-df52520 elementor-widget__width-initial elementor-widget elementor-widget-heading\" data-id=\"df52520\" data-element_type=\"widget\" data-widget_type=\"heading.default\">\n\t\t\t\t<div class=\"elementor-widget-container\">\n\t\t\t\t\t<p class=\"elementor-heading-title elementor-size-default\">Consulenza Montessori<\/p>\t\t\t\t<\/div>\n\t\t\t\t<\/div>\n\t\t\t\t<div class=\"elementor-element elementor-element-0874232 elementor-widget elementor-widget-heading\" data-id=\"0874232\" data-element_type=\"widget\" data-widget_type=\"heading.default\">\n\t\t\t\t<div class=\"elementor-widget-container\">\n\t\t\t\t\t<h2 class=\"elementor-heading-title elementor-size-default\">Servizio di consulenza per le scuole\n<\/h2>\t\t\t\t<\/div>\n\t\t\t\t<\/div>\n\t\t\t\t\t<\/div>\n\t\t\t\t<\/div>\n\t\t<main class=\"elementor-element elementor-element-fc00525 e-con-full e-flex e-con e-child\" data-id=\"fc00525\" data-element_type=\"container\" data-settings=\"{&quot;background_background&quot;:&quot;classic&quot;,&quot;jet_parallax_layout_list&quot;:[]}\">\n\t\t\t\t<div class=\"elementor-element elementor-element-cdf7d67 e-transform elementor-widget elementor-widget-image\" data-id=\"cdf7d67\" data-element_type=\"widget\" data-settings=\"{&quot;_transform_rotateZ_effect&quot;:{&quot;unit&quot;:&quot;px&quot;,&quot;size&quot;:2.41,&quot;sizes&quot;:[]},&quot;_transform_rotateZ_effect_mobile&quot;:{&quot;unit&quot;:&quot;deg&quot;,&quot;size&quot;:-2,&quot;sizes&quot;:[]},&quot;_transform_rotateZ_effect_laptop&quot;:{&quot;unit&quot;:&quot;deg&quot;,&quot;size&quot;:&quot;&quot;,&quot;sizes&quot;:[]},&quot;_transform_rotateZ_effect_tablet_extra&quot;:{&quot;unit&quot;:&quot;deg&quot;,&quot;size&quot;:&quot;&quot;,&quot;sizes&quot;:[]},&quot;_transform_rotateZ_effect_tablet&quot;:{&quot;unit&quot;:&quot;deg&quot;,&quot;size&quot;:&quot;&quot;,&quot;sizes&quot;:[]},&quot;_transform_rotateZ_effect_mobile_extra&quot;:{&quot;unit&quot;:&quot;deg&quot;,&quot;size&quot;:&quot;&quot;,&quot;sizes&quot;:[]}}\" data-widget_type=\"image.default\">\n\t\t\t\t<div class=\"elementor-widget-container\">\n\t\t\t\t\t\t\t\t\t\t\t\t\t\t\t<img fetchpriority=\"high\" decoding=\"async\" width=\"800\" height=\"533\" src=\"https:\/\/clonemontessori-dev.host3ip.eu\/wp-content\/uploads\/Fotolia_77914465_Subscription_XXL-800x533.jpg\" class=\"attachment-medium size-medium wp-image-4309\" alt=\"\" srcset=\"https:\/\/clonemontessori-dev.host3ip.eu\/wp-content\/uploads\/Fotolia_77914465_Subscription_XXL-800x533.jpg 800w, https:\/\/clonemontessori-dev.host3ip.eu\/wp-content\/uploads\/Fotolia_77914465_Subscription_XXL-1201x800.jpg 1201w, https:\/\/clonemontessori-dev.host3ip.eu\/wp-content\/uploads\/Fotolia_77914465_Subscription_XXL-300x200.jpg 300w, https:\/\/clonemontessori-dev.host3ip.eu\/wp-content\/uploads\/Fotolia_77914465_Subscription_XXL-768x512.jpg 768w, https:\/\/clonemontessori-dev.host3ip.eu\/wp-content\/uploads\/Fotolia_77914465_Subscription_XXL-1536x1023.jpg 1536w, https:\/\/clonemontessori-dev.host3ip.eu\/wp-content\/uploads\/Fotolia_77914465_Subscription_XXL-600x400.jpg 600w, https:\/\/clonemontessori-dev.host3ip.eu\/wp-content\/uploads\/Fotolia_77914465_Subscription_XXL.jpg 1732w\" sizes=\"(max-width: 800px) 100vw, 800px\" \/>\t\t\t\t\t\t\t\t\t\t\t\t\t\t\t<\/div>\n\t\t\t\t<\/div>\n\t\t\t\t<\/main>\n\t\t\t\t<\/div>\n\t\t<div class=\"elementor-element elementor-element-b020542 e-flex e-con-boxed e-con e-parent\" data-id=\"b020542\" data-element_type=\"container\" data-settings=\"{&quot;jet_parallax_layout_list&quot;:[]}\">\n\t\t\t\t\t<div class=\"e-con-inner\">\n\t\t\t\t<div class=\"elementor-element elementor-element-a001c68 elementor-widget elementor-widget-text-editor\" data-id=\"a001c68\" data-element_type=\"widget\" data-widget_type=\"text-editor.default\">\n\t\t\t\t<div class=\"elementor-widget-container\">\n\t\t\t\t\t\t\t\t\t<p>L&#8217;offerta di corsi \u00e8 in aumento, un fattore positivo che riflette l&#8217;interesse e i risultati visibili di questa metodologia, nonch\u00e9 una grande opportunit\u00e0 per la sua diffusione. Tuttavia, questi corsi non sono sufficienti per creare e sviluppare un ambiente Montessori ben implementato.   <strong>Il supporto tecnico, l&#8217;accompagnamento e la consulenza di un centro esperto sono necessari per gettare le basi del nuovo progetto Montessori.<\/strong><\/p><p>Allo stesso modo, chi ha gi\u00e0 avviato un progetto di Educazione della Prima Infanzia e si trova ad affrontare le difficolt\u00e0 dell&#8217;introduzione del metodo Montessori nella Primaria ha bisogno di <strong>guide preparate, supporto e sostegno per lo sviluppo dell&#8217;ambiente e delle buone pratiche educative.<\/strong><\/p>\t\t\t\t\t\t\t\t<\/div>\n\t\t\t\t<\/div>\n\t\t\t\t\t<\/div>\n\t\t\t\t<\/div>\n\t\t<div class=\"elementor-element elementor-element-4b40067 e-flex e-con-boxed e-con e-parent\" data-id=\"4b40067\" data-element_type=\"container\" data-settings=\"{&quot;jet_parallax_layout_list&quot;:[]}\">\n\t\t\t\t\t<div class=\"e-con-inner\">\n\t\t\t\t<div class=\"elementor-element elementor-element-b3c3265 elementor-widget elementor-widget-heading\" data-id=\"b3c3265\" data-element_type=\"widget\" data-widget_type=\"heading.default\">\n\t\t\t\t<div class=\"elementor-widget-container\">\n\t\t\t\t\t<h2 class=\"elementor-heading-title elementor-size-default\">Consulenza per <span style=\"font-weight: bold;color: #D72827\">scuole e istituti educativi<\/span> <\/h2>\t\t\t\t<\/div>\n\t\t\t\t<\/div>\n\t\t\t\t<div class=\"elementor-element elementor-element-4da2bf6 elementor-widget elementor-widget-text-editor\" data-id=\"4da2bf6\" data-element_type=\"widget\" data-widget_type=\"text-editor.default\">\n\t\t\t\t<div class=\"elementor-widget-container\">\n\t\t\t\t\t\t\t\t\t<p>Poich\u00e9 i nostri bambini sono i destinatari e i sofferenti per eccellenza, \u00e8 nel nostro interesse che tutti coloro che scelgono di far parte della comunit\u00e0 montessoriana seguano gli standard su cui si basa una buona pratica montessoriana di successo.<\/p><div class=\"et_pb_column et_pb_column_1_2 et_pb_column_22 et_pb_css_mix_blend_mode_passthrough\"><div class=\"et_pb_module et_pb_text et_pb_text_15 et_pb_bg_layout_light et_pb_text_align_left\"><div class=\"et_pb_text_inner\"><p>Con l&#8217;unico scopo di dare continuit\u00e0 alla grande opera iniziata dalla dottoressa Maria Montessori, nasce l&#8217;Istituto Internazionale Montessori (IMI), un centro specializzato nell&#8217;educazione montessoriana con un obiettivo chiaro:   <strong>per offrire una formazione classica montessoriana basata sulle fonti originali della dottoressa Maria Montessori adattate alle esigenze educative di oggi. <\/strong><\/p><\/div><\/div><\/div><div class=\"et_pb_column et_pb_column_1_2 et_pb_column_23 et_pb_css_mix_blend_mode_passthrough et-last-child\"><div class=\"et_pb_module et_pb_text et_pb_text_16 et_pb_bg_layout_light et_pb_text_align_left\"><div class=\"et_pb_text_inner\"><p>Il nostro personale docente \u00e8 stato accuratamente selezionato per la sua vasta esperienza e competenza internazionale, con l&#8217;obiettivo di trasmettere tutta la ricchezza del Metodo Montessori e offrire ai nostri studenti una visione ampia e unica dell&#8217;educazione montessoriana.<\/p><p>Questa combinazione rende l&#8217;IMI un punto d&#8217;incontro montessoriano unico al mondo, dove si genera un dialogo inter-montessoriano che garantisce la fedelt\u00e0 alle idee e alla visione della dottoressa Maria Montessori. <\/p><p> <\/p><blockquote><p>Con lo stesso scopo, offriamo ai nostri studenti Guida e Master il servizio di consulenza e supporto per le scuole e gli ambienti Montessori, sempre mantenendo, continuando e assicurando che le linee guida stabilite dalla Dott.ssa Montessori siano mantenute.<\/p><\/blockquote><\/div><\/div><\/div><div> <\/div>\t\t\t\t\t\t\t\t<\/div>\n\t\t\t\t<\/div>\n\t\t\t\t\t<\/div>\n\t\t\t\t<\/div>\n\t\t<div class=\"elementor-element elementor-element-4d087cc e-flex e-con-boxed e-con e-parent\" data-id=\"4d087cc\" data-element_type=\"container\" data-settings=\"{&quot;jet_parallax_layout_list&quot;:[]}\">\n\t\t\t\t\t<div class=\"e-con-inner\">\n\t\t<div class=\"elementor-element elementor-element-be8b892 e-con-full e-flex e-con e-child\" data-id=\"be8b892\" data-element_type=\"container\" data-settings=\"{&quot;jet_parallax_layout_list&quot;:[]}\">\n\t\t\t\t<div class=\"elementor-element elementor-element-6fdac93 elementor-widget elementor-widget-heading\" data-id=\"6fdac93\" data-element_type=\"widget\" data-widget_type=\"heading.default\">\n\t\t\t\t<div class=\"elementor-widget-container\">\n\t\t\t\t\t<h2 class=\"elementor-heading-title elementor-size-default\">\n<span style=\"font-weight: bold;color: #D72827\"> serviziodi consulenza<\/span> per le scuole<\/h2>\t\t\t\t<\/div>\n\t\t\t\t<\/div>\n\t\t\t\t<div class=\"elementor-element elementor-element-30f513c elementor-widget elementor-widget-text-editor\" data-id=\"30f513c\" data-element_type=\"widget\" data-widget_type=\"text-editor.default\">\n\t\t\t\t<div class=\"elementor-widget-container\">\n\t\t\t\t\t\t\t\t\t<div><div class=\"et_pb_column et_pb_column_1_2 et_pb_column_26 et_pb_css_mix_blend_mode_passthrough\"><div class=\"et_pb_module et_pb_text et_pb_text_18 et_pb_bg_layout_light et_pb_text_align_left\"><div class=\"et_pb_text_inner\"><p>Nella nostra linea di consulenza possiamo aiutarti a risolvere i seguenti problemi:<\/p><\/div><\/div><div class=\"et_pb_module et_pb_blurb et_pb_blurb_13 et_pb_bg_layout_light et_pb_text_align_left et_pb_blurb_position_left\"><div class=\"et_pb_blurb_content\"><ul><li class=\"et_pb_main_blurb_image\">Inizia la creazione e lo sviluppo del suo progetto educativo Montessori.<\/li><li class=\"et_pb_main_blurb_image\">Formazione, accompagnamento delle guide nelle aule di lavoro.<\/li><li class=\"et_pb_main_blurb_image\">Progettazione di spazi e ambienti montessoriani nelle aule, per le fasi 0-3, 3-6 e 6-12 anni.<\/li><li class=\"et_pb_main_blurb_image\">Fornire gli arredi e i materiali montessoriani necessari per i diversi ambienti.<\/li><li class=\"et_pb_main_blurb_image\">Formazione e supporto per la gestione della classe.<\/li><li class=\"et_pb_main_blurb_image\">Assistenza nell&#8217;attuazione delle fasi Montessori Pre-school, Infant e Primary.<\/li><li class=\"et_pb_main_blurb_image\">Formazione per i genitori per sostenere la scuola e la continuit\u00e0 dell&#8217;istruzione a casa.<\/li><li class=\"et_pb_main_blurb_image\">Consulenza e monitoraggio della pratica Montessori (0-3, 3-6, 6-12).<\/li><li class=\"et_pb_main_blurb_image\">Formazione e supporto per la gestione della scuola.<\/li><\/ul><\/div><\/div><\/div><\/div>\t\t\t\t\t\t\t\t<\/div>\n\t\t\t\t<\/div>\n\t\t\t\t<\/div>\n\t\t<div class=\"elementor-element elementor-element-fe79f14 e-con-full e-transform e-flex e-con e-child\" data-id=\"fe79f14\" data-element_type=\"container\" data-settings=\"{&quot;_transform_rotateZ_effect&quot;:{&quot;unit&quot;:&quot;px&quot;,&quot;size&quot;:-1.12,&quot;sizes&quot;:[]},&quot;jet_parallax_layout_list&quot;:[],&quot;_transform_rotateZ_effect_laptop&quot;:{&quot;unit&quot;:&quot;deg&quot;,&quot;size&quot;:&quot;&quot;,&quot;sizes&quot;:[]},&quot;_transform_rotateZ_effect_tablet_extra&quot;:{&quot;unit&quot;:&quot;deg&quot;,&quot;size&quot;:&quot;&quot;,&quot;sizes&quot;:[]},&quot;_transform_rotateZ_effect_tablet&quot;:{&quot;unit&quot;:&quot;deg&quot;,&quot;size&quot;:&quot;&quot;,&quot;sizes&quot;:[]},&quot;_transform_rotateZ_effect_mobile_extra&quot;:{&quot;unit&quot;:&quot;deg&quot;,&quot;size&quot;:&quot;&quot;,&quot;sizes&quot;:[]},&quot;_transform_rotateZ_effect_mobile&quot;:{&quot;unit&quot;:&quot;deg&quot;,&quot;size&quot;:&quot;&quot;,&quot;sizes&quot;:[]}}\">\n\t\t\t\t<div class=\"elementor-element elementor-element-82727a9 e-transform elementor-widget elementor-widget-image\" data-id=\"82727a9\" data-element_type=\"widget\" data-settings=\"{&quot;_transform_rotateZ_effect&quot;:{&quot;unit&quot;:&quot;px&quot;,&quot;size&quot;:1.12,&quot;sizes&quot;:[]},&quot;_transform_rotateZ_effect_laptop&quot;:{&quot;unit&quot;:&quot;deg&quot;,&quot;size&quot;:&quot;&quot;,&quot;sizes&quot;:[]},&quot;_transform_rotateZ_effect_tablet_extra&quot;:{&quot;unit&quot;:&quot;deg&quot;,&quot;size&quot;:&quot;&quot;,&quot;sizes&quot;:[]},&quot;_transform_rotateZ_effect_tablet&quot;:{&quot;unit&quot;:&quot;deg&quot;,&quot;size&quot;:&quot;&quot;,&quot;sizes&quot;:[]},&quot;_transform_rotateZ_effect_mobile_extra&quot;:{&quot;unit&quot;:&quot;deg&quot;,&quot;size&quot;:&quot;&quot;,&quot;sizes&quot;:[]},&quot;_transform_rotateZ_effect_mobile&quot;:{&quot;unit&quot;:&quot;deg&quot;,&quot;size&quot;:&quot;&quot;,&quot;sizes&quot;:[]}}\" data-widget_type=\"image.default\">\n\t\t\t\t<div class=\"elementor-widget-container\">\n\t\t\t\t\t\t\t\t\t\t\t\t\t\t\t<img decoding=\"async\" src=\"https:\/\/clonemontessori-dev.host3ip.eu\/wp-content\/uploads\/elementor\/thumbs\/centro-formacion-montessori-1-rdtn9t3410w7fvm6c1orulz1rvie70erwweweu860w.jpg\" title=\"centro formacion montessori\" alt=\"centro formacion montessori\" loading=\"lazy\" \/>\t\t\t\t\t\t\t\t\t\t\t\t\t\t\t<\/div>\n\t\t\t\t<\/div>\n\t\t\t\t<\/div>\n\t\t\t\t\t<\/div>\n\t\t\t\t<\/div>\n\t\t<div class=\"elementor-element elementor-element-f3b368e e-flex e-con-boxed e-con e-parent\" data-id=\"f3b368e\" data-element_type=\"container\" data-settings=\"{&quot;jet_parallax_layout_list&quot;:[]}\">\n\t\t\t\t\t<div class=\"e-con-inner\">\n\t\t\t\t<div class=\"elementor-element elementor-element-a37ae01 elementor-widget elementor-widget-heading\" data-id=\"a37ae01\" data-element_type=\"widget\" data-widget_type=\"heading.default\">\n\t\t\t\t<div class=\"elementor-widget-container\">\n\t\t\t\t\t<h2 class=\"elementor-heading-title elementor-size-default\">Desideri avere<span style=\"font-weight: bold;color: #D72827\">maggiori informazioni su<\/span> \n?<\/h2>\t\t\t\t<\/div>\n\t\t\t\t<\/div>\n\t\t\t\t<div class=\"elementor-element elementor-element-28c978f elementor-widget elementor-widget-text-editor\" data-id=\"28c978f\" data-element_type=\"widget\" data-widget_type=\"text-editor.default\">\n\t\t\t\t<div class=\"elementor-widget-container\">\n\t\t\t\t\t\t\t\t\tCompila il modulo sottostante e ti contatteremo al pi\u00f9 presto per rispondere alle tue domande.\n\t\t\t\t\t\t\t\t<\/div>\n\t\t\t\t<\/div>\n\t\t\t\t<div class=\"elementor-element elementor-element-5b2ca5a elementor-button-align-start elementor-widget__width-initial elementor-widget elementor-widget-form\" data-id=\"5b2ca5a\" data-element_type=\"widget\" data-settings=\"{&quot;step_next_label&quot;:&quot;Siguiente&quot;,&quot;step_previous_label&quot;:&quot;Anterior&quot;,&quot;button_width&quot;:&quot;100&quot;,&quot;step_type&quot;:&quot;number_text&quot;,&quot;step_icon_shape&quot;:&quot;circle&quot;}\" data-widget_type=\"form.default\">\n\t\t\t\t<div class=\"elementor-widget-container\">\n\t\t\t\t\t\t\t<form class=\"elementor-form\" method=\"post\" name=\"Nuevo formulario\" aria-label=\"Nuevo formulario\">\n\t\t\t<input type=\"hidden\" name=\"post_id\" value=\"11223\"\/>\n\t\t\t<input type=\"hidden\" name=\"form_id\" value=\"5b2ca5a\"\/>\n\t\t\t<input type=\"hidden\" name=\"referer_title\" value=\"\" \/>\n\n\t\t\t\n\t\t\t<div class=\"elementor-form-fields-wrapper elementor-labels-above\">\n\t\t\t\t\t\t\t\t<div class=\"elementor-field-type-text elementor-field-group elementor-column elementor-field-group-nombre elementor-col-50 elementor-field-required elementor-mark-required\">\n\t\t\t\t\t\t\t\t\t\t\t\t<label for=\"form-field-nombre\" class=\"elementor-field-label\">\n\t\t\t\t\t\t\t\tNome e cognome\t\t\t\t\t\t\t<\/label>\n\t\t\t\t\t\t\t\t\t\t\t\t\t\t<input size=\"1\" type=\"text\" name=\"form_fields[nombre]\" id=\"form-field-nombre\" class=\"elementor-field elementor-size-sm  elementor-field-textual\" required=\"required\">\n\t\t\t\t\t\t\t\t\t\t\t<\/div>\n\t\t\t\t\t\t\t\t<div class=\"elementor-field-type-text elementor-field-group elementor-column elementor-field-group-apellidos elementor-col-50 elementor-field-required elementor-mark-required\">\n\t\t\t\t\t\t\t\t\t\t\t\t<label for=\"form-field-apellidos\" class=\"elementor-field-label\">\n\t\t\t\t\t\t\t\tCognome\t\t\t\t\t\t\t<\/label>\n\t\t\t\t\t\t\t\t\t\t\t\t\t\t<input size=\"1\" type=\"text\" name=\"form_fields[apellidos]\" id=\"form-field-apellidos\" class=\"elementor-field elementor-size-sm  elementor-field-textual\" required=\"required\">\n\t\t\t\t\t\t\t\t\t\t\t<\/div>\n\t\t\t\t\t\t\t\t<div class=\"elementor-field-type-email elementor-field-group elementor-column elementor-field-group-email elementor-col-66 elementor-field-required elementor-mark-required\">\n\t\t\t\t\t\t\t\t\t\t\t\t<label for=\"form-field-email\" class=\"elementor-field-label\">\n\t\t\t\t\t\t\t\tCorreo electr\u00f3nico\t\t\t\t\t\t\t<\/label>\n\t\t\t\t\t\t\t\t\t\t\t\t\t\t<input size=\"1\" type=\"email\" name=\"form_fields[email]\" id=\"form-field-email\" class=\"elementor-field elementor-size-sm  elementor-field-textual\" required=\"required\">\n\t\t\t\t\t\t\t\t\t\t\t<\/div>\n\t\t\t\t\t\t\t\t<div class=\"elementor-field-type-tel elementor-field-group elementor-column elementor-field-group-telefono elementor-col-33 elementor-field-required elementor-mark-required\">\n\t\t\t\t\t\t\t\t\t\t\t\t<label for=\"form-field-telefono\" class=\"elementor-field-label\">\n\t\t\t\t\t\t\t\tTelefono\t\t\t\t\t\t\t<\/label>\n\t\t\t\t\t\t\t\t<input size=\"1\" type=\"tel\" name=\"form_fields[telefono]\" id=\"form-field-telefono\" class=\"elementor-field elementor-size-sm  elementor-field-textual\" required=\"required\" pattern=\"[0-9()#&amp;+*-=.]+\" title=\"Sono accettati solo numeri e caratteri telefonici (#, -, *, ecc.).\">\n\n\t\t\t\t\t\t<\/div>\n\t\t\t\t\t\t\t\t<div class=\"elementor-field-type-select elementor-field-group elementor-column elementor-field-group-informacion elementor-col-100 elementor-field-required elementor-mark-required\">\n\t\t\t\t\t\t\t\t\t\t\t\t<label for=\"form-field-informacion\" class=\"elementor-field-label\">\n\t\t\t\t\t\t\t\tSu cosa vorresti ricevere informazioni?\t\t\t\t\t\t\t<\/label>\n\t\t\t\t\t\t\t\t<div class=\"elementor-field elementor-select-wrapper remove-before \">\n\t\t\t<div class=\"select-caret-down-wrapper\">\n\t\t\t\t<svg aria-hidden=\"true\" class=\"e-font-icon-svg e-eicon-caret-down\" viewBox=\"0 0 571.4 571.4\" xmlns=\"http:\/\/www.w3.org\/2000\/svg\"><path d=\"M571 393Q571 407 561 418L311 668Q300 679 286 679T261 668L11 418Q0 407 0 393T11 368 36 357H536Q550 357 561 368T571 393Z\"><\/path><\/svg>\t\t\t<\/div>\n\t\t\t<select name=\"form_fields[informacion]\" id=\"form-field-informacion\" class=\"elementor-field-textual elementor-size-sm\" required=\"required\">\n\t\t\t\t\t\t\t\t\t<option value=\"Germania\">Germania<\/option>\n\t\t\t\t\t\t\t\t\t<option value=\"Italia\">Italia<\/option>\n\t\t\t\t\t\t\t\t\t<option value=\"Spagna\">Spagna<\/option>\n\t\t\t\t\t\t\t\t\t<option value=\"Francia\">Francia<\/option>\n\t\t\t\t\t\t\t\t\t<option value=\"Norvegia\">Norvegia<\/option>\n\t\t\t\t\t\t\t<\/select>\n\t\t<\/div>\n\t\t\t\t\t\t<\/div>\n\t\t\t\t\t\t\t\t<div class=\"elementor-field-type-textarea elementor-field-group elementor-column elementor-field-group-mensaje elementor-col-100 elementor-field-required elementor-mark-required\">\n\t\t\t\t\t\t\t\t\t\t\t\t<label for=\"form-field-mensaje\" class=\"elementor-field-label\">\n\t\t\t\t\t\t\t\tParlaci un po' di te: vogliamo conoscerti meglio!   \t\t\t\t\t\t\t<\/label>\n\t\t\t\t\t\t<textarea class=\"elementor-field-textual elementor-field  elementor-size-sm\" name=\"form_fields[mensaje]\" id=\"form-field-mensaje\" rows=\"4\" required=\"required\"><\/textarea>\t\t\t\t<\/div>\n\t\t\t\t\t\t\t\t<div class=\"elementor-field-type-acceptance elementor-field-group elementor-column elementor-field-group-privacidad elementor-col-100 elementor-field-required elementor-mark-required\">\n\t\t\t\t\t\t\t<div class=\"elementor-field-subgroup\">\n\t\t\t<span class=\"elementor-field-option\">\n\t\t\t\t<input type=\"checkbox\" name=\"form_fields[privacidad]\" id=\"form-field-privacidad\" class=\"elementor-field elementor-size-sm  elementor-acceptance-field\" required=\"required\">\n\t\t\t\t<label for=\"form-field-privacidad\">Accetto i <a href=\"https:\/\/montessorispace.com\/politica-de-privacidad\/\" target=\"_blank\" rel=\"noopener\">termini e le condizioni e l'informativa sulla privacy<\/a><\/label>\t\t\t<\/span>\n\t\t<\/div>\n\t\t\t\t\t\t<\/div>\n\t\t\t\t\t\t\t\t<div class=\"elementor-field-group elementor-column elementor-field-type-submit elementor-col-100 e-form__buttons\">\n\t\t\t\t\t<button class=\"elementor-button elementor-size-sm\" type=\"submit\">\n\t\t\t\t\t\t<span class=\"elementor-button-content-wrapper\">\n\t\t\t\t\t\t\t\t\t\t\t\t\t\t\t<span class=\"elementor-button-icon\">\n\t\t\t\t\t\t\t\t\t<svg aria-hidden=\"true\" class=\"e-font-icon-svg e-far-envelope-open\" viewBox=\"0 0 512 512\" xmlns=\"http:\/\/www.w3.org\/2000\/svg\"><path d=\"M494.586 164.516c-4.697-3.883-111.723-89.95-135.251-108.657C337.231 38.191 299.437 0 256 0c-43.205 0-80.636 37.717-103.335 55.859-24.463 19.45-131.07 105.195-135.15 108.549A48.004 48.004 0 0 0 0 201.485V464c0 26.51 21.49 48 48 48h416c26.51 0 48-21.49 48-48V201.509a48 48 0 0 0-17.414-36.993zM464 458a6 6 0 0 1-6 6H54a6 6 0 0 1-6-6V204.347c0-1.813.816-3.526 2.226-4.665 15.87-12.814 108.793-87.554 132.364-106.293C200.755 78.88 232.398 48 256 48c23.693 0 55.857 31.369 73.41 45.389 23.573 18.741 116.503 93.493 132.366 106.316a5.99 5.99 0 0 1 2.224 4.663V458zm-31.991-187.704c4.249 5.159 3.465 12.795-1.745 16.981-28.975 23.283-59.274 47.597-70.929 56.863C336.636 362.283 299.205 400 256 400c-43.452 0-81.287-38.237-103.335-55.86-11.279-8.967-41.744-33.413-70.927-56.865-5.21-4.187-5.993-11.822-1.745-16.981l15.258-18.528c4.178-5.073 11.657-5.843 16.779-1.726 28.618 23.001 58.566 47.035 70.56 56.571C200.143 320.631 232.307 352 256 352c23.602 0 55.246-30.88 73.41-45.389 11.994-9.535 41.944-33.57 70.563-56.568 5.122-4.116 12.601-3.346 16.778 1.727l15.258 18.526z\"><\/path><\/svg>\t\t\t\t\t\t\t\t\t\t\t\t\t\t\t\t\t<\/span>\n\t\t\t\t\t\t\t\t\t\t\t\t\t\t\t\t\t\t\t\t\t\t<span class=\"elementor-button-text\">Invia<\/span>\n\t\t\t\t\t\t\t\t\t\t\t\t\t<\/span>\n\t\t\t\t\t<\/button>\n\t\t\t\t<\/div>\n\t\t\t<\/div>\n\t\t<\/form>\n\t\t\t\t\t\t<\/div>\n\t\t\t\t<\/div>\n\t\t\t\t\t<\/div>\n\t\t\t\t<\/div>\n\t\t\t\t<\/div>\n\t\t","protected":false},"excerpt":{"rendered":"<p>Consulenza Montessori Servizio di consulenza per le scuole L&#8217;offerta di corsi \u00e8 in aumento, un fattore positivo che riflette l&#8217;interesse e i risultati visibili di questa metodologia, nonch\u00e9 una grande opportunit\u00e0 per la sua diffusione. Tuttavia, questi corsi non sono sufficienti per creare e sviluppare un ambiente Montessori ben implementato. Il supporto tecnico, l&#8217;accompagnamento e [&hellip;]<\/p>\n","protected":false},"author":1,"featured_media":0,"parent":0,"menu_order":0,"comment_status":"closed","ping_status":"closed","template":"","meta":{"_acf_changed":false,"footnotes":""},"class_list":["post-11223","page","type-page","status-publish","hentry"],"acf":[],"_links":{"self":[{"href":"https:\/\/clonemontessori-dev.host3ip.eu\/it\/wp-json\/wp\/v2\/pages\/11223","targetHints":{"allow":["GET"]}}],"collection":[{"href":"https:\/\/clonemontessori-dev.host3ip.eu\/it\/wp-json\/wp\/v2\/pages"}],"about":[{"href":"https:\/\/clonemontessori-dev.host3ip.eu\/it\/wp-json\/wp\/v2\/types\/page"}],"author":[{"embeddable":true,"href":"https:\/\/clonemontessori-dev.host3ip.eu\/it\/wp-json\/wp\/v2\/users\/1"}],"replies":[{"embeddable":true,"href":"https:\/\/clonemontessori-dev.host3ip.eu\/it\/wp-json\/wp\/v2\/comments?post=11223"}],"version-history":[{"count":2,"href":"https:\/\/clonemontessori-dev.host3ip.eu\/it\/wp-json\/wp\/v2\/pages\/11223\/revisions"}],"predecessor-version":[{"id":11226,"href":"https:\/\/clonemontessori-dev.host3ip.eu\/it\/wp-json\/wp\/v2\/pages\/11223\/revisions\/11226"}],"wp:attachment":[{"href":"https:\/\/clonemontessori-dev.host3ip.eu\/it\/wp-json\/wp\/v2\/media?parent=11223"}],"curies":[{"name":"wp","href":"https:\/\/api.w.org\/{rel}","templated":true}]}}