{"id":11238,"date":"2025-02-04T20:33:18","date_gmt":"2025-02-04T19:33:18","guid":{"rendered":"https:\/\/clonemontessori-dev.host3ip.eu\/che-cose-la-montessori\/"},"modified":"2025-10-29T16:13:41","modified_gmt":"2025-10-29T15:13:41","slug":"cosa-e-montessori","status":"publish","type":"page","link":"https:\/\/clonemontessori-dev.host3ip.eu\/it\/cosa-e-montessori\/","title":{"rendered":"Che cos&#8217;\u00e8 la Montessori?"},"content":{"rendered":"\t\t<div data-elementor-type=\"wp-page\" data-elementor-id=\"11238\" class=\"elementor elementor-11238 elementor-2046\" data-elementor-post-type=\"page\">\n\t\t\t\t<div class=\"elementor-element elementor-element-0d4589a e-con-full e-flex e-con e-parent\" data-id=\"0d4589a\" data-element_type=\"container\" data-settings=\"{&quot;jet_parallax_layout_list&quot;:[]}\">\n\t\t<div class=\"elementor-element elementor-element-530ece9 e-flex e-con-boxed e-con e-child\" data-id=\"530ece9\" data-element_type=\"container\" data-settings=\"{&quot;jet_parallax_layout_list&quot;:[]}\">\n\t\t\t\t\t<div class=\"e-con-inner\">\n\t\t\t\t<div class=\"elementor-element elementor-element-e1c7a57 elementor-widget__width-initial elementor-widget elementor-widget-heading\" data-id=\"e1c7a57\" data-element_type=\"widget\" data-widget_type=\"heading.default\">\n\t\t\t\t<div class=\"elementor-widget-container\">\n\t\t\t\t\t<p class=\"elementor-heading-title elementor-size-default\">Il metodo Montessori<\/p>\t\t\t\t<\/div>\n\t\t\t\t<\/div>\n\t\t\t\t<div class=\"elementor-element elementor-element-59298fd elementor-widget elementor-widget-heading\" data-id=\"59298fd\" data-element_type=\"widget\" data-widget_type=\"heading.default\">\n\t\t\t\t<div class=\"elementor-widget-container\">\n\t\t\t\t\t<h2 class=\"elementor-heading-title elementor-size-default\">Il metodo Montessori \u00e8 la proposta pedagogica di Maria Montessori, basata sull'osservazione scientifica dei bambini: le loro varie fasi di sviluppo nel corso della vita, le loro potenzialit\u00e0, i loro interessi e le loro capacit\u00e0.<\/h2>\t\t\t\t<\/div>\n\t\t\t\t<\/div>\n\t\t\t\t\t<\/div>\n\t\t\t\t<\/div>\n\t\t<main class=\"elementor-element elementor-element-2778ccc e-con-full e-flex e-con e-child\" data-id=\"2778ccc\" data-element_type=\"container\" data-settings=\"{&quot;background_background&quot;:&quot;classic&quot;,&quot;jet_parallax_layout_list&quot;:[]}\">\n\t\t\t\t<div class=\"elementor-element elementor-element-b682fd1 e-transform elementor-widget elementor-widget-image\" data-id=\"b682fd1\" data-element_type=\"widget\" data-settings=\"{&quot;_transform_rotateZ_effect&quot;:{&quot;unit&quot;:&quot;px&quot;,&quot;size&quot;:2.41,&quot;sizes&quot;:[]},&quot;_transform_rotateZ_effect_mobile&quot;:{&quot;unit&quot;:&quot;deg&quot;,&quot;size&quot;:-2,&quot;sizes&quot;:[]},&quot;_transform_rotateZ_effect_laptop&quot;:{&quot;unit&quot;:&quot;deg&quot;,&quot;size&quot;:&quot;&quot;,&quot;sizes&quot;:[]},&quot;_transform_rotateZ_effect_tablet_extra&quot;:{&quot;unit&quot;:&quot;deg&quot;,&quot;size&quot;:&quot;&quot;,&quot;sizes&quot;:[]},&quot;_transform_rotateZ_effect_tablet&quot;:{&quot;unit&quot;:&quot;deg&quot;,&quot;size&quot;:&quot;&quot;,&quot;sizes&quot;:[]},&quot;_transform_rotateZ_effect_mobile_extra&quot;:{&quot;unit&quot;:&quot;deg&quot;,&quot;size&quot;:&quot;&quot;,&quot;sizes&quot;:[]}}\" data-widget_type=\"image.default\">\n\t\t\t\t<div class=\"elementor-widget-container\">\n\t\t\t\t\t\t\t\t\t\t\t\t\t\t\t<img fetchpriority=\"high\" decoding=\"async\" width=\"800\" height=\"533\" src=\"https:\/\/clonemontessori-dev.host3ip.eu\/wp-content\/uploads\/maria_montessori_biografia_metodo_frases_y_libros_4592_orig-800x533.jpg\" class=\"attachment-medium size-medium wp-image-4065\" alt=\"\" srcset=\"https:\/\/clonemontessori-dev.host3ip.eu\/wp-content\/uploads\/maria_montessori_biografia_metodo_frases_y_libros_4592_orig-800x533.jpg 800w, https:\/\/clonemontessori-dev.host3ip.eu\/wp-content\/uploads\/maria_montessori_biografia_metodo_frases_y_libros_4592_orig-1200x800.jpg 1200w, https:\/\/clonemontessori-dev.host3ip.eu\/wp-content\/uploads\/maria_montessori_biografia_metodo_frases_y_libros_4592_orig-300x200.jpg 300w, https:\/\/clonemontessori-dev.host3ip.eu\/wp-content\/uploads\/maria_montessori_biografia_metodo_frases_y_libros_4592_orig-768x512.jpg 768w, https:\/\/clonemontessori-dev.host3ip.eu\/wp-content\/uploads\/maria_montessori_biografia_metodo_frases_y_libros_4592_orig-1536x1024.jpg 1536w, https:\/\/clonemontessori-dev.host3ip.eu\/wp-content\/uploads\/maria_montessori_biografia_metodo_frases_y_libros_4592_orig-600x400.jpg 600w, https:\/\/clonemontessori-dev.host3ip.eu\/wp-content\/uploads\/maria_montessori_biografia_metodo_frases_y_libros_4592_orig.jpg 1680w\" sizes=\"(max-width: 800px) 100vw, 800px\" \/>\t\t\t\t\t\t\t\t\t\t\t\t\t\t\t<\/div>\n\t\t\t\t<\/div>\n\t\t\t\t<\/main>\n\t\t\t\t<\/div>\n\t\t<div class=\"elementor-element elementor-element-9840492 e-flex e-con-boxed e-con e-parent\" data-id=\"9840492\" data-element_type=\"container\" data-settings=\"{&quot;jet_parallax_layout_list&quot;:[]}\">\n\t\t\t\t\t<div class=\"e-con-inner\">\n\t\t\t\t<div class=\"elementor-element elementor-element-ea78d19 elementor-widget elementor-widget-heading\" data-id=\"ea78d19\" data-element_type=\"widget\" data-widget_type=\"heading.default\">\n\t\t\t\t<div class=\"elementor-widget-container\">\n\t\t\t\t\t<h2 class=\"elementor-heading-title elementor-size-default\">Che cos'\u00e8 il metodo <span style=\"font-weight: bold;color: #D72827\">Montessori?<\/span> <\/h2>\t\t\t\t<\/div>\n\t\t\t\t<\/div>\n\t\t\t\t<div class=\"elementor-element elementor-element-600ca5e elementor-widget elementor-widget-text-editor\" data-id=\"600ca5e\" data-element_type=\"widget\" data-widget_type=\"text-editor.default\">\n\t\t\t\t<div class=\"elementor-widget-container\">\n\t\t\t\t\t\t\t\t\t<p style=\"text-align: left;\">Il metodo Montessori \u00e8 la proposta pedagogica di <a href=\"https:\/\/montessorispace.com\/maria-montessori\/\" target=\"_blank\" rel=\"noopener\">Maria Montessori<\/a>, basata sull&#8217;osservazione scientifica dei bambini: le loro varie fasi di sviluppo nel corso della vita, le loro potenzialit\u00e0, i loro interessi e le loro capacit\u00e0.<\/p><p>Le caratteristiche principali del Metodo Montessori sono:<\/p><ul><li><strong>I bambini devono essere<\/strong> <strong>liberi di svilupparsi e imparare<\/strong> <strong>al proprio ritmo<\/strong>, in un ambiente stimolante, comprensivo e con adulti attenti.<\/li><li><strong>L&#8217;ambiente preparato<\/strong> per i bambini: ordinato, bello, di dimensioni adeguate, realistico, ecc. dove ogni elemento \u00e8 stato selezionato per un motivo specifico per il loro sviluppo.<\/li><\/ul><p><strong>Il metodo Montessori pu\u00f2 essere implementato nel suo complesso e nella sua interezza o introdotto poco a poco<\/strong> nei contesti educativi tradizionali, arricchendo cos\u00ec la pratica educativa quotidiana.<\/p>\t\t\t\t\t\t\t\t<\/div>\n\t\t\t\t<\/div>\n\t\t\t\t<div class=\"elementor-element elementor-element-ff29843 elementor-blockquote--skin-quotation elementor-blockquote--align-left elementor-widget elementor-widget-blockquote\" data-id=\"ff29843\" data-element_type=\"widget\" data-widget_type=\"blockquote.default\">\n\t\t\t\t<div class=\"elementor-widget-container\">\n\t\t\t\t\t\t\t<blockquote class=\"elementor-blockquote\">\n\t\t\t<p class=\"elementor-blockquote__content\">\n\t\t\t\tQualsiasi ambiente in cui sono presenti dei bambini pu\u00f2 essere migliorato da questa visione e pratica dell'educazione.\t\t\t<\/p>\n\t\t\t\t\t<\/blockquote>\n\t\t\t\t\t\t<\/div>\n\t\t\t\t<\/div>\n\t\t\t\t\t<\/div>\n\t\t\t\t<\/div>\n\t\t<div class=\"elementor-element elementor-element-b0721cf e-flex e-con-boxed e-con e-parent\" data-id=\"b0721cf\" data-element_type=\"container\" data-settings=\"{&quot;jet_parallax_layout_list&quot;:[]}\">\n\t\t\t\t\t<div class=\"e-con-inner\">\n\t\t<div class=\"elementor-element elementor-element-00486a1 e-con-full e-flex e-con e-child\" data-id=\"00486a1\" data-element_type=\"container\" data-settings=\"{&quot;jet_parallax_layout_list&quot;:[]}\">\n\t\t\t\t<div class=\"elementor-element elementor-element-d0821ec elementor-widget elementor-widget-heading\" data-id=\"d0821ec\" data-element_type=\"widget\" data-widget_type=\"heading.default\">\n\t\t\t\t<div class=\"elementor-widget-container\">\n\t\t\t\t\t<h2 class=\"elementor-heading-title elementor-size-default\">Il bambino \u00e8 il<span style=\"font-weight: bold;color: #D72827\">centro<\/span> \n<\/h2>\t\t\t\t<\/div>\n\t\t\t\t<\/div>\n\t\t\t\t<div class=\"elementor-element elementor-element-8e5bc0b elementor-widget elementor-widget-text-editor\" data-id=\"8e5bc0b\" data-element_type=\"widget\" data-widget_type=\"text-editor.default\">\n\t\t\t\t<div class=\"elementor-widget-container\">\n\t\t\t\t\t\t\t\t\t<p>Maria Montessori sosteneva che <strong>ogni educatore deve &#8220;seguire il bambino&#8221;,<\/strong> riconoscendo le caratteristiche di ogni fase dell&#8217;et\u00e0 e le sue specifiche esigenze educative.<\/p><p>I bambini hanno bisogno di adattarsi all&#8217;ambiente in cui vivono, per questo la dottoressa Montessori riteneva fondamentale <strong>costruire un ambiente favorevole, sia dal punto di vista fisico che spirituale<\/strong>. In modo che i bambini siano in grado di dare un senso al mondo che li circonda.  <\/p><h3><strong>Montessori nel 21\u00b0 secolo<\/strong><\/h3><p>Sebbene si tratti di un&#8217;osservazione fatta all&#8217;inizio del XX secolo, si tratta di una pedagogia riconosciuta a livello internazionale anche 100 anni dopo.<\/p><p>La <strong>ricerca scientifica attuale continua a convalidare questo metodo educativo<\/strong> come un insieme di elementi che aiutano i bambini nello sviluppo olistico di mente, corpo ed emozioni.<\/p>\t\t\t\t\t\t\t\t<\/div>\n\t\t\t\t<\/div>\n\t\t\t\t<\/div>\n\t\t<div class=\"elementor-element elementor-element-afe7a9e e-con-full e-transform e-flex e-con e-child\" data-id=\"afe7a9e\" data-element_type=\"container\" data-settings=\"{&quot;_transform_rotateZ_effect&quot;:{&quot;unit&quot;:&quot;px&quot;,&quot;size&quot;:-1.12,&quot;sizes&quot;:[]},&quot;jet_parallax_layout_list&quot;:[],&quot;_transform_rotateZ_effect_laptop&quot;:{&quot;unit&quot;:&quot;deg&quot;,&quot;size&quot;:&quot;&quot;,&quot;sizes&quot;:[]},&quot;_transform_rotateZ_effect_tablet_extra&quot;:{&quot;unit&quot;:&quot;deg&quot;,&quot;size&quot;:&quot;&quot;,&quot;sizes&quot;:[]},&quot;_transform_rotateZ_effect_tablet&quot;:{&quot;unit&quot;:&quot;deg&quot;,&quot;size&quot;:&quot;&quot;,&quot;sizes&quot;:[]},&quot;_transform_rotateZ_effect_mobile_extra&quot;:{&quot;unit&quot;:&quot;deg&quot;,&quot;size&quot;:&quot;&quot;,&quot;sizes&quot;:[]},&quot;_transform_rotateZ_effect_mobile&quot;:{&quot;unit&quot;:&quot;deg&quot;,&quot;size&quot;:&quot;&quot;,&quot;sizes&quot;:[]}}\">\n\t\t\t\t<div class=\"elementor-element elementor-element-4a26a2d e-transform elementor-widget elementor-widget-image\" data-id=\"4a26a2d\" data-element_type=\"widget\" data-settings=\"{&quot;_transform_rotateZ_effect&quot;:{&quot;unit&quot;:&quot;px&quot;,&quot;size&quot;:1.12,&quot;sizes&quot;:[]},&quot;_transform_rotateZ_effect_laptop&quot;:{&quot;unit&quot;:&quot;deg&quot;,&quot;size&quot;:&quot;&quot;,&quot;sizes&quot;:[]},&quot;_transform_rotateZ_effect_tablet_extra&quot;:{&quot;unit&quot;:&quot;deg&quot;,&quot;size&quot;:&quot;&quot;,&quot;sizes&quot;:[]},&quot;_transform_rotateZ_effect_tablet&quot;:{&quot;unit&quot;:&quot;deg&quot;,&quot;size&quot;:&quot;&quot;,&quot;sizes&quot;:[]},&quot;_transform_rotateZ_effect_mobile_extra&quot;:{&quot;unit&quot;:&quot;deg&quot;,&quot;size&quot;:&quot;&quot;,&quot;sizes&quot;:[]},&quot;_transform_rotateZ_effect_mobile&quot;:{&quot;unit&quot;:&quot;deg&quot;,&quot;size&quot;:&quot;&quot;,&quot;sizes&quot;:[]}}\" data-widget_type=\"image.default\">\n\t\t\t\t<div class=\"elementor-widget-container\">\n\t\t\t\t\t\t\t\t\t\t\t\t\t\t\t<img decoding=\"async\" src=\"https:\/\/clonemontessori-dev.host3ip.eu\/wp-content\/uploads\/elementor\/thumbs\/nina-usando-materiales-del-metodo-montessori-2048x1365-1-rdtn9t3410w7fvm6c1orulz1rvie70erwweweu860w.jpg\" title=\"nina-usando-materiales-del-metodo-montessori-2048&#215;1365\" alt=\"nina-usando-materiales-del-metodo-montessori-2048x1365\" loading=\"lazy\" \/>\t\t\t\t\t\t\t\t\t\t\t\t\t\t\t<\/div>\n\t\t\t\t<\/div>\n\t\t\t\t<\/div>\n\t\t\t\t\t<\/div>\n\t\t\t\t<\/div>\n\t\t<div class=\"elementor-element elementor-element-b25c42b e-flex e-con-boxed e-con e-parent\" data-id=\"b25c42b\" data-element_type=\"container\" data-settings=\"{&quot;jet_parallax_layout_list&quot;:[]}\">\n\t\t\t\t\t<div class=\"e-con-inner\">\n\t\t\t\t<div class=\"elementor-element elementor-element-56c37c7 elementor-widget elementor-widget-heading\" data-id=\"56c37c7\" data-element_type=\"widget\" data-widget_type=\"heading.default\">\n\t\t\t\t<div class=\"elementor-widget-container\">\n\t\t\t\t\t<h2 class=\"elementor-heading-title elementor-size-default\">Principi fondamentali del<span style=\"font-weight: bold;color: #D72827\">Metodo<\/span> \nMontessori <\/h2>\t\t\t\t<\/div>\n\t\t\t\t<\/div>\n\t\t\t\t<div class=\"elementor-element elementor-element-54be4f6 elementor-widget elementor-widget-text-editor\" data-id=\"54be4f6\" data-element_type=\"widget\" data-widget_type=\"text-editor.default\">\n\t\t\t\t<div class=\"elementor-widget-container\">\n\t\t\t\t\t\t\t\t\t<ol><li><strong>Mente assorbente dei <\/strong>bambini<strong>: <\/strong>i bambini hanno la capacit\u00e0 innata di ricevere, elaborare e immagazzinare senza sforzo nelle loro cellule cerebrali tutto ci\u00f2 che proviene dall&#8217;ambiente circostante.<\/li><li><strong>Area di apprendimento: <\/strong>in un&#8217;aula montessoriana gli spazi sono suddivisi in diverse aree, che corrispondono alle cinque aree chiave dell&#8217;apprendimento:<ul><li>Vita pratica<\/li><li>Sensoriale<\/li><li>Lingua<\/li><li>Matematica<\/li><li>Cultura<\/li><\/ul><\/li><li><strong>Periodi sensibili: <\/strong>si tratta di periodi in cui il bambino mostra un particolare interesse o entusiasmo per l&#8217;apprendimento di una determinata area. Questi periodi sensibili sono anche chiamati &#8220;finestre di apprendimento&#8221;. <\/li><li><strong>Normalizzazione: <\/strong>\u00e8 il processo in cui il bambino raggiunge gradualmente l&#8217;ordine, l&#8217;autodisciplina e la socializzazione, cio\u00e8 la capacit\u00e0 di apprezzare, rispettare e cooperare con gli altri.<\/li><li><strong>Ambiente predisposto: <\/strong>l&#8217;ambiente in cui il bambino si sviluppa, sia lo spazio fisico che le persone con cui interagisce, le attivit\u00e0 e le linee guida che nascono in quello spazio.<\/li><li><strong>Rispetto del ritmo di apprendimento del bambino: <\/strong>ogni bambino ha un ritmo diverso e l&#8217;adulto deve rispettarlo, evitando di intervenire o di fare le cose al posto del bambino, perch\u00e9 questo ostacola l&#8217;apprendimento e provoca un senso di inferiorit\u00e0 e frustrazione nel bambino.<\/li><li><strong>Il ruolo dell&#8217;adulto: la <\/strong>sua funzione \u00e8 quella di <a href=\"https:\/\/montessorispace.com\/blog\/actitudes-y-aptitudes-guia-montessori\/\" target=\"_blank\" rel=\"noopener\">guidare il bambino<\/a>, permettendogli di stabilire il ritmo guidato dai suoi interessi e favorendo cos\u00ec sia l&#8217;autonomia fisica del bambino che il suo pensiero.<\/li><li><strong>Materiali Montessori: <\/strong>si tratta di strumenti per la manipolazione e la sperimentazione sensoriale da parte del bambino, al fine di sviluppare la conoscenza e il pensiero astratto.<\/li><\/ol>\t\t\t\t\t\t\t\t<\/div>\n\t\t\t\t<\/div>\n\t\t\t\t\t<\/div>\n\t\t\t\t<\/div>\n\t\t<div class=\"elementor-element elementor-element-d65c68b e-flex e-con-boxed e-con e-parent\" data-id=\"d65c68b\" data-element_type=\"container\" data-settings=\"{&quot;jet_parallax_layout_list&quot;:[]}\">\n\t\t\t\t\t<div class=\"e-con-inner\">\n\t\t<div class=\"elementor-element elementor-element-aabee62 e-con-full e-transform e-flex e-con e-child\" data-id=\"aabee62\" data-element_type=\"container\" data-settings=\"{&quot;_transform_rotateZ_effect&quot;:{&quot;unit&quot;:&quot;px&quot;,&quot;size&quot;:-1.12,&quot;sizes&quot;:[]},&quot;jet_parallax_layout_list&quot;:[],&quot;_transform_rotateZ_effect_laptop&quot;:{&quot;unit&quot;:&quot;deg&quot;,&quot;size&quot;:&quot;&quot;,&quot;sizes&quot;:[]},&quot;_transform_rotateZ_effect_tablet_extra&quot;:{&quot;unit&quot;:&quot;deg&quot;,&quot;size&quot;:&quot;&quot;,&quot;sizes&quot;:[]},&quot;_transform_rotateZ_effect_tablet&quot;:{&quot;unit&quot;:&quot;deg&quot;,&quot;size&quot;:&quot;&quot;,&quot;sizes&quot;:[]},&quot;_transform_rotateZ_effect_mobile_extra&quot;:{&quot;unit&quot;:&quot;deg&quot;,&quot;size&quot;:&quot;&quot;,&quot;sizes&quot;:[]},&quot;_transform_rotateZ_effect_mobile&quot;:{&quot;unit&quot;:&quot;deg&quot;,&quot;size&quot;:&quot;&quot;,&quot;sizes&quot;:[]}}\">\n\t\t\t\t<div class=\"elementor-element elementor-element-81f945f e-transform elementor-widget elementor-widget-image\" data-id=\"81f945f\" data-element_type=\"widget\" data-settings=\"{&quot;_transform_rotateZ_effect&quot;:{&quot;unit&quot;:&quot;px&quot;,&quot;size&quot;:1.12,&quot;sizes&quot;:[]},&quot;_transform_rotateZ_effect_laptop&quot;:{&quot;unit&quot;:&quot;deg&quot;,&quot;size&quot;:&quot;&quot;,&quot;sizes&quot;:[]},&quot;_transform_rotateZ_effect_tablet_extra&quot;:{&quot;unit&quot;:&quot;deg&quot;,&quot;size&quot;:&quot;&quot;,&quot;sizes&quot;:[]},&quot;_transform_rotateZ_effect_tablet&quot;:{&quot;unit&quot;:&quot;deg&quot;,&quot;size&quot;:&quot;&quot;,&quot;sizes&quot;:[]},&quot;_transform_rotateZ_effect_mobile_extra&quot;:{&quot;unit&quot;:&quot;deg&quot;,&quot;size&quot;:&quot;&quot;,&quot;sizes&quot;:[]},&quot;_transform_rotateZ_effect_mobile&quot;:{&quot;unit&quot;:&quot;deg&quot;,&quot;size&quot;:&quot;&quot;,&quot;sizes&quot;:[]}}\" data-widget_type=\"image.default\">\n\t\t\t\t<div class=\"elementor-widget-container\">\n\t\t\t\t\t\t\t\t\t\t\t\t\t\t\t<img decoding=\"async\" src=\"https:\/\/clonemontessori-dev.host3ip.eu\/wp-content\/uploads\/elementor\/thumbs\/Depositphotos_332883388_xl-2015-1-rdtn9t3410w7fvm6c1orulz1rvie70erwweweu860w.jpg\" title=\"Depositphotos_332883388_xl-2015-1\" alt=\"Depositphotos_332883388_xl-2015-1\" loading=\"lazy\" \/>\t\t\t\t\t\t\t\t\t\t\t\t\t\t\t<\/div>\n\t\t\t\t<\/div>\n\t\t\t\t<\/div>\n\t\t<div class=\"elementor-element elementor-element-d0804bf e-con-full e-flex e-con e-child\" data-id=\"d0804bf\" data-element_type=\"container\" data-settings=\"{&quot;jet_parallax_layout_list&quot;:[]}\">\n\t\t\t\t<div class=\"elementor-element elementor-element-4324862 elementor-widget elementor-widget-heading\" data-id=\"4324862\" data-element_type=\"widget\" data-widget_type=\"heading.default\">\n\t\t\t\t<div class=\"elementor-widget-container\">\n\t\t\t\t\t<h2 class=\"elementor-heading-title elementor-size-default\">Come mettere in pratica il<span style=\"font-weight: bold;color: #D72827\">Metodo Montessori<\/span> \n?<\/h2>\t\t\t\t<\/div>\n\t\t\t\t<\/div>\n\t\t\t\t<div class=\"elementor-element elementor-element-4a7b4db elementor-widget elementor-widget-text-editor\" data-id=\"4a7b4db\" data-element_type=\"widget\" data-widget_type=\"text-editor.default\">\n\t\t\t\t<div class=\"elementor-widget-container\">\n\t\t\t\t\t\t\t\t\t<p>Dal nostro centro di formazione offriamo tutti gli <strong>strumenti affinch\u00e9 sia gli insegnanti che le famiglie possano implementare con successo l&#8217;educazione Montessori<\/strong> in classe, a casa o in qualsiasi altro spazio educativo, tenendo conto di quanto segue:<\/p><ol><li><strong>L&#8217;impatto del movimento sull&#8217;apprendimento<\/strong>. Un movimento significativo aiuta l&#8217;apprendimento e migliora la capacit\u00e0 di trattenere i concetti; l&#8217;uso delle mani \u00e8 un ottimo canale di ingresso per le informazioni al cervello. <\/li><li><strong>Scelta e controllo percepito.  <\/strong>L&#8217;apprendimento \u00e8 pi\u00f9 profondo e pi\u00f9 facile quando scegliamo ci\u00f2 che vogliamo imparare e possiamo monitorare l&#8217;apprendimento.<\/li><li><strong>Le ricompense e la motivazione estrinseca interferiscono con l&#8217;apprendimento.<\/strong>  \u00c8 la motivazione intrinseca dell&#8217;individuo che \u00e8 positiva e deve essere incoraggiata.<\/li><li><strong>Imparare dai coetanei facilita la comprensione.<\/strong>  Il dialogo tra pari \u00e8 una chiave molto potente sia per l&#8217;allievo che per l&#8217;insegnante.<\/li><li><strong>Contesti di apprendimento significativi<\/strong>: qualsiasi argomento accademico pu\u00f2 essere trattato in modo significativo e questo aumenta l&#8217;intensit\u00e0 dell&#8217;apprendimento.<\/li><li>L<strong>&#8216;educazione dovrebbe soprattutto incoraggiare lo sviluppo delle nostre funzioni esecutive<\/strong>: pianificare, decidere, immaginare, autocorreggersi, autoconsapevolezza, scegliere strategie, tra le altre cose, \u00e8 possibile solo con la pratica reale di queste abilit\u00e0.<\/li><li>L<strong>&#8216;ordine nell&#8217;ambiente<\/strong> (fisico, temporale, ecc.) aiuta a costruire un cervello ordinato.<\/li><\/ol>\t\t\t\t\t\t\t\t<\/div>\n\t\t\t\t<\/div>\n\t\t\t\t<\/div>\n\t\t\t\t\t<\/div>\n\t\t\t\t<\/div>\n\t\t<div class=\"elementor-element elementor-element-0e5f148 e-flex e-con-boxed e-con e-parent\" data-id=\"0e5f148\" data-element_type=\"container\" data-settings=\"{&quot;jet_parallax_layout_list&quot;:[]}\">\n\t\t\t\t\t<div class=\"e-con-inner\">\n\t\t<div class=\"elementor-element elementor-element-31437d9 e-con-full e-flex e-con e-child\" data-id=\"31437d9\" data-element_type=\"container\" data-settings=\"{&quot;jet_parallax_layout_list&quot;:[]}\">\n\t\t\t\t<div class=\"elementor-element elementor-element-30b05b3 elementor-widget elementor-widget-text-editor\" data-id=\"30b05b3\" data-element_type=\"widget\" data-widget_type=\"text-editor.default\">\n\t\t\t\t<div class=\"elementor-widget-container\">\n\t\t\t\t\t\t\t\t\t<p>Molti altri elementi che compongono l&#8217;educazione montessoriana, come l&#8217;importanza dell&#8217;ordine fisico per costruire l&#8217;ordine mentale o l&#8217;importanza di eliminare lo stress, tra gli altri, sono stati convalidati come essenziali per uno sviluppo sano ed equilibrato.<\/p><p>Da <a href=\"https:\/\/montessorispace.com\/quienes-somos\/\" target=\"_blank\" rel=\"noopener\"><strong>Istituto Internazionale Montessori (IMI)<\/strong><\/a> insegniamo i principi e la pratica pedagogica dell&#8217;educazione montessoriana e le attuali evidenze scientifiche, al fine di contribuire con proposte concrete di formazione professionale a migliorare la qualit\u00e0 dell&#8217;educazione.<\/p>\t\t\t\t\t\t\t\t<\/div>\n\t\t\t\t<\/div>\n\t\t\t\t<\/div>\n\t\t<div class=\"elementor-element elementor-element-e473ccf e-con-full e-transform e-flex e-con e-child\" data-id=\"e473ccf\" data-element_type=\"container\" data-settings=\"{&quot;_transform_rotateZ_effect&quot;:{&quot;unit&quot;:&quot;px&quot;,&quot;size&quot;:-1.12,&quot;sizes&quot;:[]},&quot;jet_parallax_layout_list&quot;:[],&quot;_transform_rotateZ_effect_laptop&quot;:{&quot;unit&quot;:&quot;deg&quot;,&quot;size&quot;:&quot;&quot;,&quot;sizes&quot;:[]},&quot;_transform_rotateZ_effect_tablet_extra&quot;:{&quot;unit&quot;:&quot;deg&quot;,&quot;size&quot;:&quot;&quot;,&quot;sizes&quot;:[]},&quot;_transform_rotateZ_effect_tablet&quot;:{&quot;unit&quot;:&quot;deg&quot;,&quot;size&quot;:&quot;&quot;,&quot;sizes&quot;:[]},&quot;_transform_rotateZ_effect_mobile_extra&quot;:{&quot;unit&quot;:&quot;deg&quot;,&quot;size&quot;:&quot;&quot;,&quot;sizes&quot;:[]},&quot;_transform_rotateZ_effect_mobile&quot;:{&quot;unit&quot;:&quot;deg&quot;,&quot;size&quot;:&quot;&quot;,&quot;sizes&quot;:[]}}\">\n\t\t\t\t<div class=\"elementor-element elementor-element-c24f457 e-transform elementor-widget elementor-widget-image\" data-id=\"c24f457\" data-element_type=\"widget\" data-settings=\"{&quot;_transform_rotateZ_effect&quot;:{&quot;unit&quot;:&quot;px&quot;,&quot;size&quot;:1.12,&quot;sizes&quot;:[]},&quot;_transform_rotateZ_effect_laptop&quot;:{&quot;unit&quot;:&quot;deg&quot;,&quot;size&quot;:&quot;&quot;,&quot;sizes&quot;:[]},&quot;_transform_rotateZ_effect_tablet_extra&quot;:{&quot;unit&quot;:&quot;deg&quot;,&quot;size&quot;:&quot;&quot;,&quot;sizes&quot;:[]},&quot;_transform_rotateZ_effect_tablet&quot;:{&quot;unit&quot;:&quot;deg&quot;,&quot;size&quot;:&quot;&quot;,&quot;sizes&quot;:[]},&quot;_transform_rotateZ_effect_mobile_extra&quot;:{&quot;unit&quot;:&quot;deg&quot;,&quot;size&quot;:&quot;&quot;,&quot;sizes&quot;:[]},&quot;_transform_rotateZ_effect_mobile&quot;:{&quot;unit&quot;:&quot;deg&quot;,&quot;size&quot;:&quot;&quot;,&quot;sizes&quot;:[]}}\" data-widget_type=\"image.default\">\n\t\t\t\t<div class=\"elementor-widget-container\">\n\t\t\t\t\t\t\t\t\t\t\t\t\t\t\t<img decoding=\"async\" src=\"https:\/\/clonemontessori-dev.host3ip.eu\/wp-content\/uploads\/elementor\/thumbs\/implementar-el-metodo-montessori-en-el-aula-o-en-casa-2048x1366-1-rdtn9t3410w7fvm6c1orulz1rvie70erwweweu860w.jpg\" title=\"implementar-el-metodo-montessori-en-el-aula-o-en-casa-2048&#215;1366\" alt=\"implementar-el-metodo-montessori-en-el-aula-o-en-casa-2048x1366\" loading=\"lazy\" \/>\t\t\t\t\t\t\t\t\t\t\t\t\t\t\t<\/div>\n\t\t\t\t<\/div>\n\t\t\t\t<\/div>\n\t\t\t\t\t<\/div>\n\t\t\t\t<\/div>\n\t\t\t\t<\/div>\n\t\t","protected":false},"excerpt":{"rendered":"<p>Il metodo Montessori Il metodo Montessori \u00e8 la proposta pedagogica di Maria Montessori, basata sull&#8217;osservazione scientifica dei bambini: le loro varie fasi di sviluppo nel corso della vita, le loro potenzialit\u00e0, i loro interessi e le loro capacit\u00e0. Che cos&#8217;\u00e8 il metodo Montessori? Il metodo Montessori \u00e8 la proposta pedagogica di Maria Montessori, basata sull&#8217;osservazione [&hellip;]<\/p>\n","protected":false},"author":1,"featured_media":0,"parent":0,"menu_order":0,"comment_status":"closed","ping_status":"closed","template":"","meta":{"_acf_changed":false,"footnotes":""},"class_list":["post-11238","page","type-page","status-publish","hentry"],"acf":[],"_links":{"self":[{"href":"https:\/\/clonemontessori-dev.host3ip.eu\/it\/wp-json\/wp\/v2\/pages\/11238","targetHints":{"allow":["GET"]}}],"collection":[{"href":"https:\/\/clonemontessori-dev.host3ip.eu\/it\/wp-json\/wp\/v2\/pages"}],"about":[{"href":"https:\/\/clonemontessori-dev.host3ip.eu\/it\/wp-json\/wp\/v2\/types\/page"}],"author":[{"embeddable":true,"href":"https:\/\/clonemontessori-dev.host3ip.eu\/it\/wp-json\/wp\/v2\/users\/1"}],"replies":[{"embeddable":true,"href":"https:\/\/clonemontessori-dev.host3ip.eu\/it\/wp-json\/wp\/v2\/comments?post=11238"}],"version-history":[{"count":5,"href":"https:\/\/clonemontessori-dev.host3ip.eu\/it\/wp-json\/wp\/v2\/pages\/11238\/revisions"}],"predecessor-version":[{"id":424507,"href":"https:\/\/clonemontessori-dev.host3ip.eu\/it\/wp-json\/wp\/v2\/pages\/11238\/revisions\/424507"}],"wp:attachment":[{"href":"https:\/\/clonemontessori-dev.host3ip.eu\/it\/wp-json\/wp\/v2\/media?parent=11238"}],"curies":[{"name":"wp","href":"https:\/\/api.w.org\/{rel}","templated":true}]}}