{"id":11286,"date":"2025-01-15T14:32:48","date_gmt":"2025-01-15T13:32:48","guid":{"rendered":"https:\/\/clonemontessori-dev.host3ip.eu\/informativa-sulla-privacy\/"},"modified":"2025-09-10T13:06:32","modified_gmt":"2025-09-10T11:06:32","slug":"politica-sulla-privacy","status":"publish","type":"page","link":"https:\/\/clonemontessori-dev.host3ip.eu\/it\/politica-sulla-privacy\/","title":{"rendered":"Informativa sulla privacy"},"content":{"rendered":"\n<h2 class=\"wp-block-heading\">1. INFORMAZIONI SULL&#8217;UTENTE<\/h2>\n\n<h2 class=\"wp-block-heading\">Chi \u00e8 responsabile del trattamento dei tuoi dati personali?<\/h2>\n\n<p><strong>EFFICE COMUNICACIONS, S.L. <\/strong>\u00e8 RESPONSABILE del trattamento dei dati personali dell&#8217;UTENTE e informa che tali dati saranno trattati in conformit\u00e0 alle disposizioni del Regolamento (UE) 2016\/679, del 27 aprile (GDPR), e della Legge Organica 3\/2018, del 5 dicembre (LOPDGDD).<\/p>\n\n<h2 class=\"wp-block-heading\">Per quale motivo trattiamo i tuoi dati personali?<\/h2>\n\n<p>mantenere un rapporto commerciale con l&#8217;utente. Le operazioni previste per l&#8217;esecuzione del trattamento sono: <\/p>\n\n<p>Invio di comunicazioni commerciali pubblicitarie tramite e-mail, fax, SMS, MMS, social network o qualsiasi altro mezzo elettronico o fisico, presente o futuro, che consenta comunicazioni commerciali. Tali comunicazioni saranno effettuate dal RESPONSABILE e saranno relative ai suoi prodotti e servizi, o a quelli dei suoi collaboratori o fornitori, con i quali ha raggiunto un accordo promozionale. In questo caso, le terze parti non avranno mai accesso ai dati personali.  <\/p>\n\n<p>Condurre ricerche di mercato e analisi statistiche.<\/p>\n\n<p>Elaborare ordini, richieste, rispondere a quesiti o a qualsiasi tipo di richiesta fatta dall&#8217;UTENTE attraverso uno qualsiasi dei moduli di contatto resi disponibili sul sito web del RESPONSABILE.<\/p>\n\n<p>Per inviare la newsletter online sulle novit\u00e0, le offerte e le promozioni della nostra attivit\u00e0<strong>.<\/strong><\/p>\n\n<h2 class=\"wp-block-heading\">Perch\u00e9 possiamo trattare i tuoi dati personali?<\/h2>\n\n<p>Perch\u00e9 il trattamento \u00e8 legittimato dall&#8217;articolo 6 del GDPR come segue:<\/p>\n\n<p>Con il consenso dell&#8217;UTENTE: invio di comunicazioni commerciali e della newsletter.<\/p>\n\n<p>Per il legittimo interesse del RESPONSABILE: per effettuare ricerche di mercato, analisi statistiche, ecc. e per elaborare ordini, richieste, ecc. su richiesta dell&#8217;UTENTE.<\/p>\n\n<h2 class=\"wp-block-heading\">Per quanto tempo conserveremo i tuoi dati personali?<\/h2>\n\n<p>Saranno conservati per un periodo di tempo non superiore a quello necessario per mantenere lo scopo del trattamento o in presenza di requisiti legali che ne impongano la conservazione e, quando non saranno pi\u00f9 necessari per tale scopo, saranno cancellati con misure di sicurezza adeguate per garantire l&#8217;anonimizzazione dei dati o la loro totale distruzione.<\/p>\n\n<h2 class=\"wp-block-heading\">A chi forniamo i tuoi dati personali?<\/h2>\n\n<p>Non \u00e8 prevista la comunicazione dei dati personali a terzi ad eccezione, se necessario per lo sviluppo e l&#8217;esecuzione delle finalit\u00e0 del trattamento, dei nostri fornitori di servizi relativi alle comunicazioni, con i quali il RESPONSABILE ha sottoscritto i contratti di riservatezza e di trattamento dei dati richiesti dalla normativa sulla privacy in vigore.<\/p>\n\n<h2 class=\"wp-block-heading\">Quali sono i tuoi diritti?<\/h2>\n\n<p>I diritti dell&#8217;UTENTE sono:<\/p>\n\n<p>Diritto di ritirare il consenso in qualsiasi momento.<\/p>\n\n<p>Il diritto di accesso, rettifica, portabilit\u00e0 e cancellazione dei tuoi dati, nonch\u00e9 il diritto di limitare o opporsi al loro trattamento.<\/p>\n\n<p>Il diritto di proporre reclamo all&#8217;autorit\u00e0 di controllo (www.aepd.es) se ritieni che il trattamento non sia conforme alla normativa vigente.<\/p>\n\n<p><strong>Contatti per esercitare i tuoi diritti<\/strong>:<\/p>\n\n<p>EFFICE COMUNICACIONS, S.L.. Passeig de Gr\u00e0cia, 101 2 2 &#8211; 08008 Barcellona (Barcellona). E-mail: <a href=\"mailto:info@montessorispace.com\">info@montessorispace.com<\/a>  <\/p>\n\n<h2 class=\"wp-block-heading\">2. LA NATURA OBBLIGATORIA O FACOLTATIVA DELLE INFORMAZIONI FORNITE DALL&#8217;UTENTE<\/h2>\n\n<p>Gli UTENTI, spuntando le caselle corrispondenti e inserendo i dati nei campi contrassegnati da un asterisco (*) nel modulo di contatto o presentati nei moduli di download, accettano espressamente e liberamente e inequivocabilmente che i loro dati siano necessari per soddisfare la loro richiesta, da parte del fornitore, essendo volontario l&#8217;inserimento dei dati nei campi rimanenti. L&#8217;UTENTE garantisce che i dati personali forniti al RESPONSABILE sono veritieri ed \u00e8 responsabile della comunicazione di eventuali modifiche agli stessi. <\/p>\n\n<p>Il RESPONSABILE informa che tutti i dati richiesti attraverso il sito web sono obbligatori, in quanto necessari per la fornitura di un servizio ottimale all&#8217;UTENTE. Nel caso in cui non vengano forniti tutti i dati, non si garantisce che le informazioni e i servizi forniti siano completamente adeguati alle esigenze dell&#8217;utente. <\/p>\n\n<h2 class=\"wp-block-heading\">3. MISURE DI SICUREZZA<\/h2>\n\n<p>Che in conformit\u00e0 con le disposizioni della normativa vigente in materia di protezione dei dati personali, il RESPONSABILE rispetta tutte le disposizioni del GDPR e della normativa LOPDGDD per il trattamento dei dati personali sotto la sua responsabilit\u00e0, e manifestamente i principi descritti nell&#8217;articolo 5 del GDPR, per cui i dati sono trattati in modo lecito, equo e trasparente in relazione all&#8217;interessato e sono adeguati, pertinenti e limitati a quanto necessario in relazione alle finalit\u00e0 per cui sono trattati.<\/p>\n\n<p>Il RESPONSABILE garantisce di aver implementato politiche tecniche e organizzative adeguate per applicare le misure di sicurezza stabilite dal GDPR e dal LOPDGDD al fine di proteggere i diritti e le libert\u00e0 degli UTENTI e di aver comunicato loro le informazioni appropriate affinch\u00e9 possano esercitarli.<\/p>\n\n<p>Per ulteriori informazioni sulle garanzie di privacy, puoi contattare il RESPONSABILE tramite EFFICE COMUNICACIONS, S.L.. Passeig de Gr\u00e0cia, 101 2 2 &#8211; 08008 Barcellona (Barcellona). E-mail: <a href=\"mailto:info@montessorispace.com\">info@montessorispace.com<\/a>  <\/p>\n","protected":false},"excerpt":{"rendered":"<p>1. INFORMAZIONI SULL&#8217;UTENTE Chi \u00e8 responsabile del trattamento dei tuoi dati personali? EFFICE COMUNICACIONS, S.L. \u00e8 RESPONSABILE del trattamento dei dati personali dell&#8217;UTENTE e informa che tali dati saranno trattati in conformit\u00e0 alle disposizioni del Regolamento (UE) 2016\/679, del 27 aprile (GDPR), e della Legge Organica 3\/2018, del 5 dicembre (LOPDGDD). Per quale motivo trattiamo [&hellip;]<\/p>\n","protected":false},"author":1,"featured_media":0,"parent":0,"menu_order":0,"comment_status":"closed","ping_status":"closed","template":"","meta":{"_acf_changed":false,"footnotes":""},"class_list":["post-11286","page","type-page","status-publish","hentry"],"acf":[],"_links":{"self":[{"href":"https:\/\/clonemontessori-dev.host3ip.eu\/it\/wp-json\/wp\/v2\/pages\/11286","targetHints":{"allow":["GET"]}}],"collection":[{"href":"https:\/\/clonemontessori-dev.host3ip.eu\/it\/wp-json\/wp\/v2\/pages"}],"about":[{"href":"https:\/\/clonemontessori-dev.host3ip.eu\/it\/wp-json\/wp\/v2\/types\/page"}],"author":[{"embeddable":true,"href":"https:\/\/clonemontessori-dev.host3ip.eu\/it\/wp-json\/wp\/v2\/users\/1"}],"replies":[{"embeddable":true,"href":"https:\/\/clonemontessori-dev.host3ip.eu\/it\/wp-json\/wp\/v2\/comments?post=11286"}],"version-history":[{"count":3,"href":"https:\/\/clonemontessori-dev.host3ip.eu\/it\/wp-json\/wp\/v2\/pages\/11286\/revisions"}],"predecessor-version":[{"id":12834,"href":"https:\/\/clonemontessori-dev.host3ip.eu\/it\/wp-json\/wp\/v2\/pages\/11286\/revisions\/12834"}],"wp:attachment":[{"href":"https:\/\/clonemontessori-dev.host3ip.eu\/it\/wp-json\/wp\/v2\/media?parent=11286"}],"curies":[{"name":"wp","href":"https:\/\/api.w.org\/{rel}","templated":true}]}}