{"id":12843,"date":"2025-01-15T14:32:15","date_gmt":"2025-01-15T13:32:15","guid":{"rendered":"https:\/\/clonemontessori-dev.host3ip.eu\/informativa-sui-cookie\/"},"modified":"2025-11-12T16:35:43","modified_gmt":"2025-11-12T15:35:43","slug":"informativa-sui-cookie","status":"publish","type":"page","link":"https:\/\/clonemontessori-dev.host3ip.eu\/it\/informativa-sui-cookie\/","title":{"rendered":"Informativa sui cookie"},"content":{"rendered":"\n<h2 class=\"wp-block-heading\">INFORMAZIONI SUI COOKIE<\/h2>\n\n\n\n<p>A causa dell&#8217;entrata in vigore della modifica della &#8220;Ley de Servicios de la Sociedad de la Informaci\u00f3n&#8221; (LSSICE) stabilita dal Regio Decreto 13\/2012, \u00e8 obbligatorio ottenere il consenso espresso dell&#8217;utente di tutti i siti web che utilizzano <em>cookie <\/em>dispensabili, prima che l&#8217;utente li navighi.<\/p>\n\n\n\n<h2 class=\"wp-block-heading\">COSA SONO I BISCOTTI?<\/h2>\n\n\n\n<p><em>I cookie <\/em>e altre tecnologie simili, come gli oggetti locali condivisi, i flash <em>cookie <\/em>o i pixel, sono strumenti utilizzati dai server web per memorizzare e recuperare informazioni sui visitatori e per garantire il corretto funzionamento del sito.<\/p>\n\n\n\n<p>L&#8217;utilizzo di questi dispositivi permette al server web di ricordare alcuni dati relativi all&#8217;utente, come le sue preferenze di visualizzazione delle pagine del server, il nome e la password, i prodotti a cui \u00e8 pi\u00f9 interessato, ecc.<\/p>\n\n\n\n<h2 class=\"wp-block-heading\"><em>COOKIE <\/em>INTERESSATI DAL REGOLAMENTO E COOKIE ESENTI<\/h2>\n\n\n\n<p>Secondo la direttiva UE, i <em>cookie <\/em>che richiedono il consenso informato dell&#8217;utente sono i <em>cookie <\/em>analitici e i cookie pubblicitari e di affiliazione, ad eccezione dei cookie tecnici e di quelli necessari al funzionamento del sito web o alla fornitura di servizi espressamente richiesti dall&#8217;utente.<\/p>\n\n\n\n<h2 class=\"wp-block-heading\">TIPI DI COOKIE<\/h2>\n\n\n\n<p><strong>A SECONDA DELLO SCOPO<\/strong><\/p>\n\n\n\n<p><strong><em>Cookie <\/em><\/strong><strong>tecnici e funzionali<\/strong>: sono quelli che permettono all&#8217;utente di navigare all&#8217;interno di un sito web, di una piattaforma o di un&#8217;applicazione e di utilizzare le diverse opzioni o i servizi presenti in esso<em>.<\/em><\/p>\n\n\n\n<p><strong><em>Cookie <\/em><\/strong><strong>Analitici<\/strong>: questi cookie consentono al responsabile di monitorare e analizzare il comportamento degli utenti dei siti web a cui sono collegati. Le informazioni raccolte attraverso questo tipo di <em>cookie <\/em>vengono utilizzate per misurare l&#8217;attivit\u00e0 dei siti web, delle applicazioni o delle piattaforme e per elaborare profili di navigazione degli utenti di tali siti, applicazioni e piattaforme, al fine di introdurre miglioramenti basati sull&#8217;analisi dei dati di utilizzo degli utenti del servizio. <\/p>\n\n\n\n<p><strong><em>Cookie <\/em><\/strong><strong>pubblicitari: <\/strong>sono quelli che permettono di gestire nel modo pi\u00f9 efficace possibile gli spazi pubblicitari che, se del caso, l&#8217;editore ha inserito su un sito web, un&#8217;applicazione o una piattaforma da cui viene fornito il servizio richiesto in base a criteri quali il contenuto modificato o la frequenza con cui vengono mostrati gli annunci.<\/p>\n\n\n\n<p><strong><em>Cookie <\/em><\/strong><strong>Cookie di pubblicit\u00e0 comportamentale<\/strong>: raccolgono informazioni sulle preferenze e sulle scelte personali dell&#8217;utente<em>(retargeting<\/em>) per consentire una gestione il pi\u00f9 possibile efficace degli spazi pubblicitari che, se del caso, l&#8217;editore ha inserito su un sito web, un&#8217;applicazione o una piattaforma da cui viene fornito il servizio richiesto.<\/p>\n\n\n\n<p><strong><em>Cookie <\/em><\/strong><strong>social<\/strong>: sono impostati dalle piattaforme di social media sui Servizi per consentirti di condividere i contenuti con i tuoi amici e le tue reti. Le piattaforme di social media hanno la possibilit\u00e0 di tracciare la tua attivit\u00e0 online al di fuori dei Servizi. Ci\u00f2 pu\u00f2 influenzare i contenuti e i messaggi che l&#8217;utente vede su altri servizi che visita. <strong><em>Cookie <\/em><\/strong><strong>cookie di affiliazione<\/strong>: consentono di tracciare le visite da altri siti web con i quali il sito  <\/p>\n\n\n\n<p>web stabilisce un contratto di affiliazione (societ\u00e0 di affiliazione).<\/p>\n\n\n\n<p><strong><em>Cookie <\/em><\/strong><strong>cookie di sicurezza<\/strong>: memorizzano informazioni criptate per evitare che i dati in essi memorizzati siano vulnerabili ad attacchi malevoli da parte di terzi.<\/p>\n\n\n\n<h2 class=\"wp-block-heading\">IN BASE ALLA PROPRIET\u00c0<\/h2>\n\n\n\n<p><strong><em>Cookies <\/em><\/strong><strong>propri<\/strong>: sono quelli che vengono inviati al terminale dell&#8217;utente da un computer o da un dominio gestito dall&#8217;editore stesso e dal quale viene fornito il servizio richiesto dall&#8217;utente.<\/p>\n\n\n\n<p><strong><em>Cookie <\/em><\/strong><strong>Cookie di terze parti: <\/strong>quelli che vengono inviati al terminale dell&#8217;utente da un computer o da un dominio non gestito dall&#8217;editore, ma da un&#8217;altra entit\u00e0 che elabora i dati ottenuti attraverso i cookie.<\/p>\n\n\n\n<h2 class=\"wp-block-heading\">IN BASE ALLA DURATA DI CONSERVAZIONE<\/h2>\n\n\n\n<p><strong><em>Cookie <\/em><\/strong><strong>Cookie di sessione: <\/strong>si tratta di un tipo di <em>cookie <\/em>progettato per raccogliere e memorizzare i dati mentre l&#8217;utente accede a una pagina web.<\/p>\n\n\n\n<p><strong><em>Cookie <\/em><\/strong><strong>Cookie persistenti: si tratta di <\/strong>un tipo di cookie in cui i dati rimangono memorizzati nel terminale e possono essere consultati ed elaborati per un periodo definito dalla parte responsabile del <em>cookie<\/em>, che pu\u00f2 variare da pochi minuti a diversi anni.<\/p>\n\n\n\n<h2 class=\"wp-block-heading\">TRATTAMENTO DEI DATI PERSONALI<\/h2>\n\n\n\n<p>EFFICE COMUNICACIONS, S.L. \u00e8 il <strong>Titolare del <\/strong>trattamento dei dati personali dell&#8217;<strong>Interessato <\/strong>e ti informa che tali dati saranno trattati in conformit\u00e0 alle disposizioni del Regolamento (UE) 2016\/679 del 27 aprile 2016 (GDPR), per cui ti vengono fornite le seguenti informazioni sul trattamento:<\/p>\n\n\n\n<p><strong>Finalit\u00e0<\/strong> <strong>del<\/strong> <strong>trattamento:<\/strong> come specificato nella sezione sui <em>cookie <\/em>utilizzati in questo sito web.<\/p>\n\n\n\n<p><strong>Legittimazione del trattamento<\/strong>: con il consenso dell&#8217;interessato (art. 6.1 GDPR).<\/p>\n\n\n\n<p><strong>Criteri di<\/strong> <strong>conservazione<\/strong> <strong>dei dati<\/strong>: come specificato nella sezione relativa ai <em>cookie <\/em>utilizzati sul sito web.<\/p>\n\n\n\n<p><strong>Comunicazione dei dati<\/strong>: i dati non saranno comunicati a terzi, ad eccezione dei cookie di propriet\u00e0 di terzi o per obbligo di legge.<\/p>\n\n\n\n<h2 class=\"wp-block-heading\">Diritti dell&#8217;Interessato:<\/h2>\n\n\n\n<ul class=\"wp-block-list\">\n<li>Diritto di ritirare il consenso in qualsiasi momento<\/li>\n\n\n\n<li>Diritto di accesso, rettifica, portabilit\u00e0 e cancellazione dei tuoi dati e diritto di limitare o opporsi all&#8217;uso dei tuoi dati.<\/li>\n\n\n\n<li>Il diritto di proporre reclamo all&#8217;autorit\u00e0 di controllo (www.aepd.es) qualora ritenga che il trattamento non sia conforme alla normativa vigente.<\/li>\n<\/ul>\n\n\n\n<h2 class=\"wp-block-heading\">Contatti per esercitare i tuoi diritti:<\/h2>\n\n\n\n<p>EFFICE COMUNICACIONS, S.L.. Passeig de Gr\u00e0cia, 101 2 2 &#8211; 08008 Barcellona (Barcellona).  E-mail: <a href=\"mailto:info@montessorispace.com\">info@montessorispace.com<\/a><\/p>\n\n\n\n<h2 class=\"wp-block-heading\">COOKIE UTILIZZATI IN QUESTO SITO WEB<\/h2>\n\n\n\n<figure class=\"wp-block-table\"><table class=\"has-fixed-layout\"><tbody><tr><td><\/td><\/tr><tr><td><\/td><td><\/td><\/tr><\/tbody><\/table><\/figure>\n\n\n\n<figure class=\"wp-block-table\"><table class=\"has-fixed-layout\"><tbody><tr><td><\/td><\/tr><tr><td><\/td><td><\/td><\/tr><\/tbody><\/table><\/figure>\n\n\n\n<figure class=\"wp-block-table\"><table class=\"has-fixed-layout\"><tbody><tr><td><strong>Propriet\u00e0<\/strong><\/td><td><strong>Biscotto<\/strong><\/td><td><strong>Scopo<\/strong><\/td><td><strong>Scadenza<\/strong><\/td><\/tr><tr><td><strong><\/strong>linkedin.com<\/td><td><strong><\/strong><strong>lang<\/strong><\/td><td>Salva le preferenze linguistiche dell&#8217;utente per un sito web.<\/td><td><strong><\/strong>in 13 giorni<\/td><\/tr><tr><td><strong><\/strong>linkedin.com<\/td><td><strong><\/strong><strong>li_gc<\/strong><\/td><td>Cookie necessario per l&#8217;utilizzo delle opzioni e dei servizi del sito web.<\/td><td><strong><\/strong>in 2 anni<\/td><\/tr><tr><td><strong><\/strong>linkedin.com<\/td><td><strong><\/strong><strong>li_mc<\/strong><\/td><td>Cookie necessario per l&#8217;utilizzo delle opzioni e dei servizi del sito web.<\/td><td><strong><\/strong>in 2 anni<\/td><\/tr><tr><td><strong><\/strong>linkedin.com<\/td><td><strong><\/strong><strong>liap<\/strong><\/td><td>Cookie necessario per l&#8217;utilizzo delle opzioni e dei servizi del sito web.<\/td><td><strong><\/strong>in un anno<\/td><\/tr><tr><td><strong><\/strong>linkedin.com<\/td><td><strong><\/strong><strong>lissc<\/strong><\/td><td>Cookie necessario per l&#8217;utilizzo delle opzioni e dei servizi del sito web.<\/td><td><strong><\/strong>in 8 mesi<\/td><\/tr><tr><td><strong><\/strong>montessorispace.com<\/td><td><strong>_ga_HJYKM8XGV M<\/strong><\/td><td>Cookie necessario per l&#8217;utilizzo delle opzioni e dei servizi del sito web.<\/td><td><strong><\/strong>in 2 anni<\/td><\/tr><tr><td><strong><\/strong>montessorispace.com<\/td><td><strong>_gat_UA-59796741<\/strong><strong>-1<\/strong><\/td><td>Cookie necessario per l&#8217;utilizzo delle opzioni e dei servizi del sito web.<\/td><td><strong><\/strong>Sessione<\/td><\/tr><tr><td><strong><\/strong>montessorispace.com<\/td><td><strong>outbrain_cid_fetc h<\/strong><\/td><td>Cookie necessario per l&#8217;utilizzo delle opzioni e dei servizi del sito web.<\/td><td><strong><\/strong>Sessione<\/td><\/tr><tr><td><strong><\/strong>montessorispace.com<\/td><td><strong><\/strong><strong>pd_cc<\/strong><\/td><td>Cookie necessario per l&#8217;utilizzo delle opzioni e dei servizi del sito web.<\/td><td><strong><\/strong>in 13 giorni<\/td><\/tr><tr><td><strong><\/strong>montessorispace.com<\/td><td><strong>wp- <\/strong><strong>wpml_current_lan guage<\/strong><\/td><td><strong><\/strong>Cookie necessario per l&#8217;utilizzo delle opzioni e dei servizi del sito web.<\/td><td><strong><\/strong>in 20 ore<\/td><\/tr><tr><td><strong><\/strong>vimeo.com<\/td><td><strong><\/strong><strong>giocatore<\/strong><\/td><td>Cookie necessario per l&#8217;utilizzo delle opzioni e dei servizi del sito web.<\/td><td><strong><\/strong>in un anno<\/td><\/tr><tr><td><strong><\/strong>vimeo.com<\/td><td><strong><\/strong><strong>vuid<\/strong><\/td><td>Cookie necessario per l&#8217;utilizzo delle opzioni e dei servizi del sito web.<\/td><td><strong><\/strong>in 2 anni<\/td><\/tr><\/tbody><\/table><\/figure>\n\n\n\n<figure class=\"wp-block-table\"><table class=\"has-fixed-layout\"><tbody><tr><td><\/td><\/tr><tr><td><\/td><td><\/td><\/tr><\/tbody><\/table><\/figure>\n\n\n\n<figure class=\"wp-block-table\"><table class=\"has-fixed-layout\"><tbody><tr><td><strong>Propriet\u00e0<\/strong><\/td><td><strong>Biscotto<\/strong><\/td><td><strong>Scopo<\/strong><\/td><td><strong>Scadenza<\/strong><\/td><\/tr><tr><td>montessorispace.com<\/td><td><strong>_ga<\/strong><\/td><td>ID utilizzato per identificare gli utenti<\/td><td>in 2 anni<\/td><\/tr><tr><td><strong><\/strong>montessorispace.com<\/td><td><strong><\/strong><strong>_gid<\/strong><\/td><td>ID utilizzato per identificare gli utenti per 24 ore dopo l&#8217;ultima attivit\u00e0.<\/td><td><strong><\/strong>in 20 ore<\/td><\/tr><\/tbody><\/table><\/figure>\n\n\n\n<figure class=\"wp-block-table\"><table class=\"has-fixed-layout\"><tbody><tr><td><\/td><\/tr><tr><td><\/td><td><\/td><\/tr><\/tbody><\/table><\/figure>\n\n\n\n<figure class=\"wp-block-table\"><table class=\"has-fixed-layout\"><tbody><tr><td><strong>Propriet\u00e0<\/strong><\/td><td><strong>Biscotto<\/strong><\/td><td><strong>Scopo<\/strong><\/td><td><strong>Scadenza<\/strong><\/td><\/tr><tr><td><strong><\/strong>adform.net<\/td><td><strong><\/strong><strong>C<\/strong><\/td><td>Utilizzato per determinare se il browser dell&#8217;utente accetta o meno i cookie.<\/td><td><strong><\/strong>in 14 giorni<\/td><\/tr><tr><td><strong><\/strong>adform.net<\/td><td><strong><\/strong><strong>CM<\/strong><\/td><td>Controlla se \u00e8 necessaria una nuova sincronizzazione del cookie associato (cookie impostato dal server pubblicitario).<\/td><td><strong><\/strong>in 20 ore<\/td><\/tr><tr><td><strong><\/strong>adform.net<\/td><td><strong><\/strong><strong>CM14<\/strong><\/td><td>Controlla se \u00e8 necessaria una nuova sincronizzazione del cookie associato (cookie impostato durante la sincronizzazione dei cookie).<\/td><td><strong><\/strong>in 13 giorni<\/td><\/tr><tr><td>adform.net<\/td><td><strong>uid<\/strong><\/td><td>Contiene un identificatore unico per identificare un utente<\/td><td>in 2 mesi<\/td><\/tr><tr><td><strong><\/strong>doubleclick.net<\/td><td><strong><\/strong><strong>DSID<\/strong><\/td><td>Questo cookie viene utilizzato per il targeting, l&#8217;analisi e l&#8217;ottimizzazione delle campagne pubblicitarie in DoubleClick \/ Google Marketing Suite.<\/td><td><strong><\/strong>in 5 giorni<\/td><\/tr><tr><td><strong><\/strong>doubleclick.net<\/td><td><strong><\/strong><strong>id<\/strong><\/td><td>Questo cookie viene utilizzato per il targeting, l&#8217;analisi e l&#8217;ottimizzazione delle campagne pubblicitarie in DoubleClick \/ Google Marketing Suite.<\/td><td><strong><\/strong>in 10 anni<\/td><\/tr><tr><td><strong><\/strong>doubleclick.net<\/td><td><strong><\/strong><strong>id<\/strong><\/td><td>Questo cookie viene utilizzato per il targeting, l&#8217;analisi e l&#8217;ottimizzazione delle campagne pubblicitarie in DoubleClick \/ Google Marketing Suite.<\/td><td><strong><\/strong>in 13 giorni<\/td><\/tr><tr><td><strong><\/strong>facebook.com<\/td><td><strong><\/strong><strong>datr<\/strong><\/td><td>Viene utilizzato per prevenire la creazione di account falsi\/di spam. Il cookie DATR \u00e8 associato a un browser, non a singole persone. <\/td><td><strong><\/strong>in 2 anni<\/td><\/tr><tr><td><strong><\/strong>facebook.com<\/td><td><strong><\/strong><strong>fr<\/strong><\/td><td>Contiene un identificativo unico del browser e dell&#8217;utente, che viene utilizzato per la pubblicit\u00e0 mirata.<\/td><td><strong><\/strong>in 3 mesi<\/td><\/tr><tr><td><strong><\/strong>facebook.com<\/td><td><strong><\/strong><strong>cpv.<\/strong><\/td><td>Cookie di identificazione del browser di Facebook, di autenticazione, di marketing e di altre funzioni specifiche di Facebook.<\/td><td><strong><\/strong>in 2 anni<\/td><\/tr><tr><td><strong><\/strong>linkedin.com<\/td><td><strong><\/strong><strong>bcookie<\/strong><\/td><td>Utilizzato da LinkedIn per tracciare l&#8217;utilizzo dei servizi integrati.<\/td><td><strong><\/strong>in 2 anni<\/td><\/tr><tr><td><strong><\/strong>linkedin.com<\/td><td><strong><\/strong><strong>lidc<\/strong><\/td><td>Utilizzato dal servizio di social network LinkedIn per tracciare l&#8217;utilizzo dei servizi integrati.<\/td><td><strong><\/strong>in 20 ore<\/td><\/tr><tr><td><strong><\/strong>montessorispace.com<\/td><td><strong><\/strong><strong>_fbp<\/strong><\/td><td>Utilizzato da Facebook per fornire una serie di prodotti come pubblicit\u00e0, offerte in tempo reale da parte di inserzionisti di terze parti<\/td><td><strong><\/strong>in 3 mesi<\/td><\/tr><tr><td><strong><\/strong>montessorispace.com<\/td><td><strong><\/strong><strong>_gcl_au<\/strong><\/td><td>Utilizzato da Google AdSense per sperimentare la pubblicit\u00e0 attraverso l&#8217;efficienza dei siti web che utilizzano i suoi servizi.<\/td><td><strong><\/strong>in 3 mesi<\/td><\/tr><tr><td><strong><\/strong>outbrain.com<\/td><td><strong><\/strong><strong>obuid<\/strong><\/td><td>Contiene l&#8217;ID anonimo dell&#8217;utente. Utilizzato per tracciare le azioni dell&#8217;utente, come ad esempio i clic sulle raccomandazioni. <\/td><td><strong><\/strong>in 6 giorni<\/td><\/tr><\/tbody><\/table><\/figure>\n\n\n\n<figure class=\"wp-block-table\"><table class=\"has-fixed-layout\"><tbody><tr><td><\/td><\/tr><tr><td><\/td><td><\/td><\/tr><\/tbody><\/table><\/figure>\n\n\n\n<p>I servizi di terze parti sono al di fuori del controllo dell&#8217;editore. I fornitori possono modificare in qualsiasi momento i loro termini di servizio, lo scopo e l&#8217;uso dei cookie, ecc. <\/p>\n\n\n\n<h2 class=\"wp-block-heading\">Fornitori esterni di questo sito web:<\/h2>\n\n\n\n<figure class=\"wp-block-table\"><table class=\"has-fixed-layout\"><tbody><tr><td><strong>Editore<\/strong><\/td><td><strong>Informativa sulla privacy<\/strong><\/td><\/tr><tr><td>Adform<\/td><td><a href=\"https:\/\/site.adform.com\/privacy-center\/overview\" target=\"_blank\" rel=\"noreferrer noopener\">https:\/\/site.adform.com\/privacy-center\/overview<\/a><\/td><\/tr><tr><td>DoubleClick\/Google Marketing<\/td><td>https:\/\/privacy.google.com\/take-control.html<\/td><\/tr><tr><td>Facebook<\/td><td>https:\/\/www.facebook.com\/about\/privacy\/<\/td><\/tr><tr><td>Google Analytics<\/td><td>https:\/\/privacy.google.com\/take-control.html<\/td><\/tr><tr><td>Google<\/td><td>https:\/\/privacy.google.com\/take-control.html<\/td><\/tr><tr><td>LinkedIn<\/td><td><a href=\"https:\/\/www.linkedin.com\/legal\/privacy-policy?_l=nl_NL\" target=\"_blank\" rel=\"noreferrer noopener\">https:\/\/www.linkedin.com\/legal\/privacy-policy?_l=nl_NL<\/a><\/td><\/tr><tr><td>Outbrain<\/td><td><a href=\"https:\/\/www.outbrain.com\/legal\/privacy#privacy-policy\" target=\"_blank\" rel=\"noreferrer noopener\">https:\/\/www.outbrain.com\/legal\/privacy#privacy-policy<\/a><\/td><\/tr><\/tbody><\/table><\/figure>\n\n\n\n<figure class=\"wp-block-table\"><table class=\"has-fixed-layout\"><tbody><tr><td><\/td><\/tr><tr><td><\/td><td><\/td><\/tr><\/tbody><\/table><\/figure>\n\n\n\n<p>Da questo pannello potrai configurare i cookie che il sito web pu\u00f2 installare nel tuo browser, ad eccezione dei cookie tecnici o funzionali che sono necessari per la navigazione e l&#8217;utilizzo delle diverse opzioni o servizi offerti.<\/p>\n\n\n\n<p><a href=\"https:\/\/clonemontessori-dev.host3ip.eu\/it\/informativa-sui-cookie\/#_bookmark0\">Pannello dei cookie<\/a><\/p>\n\n\n\n<figure class=\"wp-block-table\"><table class=\"has-fixed-layout\"><tbody><tr><td colspan=\"3\"><strong>COME GESTIRE I COOKIE DAL TUO BROWSER<\/strong><\/td><\/tr><tr><td colspan=\"2\"> <strong>Elimina i cookie dal tuo dispositivo<\/strong><\/td><td>I cookie gi\u00e0 presenti su un dispositivo possono essere eliminati cancellando la cronologia del browser, che elimina i cookie da tutti i siti web visitati; tuttavia, alcune delle informazioni salvate (ad esempio i dati di login o le preferenze del sito web) potrebbero andare perse.<\/td><\/tr><tr><td colspan=\"2\"><strong>Gestisci i cookie specifici del sito<\/strong><\/td><td>Per avere un controllo pi\u00f9 preciso sui cookie specifici di un sito, gli utenti possono regolare le impostazioni sulla privacy e sui cookie nel proprio browser.<\/td><\/tr><tr><td colspan=\"2\">  <strong>Blocco<\/strong> <strong>il<\/strong> <strong>biscotti<\/strong><\/td><td>Sebbene la maggior parte dei browser moderni possa essere impostata per impedire l&#8217;installazione dei cookie sul tuo dispositivo, ci\u00f2 potrebbe richiedere la regolazione manuale di alcune preferenze ogni volta che visiti un sito o una pagina. Inoltre, alcuni servizi e funzionalit\u00e0 potrebbero non funzionare correttamente (ad esempio il login al profilo). <\/td><\/tr><tr><td colspan=\"3\"><strong>COME ELIMINARE I COOKIE DAI BROWSER PI\u00d9 COMUNI<\/strong><\/td><\/tr><tr><td><strong>Cromo<\/strong><\/td><td colspan=\"2\"><a href=\"https:\/\/support.google.com\/chrome\/answer\/95647?hl=es\" target=\"_blank\" rel=\"noreferrer noopener\">http:\/\/support.google.com\/chrome\/answer\/95647?hl=es<\/a><\/td><\/tr><tr><td><strong>Internet Explorer. Versione 11 <\/strong><\/td><td colspan=\"2\">https:\/\/support.microsoft.com\/es-es\/help\/278835\/how-to-delete-cookie-files-in-internet-explorer<\/td><\/tr><tr><td><strong>Firefox. Versione 65.0.1 <\/strong><\/td><td colspan=\"2\"><a href=\"https:\/\/www.mozilla.org\/es-ES\/privacy\/websites\/#cookies\" target=\"_blank\" rel=\"noreferrer noopener\">https:\/\/www.mozilla.org\/es-ES\/privacy\/websites\/#cookies<\/a><\/td><\/tr><tr><td><strong>Versione 5.1 di Safari<\/strong><\/td><td colspan=\"2\"><a href=\"https:\/\/support.apple.com\/es-es\/guide\/safari\/sfri11471\/mac\" target=\"_blank\" rel=\"noreferrer noopener\">https:\/\/support.apple.com\/es-es\/guide\/safari\/sfri11471\/mac<\/a><\/td><\/tr><tr><td><strong>Opera<\/strong><\/td><td colspan=\"2\"><a href=\"https:\/\/help.opera.com\/en\/latest\/security-and-privacy\/#clearBrowsingData\" target=\"_blank\" rel=\"noreferrer noopener\">https:\/\/help.opera.com\/en\/latest\/security-and-privacy\/#clearBrowsingData<\/a><\/td><\/tr><\/tbody><\/table><\/figure>\n","protected":false},"excerpt":{"rendered":"<p>INFORMAZIONI SUI COOKIE A causa dell&#8217;entrata in vigore della modifica della &#8220;Ley de Servicios de la Sociedad de la Informaci\u00f3n&#8221; (LSSICE) stabilita dal Regio Decreto 13\/2012, \u00e8 obbligatorio ottenere il consenso espresso dell&#8217;utente di tutti i siti web che utilizzano cookie dispensabili, prima che l&#8217;utente li navighi. COSA SONO I BISCOTTI? I cookie e altre [&hellip;]<\/p>\n","protected":false},"author":1,"featured_media":0,"parent":0,"menu_order":0,"comment_status":"closed","ping_status":"closed","template":"","meta":{"_acf_changed":false,"footnotes":""},"class_list":["post-12843","page","type-page","status-publish","hentry"],"acf":[],"_links":{"self":[{"href":"https:\/\/clonemontessori-dev.host3ip.eu\/it\/wp-json\/wp\/v2\/pages\/12843","targetHints":{"allow":["GET"]}}],"collection":[{"href":"https:\/\/clonemontessori-dev.host3ip.eu\/it\/wp-json\/wp\/v2\/pages"}],"about":[{"href":"https:\/\/clonemontessori-dev.host3ip.eu\/it\/wp-json\/wp\/v2\/types\/page"}],"author":[{"embeddable":true,"href":"https:\/\/clonemontessori-dev.host3ip.eu\/it\/wp-json\/wp\/v2\/users\/1"}],"replies":[{"embeddable":true,"href":"https:\/\/clonemontessori-dev.host3ip.eu\/it\/wp-json\/wp\/v2\/comments?post=12843"}],"version-history":[{"count":7,"href":"https:\/\/clonemontessori-dev.host3ip.eu\/it\/wp-json\/wp\/v2\/pages\/12843\/revisions"}],"predecessor-version":[{"id":425559,"href":"https:\/\/clonemontessori-dev.host3ip.eu\/it\/wp-json\/wp\/v2\/pages\/12843\/revisions\/425559"}],"wp:attachment":[{"href":"https:\/\/clonemontessori-dev.host3ip.eu\/it\/wp-json\/wp\/v2\/media?parent=12843"}],"curies":[{"name":"wp","href":"https:\/\/api.w.org\/{rel}","templated":true}]}}