{"id":11525,"date":"2025-07-11T11:51:42","date_gmt":"2025-07-11T09:51:42","guid":{"rendered":"https:\/\/clonemontessori-dev.host3ip.eu\/?post_type=product&#038;p=11525"},"modified":"2025-11-17T17:19:57","modified_gmt":"2025-11-17T16:19:57","slug":"sviluppo-del-movimento","status":"publish","type":"product","link":"https:\/\/clonemontessori-dev.host3ip.eu\/it\/corsi\/sviluppo-del-movimento\/","title":{"rendered":"Sviluppo del Movimento 0 a 3 anni"},"content":{"rendered":"<p>Il\u00a0<strong>movimento<\/strong>\u00a0\u00e8 una delle prime conquiste nella vita di un bambino, poich\u00e9 implica un cambiamento nel suo modo di guardare il mondo. Le abilit\u00e0 fisiche hanno importanti ripercussioni sullo sviluppo cognitivo, emotivo e sociale.<\/p>\n<p>Per questo motivo, questo corso si concentra sul ruolo dell\u2019adulto come responsabile di uno spazio adeguato e sicuro dove il bambino possa svilupparsi in pace e libert\u00e0, promuovendo questa autonomia in modo naturale.<\/p>\n","protected":false},"excerpt":{"rendered":"<p>Il\u00a0movimento\u00a0\u00e8 una delle prime conquiste nella vita di un bambino, poich\u00e9 implica un cambiamento nel suo modo di guardare il mondo. Le abilit\u00e0 fisiche hanno importanti ripercussioni sullo sviluppo cognitivo, emotivo e sociale. Per questo motivo, questo corso si concentra sul ruolo dell\u2019adulto come responsabile di uno spazio adeguato e sicuro dove il bambino possa [&hellip;]<\/p>\n","protected":false},"featured_media":11406,"template":"","meta":{"_acf_changed":false},"product_brand":[],"product_cat":[100,160,164,156],"product_tag":[],"tematica":[220],"class_list":{"0":"post-11525","1":"product","2":"type-product","3":"status-publish","4":"has-post-thumbnail","6":"product_cat-corsi","7":"product_cat-genitori","8":"product_cat-0-3-anni","9":"product_cat-insegnanti","10":"tematica-desarrollo-infantil","12":"first","13":"instock","14":"sale","15":"virtual","16":"taxable","17":"purchasable","18":"product-type-simple"},"acf":[],"_links":{"self":[{"href":"https:\/\/clonemontessori-dev.host3ip.eu\/it\/wp-json\/wp\/v2\/product\/11525","targetHints":{"allow":["GET"]}}],"collection":[{"href":"https:\/\/clonemontessori-dev.host3ip.eu\/it\/wp-json\/wp\/v2\/product"}],"about":[{"href":"https:\/\/clonemontessori-dev.host3ip.eu\/it\/wp-json\/wp\/v2\/types\/product"}],"wp:featuredmedia":[{"embeddable":true,"href":"https:\/\/clonemontessori-dev.host3ip.eu\/it\/wp-json\/wp\/v2\/media\/11406"}],"wp:attachment":[{"href":"https:\/\/clonemontessori-dev.host3ip.eu\/it\/wp-json\/wp\/v2\/media?parent=11525"}],"wp:term":[{"taxonomy":"product_brand","embeddable":true,"href":"https:\/\/clonemontessori-dev.host3ip.eu\/it\/wp-json\/wp\/v2\/product_brand?post=11525"},{"taxonomy":"product_cat","embeddable":true,"href":"https:\/\/clonemontessori-dev.host3ip.eu\/it\/wp-json\/wp\/v2\/product_cat?post=11525"},{"taxonomy":"product_tag","embeddable":true,"href":"https:\/\/clonemontessori-dev.host3ip.eu\/it\/wp-json\/wp\/v2\/product_tag?post=11525"},{"taxonomy":"tematica","embeddable":true,"href":"https:\/\/clonemontessori-dev.host3ip.eu\/it\/wp-json\/wp\/v2\/tematica?post=11525"}],"curies":[{"name":"wp","href":"https:\/\/api.w.org\/{rel}","templated":true}]}}