{"id":12892,"date":"2025-09-22T11:54:42","date_gmt":"2025-09-22T09:54:42","guid":{"rendered":"https:\/\/clonemontessori-dev.host3ip.eu\/?post_type=product&#038;p=12892"},"modified":"2025-11-28T15:14:32","modified_gmt":"2025-11-28T14:14:32","slug":"master-in-pedagogia-montessori-educazione-primaria-6-12-anni-copia-2","status":"publish","type":"product","link":"https:\/\/clonemontessori-dev.host3ip.eu\/it\/maestro-montessori\/master-in-pedagogia-montessori-educazione-primaria-6-12-anni-copia-2\/","title":{"rendered":"Master in Pedagogia Montessori | Educazione Infantile 0 &#8211; 6 anni"},"content":{"rendered":"<p>Le due principali leggi che regolano lo sviluppo del bambino e le loro sottofasi (da 0 a 3 anni e da 3 a 6 anni) sono la mente assorbente e i periodi sensibili.<\/p>\n<h4>La Mente Assorbente<\/h4>\n<p>La Mente Assorbente del bambino \u00e8 una forma mentale infantile unica che permette al bambino di assimilare senza sforzo e perfettamente. Il bambino non \u00e8 selettivo, cio\u00e8 apprende e apprezza ci\u00f2 che il suo ambiente gli offre: non pu\u00f2 decidere cosa imparare e cosa no.<\/p>\n<p>Ad esempio,\u00a0<strong>nei primi 3 anni di vita<\/strong>, questa mente assorbente funziona inconsciamente (questo \u00e8 uno dei motivi per cui non abbiamo quasi ricordi prima dei 3 anni). Dall\u2019<strong>et\u00e0 di 3 anni<\/strong>, la mente si sta trasformando e all\u2019et\u00e0 di 6 anni i bambini sono gi\u00e0 consapevoli di se stessi e del loro apprendimento.<\/p>\n<h4>I periodi sensibili<\/h4>\n<p>I periodi sensibili sono particolari sensibilit\u00e0 che spingono i bambini a raccogliere dall\u2019ambiente ci\u00f2 di cui hanno bisogno per costruirsi: linguaggio e movimento.<\/p>\n<p><b>1. L\u2019acquisizione del linguaggio\u00a0<\/b>\u00e8 l\u2019esempio pi\u00f9 ovvio di come i bambini apprendono: gli esseri umani hanno il potenziale per imparare qualsiasi lingua se la assorbono nei primi 3 anni di vita.<\/p>\n<p>Per farlo segue lo stesso schema: riproduce e pratica solo i suoni della lingua che sente nei primi mesi di vita, ma prima dei 2 anni sar\u00e0 in grado di esprimersi adeguatamente. Tuttavia, tra i 3 ei 6 anni, il suo vocabolario aumenta e usa tutte le parti del discorso.<b><br \/>\n<\/b><\/p>\n<p><b>2. Movimento<\/b>:\u00a0lo sviluppo dell\u2019equilibrio avviene nel primo anno di vita, ma il bambino acquisir\u00e0 altre abilit\u00e0 dopo aver camminato, come salire e scendere i gradini, saltare, arrampicarsi, ecc. Questi sono esempi di abilit\u00e0 che perfezioni tra i 3 e i 6 anni, oltre a padroneggiare la coordinazione motoria fina.<\/p>\n<p>Il cervello del neonato \u00e8 dotato di circa 16 trilioni di cellule cerebrali, ma<strong>\u00a0l\u2019importanza dello sviluppo cerebrale non dipende tanto dal numero di neuroni,<\/strong>\u00a0quanto dalle connessioni cerebrali che il bambino riesce a stabilire.<\/p>\n<p>Per questo \u00e8 fondamentale concedergli esperienze di esplorazione dell\u2019ambiente e di movimento. La loro naturale tendenza alla ripetizione permette ai bambini di fare quei collegamenti e alla fine di creare mappe nel cervello. Ci\u00f2 che<strong>\u00a0non viene ripetuto o non utilizzato viene dimenticato<\/strong>, quindi la permanenza dell\u2019apprendimento \u00e8 legata alla ripetizione.<\/p>\n","protected":false},"excerpt":{"rendered":"<p>Programma tenuto dall \u201c<strong>IMI<\/strong> in collaborazione con l\u201d<strong>UB<\/strong>, basato sul metodo Montessori, riconosciuto a livello mondiale e supportato scientificamente. Forma educatori per la fascia d \u201cet\u00e0 compresa tra i 6 e i 12 anni, promuovendo lo sviluppo globale dei bambini e migliorando la qualit\u00e0 dell\u201d istruzione.<\/p>\n","protected":false},"featured_media":4437,"template":"","meta":{"_acf_changed":false},"product_brand":[],"product_cat":[180],"product_tag":[],"tematica":[],"class_list":{"0":"post-12892","1":"product","2":"type-product","3":"status-publish","4":"has-post-thumbnail","6":"product_cat-maestro-montessori","8":"first","9":"instock","10":"sale","11":"featured","12":"sold-individually","13":"taxable","14":"shipping-taxable","15":"purchasable","16":"product-type-variable-subscription"},"acf":[],"_links":{"self":[{"href":"https:\/\/clonemontessori-dev.host3ip.eu\/it\/wp-json\/wp\/v2\/product\/12892","targetHints":{"allow":["GET"]}}],"collection":[{"href":"https:\/\/clonemontessori-dev.host3ip.eu\/it\/wp-json\/wp\/v2\/product"}],"about":[{"href":"https:\/\/clonemontessori-dev.host3ip.eu\/it\/wp-json\/wp\/v2\/types\/product"}],"wp:featuredmedia":[{"embeddable":true,"href":"https:\/\/clonemontessori-dev.host3ip.eu\/it\/wp-json\/wp\/v2\/media\/4437"}],"wp:attachment":[{"href":"https:\/\/clonemontessori-dev.host3ip.eu\/it\/wp-json\/wp\/v2\/media?parent=12892"}],"wp:term":[{"taxonomy":"product_brand","embeddable":true,"href":"https:\/\/clonemontessori-dev.host3ip.eu\/it\/wp-json\/wp\/v2\/product_brand?post=12892"},{"taxonomy":"product_cat","embeddable":true,"href":"https:\/\/clonemontessori-dev.host3ip.eu\/it\/wp-json\/wp\/v2\/product_cat?post=12892"},{"taxonomy":"product_tag","embeddable":true,"href":"https:\/\/clonemontessori-dev.host3ip.eu\/it\/wp-json\/wp\/v2\/product_tag?post=12892"},{"taxonomy":"tematica","embeddable":true,"href":"https:\/\/clonemontessori-dev.host3ip.eu\/it\/wp-json\/wp\/v2\/tematica?post=12892"}],"curies":[{"name":"wp","href":"https:\/\/api.w.org\/{rel}","templated":true}]}}