{"id":12896,"date":"2025-09-22T11:55:43","date_gmt":"2025-09-22T09:55:43","guid":{"rendered":"https:\/\/clonemontessori-dev.host3ip.eu\/?post_type=product&#038;p=12896"},"modified":"2025-11-18T13:33:58","modified_gmt":"2025-11-18T12:33:58","slug":"master-in-pedagogia-montessori-educazione-primaria-6-12-anni-copia","status":"publish","type":"product","link":"https:\/\/clonemontessori-dev.host3ip.eu\/it\/maestro-montessori\/master-in-pedagogia-montessori-educazione-primaria-6-12-anni-copia\/","title":{"rendered":"Master in Pedagogia Montessori | Educazione Primaria 6-12 anni"},"content":{"rendered":"<p><strong>Master in Pedagogia Montessoriana per la Formazione Primaria, tenuto dall \u201cIstituto Internazionale Montessori (IMI) in collaborazione con l\u201d Universit\u00e0 di Barcellona (UB). <\/strong><\/p>\n<p>Nella prima met\u00e0 del XX secolo, la dottoressa Maria Montessori ha sviluppato una pedagogia che \u00e8 riconosciuta a livello internazionale e approvata dalla comunit\u00e0 scientifica di oggi. La filosofia di questo metodo consiste nel formare gli esseri umani come individui unici, mettendoli in grado di agire con dignit\u00e0, intelligenza e libert\u00e0. Come? Attraverso l&#8217;osservazione scientifica dei bambini: ci\u00f2 che li interessa, le loro capacit\u00e0, il loro potenziale e le diverse fasi di sviluppo durante la loro crescita.<\/p>\n<p>Il Master in Educazione Primaria Montessori fornisce le basi scientifiche, filosofiche e metodologiche affinch\u00e9 gli studenti possano lavorare come formatori Montessori nelle fasce di et\u00e0 6-9 e 9-12 anni. In questo modo, saranno in grado di lavorare con un approccio pedagogico globale e di qualit\u00e0 nel trattamento e nell&#8217;educazione dei bambini, sviluppando il loro corpo, la loro mente e le loro emozioni.<\/p>\n","protected":false},"excerpt":{"rendered":"<p>Programma tenuto dall \u201c<strong>IMI<\/strong> in collaborazione con l\u201d<strong>UB<\/strong>, basato sul metodo Montessori, riconosciuto a livello mondiale e supportato scientificamente. Forma educatori per la fascia d \u201cet\u00e0 compresa tra i 6 e i 12 anni, promuovendo lo sviluppo globale dei bambini e migliorando la qualit\u00e0 dell\u201d istruzione.<\/p>\n","protected":false},"featured_media":11462,"template":"","meta":{"_acf_changed":false},"product_brand":[],"product_cat":[180],"product_tag":[],"tematica":[],"class_list":{"0":"post-12896","1":"product","2":"type-product","3":"status-publish","4":"has-post-thumbnail","6":"product_cat-maestro-montessori","8":"first","9":"instock","10":"sale","11":"featured","12":"sold-individually","13":"taxable","14":"shipping-taxable","15":"purchasable","16":"product-type-variable-subscription"},"acf":[],"_links":{"self":[{"href":"https:\/\/clonemontessori-dev.host3ip.eu\/it\/wp-json\/wp\/v2\/product\/12896","targetHints":{"allow":["GET"]}}],"collection":[{"href":"https:\/\/clonemontessori-dev.host3ip.eu\/it\/wp-json\/wp\/v2\/product"}],"about":[{"href":"https:\/\/clonemontessori-dev.host3ip.eu\/it\/wp-json\/wp\/v2\/types\/product"}],"wp:featuredmedia":[{"embeddable":true,"href":"https:\/\/clonemontessori-dev.host3ip.eu\/it\/wp-json\/wp\/v2\/media\/11462"}],"wp:attachment":[{"href":"https:\/\/clonemontessori-dev.host3ip.eu\/it\/wp-json\/wp\/v2\/media?parent=12896"}],"wp:term":[{"taxonomy":"product_brand","embeddable":true,"href":"https:\/\/clonemontessori-dev.host3ip.eu\/it\/wp-json\/wp\/v2\/product_brand?post=12896"},{"taxonomy":"product_cat","embeddable":true,"href":"https:\/\/clonemontessori-dev.host3ip.eu\/it\/wp-json\/wp\/v2\/product_cat?post=12896"},{"taxonomy":"product_tag","embeddable":true,"href":"https:\/\/clonemontessori-dev.host3ip.eu\/it\/wp-json\/wp\/v2\/product_tag?post=12896"},{"taxonomy":"tematica","embeddable":true,"href":"https:\/\/clonemontessori-dev.host3ip.eu\/it\/wp-json\/wp\/v2\/tematica?post=12896"}],"curies":[{"name":"wp","href":"https:\/\/api.w.org\/{rel}","templated":true}]}}