{"id":9713,"date":"2025-01-06T15:32:00","date_gmt":"2025-01-06T14:32:00","guid":{"rendered":"https:\/\/clonemontessori-dev.host3ip.eu\/senza-categoria\/edad-0-3-old\/"},"modified":"2025-12-03T04:07:24","modified_gmt":"2025-12-03T03:07:24","slug":"edad-0-3","status":"publish","type":"product","link":"https:\/\/clonemontessori-dev.host3ip.eu\/it\/guida-al-corso\/edad-0-3\/","title":{"rendered":"Formazione Guida Montessori 0-3 | Bambini da 0 a 3 anni"},"content":{"rendered":"","protected":false},"excerpt":{"rendered":"<p>Programa impartido por el <strong>IMI<\/strong> en colaboraci\u00f3n con la <strong>UB<\/strong>, basado en el m\u00e9todo Montessori, reconocido a nivel mundial y respaldado cient\u00edficamente. Forma educadores para las etapas 0-6 a\u00f1os, promoviendo el desarrollo integral de los ni\u00f1os y mejorando la calidad educativa.<\/p>\n","protected":false},"featured_media":4145,"template":"","meta":{"_acf_changed":false},"product_brand":[],"product_cat":[176],"product_tag":[],"tematica":[],"class_list":{"0":"post-9713","1":"product","2":"type-product","3":"status-publish","4":"has-post-thumbnail","6":"product_cat-guida-al-corso","8":"first","9":"instock","10":"sale","11":"sold-individually","12":"taxable","13":"shipping-taxable","14":"purchasable","15":"product-type-variable-subscription"},"acf":[],"_links":{"self":[{"href":"https:\/\/clonemontessori-dev.host3ip.eu\/it\/wp-json\/wp\/v2\/product\/9713","targetHints":{"allow":["GET"]}}],"collection":[{"href":"https:\/\/clonemontessori-dev.host3ip.eu\/it\/wp-json\/wp\/v2\/product"}],"about":[{"href":"https:\/\/clonemontessori-dev.host3ip.eu\/it\/wp-json\/wp\/v2\/types\/product"}],"wp:featuredmedia":[{"embeddable":true,"href":"https:\/\/clonemontessori-dev.host3ip.eu\/it\/wp-json\/wp\/v2\/media\/4145"}],"wp:attachment":[{"href":"https:\/\/clonemontessori-dev.host3ip.eu\/it\/wp-json\/wp\/v2\/media?parent=9713"}],"wp:term":[{"taxonomy":"product_brand","embeddable":true,"href":"https:\/\/clonemontessori-dev.host3ip.eu\/it\/wp-json\/wp\/v2\/product_brand?post=9713"},{"taxonomy":"product_cat","embeddable":true,"href":"https:\/\/clonemontessori-dev.host3ip.eu\/it\/wp-json\/wp\/v2\/product_cat?post=9713"},{"taxonomy":"product_tag","embeddable":true,"href":"https:\/\/clonemontessori-dev.host3ip.eu\/it\/wp-json\/wp\/v2\/product_tag?post=9713"},{"taxonomy":"tematica","embeddable":true,"href":"https:\/\/clonemontessori-dev.host3ip.eu\/it\/wp-json\/wp\/v2\/tematica?post=9713"}],"curies":[{"name":"wp","href":"https:\/\/api.w.org\/{rel}","templated":true}]}}