{"id":11129,"date":"2025-05-27T15:03:08","date_gmt":"2025-05-27T13:03:08","guid":{"rendered":"https:\/\/clonemontessori-dev.host3ip.eu\/anuario-imi\/"},"modified":"2025-08-04T16:02:59","modified_gmt":"2025-08-04T14:02:59","slug":"anuario-imi","status":"publish","type":"page","link":"https:\/\/clonemontessori-dev.host3ip.eu\/pt-pt\/anuario-imi\/","title":{"rendered":"Anu\u00e1rio IMI"},"content":{"rendered":"\t\t<div data-elementor-type=\"wp-page\" data-elementor-id=\"11129\" class=\"elementor elementor-11129 elementor-6864\" data-elementor-post-type=\"page\">\n\t\t\t\t<div class=\"elementor-element elementor-element-ec89e95 e-con-full e-flex e-con e-parent\" data-id=\"ec89e95\" data-element_type=\"container\" data-settings=\"{&quot;jet_parallax_layout_list&quot;:[]}\">\n\t\t<div class=\"elementor-element elementor-element-24215b3 e-flex e-con-boxed e-con e-child\" data-id=\"24215b3\" data-element_type=\"container\" data-settings=\"{&quot;jet_parallax_layout_list&quot;:[]}\">\n\t\t\t\t\t<div class=\"e-con-inner\">\n\t\t\t\t<div class=\"elementor-element elementor-element-360fb1f elementor-widget__width-initial elementor-widget elementor-widget-heading\" data-id=\"360fb1f\" data-element_type=\"widget\" data-widget_type=\"heading.default\">\n\t\t\t\t<div class=\"elementor-widget-container\">\n\t\t\t\t\t<p class=\"elementor-heading-title elementor-size-default\">Anu\u00e1rio IMI 2021<\/p>\t\t\t\t<\/div>\n\t\t\t\t<\/div>\n\t\t\t\t<div class=\"elementor-element elementor-element-a4554b6 elementor-widget elementor-widget-heading\" data-id=\"a4554b6\" data-element_type=\"widget\" data-widget_type=\"heading.default\">\n\t\t\t\t<div class=\"elementor-widget-container\">\n\t\t\t\t\t<h2 class=\"elementor-heading-title elementor-size-default\">Pedagogia Montessori e inova\u00e7\u00e3o educativa\n<\/h2>\t\t\t\t<\/div>\n\t\t\t\t<\/div>\n\t\t\t\t\t<\/div>\n\t\t\t\t<\/div>\n\t\t<main class=\"elementor-element elementor-element-e828b0f e-con-full e-flex e-con e-child\" data-id=\"e828b0f\" data-element_type=\"container\" data-settings=\"{&quot;background_background&quot;:&quot;classic&quot;,&quot;jet_parallax_layout_list&quot;:[]}\">\n\t\t\t\t<div class=\"elementor-element elementor-element-f9c6c76 e-transform elementor-widget elementor-widget-image\" data-id=\"f9c6c76\" data-element_type=\"widget\" data-settings=\"{&quot;_transform_rotateZ_effect&quot;:{&quot;unit&quot;:&quot;px&quot;,&quot;size&quot;:2.41,&quot;sizes&quot;:[]},&quot;_transform_rotateZ_effect_mobile&quot;:{&quot;unit&quot;:&quot;deg&quot;,&quot;size&quot;:-2,&quot;sizes&quot;:[]},&quot;_transform_rotateZ_effect_laptop&quot;:{&quot;unit&quot;:&quot;deg&quot;,&quot;size&quot;:&quot;&quot;,&quot;sizes&quot;:[]},&quot;_transform_rotateZ_effect_tablet_extra&quot;:{&quot;unit&quot;:&quot;deg&quot;,&quot;size&quot;:&quot;&quot;,&quot;sizes&quot;:[]},&quot;_transform_rotateZ_effect_tablet&quot;:{&quot;unit&quot;:&quot;deg&quot;,&quot;size&quot;:&quot;&quot;,&quot;sizes&quot;:[]},&quot;_transform_rotateZ_effect_mobile_extra&quot;:{&quot;unit&quot;:&quot;deg&quot;,&quot;size&quot;:&quot;&quot;,&quot;sizes&quot;:[]}}\" data-widget_type=\"image.default\">\n\t\t\t\t<div class=\"elementor-widget-container\">\n\t\t\t\t\t\t\t\t\t\t\t\t\t\t\t<img fetchpriority=\"high\" decoding=\"async\" width=\"800\" height=\"485\" src=\"https:\/\/clonemontessori-dev.host3ip.eu\/wp-content\/uploads\/imagenes-941-800x485.jpg\" class=\"attachment-medium size-medium wp-image-6554\" alt=\"\" srcset=\"https:\/\/clonemontessori-dev.host3ip.eu\/wp-content\/uploads\/imagenes-941-800x485.jpg 800w, https:\/\/clonemontessori-dev.host3ip.eu\/wp-content\/uploads\/imagenes-941-1280x776.jpg 1280w, https:\/\/clonemontessori-dev.host3ip.eu\/wp-content\/uploads\/imagenes-941-300x182.jpg 300w, https:\/\/clonemontessori-dev.host3ip.eu\/wp-content\/uploads\/imagenes-941-768x465.jpg 768w, https:\/\/clonemontessori-dev.host3ip.eu\/wp-content\/uploads\/imagenes-941-1536x931.jpg 1536w, https:\/\/clonemontessori-dev.host3ip.eu\/wp-content\/uploads\/imagenes-941-600x364.jpg 600w, https:\/\/clonemontessori-dev.host3ip.eu\/wp-content\/uploads\/imagenes-941.jpg 1680w\" sizes=\"(max-width: 800px) 100vw, 800px\" \/>\t\t\t\t\t\t\t\t\t\t\t\t\t\t\t<\/div>\n\t\t\t\t<\/div>\n\t\t\t\t<\/main>\n\t\t\t\t<\/div>\n\t\t<div class=\"elementor-element elementor-element-aace6b1 e-flex e-con-boxed e-con e-parent\" data-id=\"aace6b1\" data-element_type=\"container\" data-settings=\"{&quot;jet_parallax_layout_list&quot;:[]}\">\n\t\t\t\t\t<div class=\"e-con-inner\">\n\t\t\t\t<div class=\"elementor-element elementor-element-7494da0 elementor-widget elementor-widget-text-editor\" data-id=\"7494da0\" data-element_type=\"widget\" data-widget_type=\"text-editor.default\">\n\t\t\t\t<div class=\"elementor-widget-container\">\n\t\t\t\t\t\t\t\t\t<p>\u00c9 o primeiro anu\u00e1rio do <strong>Instituto Internacional Montessori (IMI)<\/strong>, criado com o objetivo de refletir sobre a pr\u00e1tica educativa atual, valorizar o trabalho dos professores e divulgar a pedagogia Montessori.<\/p><div class=\"su-spacer\"> <\/div><p>Nesta primeira edi\u00e7\u00e3o, encontrar\u00e1s<\/p><ul><li>Uma <strong>sec\u00e7\u00e3o Montessori<\/strong> por Adela Vizca\u00edno, diretora pedag\u00f3gica do IMI, sobre a utiliza\u00e7\u00e3o de materiais Montessori, o ciclo de trabalho e as idades mistas nas salas de aula Montessori.<\/li><li>Um <strong>estudo de campo com mais de 150 profissionais da educa\u00e7\u00e3o<\/strong> sobre a situa\u00e7\u00e3o atual da pr\u00e1tica educativa.<\/li><li>Um <strong>espa\u00e7o para a opini\u00e3o dos professores<\/strong> sobre os desafios que se colocam \u00e0 educa\u00e7\u00e3o nos pr\u00f3ximos anos.<\/li><li><strong>Entrevistas com profissionais Montessori<\/strong>: Elena Moreta, diretora da escola Montessori Cuarto Creciente; Graciela Heguy, fundadora do projeto social Innovar; e D\u00e1cil Martin, antigo aluno do IMI e atual diretor da Kaizen Montessori.<\/li><\/ul><p>Recomendamos o Anu\u00e1rio IMI quer sejas um professor numa escola n\u00e3o-Montessori, um Guia Montessori ou um Assistente Montessori, e especialmente se estiveres interessado em criar um centro Montessori. <strong>Descarrega-o gratuitamente clicando no banner ou <a href=\"https:\/\/montessorispace.com\/wp-content\/uploads\/anuario_-2021.pdf\" target=\"_blank\" rel=\"noopener\">aqui<\/a>.<\/strong><\/p>\t\t\t\t\t\t\t\t<\/div>\n\t\t\t\t<\/div>\n\t\t\t\t<div class=\"elementor-element elementor-element-75939d6 elementor-widget elementor-widget-image\" data-id=\"75939d6\" data-element_type=\"widget\" data-widget_type=\"image.default\">\n\t\t\t\t<div class=\"elementor-widget-container\">\n\t\t\t\t\t\t\t\t\t\t\t\t\t\t\t\t<a href=\"https:\/\/montessorispace.com\/wp-content\/uploads\/anuario_-2021.pdf\" target=\"_blank\" rel=\"noopener\">\n\t\t\t\t\t\t\t<img decoding=\"async\" width=\"800\" height=\"510\" src=\"https:\/\/clonemontessori-dev.host3ip.eu\/wp-content\/uploads\/ANUARIO-IMI-min-scaled-1-1256x800.jpg\" class=\"attachment-large size-large wp-image-6870\" alt=\"\" srcset=\"https:\/\/clonemontessori-dev.host3ip.eu\/wp-content\/uploads\/ANUARIO-IMI-min-scaled-1-1256x800.jpg 1256w, https:\/\/clonemontessori-dev.host3ip.eu\/wp-content\/uploads\/ANUARIO-IMI-min-scaled-1-800x510.jpg 800w, https:\/\/clonemontessori-dev.host3ip.eu\/wp-content\/uploads\/ANUARIO-IMI-min-scaled-1-300x191.jpg 300w, https:\/\/clonemontessori-dev.host3ip.eu\/wp-content\/uploads\/ANUARIO-IMI-min-scaled-1-768x489.jpg 768w, https:\/\/clonemontessori-dev.host3ip.eu\/wp-content\/uploads\/ANUARIO-IMI-min-scaled-1-1536x979.jpg 1536w, https:\/\/clonemontessori-dev.host3ip.eu\/wp-content\/uploads\/ANUARIO-IMI-min-scaled-1-2048x1305.jpg 2048w, https:\/\/clonemontessori-dev.host3ip.eu\/wp-content\/uploads\/ANUARIO-IMI-min-scaled-1-600x382.jpg 600w\" sizes=\"(max-width: 800px) 100vw, 800px\" \/>\t\t\t\t\t\t\t\t<\/a>\n\t\t\t\t\t\t\t\t\t\t\t\t\t\t\t<\/div>\n\t\t\t\t<\/div>\n\t\t\t\t\t<\/div>\n\t\t\t\t<\/div>\n\t\t\t\t<\/div>\n\t\t","protected":false},"excerpt":{"rendered":"<p>Anu\u00e1rio IMI 2021 Pedagogia Montessori e inova\u00e7\u00e3o educativa \u00c9 o primeiro anu\u00e1rio do Instituto Internacional Montessori (IMI), criado com o objetivo de refletir sobre a pr\u00e1tica educativa atual, valorizar o trabalho dos professores e divulgar a pedagogia Montessori. Nesta primeira edi\u00e7\u00e3o, encontrar\u00e1s Uma sec\u00e7\u00e3o Montessori por Adela Vizca\u00edno, diretora pedag\u00f3gica do IMI, sobre a utiliza\u00e7\u00e3o [&hellip;]<\/p>\n","protected":false},"author":1,"featured_media":0,"parent":0,"menu_order":0,"comment_status":"closed","ping_status":"closed","template":"","meta":{"_acf_changed":false,"footnotes":""},"class_list":["post-11129","page","type-page","status-publish","hentry"],"acf":[],"_links":{"self":[{"href":"https:\/\/clonemontessori-dev.host3ip.eu\/pt-pt\/wp-json\/wp\/v2\/pages\/11129","targetHints":{"allow":["GET"]}}],"collection":[{"href":"https:\/\/clonemontessori-dev.host3ip.eu\/pt-pt\/wp-json\/wp\/v2\/pages"}],"about":[{"href":"https:\/\/clonemontessori-dev.host3ip.eu\/pt-pt\/wp-json\/wp\/v2\/types\/page"}],"author":[{"embeddable":true,"href":"https:\/\/clonemontessori-dev.host3ip.eu\/pt-pt\/wp-json\/wp\/v2\/users\/1"}],"replies":[{"embeddable":true,"href":"https:\/\/clonemontessori-dev.host3ip.eu\/pt-pt\/wp-json\/wp\/v2\/comments?post=11129"}],"version-history":[{"count":3,"href":"https:\/\/clonemontessori-dev.host3ip.eu\/pt-pt\/wp-json\/wp\/v2\/pages\/11129\/revisions"}],"predecessor-version":[{"id":12435,"href":"https:\/\/clonemontessori-dev.host3ip.eu\/pt-pt\/wp-json\/wp\/v2\/pages\/11129\/revisions\/12435"}],"wp:attachment":[{"href":"https:\/\/clonemontessori-dev.host3ip.eu\/pt-pt\/wp-json\/wp\/v2\/media?parent=11129"}],"curies":[{"name":"wp","href":"https:\/\/api.w.org\/{rel}","templated":true}]}}