{"id":11241,"date":"2025-02-04T20:33:18","date_gmt":"2025-02-04T19:33:18","guid":{"rendered":"https:\/\/clonemontessori-dev.host3ip.eu\/o-que-e-montessori\/"},"modified":"2025-10-29T16:39:28","modified_gmt":"2025-10-29T15:39:28","slug":"o-que-e-montessori","status":"publish","type":"page","link":"https:\/\/clonemontessori-dev.host3ip.eu\/pt-pt\/o-que-e-montessori\/","title":{"rendered":"O que \u00e9 Montessori?"},"content":{"rendered":"\t\t<div data-elementor-type=\"wp-page\" data-elementor-id=\"11241\" class=\"elementor elementor-11241 elementor-2046\" data-elementor-post-type=\"page\">\n\t\t\t\t<div class=\"elementor-element elementor-element-0d4589a e-con-full e-flex e-con e-parent\" data-id=\"0d4589a\" data-element_type=\"container\" data-settings=\"{&quot;jet_parallax_layout_list&quot;:[]}\">\n\t\t<div class=\"elementor-element elementor-element-530ece9 e-flex e-con-boxed e-con e-child\" data-id=\"530ece9\" data-element_type=\"container\" data-settings=\"{&quot;jet_parallax_layout_list&quot;:[]}\">\n\t\t\t\t\t<div class=\"e-con-inner\">\n\t\t\t\t<div class=\"elementor-element elementor-element-e1c7a57 elementor-widget__width-initial elementor-widget elementor-widget-heading\" data-id=\"e1c7a57\" data-element_type=\"widget\" data-widget_type=\"heading.default\">\n\t\t\t\t<div class=\"elementor-widget-container\">\n\t\t\t\t\t<p class=\"elementor-heading-title elementor-size-default\">O m\u00e9todo Montessori<\/p>\t\t\t\t<\/div>\n\t\t\t\t<\/div>\n\t\t\t\t<div class=\"elementor-element elementor-element-59298fd elementor-widget elementor-widget-heading\" data-id=\"59298fd\" data-element_type=\"widget\" data-widget_type=\"heading.default\">\n\t\t\t\t<div class=\"elementor-widget-container\">\n\t\t\t\t\t<h2 class=\"elementor-heading-title elementor-size-default\">O m\u00e9todo Montessori \u00e9 a proposta pedag\u00f3gica de Maria Montessori, baseada na observa\u00e7\u00e3o cient\u00edfica das crian\u00e7as: as suas diferentes fases de desenvolvimento ao longo da vida, as suas potencialidades, os seus interesses e as suas capacidades.<\/h2>\t\t\t\t<\/div>\n\t\t\t\t<\/div>\n\t\t\t\t\t<\/div>\n\t\t\t\t<\/div>\n\t\t<main class=\"elementor-element elementor-element-2778ccc e-con-full e-flex e-con e-child\" data-id=\"2778ccc\" data-element_type=\"container\" data-settings=\"{&quot;background_background&quot;:&quot;classic&quot;,&quot;jet_parallax_layout_list&quot;:[]}\">\n\t\t\t\t<div class=\"elementor-element elementor-element-b682fd1 e-transform elementor-widget elementor-widget-image\" data-id=\"b682fd1\" data-element_type=\"widget\" data-settings=\"{&quot;_transform_rotateZ_effect&quot;:{&quot;unit&quot;:&quot;px&quot;,&quot;size&quot;:2.41,&quot;sizes&quot;:[]},&quot;_transform_rotateZ_effect_mobile&quot;:{&quot;unit&quot;:&quot;deg&quot;,&quot;size&quot;:-2,&quot;sizes&quot;:[]},&quot;_transform_rotateZ_effect_laptop&quot;:{&quot;unit&quot;:&quot;deg&quot;,&quot;size&quot;:&quot;&quot;,&quot;sizes&quot;:[]},&quot;_transform_rotateZ_effect_tablet_extra&quot;:{&quot;unit&quot;:&quot;deg&quot;,&quot;size&quot;:&quot;&quot;,&quot;sizes&quot;:[]},&quot;_transform_rotateZ_effect_tablet&quot;:{&quot;unit&quot;:&quot;deg&quot;,&quot;size&quot;:&quot;&quot;,&quot;sizes&quot;:[]},&quot;_transform_rotateZ_effect_mobile_extra&quot;:{&quot;unit&quot;:&quot;deg&quot;,&quot;size&quot;:&quot;&quot;,&quot;sizes&quot;:[]}}\" data-widget_type=\"image.default\">\n\t\t\t\t<div class=\"elementor-widget-container\">\n\t\t\t\t\t\t\t\t\t\t\t\t\t\t\t<img fetchpriority=\"high\" decoding=\"async\" width=\"800\" height=\"533\" src=\"https:\/\/clonemontessori-dev.host3ip.eu\/wp-content\/uploads\/maria_montessori_biografia_metodo_frases_y_libros_4592_orig-800x533.jpg\" class=\"attachment-medium size-medium wp-image-4066\" alt=\"\" srcset=\"https:\/\/clonemontessori-dev.host3ip.eu\/wp-content\/uploads\/maria_montessori_biografia_metodo_frases_y_libros_4592_orig-800x533.jpg 800w, https:\/\/clonemontessori-dev.host3ip.eu\/wp-content\/uploads\/maria_montessori_biografia_metodo_frases_y_libros_4592_orig-1200x800.jpg 1200w, https:\/\/clonemontessori-dev.host3ip.eu\/wp-content\/uploads\/maria_montessori_biografia_metodo_frases_y_libros_4592_orig-300x200.jpg 300w, https:\/\/clonemontessori-dev.host3ip.eu\/wp-content\/uploads\/maria_montessori_biografia_metodo_frases_y_libros_4592_orig-768x512.jpg 768w, https:\/\/clonemontessori-dev.host3ip.eu\/wp-content\/uploads\/maria_montessori_biografia_metodo_frases_y_libros_4592_orig-1536x1024.jpg 1536w, https:\/\/clonemontessori-dev.host3ip.eu\/wp-content\/uploads\/maria_montessori_biografia_metodo_frases_y_libros_4592_orig-600x400.jpg 600w, https:\/\/clonemontessori-dev.host3ip.eu\/wp-content\/uploads\/maria_montessori_biografia_metodo_frases_y_libros_4592_orig.jpg 1680w\" sizes=\"(max-width: 800px) 100vw, 800px\" \/>\t\t\t\t\t\t\t\t\t\t\t\t\t\t\t<\/div>\n\t\t\t\t<\/div>\n\t\t\t\t<\/main>\n\t\t\t\t<\/div>\n\t\t<div class=\"elementor-element elementor-element-9840492 e-flex e-con-boxed e-con e-parent\" data-id=\"9840492\" data-element_type=\"container\" data-settings=\"{&quot;jet_parallax_layout_list&quot;:[]}\">\n\t\t\t\t\t<div class=\"e-con-inner\">\n\t\t\t\t<div class=\"elementor-element elementor-element-ea78d19 elementor-widget elementor-widget-heading\" data-id=\"ea78d19\" data-element_type=\"widget\" data-widget_type=\"heading.default\">\n\t\t\t\t<div class=\"elementor-widget-container\">\n\t\t\t\t\t<h2 class=\"elementor-heading-title elementor-size-default\">O que \u00e9 o m\u00e9todo <span style=\"font-weight: bold;color: #D72827\">Montessori?<\/span> <\/h2>\t\t\t\t<\/div>\n\t\t\t\t<\/div>\n\t\t\t\t<div class=\"elementor-element elementor-element-600ca5e elementor-widget elementor-widget-text-editor\" data-id=\"600ca5e\" data-element_type=\"widget\" data-widget_type=\"text-editor.default\">\n\t\t\t\t<div class=\"elementor-widget-container\">\n\t\t\t\t\t\t\t\t\t<p style=\"text-align: left;\">O m\u00e9todo Montessori \u00e9 a proposta pedag\u00f3gica de <a href=\"https:\/\/montessorispace.com\/maria-montessori\/\" target=\"_blank\" rel=\"noopener\">Maria Montessori<\/a>, baseada na observa\u00e7\u00e3o cient\u00edfica das crian\u00e7as: as suas diferentes fases de desenvolvimento ao longo da vida, as suas potencialidades, os seus interesses e as suas capacidades.<\/p><p>As principais carater\u00edsticas do M\u00e9todo Montessori s\u00e3o:<\/p><ul><li><strong>As crian\u00e7as devem ser<\/strong> <strong>livres de se desenvolverem e aprenderem<\/strong> <strong>ao seu pr\u00f3prio ritmo<\/strong>, num ambiente adulto estimulante, compreensivo e atento.<\/li><li><strong>O ambiente preparado<\/strong> para as crian\u00e7as: ordenado, bonito, de tamanho adequado, realista, etc., em que cada elemento foi selecionado por uma raz\u00e3o espec\u00edfica para o seu desenvolvimento.<\/li><\/ul><p><strong>O m\u00e9todo Montessori pode ser implementado como um todo e na sua totalidade ou introduzido<\/strong> pouco a <strong>pouco<\/strong> em ambientes educativos tradicionais, enriquecendo assim a pr\u00e1tica educativa quotidiana.<\/p>\t\t\t\t\t\t\t\t<\/div>\n\t\t\t\t<\/div>\n\t\t\t\t<div class=\"elementor-element elementor-element-ff29843 elementor-blockquote--skin-quotation elementor-blockquote--align-left elementor-widget elementor-widget-blockquote\" data-id=\"ff29843\" data-element_type=\"widget\" data-widget_type=\"blockquote.default\">\n\t\t\t\t<div class=\"elementor-widget-container\">\n\t\t\t\t\t\t\t<blockquote class=\"elementor-blockquote\">\n\t\t\t<p class=\"elementor-blockquote__content\">\n\t\t\t\tQualquer ambiente onde estejam presentes crian\u00e7as \u00e9 suscet\u00edvel de ser valorizado por esta vis\u00e3o e pr\u00e1tica da educa\u00e7\u00e3o.\t\t\t<\/p>\n\t\t\t\t\t<\/blockquote>\n\t\t\t\t\t\t<\/div>\n\t\t\t\t<\/div>\n\t\t\t\t\t<\/div>\n\t\t\t\t<\/div>\n\t\t<div class=\"elementor-element elementor-element-b0721cf e-flex e-con-boxed e-con e-parent\" data-id=\"b0721cf\" data-element_type=\"container\" data-settings=\"{&quot;jet_parallax_layout_list&quot;:[]}\">\n\t\t\t\t\t<div class=\"e-con-inner\">\n\t\t<div class=\"elementor-element elementor-element-00486a1 e-con-full e-flex e-con e-child\" data-id=\"00486a1\" data-element_type=\"container\" data-settings=\"{&quot;jet_parallax_layout_list&quot;:[]}\">\n\t\t\t\t<div class=\"elementor-element elementor-element-d0821ec elementor-widget elementor-widget-heading\" data-id=\"d0821ec\" data-element_type=\"widget\" data-widget_type=\"heading.default\">\n\t\t\t\t<div class=\"elementor-widget-container\">\n\t\t\t\t\t<h2 class=\"elementor-heading-title elementor-size-default\">A crian\u00e7a \u00e9 o<span style=\"font-weight: bold;color: #D72827\">centro<\/span> \n<\/h2>\t\t\t\t<\/div>\n\t\t\t\t<\/div>\n\t\t\t\t<div class=\"elementor-element elementor-element-8e5bc0b elementor-widget elementor-widget-text-editor\" data-id=\"8e5bc0b\" data-element_type=\"widget\" data-widget_type=\"text-editor.default\">\n\t\t\t\t<div class=\"elementor-widget-container\">\n\t\t\t\t\t\t\t\t\t<p>Maria Montessori afirmava que <strong>todo o educador deve &#8220;seguir a crian\u00e7a&#8221;,<\/strong> reconhecendo as carater\u00edsticas de cada fase et\u00e1ria, bem como as suas necessidades educativas espec\u00edficas.<\/p><p>As crian\u00e7as precisam de se adaptar ao seu ambiente, e \u00e9 por isso que a Dra. Montessori via como fundamental <strong>construir um ambiente favor\u00e1vel, tanto f\u00edsica como espiritualmente<\/strong>. Para que as crian\u00e7as sejam capazes de dar sentido ao mundo que as rodeia.  <\/p><h3><strong>Montessori no s\u00e9culo XXI<\/strong><\/h3><p>Embora se trate de uma observa\u00e7\u00e3o feita no in\u00edcio do s\u00e9culo XX, \u00e9 uma pedagogia reconhecida internacionalmente mesmo 100 anos depois.<\/p><p><strong>A investiga\u00e7\u00e3o cient\u00edfica atual continua a validar este m\u00e9todo educativo<\/strong> como um conjunto de elementos que ajudam as crian\u00e7as no seu desenvolvimento hol\u00edstico da mente, do corpo e das emo\u00e7\u00f5es.<\/p>\t\t\t\t\t\t\t\t<\/div>\n\t\t\t\t<\/div>\n\t\t\t\t<\/div>\n\t\t<div class=\"elementor-element elementor-element-afe7a9e e-con-full e-transform e-flex e-con e-child\" data-id=\"afe7a9e\" data-element_type=\"container\" data-settings=\"{&quot;_transform_rotateZ_effect&quot;:{&quot;unit&quot;:&quot;px&quot;,&quot;size&quot;:-1.12,&quot;sizes&quot;:[]},&quot;jet_parallax_layout_list&quot;:[],&quot;_transform_rotateZ_effect_laptop&quot;:{&quot;unit&quot;:&quot;deg&quot;,&quot;size&quot;:&quot;&quot;,&quot;sizes&quot;:[]},&quot;_transform_rotateZ_effect_tablet_extra&quot;:{&quot;unit&quot;:&quot;deg&quot;,&quot;size&quot;:&quot;&quot;,&quot;sizes&quot;:[]},&quot;_transform_rotateZ_effect_tablet&quot;:{&quot;unit&quot;:&quot;deg&quot;,&quot;size&quot;:&quot;&quot;,&quot;sizes&quot;:[]},&quot;_transform_rotateZ_effect_mobile_extra&quot;:{&quot;unit&quot;:&quot;deg&quot;,&quot;size&quot;:&quot;&quot;,&quot;sizes&quot;:[]},&quot;_transform_rotateZ_effect_mobile&quot;:{&quot;unit&quot;:&quot;deg&quot;,&quot;size&quot;:&quot;&quot;,&quot;sizes&quot;:[]}}\">\n\t\t\t\t<div class=\"elementor-element elementor-element-4a26a2d e-transform elementor-widget elementor-widget-image\" data-id=\"4a26a2d\" data-element_type=\"widget\" data-settings=\"{&quot;_transform_rotateZ_effect&quot;:{&quot;unit&quot;:&quot;px&quot;,&quot;size&quot;:1.12,&quot;sizes&quot;:[]},&quot;_transform_rotateZ_effect_laptop&quot;:{&quot;unit&quot;:&quot;deg&quot;,&quot;size&quot;:&quot;&quot;,&quot;sizes&quot;:[]},&quot;_transform_rotateZ_effect_tablet_extra&quot;:{&quot;unit&quot;:&quot;deg&quot;,&quot;size&quot;:&quot;&quot;,&quot;sizes&quot;:[]},&quot;_transform_rotateZ_effect_tablet&quot;:{&quot;unit&quot;:&quot;deg&quot;,&quot;size&quot;:&quot;&quot;,&quot;sizes&quot;:[]},&quot;_transform_rotateZ_effect_mobile_extra&quot;:{&quot;unit&quot;:&quot;deg&quot;,&quot;size&quot;:&quot;&quot;,&quot;sizes&quot;:[]},&quot;_transform_rotateZ_effect_mobile&quot;:{&quot;unit&quot;:&quot;deg&quot;,&quot;size&quot;:&quot;&quot;,&quot;sizes&quot;:[]}}\" data-widget_type=\"image.default\">\n\t\t\t\t<div class=\"elementor-widget-container\">\n\t\t\t\t\t\t\t\t\t\t\t\t\t\t\t<img decoding=\"async\" src=\"https:\/\/clonemontessori-dev.host3ip.eu\/wp-content\/uploads\/elementor\/thumbs\/nina-usando-materiales-del-metodo-montessori-2048x1365-1-rdtn9t3410w7fvm6c1orulz1rvie70erwweweu860w.jpg\" title=\"nina-usando-materiales-del-metodo-montessori-2048&#215;1365\" alt=\"nina-usando-materiales-del-metodo-montessori-2048x1365\" loading=\"lazy\" \/>\t\t\t\t\t\t\t\t\t\t\t\t\t\t\t<\/div>\n\t\t\t\t<\/div>\n\t\t\t\t<\/div>\n\t\t\t\t\t<\/div>\n\t\t\t\t<\/div>\n\t\t<div class=\"elementor-element elementor-element-b25c42b e-flex e-con-boxed e-con e-parent\" data-id=\"b25c42b\" data-element_type=\"container\" data-settings=\"{&quot;jet_parallax_layout_list&quot;:[]}\">\n\t\t\t\t\t<div class=\"e-con-inner\">\n\t\t\t\t<div class=\"elementor-element elementor-element-56c37c7 elementor-widget elementor-widget-heading\" data-id=\"56c37c7\" data-element_type=\"widget\" data-widget_type=\"heading.default\">\n\t\t\t\t<div class=\"elementor-widget-container\">\n\t\t\t\t\t<h2 class=\"elementor-heading-title elementor-size-default\">Princ\u00edpios b\u00e1sicos do \n<span style=\"font-weight: bold;color: #D72827\">M\u00e9todo Montessori<\/span> <\/h2>\t\t\t\t<\/div>\n\t\t\t\t<\/div>\n\t\t\t\t<div class=\"elementor-element elementor-element-54be4f6 elementor-widget elementor-widget-text-editor\" data-id=\"54be4f6\" data-element_type=\"widget\" data-widget_type=\"text-editor.default\">\n\t\t\t\t<div class=\"elementor-widget-container\">\n\t\t\t\t\t\t\t\t\t<ol><li><strong>Mentes absorventes das crian\u00e7as: <\/strong>as crian\u00e7as t\u00eam a capacidade inata de receber, processar e armazenar sem esfor\u00e7o nas suas c\u00e9lulas cerebrais tudo o que vem do ambiente que as rodeia.<\/li><li><strong>\u00c1rea de aprendizagem: <\/strong>numa sala de aula Montessori, os espa\u00e7os est\u00e3o divididos em diferentes \u00e1reas, que correspondem \u00e0s cinco \u00e1reas-chave de aprendizagem:<ul><li>Vida pr\u00e1tica<\/li><li>Sensorial<\/li><li>L\u00edngua<\/li><li>Matem\u00e1tica<\/li><li>Cultura<\/li><\/ul><\/li><li><strong>Per\u00edodos sens\u00edveis: <\/strong>s\u00e3o per\u00edodos em que a crian\u00e7a demonstra um interesse especial ou entusiasmo pela aprendizagem de uma determinada \u00e1rea. Estes per\u00edodos sens\u00edveis s\u00e3o tamb\u00e9m designados por &#8220;janelas de aprendizagem&#8221;. <\/li><li><strong>Normaliza\u00e7\u00e3o: <\/strong>\u00e9 o processo atrav\u00e9s do qual a crian\u00e7a alcan\u00e7a gradualmente a ordem, a autodisciplina e a socializa\u00e7\u00e3o, ou seja, a capacidade de apreciar, respeitar e cooperar com os outros.<\/li><li><strong>Ambiente preparado: <\/strong>o ambiente em que a crian\u00e7a se desenvolve, tanto o espa\u00e7o f\u00edsico como as pessoas com quem a crian\u00e7a interage, as actividades e as orienta\u00e7\u00f5es que surgem nesse espa\u00e7o.<\/li><li><strong>Respeito pelo ritmo de aprendizagem da crian\u00e7a: <\/strong>cada crian\u00e7a tem um ritmo diferente e o adulto deve respeit\u00e1-lo, evitando intervir ou fazer coisas no lugar da crian\u00e7a, pois isso dificulta a aprendizagem e provoca um sentimento de inferioridade e frustra\u00e7\u00e3o na crian\u00e7a.<\/li><li><strong>O papel do adulto: <\/strong>a sua fun\u00e7\u00e3o \u00e9 <a href=\"https:\/\/montessorispace.com\/blog\/actitudes-y-aptitudes-guia-montessori\/\" target=\"_blank\" rel=\"noopener\">guiar a crian\u00e7a<\/a>, permitindo-lhe marcar o ritmo em fun\u00e7\u00e3o dos seus interesses e favorecendo assim a sua autonomia f\u00edsica e de pensamento.<\/li><li><strong>Materiais Montessori: <\/strong>s\u00e3o ferramentas para a manipula\u00e7\u00e3o e experimenta\u00e7\u00e3o sensorial da crian\u00e7a, a fim de desenvolver o conhecimento e o pensamento abstrato.<\/li><\/ol>\t\t\t\t\t\t\t\t<\/div>\n\t\t\t\t<\/div>\n\t\t\t\t\t<\/div>\n\t\t\t\t<\/div>\n\t\t<div class=\"elementor-element elementor-element-d65c68b e-flex e-con-boxed e-con e-parent\" data-id=\"d65c68b\" data-element_type=\"container\" data-settings=\"{&quot;jet_parallax_layout_list&quot;:[]}\">\n\t\t\t\t\t<div class=\"e-con-inner\">\n\t\t<div class=\"elementor-element elementor-element-aabee62 e-con-full e-transform e-flex e-con e-child\" data-id=\"aabee62\" data-element_type=\"container\" data-settings=\"{&quot;_transform_rotateZ_effect&quot;:{&quot;unit&quot;:&quot;px&quot;,&quot;size&quot;:-1.12,&quot;sizes&quot;:[]},&quot;jet_parallax_layout_list&quot;:[],&quot;_transform_rotateZ_effect_laptop&quot;:{&quot;unit&quot;:&quot;deg&quot;,&quot;size&quot;:&quot;&quot;,&quot;sizes&quot;:[]},&quot;_transform_rotateZ_effect_tablet_extra&quot;:{&quot;unit&quot;:&quot;deg&quot;,&quot;size&quot;:&quot;&quot;,&quot;sizes&quot;:[]},&quot;_transform_rotateZ_effect_tablet&quot;:{&quot;unit&quot;:&quot;deg&quot;,&quot;size&quot;:&quot;&quot;,&quot;sizes&quot;:[]},&quot;_transform_rotateZ_effect_mobile_extra&quot;:{&quot;unit&quot;:&quot;deg&quot;,&quot;size&quot;:&quot;&quot;,&quot;sizes&quot;:[]},&quot;_transform_rotateZ_effect_mobile&quot;:{&quot;unit&quot;:&quot;deg&quot;,&quot;size&quot;:&quot;&quot;,&quot;sizes&quot;:[]}}\">\n\t\t\t\t<div class=\"elementor-element elementor-element-81f945f e-transform elementor-widget elementor-widget-image\" data-id=\"81f945f\" data-element_type=\"widget\" data-settings=\"{&quot;_transform_rotateZ_effect&quot;:{&quot;unit&quot;:&quot;px&quot;,&quot;size&quot;:1.12,&quot;sizes&quot;:[]},&quot;_transform_rotateZ_effect_laptop&quot;:{&quot;unit&quot;:&quot;deg&quot;,&quot;size&quot;:&quot;&quot;,&quot;sizes&quot;:[]},&quot;_transform_rotateZ_effect_tablet_extra&quot;:{&quot;unit&quot;:&quot;deg&quot;,&quot;size&quot;:&quot;&quot;,&quot;sizes&quot;:[]},&quot;_transform_rotateZ_effect_tablet&quot;:{&quot;unit&quot;:&quot;deg&quot;,&quot;size&quot;:&quot;&quot;,&quot;sizes&quot;:[]},&quot;_transform_rotateZ_effect_mobile_extra&quot;:{&quot;unit&quot;:&quot;deg&quot;,&quot;size&quot;:&quot;&quot;,&quot;sizes&quot;:[]},&quot;_transform_rotateZ_effect_mobile&quot;:{&quot;unit&quot;:&quot;deg&quot;,&quot;size&quot;:&quot;&quot;,&quot;sizes&quot;:[]}}\" data-widget_type=\"image.default\">\n\t\t\t\t<div class=\"elementor-widget-container\">\n\t\t\t\t\t\t\t\t\t\t\t\t\t\t\t<img decoding=\"async\" src=\"https:\/\/clonemontessori-dev.host3ip.eu\/wp-content\/uploads\/elementor\/thumbs\/Depositphotos_332883388_xl-2015-1-rdtn9t3410w7fvm6c1orulz1rvie70erwweweu860w.jpg\" title=\"Depositphotos_332883388_xl-2015-1\" alt=\"Depositphotos_332883388_xl-2015-1\" loading=\"lazy\" \/>\t\t\t\t\t\t\t\t\t\t\t\t\t\t\t<\/div>\n\t\t\t\t<\/div>\n\t\t\t\t<\/div>\n\t\t<div class=\"elementor-element elementor-element-d0804bf e-con-full e-flex e-con e-child\" data-id=\"d0804bf\" data-element_type=\"container\" data-settings=\"{&quot;jet_parallax_layout_list&quot;:[]}\">\n\t\t\t\t<div class=\"elementor-element elementor-element-4324862 elementor-widget elementor-widget-heading\" data-id=\"4324862\" data-element_type=\"widget\" data-widget_type=\"heading.default\">\n\t\t\t\t<div class=\"elementor-widget-container\">\n\t\t\t\t\t<h2 class=\"elementor-heading-title elementor-size-default\">Como implementar o \n<span style=\"font-weight: bold;color: #D72827\">M\u00e9todo Montessori?<\/span><\/h2>\t\t\t\t<\/div>\n\t\t\t\t<\/div>\n\t\t\t\t<div class=\"elementor-element elementor-element-4a7b4db elementor-widget elementor-widget-text-editor\" data-id=\"4a7b4db\" data-element_type=\"widget\" data-widget_type=\"text-editor.default\">\n\t\t\t\t<div class=\"elementor-widget-container\">\n\t\t\t\t\t\t\t\t\t<p>A partir do nosso centro de forma\u00e7\u00e3o, oferecemos todas as <strong>ferramentas para que tanto os professores como as fam\u00edlias possam implementar com sucesso a Educa\u00e7\u00e3o Montessori<\/strong> na sala de aula, em casa ou em qualquer outro espa\u00e7o educativo, tendo em conta o seguinte<\/p><ol><li><strong>O impacto do movimento na aprendizagem<\/strong>. O movimento significativo \u00e9 uma ajuda para a aprendizagem e melhora a capacidade de reter conceitos; a utiliza\u00e7\u00e3o das m\u00e3os \u00e9 um \u00f3timo canal de entrada de informa\u00e7\u00e3o para o c\u00e9rebro. <\/li><li><strong>Escolha e perce\u00e7\u00e3o de controlo.  <\/strong>Qualquer aprendizagem \u00e9 mais profunda e mais f\u00e1cil quando escolhemos o que queremos aprender e podemos monitorizar essa aprendizagem.<\/li><li><strong>As recompensas e a motiva\u00e7\u00e3o extr\u00ednseca interferem na aprendizagem.<\/strong>  \u00c9 a motiva\u00e7\u00e3o intr\u00ednseca do indiv\u00edduo que \u00e9 positiva e deve ser encorajada.<\/li><li><strong>Aprender com os colegas facilita a compreens\u00e3o.<\/strong>  O di\u00e1logo entre pares \u00e9 uma chave muito poderosa, tanto para o aluno como para o professor.<\/li><li><strong>Contextos de aprendizagem significativos<\/strong>: Qualquer assunto acad\u00e9mico pode ser tratado de forma significativa, o que aumenta a intensidade da aprendizagem.<\/li><li><strong>A educa\u00e7\u00e3o deve, sobretudo, favorecer o desenvolvimento das nossas fun\u00e7\u00f5es executivas<\/strong>: planear, decidir, imaginar, autocorrigir-se, ter consci\u00eancia de si pr\u00f3prio, escolher estrat\u00e9gias, entre outras; isto s\u00f3 \u00e9 poss\u00edvel com a pr\u00e1tica real destas compet\u00eancias.<\/li><li><strong>A ordem no ambiente<\/strong> (f\u00edsica, temporal, etc.) ajuda a construir um c\u00e9rebro ordenado.<\/li><\/ol>\t\t\t\t\t\t\t\t<\/div>\n\t\t\t\t<\/div>\n\t\t\t\t<\/div>\n\t\t\t\t\t<\/div>\n\t\t\t\t<\/div>\n\t\t<div class=\"elementor-element elementor-element-0e5f148 e-flex e-con-boxed e-con e-parent\" data-id=\"0e5f148\" data-element_type=\"container\" data-settings=\"{&quot;jet_parallax_layout_list&quot;:[]}\">\n\t\t\t\t\t<div class=\"e-con-inner\">\n\t\t<div class=\"elementor-element elementor-element-31437d9 e-con-full e-flex e-con e-child\" data-id=\"31437d9\" data-element_type=\"container\" data-settings=\"{&quot;jet_parallax_layout_list&quot;:[]}\">\n\t\t\t\t<div class=\"elementor-element elementor-element-30b05b3 elementor-widget elementor-widget-text-editor\" data-id=\"30b05b3\" data-element_type=\"widget\" data-widget_type=\"text-editor.default\">\n\t\t\t\t<div class=\"elementor-widget-container\">\n\t\t\t\t\t\t\t\t\t<p>Muitos outros elementos que comp\u00f5em a educa\u00e7\u00e3o Montessori, como a import\u00e2ncia da ordem f\u00edsica para construir a ordem mental, ou a import\u00e2ncia de eliminar o stress, entre outros, foram validados como essenciais para um desenvolvimento saud\u00e1vel e equilibrado.<\/p><p>De <a href=\"https:\/\/montessorispace.com\/quienes-somos\/\" target=\"_blank\" rel=\"noopener\"><strong>Instituto Internacional Montessori (IMI)<\/strong><\/a> ensinamos os princ\u00edpios e a pr\u00e1tica pedag\u00f3gica da educa\u00e7\u00e3o Montessori e as evid\u00eancias cient\u00edficas actuais, de modo a contribuir com propostas concretas de forma\u00e7\u00e3o profissional para melhorar a qualidade da educa\u00e7\u00e3o.<\/p>\t\t\t\t\t\t\t\t<\/div>\n\t\t\t\t<\/div>\n\t\t\t\t<\/div>\n\t\t<div class=\"elementor-element elementor-element-e473ccf e-con-full e-transform e-flex e-con e-child\" data-id=\"e473ccf\" data-element_type=\"container\" data-settings=\"{&quot;_transform_rotateZ_effect&quot;:{&quot;unit&quot;:&quot;px&quot;,&quot;size&quot;:-1.12,&quot;sizes&quot;:[]},&quot;jet_parallax_layout_list&quot;:[],&quot;_transform_rotateZ_effect_laptop&quot;:{&quot;unit&quot;:&quot;deg&quot;,&quot;size&quot;:&quot;&quot;,&quot;sizes&quot;:[]},&quot;_transform_rotateZ_effect_tablet_extra&quot;:{&quot;unit&quot;:&quot;deg&quot;,&quot;size&quot;:&quot;&quot;,&quot;sizes&quot;:[]},&quot;_transform_rotateZ_effect_tablet&quot;:{&quot;unit&quot;:&quot;deg&quot;,&quot;size&quot;:&quot;&quot;,&quot;sizes&quot;:[]},&quot;_transform_rotateZ_effect_mobile_extra&quot;:{&quot;unit&quot;:&quot;deg&quot;,&quot;size&quot;:&quot;&quot;,&quot;sizes&quot;:[]},&quot;_transform_rotateZ_effect_mobile&quot;:{&quot;unit&quot;:&quot;deg&quot;,&quot;size&quot;:&quot;&quot;,&quot;sizes&quot;:[]}}\">\n\t\t\t\t<div class=\"elementor-element elementor-element-c24f457 e-transform elementor-widget elementor-widget-image\" data-id=\"c24f457\" data-element_type=\"widget\" data-settings=\"{&quot;_transform_rotateZ_effect&quot;:{&quot;unit&quot;:&quot;px&quot;,&quot;size&quot;:1.12,&quot;sizes&quot;:[]},&quot;_transform_rotateZ_effect_laptop&quot;:{&quot;unit&quot;:&quot;deg&quot;,&quot;size&quot;:&quot;&quot;,&quot;sizes&quot;:[]},&quot;_transform_rotateZ_effect_tablet_extra&quot;:{&quot;unit&quot;:&quot;deg&quot;,&quot;size&quot;:&quot;&quot;,&quot;sizes&quot;:[]},&quot;_transform_rotateZ_effect_tablet&quot;:{&quot;unit&quot;:&quot;deg&quot;,&quot;size&quot;:&quot;&quot;,&quot;sizes&quot;:[]},&quot;_transform_rotateZ_effect_mobile_extra&quot;:{&quot;unit&quot;:&quot;deg&quot;,&quot;size&quot;:&quot;&quot;,&quot;sizes&quot;:[]},&quot;_transform_rotateZ_effect_mobile&quot;:{&quot;unit&quot;:&quot;deg&quot;,&quot;size&quot;:&quot;&quot;,&quot;sizes&quot;:[]}}\" data-widget_type=\"image.default\">\n\t\t\t\t<div class=\"elementor-widget-container\">\n\t\t\t\t\t\t\t\t\t\t\t\t\t\t\t<img decoding=\"async\" src=\"https:\/\/clonemontessori-dev.host3ip.eu\/wp-content\/uploads\/elementor\/thumbs\/implementar-el-metodo-montessori-en-el-aula-o-en-casa-2048x1366-1-rdtn9t3410w7fvm6c1orulz1rvie70erwweweu860w.jpg\" title=\"implementar-el-metodo-montessori-en-el-aula-o-en-casa-2048&#215;1366\" alt=\"implementar-el-metodo-montessori-en-el-aula-o-en-casa-2048x1366\" loading=\"lazy\" \/>\t\t\t\t\t\t\t\t\t\t\t\t\t\t\t<\/div>\n\t\t\t\t<\/div>\n\t\t\t\t<\/div>\n\t\t\t\t\t<\/div>\n\t\t\t\t<\/div>\n\t\t\t\t<\/div>\n\t\t","protected":false},"excerpt":{"rendered":"<p>O m\u00e9todo Montessori O m\u00e9todo Montessori \u00e9 a proposta pedag\u00f3gica de Maria Montessori, baseada na observa\u00e7\u00e3o cient\u00edfica das crian\u00e7as: as suas diferentes fases de desenvolvimento ao longo da vida, as suas potencialidades, os seus interesses e as suas capacidades. O que \u00e9 o m\u00e9todo Montessori? O m\u00e9todo Montessori \u00e9 a proposta pedag\u00f3gica de Maria Montessori, [&hellip;]<\/p>\n","protected":false},"author":1,"featured_media":0,"parent":0,"menu_order":0,"comment_status":"closed","ping_status":"closed","template":"","meta":{"_acf_changed":false,"footnotes":""},"class_list":["post-11241","page","type-page","status-publish","hentry"],"acf":[],"_links":{"self":[{"href":"https:\/\/clonemontessori-dev.host3ip.eu\/pt-pt\/wp-json\/wp\/v2\/pages\/11241","targetHints":{"allow":["GET"]}}],"collection":[{"href":"https:\/\/clonemontessori-dev.host3ip.eu\/pt-pt\/wp-json\/wp\/v2\/pages"}],"about":[{"href":"https:\/\/clonemontessori-dev.host3ip.eu\/pt-pt\/wp-json\/wp\/v2\/types\/page"}],"author":[{"embeddable":true,"href":"https:\/\/clonemontessori-dev.host3ip.eu\/pt-pt\/wp-json\/wp\/v2\/users\/1"}],"replies":[{"embeddable":true,"href":"https:\/\/clonemontessori-dev.host3ip.eu\/pt-pt\/wp-json\/wp\/v2\/comments?post=11241"}],"version-history":[{"count":4,"href":"https:\/\/clonemontessori-dev.host3ip.eu\/pt-pt\/wp-json\/wp\/v2\/pages\/11241\/revisions"}],"predecessor-version":[{"id":424510,"href":"https:\/\/clonemontessori-dev.host3ip.eu\/pt-pt\/wp-json\/wp\/v2\/pages\/11241\/revisions\/424510"}],"wp:attachment":[{"href":"https:\/\/clonemontessori-dev.host3ip.eu\/pt-pt\/wp-json\/wp\/v2\/media?parent=11241"}],"curies":[{"name":"wp","href":"https:\/\/api.w.org\/{rel}","templated":true}]}}