{"id":11379,"date":"2025-07-11T09:26:50","date_gmt":"2025-07-11T07:26:50","guid":{"rendered":"https:\/\/clonemontessori-dev.host3ip.eu\/?post_type=product&#038;p=11379"},"modified":"2025-11-17T17:23:56","modified_gmt":"2025-11-17T16:23:56","slug":"metodo-montessori-em-pre-escolar","status":"publish","type":"product","link":"https:\/\/clonemontessori-dev.host3ip.eu\/pt-pt\/cursos-pt-pt\/metodo-montessori-em-pre-escolar\/","title":{"rendered":"M\u00e9todo Montessori em Pr\u00e9-escolar"},"content":{"rendered":"<p>\u00c9 o curso ideal para conhecer as bases do m\u00e9todo Montessori durante os primeiros 3 anos de vida. Por 20 horas, esta forma\u00e7\u00e3o abrange diferentes conte\u00fados da pedagogia montessori, que tamb\u00e9m podem ser implementados em casa.<\/p>\n<p>Aspectos como a<strong>\u00a0mente absorvente<\/strong>\u00a0e os<strong>\u00a0per\u00edodos sens\u00edveis<\/strong>, o\u00a0<strong>papel do adulto<\/strong>, os primeiros\u00a0<strong>ambientes preparados<\/strong>: o ninho e a comunidade infantil ser\u00e3o o conte\u00fado principal deste curso introdut\u00f3rio online.<\/p>\n","protected":false},"excerpt":{"rendered":"<p>\u00c9 o curso ideal para conhecer as bases do m\u00e9todo Montessori durante os primeiros 3 anos de vida. Por 20 horas, esta forma\u00e7\u00e3o abrange diferentes conte\u00fados da pedagogia montessori, que tamb\u00e9m podem ser implementados em casa. Aspectos como a\u00a0mente absorvente\u00a0e os\u00a0per\u00edodos sens\u00edveis, o\u00a0papel do adulto, os primeiros\u00a0ambientes preparados: o ninho e a comunidade infantil ser\u00e3o [&hellip;]<\/p>\n","protected":false},"featured_media":11381,"template":"","meta":{"_acf_changed":false},"product_brand":[],"product_cat":[101,149,161,165,157],"product_tag":[],"tematica":[220],"class_list":{"0":"post-11379","1":"product","2":"type-product","3":"status-publish","4":"has-post-thumbnail","6":"product_cat-cursos-pt-pt","7":"product_cat-criancas","8":"product_cat-pais","9":"product_cat-0-3-anos","10":"product_cat-professores","11":"tematica-desarrollo-infantil","13":"first","14":"instock","15":"sale","16":"virtual","17":"taxable","18":"purchasable","19":"product-type-simple"},"acf":[],"_links":{"self":[{"href":"https:\/\/clonemontessori-dev.host3ip.eu\/pt-pt\/wp-json\/wp\/v2\/product\/11379","targetHints":{"allow":["GET"]}}],"collection":[{"href":"https:\/\/clonemontessori-dev.host3ip.eu\/pt-pt\/wp-json\/wp\/v2\/product"}],"about":[{"href":"https:\/\/clonemontessori-dev.host3ip.eu\/pt-pt\/wp-json\/wp\/v2\/types\/product"}],"wp:featuredmedia":[{"embeddable":true,"href":"https:\/\/clonemontessori-dev.host3ip.eu\/pt-pt\/wp-json\/wp\/v2\/media\/11381"}],"wp:attachment":[{"href":"https:\/\/clonemontessori-dev.host3ip.eu\/pt-pt\/wp-json\/wp\/v2\/media?parent=11379"}],"wp:term":[{"taxonomy":"product_brand","embeddable":true,"href":"https:\/\/clonemontessori-dev.host3ip.eu\/pt-pt\/wp-json\/wp\/v2\/product_brand?post=11379"},{"taxonomy":"product_cat","embeddable":true,"href":"https:\/\/clonemontessori-dev.host3ip.eu\/pt-pt\/wp-json\/wp\/v2\/product_cat?post=11379"},{"taxonomy":"product_tag","embeddable":true,"href":"https:\/\/clonemontessori-dev.host3ip.eu\/pt-pt\/wp-json\/wp\/v2\/product_tag?post=11379"},{"taxonomy":"tematica","embeddable":true,"href":"https:\/\/clonemontessori-dev.host3ip.eu\/pt-pt\/wp-json\/wp\/v2\/tematica?post=11379"}],"curies":[{"name":"wp","href":"https:\/\/api.w.org\/{rel}","templated":true}]}}