{"id":11387,"date":"2025-07-11T09:30:33","date_gmt":"2025-07-11T07:30:33","guid":{"rendered":"https:\/\/clonemontessori-dev.host3ip.eu\/?post_type=product&#038;p=11387"},"modified":"2025-11-17T17:22:31","modified_gmt":"2025-11-17T16:22:31","slug":"introducao-a-educacao-montessori","status":"publish","type":"product","link":"https:\/\/clonemontessori-dev.host3ip.eu\/pt-pt\/cursos-pt-pt\/introducao-a-educacao-montessori\/","title":{"rendered":"Introdu\u00e7\u00e3o \u00e0 Educa\u00e7\u00e3o Montessori"},"content":{"rendered":"<p>Este curso introdut\u00f3rio \u00e9 o mais geral \u00e0 educa\u00e7\u00e3o Montessori que oferecemos no IMI, com uma\u00a0<strong>vis\u00e3o geral das suas diferentes \u00e1reas curriculares<\/strong>.<\/p>\n<p>Haver\u00e1 uma introdu\u00e7\u00e3o \u00e0\u00a0<strong>filosofia Montessori<\/strong>\u00a0e uma vis\u00e3o geral das diferentes \u00e1reas curriculares da pedagogia Montessori. Os conhecimentos ser\u00e3o transmitidos atrav\u00e9s de uma\u00a0<strong>exposi\u00e7\u00e3o te\u00f3rica ilustrada com exemplos pr\u00e1ticos<\/strong>, com apresenta\u00e7\u00f5es de v\u00e1rias atividades nas diferentes \u00e1reas de especializa\u00e7\u00e3o.<\/p>\n","protected":false},"excerpt":{"rendered":"<p>Este curso introdut\u00f3rio \u00e9 o mais geral \u00e0 educa\u00e7\u00e3o Montessori que oferecemos no IMI, com uma\u00a0vis\u00e3o geral das suas diferentes \u00e1reas curriculares. Haver\u00e1 uma introdu\u00e7\u00e3o \u00e0\u00a0filosofia Montessori\u00a0e uma vis\u00e3o geral das diferentes \u00e1reas curriculares da pedagogia Montessori. Os conhecimentos ser\u00e3o transmitidos atrav\u00e9s de uma\u00a0exposi\u00e7\u00e3o te\u00f3rica ilustrada com exemplos pr\u00e1ticos, com apresenta\u00e7\u00f5es de v\u00e1rias atividades nas [&hellip;]<\/p>\n","protected":false},"featured_media":10565,"template":"","meta":{"_acf_changed":false},"product_brand":[],"product_cat":[101,149,161,165,169,173,157],"product_tag":[],"tematica":[220],"class_list":{"0":"post-11387","1":"product","2":"type-product","3":"status-publish","4":"has-post-thumbnail","6":"product_cat-cursos-pt-pt","7":"product_cat-criancas","8":"product_cat-pais","9":"product_cat-0-3-anos","10":"product_cat-3-6-anos","11":"product_cat-6-12-anos-de-idade","12":"product_cat-professores","13":"tematica-desarrollo-infantil","15":"first","16":"instock","17":"sale","18":"virtual","19":"taxable","20":"purchasable","21":"product-type-simple"},"acf":[],"_links":{"self":[{"href":"https:\/\/clonemontessori-dev.host3ip.eu\/pt-pt\/wp-json\/wp\/v2\/product\/11387","targetHints":{"allow":["GET"]}}],"collection":[{"href":"https:\/\/clonemontessori-dev.host3ip.eu\/pt-pt\/wp-json\/wp\/v2\/product"}],"about":[{"href":"https:\/\/clonemontessori-dev.host3ip.eu\/pt-pt\/wp-json\/wp\/v2\/types\/product"}],"wp:featuredmedia":[{"embeddable":true,"href":"https:\/\/clonemontessori-dev.host3ip.eu\/pt-pt\/wp-json\/wp\/v2\/media\/10565"}],"wp:attachment":[{"href":"https:\/\/clonemontessori-dev.host3ip.eu\/pt-pt\/wp-json\/wp\/v2\/media?parent=11387"}],"wp:term":[{"taxonomy":"product_brand","embeddable":true,"href":"https:\/\/clonemontessori-dev.host3ip.eu\/pt-pt\/wp-json\/wp\/v2\/product_brand?post=11387"},{"taxonomy":"product_cat","embeddable":true,"href":"https:\/\/clonemontessori-dev.host3ip.eu\/pt-pt\/wp-json\/wp\/v2\/product_cat?post=11387"},{"taxonomy":"product_tag","embeddable":true,"href":"https:\/\/clonemontessori-dev.host3ip.eu\/pt-pt\/wp-json\/wp\/v2\/product_tag?post=11387"},{"taxonomy":"tematica","embeddable":true,"href":"https:\/\/clonemontessori-dev.host3ip.eu\/pt-pt\/wp-json\/wp\/v2\/tematica?post=11387"}],"curies":[{"name":"wp","href":"https:\/\/api.w.org\/{rel}","templated":true}]}}