{"id":11388,"date":"2025-07-11T09:39:18","date_gmt":"2025-07-11T07:39:18","guid":{"rendered":"https:\/\/clonemontessori-dev.host3ip.eu\/?post_type=product&#038;p=11388"},"modified":"2025-11-17T17:22:31","modified_gmt":"2025-11-17T16:22:31","slug":"metodos-montessori-e-pikler","status":"publish","type":"product","link":"https:\/\/clonemontessori-dev.host3ip.eu\/pt-pt\/cursos-pt-pt\/metodos-montessori-e-pikler\/","title":{"rendered":"M\u00e9todos Montessori e Pikler"},"content":{"rendered":"<p>Neste treinamento, as propostas de Mar\u00eda Montessori e de Emmi Pikler s\u00e3o apresentadas e comparadas, enfatizando a ajuda ao desenvolvimento do movimento ou desenvolvimento postural.<\/p>\n<p>Aprenda a preparar o ambiente em casa e na escola, os materiais e os m\u00f3veis adequados para promover o desenvolvimento do beb\u00ea por meio de ferramentas te\u00f3ricas e pr\u00e1ticas e tutoriais em v\u00eddeo.<\/p>\n","protected":false},"excerpt":{"rendered":"<p>Neste treinamento, as propostas de Mar\u00eda Montessori e de Emmi Pikler s\u00e3o apresentadas e comparadas, enfatizando a ajuda ao desenvolvimento do movimento ou desenvolvimento postural. Aprenda a preparar o ambiente em casa e na escola, os materiais e os m\u00f3veis adequados para promover o desenvolvimento do beb\u00ea por meio de ferramentas te\u00f3ricas e pr\u00e1ticas e [&hellip;]<\/p>\n","protected":false},"featured_media":11368,"template":"","meta":{"_acf_changed":false},"product_brand":[],"product_cat":[101,161,165,157],"product_tag":[],"tematica":[220],"class_list":{"0":"post-11388","1":"product","2":"type-product","3":"status-publish","4":"has-post-thumbnail","6":"product_cat-cursos-pt-pt","7":"product_cat-pais","8":"product_cat-0-3-anos","9":"product_cat-professores","10":"tematica-desarrollo-infantil","12":"first","13":"instock","14":"sale","15":"taxable","16":"shipping-taxable","17":"purchasable","18":"product-type-simple"},"acf":[],"_links":{"self":[{"href":"https:\/\/clonemontessori-dev.host3ip.eu\/pt-pt\/wp-json\/wp\/v2\/product\/11388","targetHints":{"allow":["GET"]}}],"collection":[{"href":"https:\/\/clonemontessori-dev.host3ip.eu\/pt-pt\/wp-json\/wp\/v2\/product"}],"about":[{"href":"https:\/\/clonemontessori-dev.host3ip.eu\/pt-pt\/wp-json\/wp\/v2\/types\/product"}],"wp:featuredmedia":[{"embeddable":true,"href":"https:\/\/clonemontessori-dev.host3ip.eu\/pt-pt\/wp-json\/wp\/v2\/media\/11368"}],"wp:attachment":[{"href":"https:\/\/clonemontessori-dev.host3ip.eu\/pt-pt\/wp-json\/wp\/v2\/media?parent=11388"}],"wp:term":[{"taxonomy":"product_brand","embeddable":true,"href":"https:\/\/clonemontessori-dev.host3ip.eu\/pt-pt\/wp-json\/wp\/v2\/product_brand?post=11388"},{"taxonomy":"product_cat","embeddable":true,"href":"https:\/\/clonemontessori-dev.host3ip.eu\/pt-pt\/wp-json\/wp\/v2\/product_cat?post=11388"},{"taxonomy":"product_tag","embeddable":true,"href":"https:\/\/clonemontessori-dev.host3ip.eu\/pt-pt\/wp-json\/wp\/v2\/product_tag?post=11388"},{"taxonomy":"tematica","embeddable":true,"href":"https:\/\/clonemontessori-dev.host3ip.eu\/pt-pt\/wp-json\/wp\/v2\/tematica?post=11388"}],"curies":[{"name":"wp","href":"https:\/\/api.w.org\/{rel}","templated":true}]}}