{"id":11392,"date":"2025-07-11T09:42:46","date_gmt":"2025-07-11T07:42:46","guid":{"rendered":"https:\/\/clonemontessori-dev.host3ip.eu\/?post_type=product&#038;p=11392"},"modified":"2025-11-17T17:22:31","modified_gmt":"2025-11-17T16:22:31","slug":"desenvolvimento-sensorial-e-cognitivo","status":"publish","type":"product","link":"https:\/\/clonemontessori-dev.host3ip.eu\/pt-pt\/cursos-pt-pt\/desenvolvimento-sensorial-e-cognitivo\/","title":{"rendered":"Desenvolvimento Sensorial e Cognitivo"},"content":{"rendered":"<p>A educa\u00e7\u00e3o sensorial \u00e9 uma pe\u00e7a fundamental na proposta de Mar\u00eda Montessori nos primeiro<\/p>\n","protected":false},"excerpt":{"rendered":"<p>A educa\u00e7\u00e3o sensorial \u00e9 uma pe\u00e7a fundamental na proposta de Mar\u00eda Montessori nos primeiro<\/p>\n","protected":false},"featured_media":11408,"template":"","meta":{"_acf_changed":false},"product_brand":[],"product_cat":[101,149,161,165,157],"product_tag":[],"tematica":[220],"class_list":{"0":"post-11392","1":"product","2":"type-product","3":"status-publish","4":"has-post-thumbnail","6":"product_cat-cursos-pt-pt","7":"product_cat-criancas","8":"product_cat-pais","9":"product_cat-0-3-anos","10":"product_cat-professores","11":"tematica-desarrollo-infantil","13":"first","14":"instock","15":"sale","16":"virtual","17":"taxable","18":"purchasable","19":"product-type-simple"},"acf":[],"_links":{"self":[{"href":"https:\/\/clonemontessori-dev.host3ip.eu\/pt-pt\/wp-json\/wp\/v2\/product\/11392","targetHints":{"allow":["GET"]}}],"collection":[{"href":"https:\/\/clonemontessori-dev.host3ip.eu\/pt-pt\/wp-json\/wp\/v2\/product"}],"about":[{"href":"https:\/\/clonemontessori-dev.host3ip.eu\/pt-pt\/wp-json\/wp\/v2\/types\/product"}],"wp:featuredmedia":[{"embeddable":true,"href":"https:\/\/clonemontessori-dev.host3ip.eu\/pt-pt\/wp-json\/wp\/v2\/media\/11408"}],"wp:attachment":[{"href":"https:\/\/clonemontessori-dev.host3ip.eu\/pt-pt\/wp-json\/wp\/v2\/media?parent=11392"}],"wp:term":[{"taxonomy":"product_brand","embeddable":true,"href":"https:\/\/clonemontessori-dev.host3ip.eu\/pt-pt\/wp-json\/wp\/v2\/product_brand?post=11392"},{"taxonomy":"product_cat","embeddable":true,"href":"https:\/\/clonemontessori-dev.host3ip.eu\/pt-pt\/wp-json\/wp\/v2\/product_cat?post=11392"},{"taxonomy":"product_tag","embeddable":true,"href":"https:\/\/clonemontessori-dev.host3ip.eu\/pt-pt\/wp-json\/wp\/v2\/product_tag?post=11392"},{"taxonomy":"tematica","embeddable":true,"href":"https:\/\/clonemontessori-dev.host3ip.eu\/pt-pt\/wp-json\/wp\/v2\/tematica?post=11392"}],"curies":[{"name":"wp","href":"https:\/\/api.w.org\/{rel}","templated":true}]}}