{"id":11413,"date":"2025-07-11T09:45:42","date_gmt":"2025-07-11T07:45:42","guid":{"rendered":"https:\/\/clonemontessori-dev.host3ip.eu\/?post_type=product&#038;p=11413"},"modified":"2025-11-17T17:22:30","modified_gmt":"2025-11-17T16:22:30","slug":"desenvolvimento-do-movimento","status":"publish","type":"product","link":"https:\/\/clonemontessori-dev.host3ip.eu\/pt-pt\/cursos-pt-pt\/desenvolvimento-do-movimento\/","title":{"rendered":"Desenvolvimento do Movimento"},"content":{"rendered":"<p>O\u00a0<strong>movimento<\/strong>\u00a0\u00e9 uma das primeiras realiza\u00e7\u00f5es na vida da crian\u00e7a, pois representa uma mudan\u00e7a na maneira como ela encara o mundo. As habilidades f\u00edsicas t\u00eam repercuss\u00f5es importantes para\u00a0<strong>o desenvolvimento emocional e social<\/strong>.<\/p>\n<p>Por esse motivo, este curso enfoca<strong>\u00a0o papel do adulto<\/strong>\u00a0como respons\u00e1vel por um espa\u00e7o adequado e seguro, onde a crian\u00e7a possa funcionar com tranquilidade e liberdade, promovendo essa autonomia de forma natural.<\/p>\n","protected":false},"excerpt":{"rendered":"<p>O\u00a0movimento\u00a0\u00e9 uma das primeiras realiza\u00e7\u00f5es na vida da crian\u00e7a, pois representa uma mudan\u00e7a na maneira como ela encara o mundo. As habilidades f\u00edsicas t\u00eam repercuss\u00f5es importantes para\u00a0o desenvolvimento emocional e social. Por esse motivo, este curso enfoca\u00a0o papel do adulto\u00a0como respons\u00e1vel por um espa\u00e7o adequado e seguro, onde a crian\u00e7a possa funcionar com tranquilidade e [&hellip;]<\/p>\n","protected":false},"featured_media":11403,"template":"","meta":{"_acf_changed":false},"product_brand":[],"product_cat":[101,161,165,157],"product_tag":[],"tematica":[220],"class_list":{"0":"post-11413","1":"product","2":"type-product","3":"status-publish","4":"has-post-thumbnail","6":"product_cat-cursos-pt-pt","7":"product_cat-pais","8":"product_cat-0-3-anos","9":"product_cat-professores","10":"tematica-desarrollo-infantil","12":"first","13":"instock","14":"sale","15":"virtual","16":"taxable","17":"purchasable","18":"product-type-simple"},"acf":[],"_links":{"self":[{"href":"https:\/\/clonemontessori-dev.host3ip.eu\/pt-pt\/wp-json\/wp\/v2\/product\/11413","targetHints":{"allow":["GET"]}}],"collection":[{"href":"https:\/\/clonemontessori-dev.host3ip.eu\/pt-pt\/wp-json\/wp\/v2\/product"}],"about":[{"href":"https:\/\/clonemontessori-dev.host3ip.eu\/pt-pt\/wp-json\/wp\/v2\/types\/product"}],"wp:featuredmedia":[{"embeddable":true,"href":"https:\/\/clonemontessori-dev.host3ip.eu\/pt-pt\/wp-json\/wp\/v2\/media\/11403"}],"wp:attachment":[{"href":"https:\/\/clonemontessori-dev.host3ip.eu\/pt-pt\/wp-json\/wp\/v2\/media?parent=11413"}],"wp:term":[{"taxonomy":"product_brand","embeddable":true,"href":"https:\/\/clonemontessori-dev.host3ip.eu\/pt-pt\/wp-json\/wp\/v2\/product_brand?post=11413"},{"taxonomy":"product_cat","embeddable":true,"href":"https:\/\/clonemontessori-dev.host3ip.eu\/pt-pt\/wp-json\/wp\/v2\/product_cat?post=11413"},{"taxonomy":"product_tag","embeddable":true,"href":"https:\/\/clonemontessori-dev.host3ip.eu\/pt-pt\/wp-json\/wp\/v2\/product_tag?post=11413"},{"taxonomy":"tematica","embeddable":true,"href":"https:\/\/clonemontessori-dev.host3ip.eu\/pt-pt\/wp-json\/wp\/v2\/tematica?post=11413"}],"curies":[{"name":"wp","href":"https:\/\/api.w.org\/{rel}","templated":true}]}}