{"id":11421,"date":"2025-07-11T09:51:52","date_gmt":"2025-07-11T07:51:52","guid":{"rendered":"https:\/\/clonemontessori-dev.host3ip.eu\/?post_type=product&#038;p=11421"},"modified":"2025-11-17T17:22:30","modified_gmt":"2025-11-17T16:22:30","slug":"criancas-e-emocoes","status":"publish","type":"product","link":"https:\/\/clonemontessori-dev.host3ip.eu\/pt-pt\/cursos-pt-pt\/criancas-e-emocoes\/","title":{"rendered":"Crian\u00e7as e Emo\u00e7\u00f5es"},"content":{"rendered":"<p>Este curso tem como objetivo tomar consci\u00eancia das\u00a0<strong>necessidades emocionais da crian\u00e7a<\/strong>\u00a0pequena, compreendendo como a crian\u00e7a percebe e expressa a sua afetividade.<\/p>\n<p>Veremos quais s\u00e3o as necessidades emocionais e de v\u00ednculo da crian\u00e7a, quais caracter\u00edsticas ela manifesta para melhor entender como responder a essas necessidades e algumas propostas de afetividade saud\u00e1vel.<\/p>\n<p>Ser\u00e3o tamb\u00e9m abordados textos que defendem a import\u00e2ncia da gest\u00e3o das emo\u00e7\u00f5es e como o di\u00e1logo, o carinho e um quadro de normas adequadas \u00e0 crian\u00e7a a ajudar\u00e3o, aos poucos, a adquirir o controle emocional.<\/p>\n","protected":false},"excerpt":{"rendered":"<p>Este curso tem como objetivo tomar consci\u00eancia das\u00a0necessidades emocionais da crian\u00e7a\u00a0pequena, compreendendo como a crian\u00e7a percebe e expressa a sua afetividade. Veremos quais s\u00e3o as necessidades emocionais e de v\u00ednculo da crian\u00e7a, quais caracter\u00edsticas ela manifesta para melhor entender como responder a essas necessidades e algumas propostas de afetividade saud\u00e1vel. Ser\u00e3o tamb\u00e9m abordados textos que [&hellip;]<\/p>\n","protected":false},"featured_media":11427,"template":"","meta":{"_acf_changed":false},"product_brand":[],"product_cat":[101,149,161,165,157],"product_tag":[],"tematica":[220],"class_list":{"0":"post-11421","1":"product","2":"type-product","3":"status-publish","4":"has-post-thumbnail","6":"product_cat-cursos-pt-pt","7":"product_cat-criancas","8":"product_cat-pais","9":"product_cat-0-3-anos","10":"product_cat-professores","11":"tematica-desarrollo-infantil","13":"first","14":"instock","15":"sale","16":"virtual","17":"taxable","18":"purchasable","19":"product-type-simple"},"acf":[],"_links":{"self":[{"href":"https:\/\/clonemontessori-dev.host3ip.eu\/pt-pt\/wp-json\/wp\/v2\/product\/11421","targetHints":{"allow":["GET"]}}],"collection":[{"href":"https:\/\/clonemontessori-dev.host3ip.eu\/pt-pt\/wp-json\/wp\/v2\/product"}],"about":[{"href":"https:\/\/clonemontessori-dev.host3ip.eu\/pt-pt\/wp-json\/wp\/v2\/types\/product"}],"wp:featuredmedia":[{"embeddable":true,"href":"https:\/\/clonemontessori-dev.host3ip.eu\/pt-pt\/wp-json\/wp\/v2\/media\/11427"}],"wp:attachment":[{"href":"https:\/\/clonemontessori-dev.host3ip.eu\/pt-pt\/wp-json\/wp\/v2\/media?parent=11421"}],"wp:term":[{"taxonomy":"product_brand","embeddable":true,"href":"https:\/\/clonemontessori-dev.host3ip.eu\/pt-pt\/wp-json\/wp\/v2\/product_brand?post=11421"},{"taxonomy":"product_cat","embeddable":true,"href":"https:\/\/clonemontessori-dev.host3ip.eu\/pt-pt\/wp-json\/wp\/v2\/product_cat?post=11421"},{"taxonomy":"product_tag","embeddable":true,"href":"https:\/\/clonemontessori-dev.host3ip.eu\/pt-pt\/wp-json\/wp\/v2\/product_tag?post=11421"},{"taxonomy":"tematica","embeddable":true,"href":"https:\/\/clonemontessori-dev.host3ip.eu\/pt-pt\/wp-json\/wp\/v2\/tematica?post=11421"}],"curies":[{"name":"wp","href":"https:\/\/api.w.org\/{rel}","templated":true}]}}