{"id":11432,"date":"2025-07-11T09:56:13","date_gmt":"2025-07-11T07:56:13","guid":{"rendered":"https:\/\/clonemontessori-dev.host3ip.eu\/?post_type=product&#038;p=11432"},"modified":"2025-11-17T17:22:29","modified_gmt":"2025-11-17T16:22:29","slug":"a-crianca-e-a-natureza","status":"publish","type":"product","link":"https:\/\/clonemontessori-dev.host3ip.eu\/pt-pt\/cursos-pt-pt\/a-crianca-e-a-natureza\/","title":{"rendered":"A crian\u00e7a e a natureza"},"content":{"rendered":"<p>Neste curso trabalharemos diversas propostas que visam aproveitar os est\u00edmulos que a natureza oferece para o desenvolvimento das crian\u00e7as pequenas.<\/p>\n<p>O curso desenvolve os\u00a0<b>fundamentos da Educa\u00e7\u00e3o C\u00f3smica<\/b>, entendendo que n\u00e3o se trata apenas de atividades isoladas de contato com a natureza, mas de uma vis\u00e3o de mundo. Veremos tamb\u00e9m o recentemente cunhado conceito de\u00a0<b>d\u00e9fice de natureza<\/b>, investiga\u00e7\u00e3o desenvolvida recentemente que coloca a crian\u00e7a num local de profunda car\u00eancia com a natureza, proporcionando bases atualizadas.<\/p>\n","protected":false},"excerpt":{"rendered":"<p>Neste curso trabalharemos diversas propostas que visam aproveitar os est\u00edmulos que a natureza oferece para o desenvolvimento das crian\u00e7as pequenas. O curso desenvolve os\u00a0fundamentos da Educa\u00e7\u00e3o C\u00f3smica, entendendo que n\u00e3o se trata apenas de atividades isoladas de contato com a natureza, mas de uma vis\u00e3o de mundo. Veremos tamb\u00e9m o recentemente cunhado conceito de\u00a0d\u00e9fice de [&hellip;]<\/p>\n","protected":false},"featured_media":11422,"template":"","meta":{"_acf_changed":false},"product_brand":[],"product_cat":[101,149,153,161,165,157],"product_tag":[],"tematica":[214],"class_list":{"0":"post-11432","1":"product","2":"type-product","3":"status-publish","4":"has-post-thumbnail","6":"product_cat-cursos-pt-pt","7":"product_cat-criancas","8":"product_cat-primario","9":"product_cat-pais","10":"product_cat-0-3-anos","11":"product_cat-professores","12":"tematica-vida-practica-y-naturaleza","14":"first","15":"instock","16":"sale","17":"virtual","18":"taxable","19":"purchasable","20":"product-type-simple"},"acf":[],"_links":{"self":[{"href":"https:\/\/clonemontessori-dev.host3ip.eu\/pt-pt\/wp-json\/wp\/v2\/product\/11432","targetHints":{"allow":["GET"]}}],"collection":[{"href":"https:\/\/clonemontessori-dev.host3ip.eu\/pt-pt\/wp-json\/wp\/v2\/product"}],"about":[{"href":"https:\/\/clonemontessori-dev.host3ip.eu\/pt-pt\/wp-json\/wp\/v2\/types\/product"}],"wp:featuredmedia":[{"embeddable":true,"href":"https:\/\/clonemontessori-dev.host3ip.eu\/pt-pt\/wp-json\/wp\/v2\/media\/11422"}],"wp:attachment":[{"href":"https:\/\/clonemontessori-dev.host3ip.eu\/pt-pt\/wp-json\/wp\/v2\/media?parent=11432"}],"wp:term":[{"taxonomy":"product_brand","embeddable":true,"href":"https:\/\/clonemontessori-dev.host3ip.eu\/pt-pt\/wp-json\/wp\/v2\/product_brand?post=11432"},{"taxonomy":"product_cat","embeddable":true,"href":"https:\/\/clonemontessori-dev.host3ip.eu\/pt-pt\/wp-json\/wp\/v2\/product_cat?post=11432"},{"taxonomy":"product_tag","embeddable":true,"href":"https:\/\/clonemontessori-dev.host3ip.eu\/pt-pt\/wp-json\/wp\/v2\/product_tag?post=11432"},{"taxonomy":"tematica","embeddable":true,"href":"https:\/\/clonemontessori-dev.host3ip.eu\/pt-pt\/wp-json\/wp\/v2\/tematica?post=11432"}],"curies":[{"name":"wp","href":"https:\/\/api.w.org\/{rel}","templated":true}]}}