{"id":11433,"date":"2025-07-11T10:00:59","date_gmt":"2025-07-11T08:00:59","guid":{"rendered":"https:\/\/clonemontessori-dev.host3ip.eu\/?post_type=product&#038;p=11433"},"modified":"2025-11-17T17:22:29","modified_gmt":"2025-11-17T16:22:29","slug":"linguagem-montessori","status":"publish","type":"product","link":"https:\/\/clonemontessori-dev.host3ip.eu\/pt-pt\/cursos-pt-pt\/linguagem-montessori\/","title":{"rendered":"Linguagem Montessori"},"content":{"rendered":"<p>Crian\u00e7as de 3 a 6 anos t\u00eam uma grande necessidade de comunica\u00e7\u00e3o. Neste curso, voc\u00ea aprender\u00e1 a promover sua\u00a0<strong>linguagem<\/strong>\u00a0oral, bem como o in\u00edcio da\u00a0<strong>escrita<\/strong>\u00a0e\u00a0<strong>leitura<\/strong>\u00a0de forma din\u00e2mica com os materiais apropriados.<\/p>\n<p>A express\u00e3o oral \u00e9 fundam<\/p>\n","protected":false},"excerpt":{"rendered":"<p>Crian\u00e7as de 3 a 6 anos t\u00eam uma grande necessidade de comunica\u00e7\u00e3o. Neste curso, voc\u00ea aprender\u00e1 a promover sua\u00a0linguagem\u00a0oral, bem como o in\u00edcio da\u00a0escrita\u00a0e\u00a0leitura\u00a0de forma din\u00e2mica com os materiais apropriados. A express\u00e3o oral \u00e9 fundam<\/p>\n","protected":false},"featured_media":11459,"template":"","meta":{"_acf_changed":false},"product_brand":[],"product_cat":[101,149,161,169,157],"product_tag":[],"tematica":[218],"class_list":{"0":"post-11433","1":"product","2":"type-product","3":"status-publish","4":"has-post-thumbnail","6":"product_cat-cursos-pt-pt","7":"product_cat-criancas","8":"product_cat-pais","9":"product_cat-3-6-anos","10":"product_cat-professores","11":"tematica-lenguaje-y-comunicacion","13":"first","14":"instock","15":"sale","16":"virtual","17":"taxable","18":"purchasable","19":"product-type-simple"},"acf":[],"_links":{"self":[{"href":"https:\/\/clonemontessori-dev.host3ip.eu\/pt-pt\/wp-json\/wp\/v2\/product\/11433","targetHints":{"allow":["GET"]}}],"collection":[{"href":"https:\/\/clonemontessori-dev.host3ip.eu\/pt-pt\/wp-json\/wp\/v2\/product"}],"about":[{"href":"https:\/\/clonemontessori-dev.host3ip.eu\/pt-pt\/wp-json\/wp\/v2\/types\/product"}],"wp:featuredmedia":[{"embeddable":true,"href":"https:\/\/clonemontessori-dev.host3ip.eu\/pt-pt\/wp-json\/wp\/v2\/media\/11459"}],"wp:attachment":[{"href":"https:\/\/clonemontessori-dev.host3ip.eu\/pt-pt\/wp-json\/wp\/v2\/media?parent=11433"}],"wp:term":[{"taxonomy":"product_brand","embeddable":true,"href":"https:\/\/clonemontessori-dev.host3ip.eu\/pt-pt\/wp-json\/wp\/v2\/product_brand?post=11433"},{"taxonomy":"product_cat","embeddable":true,"href":"https:\/\/clonemontessori-dev.host3ip.eu\/pt-pt\/wp-json\/wp\/v2\/product_cat?post=11433"},{"taxonomy":"product_tag","embeddable":true,"href":"https:\/\/clonemontessori-dev.host3ip.eu\/pt-pt\/wp-json\/wp\/v2\/product_tag?post=11433"},{"taxonomy":"tematica","embeddable":true,"href":"https:\/\/clonemontessori-dev.host3ip.eu\/pt-pt\/wp-json\/wp\/v2\/tematica?post=11433"}],"curies":[{"name":"wp","href":"https:\/\/api.w.org\/{rel}","templated":true}]}}