{"id":11464,"date":"2025-07-11T10:05:17","date_gmt":"2025-07-11T08:05:17","guid":{"rendered":"https:\/\/clonemontessori-dev.host3ip.eu\/?post_type=product&#038;p=11464"},"modified":"2025-11-17T17:22:29","modified_gmt":"2025-11-17T16:22:29","slug":"metodo-montessori-em-infantil","status":"publish","type":"product","link":"https:\/\/clonemontessori-dev.host3ip.eu\/pt-pt\/cursos-pt-pt\/metodo-montessori-em-infantil\/","title":{"rendered":"M\u00e9todo Montessori em Infantil"},"content":{"rendered":"<p>Se voc\u00ea quiser aprender os\u00a0<strong>fundamentos do m\u00e9todo Montessori<\/strong>\u00a0especificamente em crian\u00e7as entre tr\u00eas e seis anos, este \u00e9 o caminho certo para voc\u00ea. Voc\u00ea aprender\u00e1 as necessidades neste momento do desenvolvimento e algumas diretrizes para analisar seus interesses individuais.<\/p>\n<p>Nesse est\u00e1gio, s\u00e3o despertadas sensibilidades especiais para aspectos como linguagem, movimento e percep\u00e7\u00e3o refinada e uma mente absorvente, facilitando o aprendizado.<\/p>\n","protected":false},"excerpt":{"rendered":"<p>Se voc\u00ea quiser aprender os\u00a0fundamentos do m\u00e9todo Montessori\u00a0especificamente em crian\u00e7as entre tr\u00eas e seis anos, este \u00e9 o caminho certo para voc\u00ea. Voc\u00ea aprender\u00e1 as necessidades neste momento do desenvolvimento e algumas diretrizes para analisar seus interesses individuais. Nesse est\u00e1gio, s\u00e3o despertadas sensibilidades especiais para aspectos como linguagem, movimento e percep\u00e7\u00e3o refinada e uma mente [&hellip;]<\/p>\n","protected":false},"featured_media":11454,"template":"","meta":{"_acf_changed":false},"product_brand":[],"product_cat":[101,153,161,169,157],"product_tag":[],"tematica":[220],"class_list":{"0":"post-11464","1":"product","2":"type-product","3":"status-publish","4":"has-post-thumbnail","6":"product_cat-cursos-pt-pt","7":"product_cat-primario","8":"product_cat-pais","9":"product_cat-3-6-anos","10":"product_cat-professores","11":"tematica-desarrollo-infantil","13":"first","14":"instock","15":"sale","16":"virtual","17":"taxable","18":"purchasable","19":"product-type-simple"},"acf":[],"_links":{"self":[{"href":"https:\/\/clonemontessori-dev.host3ip.eu\/pt-pt\/wp-json\/wp\/v2\/product\/11464","targetHints":{"allow":["GET"]}}],"collection":[{"href":"https:\/\/clonemontessori-dev.host3ip.eu\/pt-pt\/wp-json\/wp\/v2\/product"}],"about":[{"href":"https:\/\/clonemontessori-dev.host3ip.eu\/pt-pt\/wp-json\/wp\/v2\/types\/product"}],"wp:featuredmedia":[{"embeddable":true,"href":"https:\/\/clonemontessori-dev.host3ip.eu\/pt-pt\/wp-json\/wp\/v2\/media\/11454"}],"wp:attachment":[{"href":"https:\/\/clonemontessori-dev.host3ip.eu\/pt-pt\/wp-json\/wp\/v2\/media?parent=11464"}],"wp:term":[{"taxonomy":"product_brand","embeddable":true,"href":"https:\/\/clonemontessori-dev.host3ip.eu\/pt-pt\/wp-json\/wp\/v2\/product_brand?post=11464"},{"taxonomy":"product_cat","embeddable":true,"href":"https:\/\/clonemontessori-dev.host3ip.eu\/pt-pt\/wp-json\/wp\/v2\/product_cat?post=11464"},{"taxonomy":"product_tag","embeddable":true,"href":"https:\/\/clonemontessori-dev.host3ip.eu\/pt-pt\/wp-json\/wp\/v2\/product_tag?post=11464"},{"taxonomy":"tematica","embeddable":true,"href":"https:\/\/clonemontessori-dev.host3ip.eu\/pt-pt\/wp-json\/wp\/v2\/tematica?post=11464"}],"curies":[{"name":"wp","href":"https:\/\/api.w.org\/{rel}","templated":true}]}}