{"id":11465,"date":"2025-07-11T10:08:23","date_gmt":"2025-07-11T08:08:23","guid":{"rendered":"https:\/\/clonemontessori-dev.host3ip.eu\/?post_type=product&#038;p=11465"},"modified":"2025-11-17T17:22:29","modified_gmt":"2025-11-17T16:22:29","slug":"artes-montessori-2","status":"publish","type":"product","link":"https:\/\/clonemontessori-dev.host3ip.eu\/pt-pt\/cursos-pt-pt\/artes-montessori-2\/","title":{"rendered":"Artes Montessori"},"content":{"rendered":"<p>Para crian\u00e7as de 3 a 6 anos, a arte as ajuda a descobrir canais em seu ambiente. Essas habilidades oferecem solu\u00e7\u00f5es para explorar e\u00a0<strong>desenvolver sua intelig\u00eancia e linguagem<\/strong>.<\/p>\n<p>Neste curso, voc\u00ea conhecer\u00e1 alguns dos par\u00e2metros das linguagens n\u00e3o verbais: linguagem pl\u00e1stica e musical, atrav\u00e9s da an\u00e1lise de diferentes trabalhos. Voc\u00ea tamb\u00e9m aprender\u00e1 a projetar situa\u00e7\u00f5es expressivas sob o m\u00e9todo Montessori.<\/p>\n","protected":false},"excerpt":{"rendered":"<p>Para crian\u00e7as de 3 a 6 anos, a arte as ajuda a descobrir canais em seu ambiente. Essas habilidades oferecem solu\u00e7\u00f5es para explorar e\u00a0desenvolver sua intelig\u00eancia e linguagem. Neste curso, voc\u00ea conhecer\u00e1 alguns dos par\u00e2metros das linguagens n\u00e3o verbais: linguagem pl\u00e1stica e musical, atrav\u00e9s da an\u00e1lise de diferentes trabalhos. Voc\u00ea tamb\u00e9m aprender\u00e1 a projetar situa\u00e7\u00f5es [&hellip;]<\/p>\n","protected":false},"featured_media":11449,"template":"","meta":{"_acf_changed":false},"product_brand":[],"product_cat":[101,161,169,157],"product_tag":[],"tematica":[216],"class_list":{"0":"post-11465","1":"product","2":"type-product","3":"status-publish","4":"has-post-thumbnail","6":"product_cat-cursos-pt-pt","7":"product_cat-pais","8":"product_cat-3-6-anos","9":"product_cat-professores","10":"tematica-arte-y-manualidades","12":"first","13":"instock","14":"sale","15":"virtual","16":"taxable","17":"purchasable","18":"product-type-simple"},"acf":[],"_links":{"self":[{"href":"https:\/\/clonemontessori-dev.host3ip.eu\/pt-pt\/wp-json\/wp\/v2\/product\/11465","targetHints":{"allow":["GET"]}}],"collection":[{"href":"https:\/\/clonemontessori-dev.host3ip.eu\/pt-pt\/wp-json\/wp\/v2\/product"}],"about":[{"href":"https:\/\/clonemontessori-dev.host3ip.eu\/pt-pt\/wp-json\/wp\/v2\/types\/product"}],"wp:featuredmedia":[{"embeddable":true,"href":"https:\/\/clonemontessori-dev.host3ip.eu\/pt-pt\/wp-json\/wp\/v2\/media\/11449"}],"wp:attachment":[{"href":"https:\/\/clonemontessori-dev.host3ip.eu\/pt-pt\/wp-json\/wp\/v2\/media?parent=11465"}],"wp:term":[{"taxonomy":"product_brand","embeddable":true,"href":"https:\/\/clonemontessori-dev.host3ip.eu\/pt-pt\/wp-json\/wp\/v2\/product_brand?post=11465"},{"taxonomy":"product_cat","embeddable":true,"href":"https:\/\/clonemontessori-dev.host3ip.eu\/pt-pt\/wp-json\/wp\/v2\/product_cat?post=11465"},{"taxonomy":"product_tag","embeddable":true,"href":"https:\/\/clonemontessori-dev.host3ip.eu\/pt-pt\/wp-json\/wp\/v2\/product_tag?post=11465"},{"taxonomy":"tematica","embeddable":true,"href":"https:\/\/clonemontessori-dev.host3ip.eu\/pt-pt\/wp-json\/wp\/v2\/tematica?post=11465"}],"curies":[{"name":"wp","href":"https:\/\/api.w.org\/{rel}","templated":true}]}}