{"id":11466,"date":"2025-07-11T10:11:21","date_gmt":"2025-07-11T08:11:21","guid":{"rendered":"https:\/\/clonemontessori-dev.host3ip.eu\/?post_type=product&#038;p=11466"},"modified":"2025-11-17T17:22:28","modified_gmt":"2025-11-17T16:22:28","slug":"area-sensorial-montessori","status":"publish","type":"product","link":"https:\/\/clonemontessori-dev.host3ip.eu\/pt-pt\/cursos-pt-pt\/area-sensorial-montessori\/","title":{"rendered":"\u00c1rea Sensorial Montessori"},"content":{"rendered":"<p>A educa\u00e7\u00e3o sensorial \u00e9 fundamental na pedagogia montessori, pois se baseia no aproveitamento do\u00a0<strong>interesse em explorar<\/strong>\u00a0o que as crian\u00e7as nessas idades mostram, percebendo facilmente todos os detalhes.<\/p>\n<p>Conhe\u00e7a os materiais autocorretivos que guiar\u00e3o as crian\u00e7as em seu processo de organiza\u00e7\u00e3o de informa\u00e7\u00f5es e promo\u00e7\u00e3o de seu desenvolvimento cognitivo.<\/p>\n","protected":false},"excerpt":{"rendered":"<p>A educa\u00e7\u00e3o sensorial \u00e9 fundamental na pedagogia montessori, pois se baseia no aproveitamento do\u00a0interesse em explorar\u00a0o que as crian\u00e7as nessas idades mostram, percebendo facilmente todos os detalhes. Conhe\u00e7a os materiais autocorretivos que guiar\u00e3o as crian\u00e7as em seu processo de organiza\u00e7\u00e3o de informa\u00e7\u00f5es e promo\u00e7\u00e3o de seu desenvolvimento cognitivo.<\/p>\n","protected":false},"featured_media":11444,"template":"","meta":{"_acf_changed":false},"product_brand":[],"product_cat":[101,153,161,169,157],"product_tag":[],"tematica":[220],"class_list":{"0":"post-11466","1":"product","2":"type-product","3":"status-publish","4":"has-post-thumbnail","6":"product_cat-cursos-pt-pt","7":"product_cat-primario","8":"product_cat-pais","9":"product_cat-3-6-anos","10":"product_cat-professores","11":"tematica-desarrollo-infantil","13":"first","14":"instock","15":"sale","16":"virtual","17":"taxable","18":"purchasable","19":"product-type-simple"},"acf":[],"_links":{"self":[{"href":"https:\/\/clonemontessori-dev.host3ip.eu\/pt-pt\/wp-json\/wp\/v2\/product\/11466","targetHints":{"allow":["GET"]}}],"collection":[{"href":"https:\/\/clonemontessori-dev.host3ip.eu\/pt-pt\/wp-json\/wp\/v2\/product"}],"about":[{"href":"https:\/\/clonemontessori-dev.host3ip.eu\/pt-pt\/wp-json\/wp\/v2\/types\/product"}],"wp:featuredmedia":[{"embeddable":true,"href":"https:\/\/clonemontessori-dev.host3ip.eu\/pt-pt\/wp-json\/wp\/v2\/media\/11444"}],"wp:attachment":[{"href":"https:\/\/clonemontessori-dev.host3ip.eu\/pt-pt\/wp-json\/wp\/v2\/media?parent=11466"}],"wp:term":[{"taxonomy":"product_brand","embeddable":true,"href":"https:\/\/clonemontessori-dev.host3ip.eu\/pt-pt\/wp-json\/wp\/v2\/product_brand?post=11466"},{"taxonomy":"product_cat","embeddable":true,"href":"https:\/\/clonemontessori-dev.host3ip.eu\/pt-pt\/wp-json\/wp\/v2\/product_cat?post=11466"},{"taxonomy":"product_tag","embeddable":true,"href":"https:\/\/clonemontessori-dev.host3ip.eu\/pt-pt\/wp-json\/wp\/v2\/product_tag?post=11466"},{"taxonomy":"tematica","embeddable":true,"href":"https:\/\/clonemontessori-dev.host3ip.eu\/pt-pt\/wp-json\/wp\/v2\/tematica?post=11466"}],"curies":[{"name":"wp","href":"https:\/\/api.w.org\/{rel}","templated":true}]}}