{"id":11467,"date":"2025-07-11T10:14:44","date_gmt":"2025-07-11T08:14:44","guid":{"rendered":"https:\/\/clonemontessori-dev.host3ip.eu\/?post_type=product&#038;p=11467"},"modified":"2025-11-17T17:22:28","modified_gmt":"2025-11-17T16:22:28","slug":"vida-pratica-montessori","status":"publish","type":"product","link":"https:\/\/clonemontessori-dev.host3ip.eu\/pt-pt\/cursos-pt-pt\/vida-pratica-montessori\/","title":{"rendered":"Vida Pr\u00e1tica Montessori"},"content":{"rendered":"<p>As crian\u00e7as come\u00e7am a se desenvolver na\u00a0<strong>cultura e costumes de seu ambiente<\/strong>\u00a0entre 3 e 6 anos de idade, participando da comunidade.<\/p>\n<p>Aprenda exerc\u00edcios construtivos para crian\u00e7as, com um valor pessoal e psicol\u00f3gico, que os ajudar\u00e3o a se envolver em diferentes trabalhos com um objetivo, formando assim sua personalidade.<\/p>\n","protected":false},"excerpt":{"rendered":"<p>As crian\u00e7as come\u00e7am a se desenvolver na\u00a0cultura e costumes de seu ambiente\u00a0entre 3 e 6 anos de idade, participando da comunidade. Aprenda exerc\u00edcios construtivos para crian\u00e7as, com um valor pessoal e psicol\u00f3gico, que os ajudar\u00e3o a se envolver em diferentes trabalhos com um objetivo, formando assim sua personalidade.<\/p>\n","protected":false},"featured_media":11439,"template":"","meta":{"_acf_changed":false},"product_brand":[],"product_cat":[101,149,153,161,169,157],"product_tag":[],"tematica":[214],"class_list":{"0":"post-11467","1":"product","2":"type-product","3":"status-publish","4":"has-post-thumbnail","6":"product_cat-cursos-pt-pt","7":"product_cat-criancas","8":"product_cat-primario","9":"product_cat-pais","10":"product_cat-3-6-anos","11":"product_cat-professores","12":"tematica-vida-practica-y-naturaleza","14":"first","15":"instock","16":"sale","17":"virtual","18":"taxable","19":"purchasable","20":"product-type-simple"},"acf":[],"_links":{"self":[{"href":"https:\/\/clonemontessori-dev.host3ip.eu\/pt-pt\/wp-json\/wp\/v2\/product\/11467","targetHints":{"allow":["GET"]}}],"collection":[{"href":"https:\/\/clonemontessori-dev.host3ip.eu\/pt-pt\/wp-json\/wp\/v2\/product"}],"about":[{"href":"https:\/\/clonemontessori-dev.host3ip.eu\/pt-pt\/wp-json\/wp\/v2\/types\/product"}],"wp:featuredmedia":[{"embeddable":true,"href":"https:\/\/clonemontessori-dev.host3ip.eu\/pt-pt\/wp-json\/wp\/v2\/media\/11439"}],"wp:attachment":[{"href":"https:\/\/clonemontessori-dev.host3ip.eu\/pt-pt\/wp-json\/wp\/v2\/media?parent=11467"}],"wp:term":[{"taxonomy":"product_brand","embeddable":true,"href":"https:\/\/clonemontessori-dev.host3ip.eu\/pt-pt\/wp-json\/wp\/v2\/product_brand?post=11467"},{"taxonomy":"product_cat","embeddable":true,"href":"https:\/\/clonemontessori-dev.host3ip.eu\/pt-pt\/wp-json\/wp\/v2\/product_cat?post=11467"},{"taxonomy":"product_tag","embeddable":true,"href":"https:\/\/clonemontessori-dev.host3ip.eu\/pt-pt\/wp-json\/wp\/v2\/product_tag?post=11467"},{"taxonomy":"tematica","embeddable":true,"href":"https:\/\/clonemontessori-dev.host3ip.eu\/pt-pt\/wp-json\/wp\/v2\/tematica?post=11467"}],"curies":[{"name":"wp","href":"https:\/\/api.w.org\/{rel}","templated":true}]}}