{"id":11468,"date":"2025-07-11T10:17:39","date_gmt":"2025-07-11T08:17:39","guid":{"rendered":"https:\/\/clonemontessori-dev.host3ip.eu\/?post_type=product&#038;p=11468"},"modified":"2025-11-17T17:22:27","modified_gmt":"2025-11-17T16:22:27","slug":"matematica-montessori","status":"publish","type":"product","link":"https:\/\/clonemontessori-dev.host3ip.eu\/pt-pt\/cursos-pt-pt\/matematica-montessori\/","title":{"rendered":"Matem\u00e1tica Montessori"},"content":{"rendered":"<p>A abordagem das crian\u00e7as \u00e0 matem\u00e1tica atrav\u00e9s do m\u00e9todo Montessori desperta seu interesse em identificar e aplicar o\u00a0<strong>pensamento matem\u00e1tico<\/strong>, que surge naturalmente a partir desse est\u00e1gio et\u00e1rio.<\/p>\n<p>Entre as idades de tr\u00eas e seis, suas<strong>\u00a0habilidades matem\u00e1ticas<\/strong>\u00a0come\u00e7am a se desenvolver e eles entendem os conceitos. \u00c9 ainda mais f\u00e1cil se voc\u00ea trabalhar nessa \u00e1rea atrav\u00e9s de situa\u00e7\u00f5es cotidianas e experi\u00eancias pr\u00e1ticas concretas que aprender\u00e1 neste curso.<\/p>\n","protected":false},"excerpt":{"rendered":"<p>A abordagem das crian\u00e7as \u00e0 matem\u00e1tica atrav\u00e9s do m\u00e9todo Montessori desperta seu interesse em identificar e aplicar o\u00a0pensamento matem\u00e1tico, que surge naturalmente a partir desse est\u00e1gio et\u00e1rio. Entre as idades de tr\u00eas e seis, suas\u00a0habilidades matem\u00e1ticas\u00a0come\u00e7am a se desenvolver e eles entendem os conceitos. \u00c9 ainda mais f\u00e1cil se voc\u00ea trabalhar nessa \u00e1rea atrav\u00e9s de [&hellip;]<\/p>\n","protected":false},"featured_media":11434,"template":"","meta":{"_acf_changed":false},"product_brand":[],"product_cat":[101,149,161,169,157],"product_tag":[],"tematica":[217],"class_list":{"0":"post-11468","1":"product","2":"type-product","3":"status-publish","4":"has-post-thumbnail","6":"product_cat-cursos-pt-pt","7":"product_cat-criancas","8":"product_cat-pais","9":"product_cat-3-6-anos","10":"product_cat-professores","11":"tematica-matematicas-y-ciencias","13":"first","14":"instock","15":"sale","16":"virtual","17":"taxable","18":"purchasable","19":"product-type-simple"},"acf":[],"_links":{"self":[{"href":"https:\/\/clonemontessori-dev.host3ip.eu\/pt-pt\/wp-json\/wp\/v2\/product\/11468","targetHints":{"allow":["GET"]}}],"collection":[{"href":"https:\/\/clonemontessori-dev.host3ip.eu\/pt-pt\/wp-json\/wp\/v2\/product"}],"about":[{"href":"https:\/\/clonemontessori-dev.host3ip.eu\/pt-pt\/wp-json\/wp\/v2\/types\/product"}],"wp:featuredmedia":[{"embeddable":true,"href":"https:\/\/clonemontessori-dev.host3ip.eu\/pt-pt\/wp-json\/wp\/v2\/media\/11434"}],"wp:attachment":[{"href":"https:\/\/clonemontessori-dev.host3ip.eu\/pt-pt\/wp-json\/wp\/v2\/media?parent=11468"}],"wp:term":[{"taxonomy":"product_brand","embeddable":true,"href":"https:\/\/clonemontessori-dev.host3ip.eu\/pt-pt\/wp-json\/wp\/v2\/product_brand?post=11468"},{"taxonomy":"product_cat","embeddable":true,"href":"https:\/\/clonemontessori-dev.host3ip.eu\/pt-pt\/wp-json\/wp\/v2\/product_cat?post=11468"},{"taxonomy":"product_tag","embeddable":true,"href":"https:\/\/clonemontessori-dev.host3ip.eu\/pt-pt\/wp-json\/wp\/v2\/product_tag?post=11468"},{"taxonomy":"tematica","embeddable":true,"href":"https:\/\/clonemontessori-dev.host3ip.eu\/pt-pt\/wp-json\/wp\/v2\/tematica?post=11468"}],"curies":[{"name":"wp","href":"https:\/\/api.w.org\/{rel}","templated":true}]}}