{"id":11469,"date":"2025-07-11T10:22:28","date_gmt":"2025-07-11T08:22:28","guid":{"rendered":"https:\/\/clonemontessori-dev.host3ip.eu\/?post_type=product&#038;p=11469"},"modified":"2025-11-17T17:22:27","modified_gmt":"2025-11-17T16:22:27","slug":"linguagem-montessori-2","status":"publish","type":"product","link":"https:\/\/clonemontessori-dev.host3ip.eu\/pt-pt\/cursos-pt-pt\/linguagem-montessori-2\/","title":{"rendered":"Linguagem Montessori"},"content":{"rendered":"<p>Na fase de 6 a 12 anos, \u00e9 crucial consolidar e promover as habilidades lingu\u00edsticas adquiridas durante os primeiros anos. Conhe\u00e7a os materiais com os quais desenvolver seu conhecimento de\u00a0<strong>gram\u00e1tica<\/strong>\u00a0ou\u00a0<strong>sintaxe<\/strong>\u00a0dinamicamente.<\/p>\n<p><strong>Leitura e escrita<\/strong>\u00a0s\u00e3o b\u00e1sicas para o conhecimento de todas as outras \u00e1reas!<\/p>\n","protected":false},"excerpt":{"rendered":"<p>Na fase de 6 a 12 anos, \u00e9 crucial consolidar e promover as habilidades lingu\u00edsticas adquiridas durante os primeiros anos. Conhe\u00e7a os materiais com os quais desenvolver seu conhecimento de\u00a0gram\u00e1tica\u00a0ou\u00a0sintaxe\u00a0dinamicamente. Leitura e escrita\u00a0s\u00e3o b\u00e1sicas para o conhecimento de todas as outras \u00e1reas!<\/p>\n","protected":false},"featured_media":11470,"template":"","meta":{"_acf_changed":false},"product_brand":[],"product_cat":[101,153,161,173,157],"product_tag":[],"tematica":[218],"class_list":{"0":"post-11469","1":"product","2":"type-product","3":"status-publish","4":"has-post-thumbnail","6":"product_cat-cursos-pt-pt","7":"product_cat-primario","8":"product_cat-pais","9":"product_cat-6-12-anos-de-idade","10":"product_cat-professores","11":"tematica-lenguaje-y-comunicacion","13":"first","14":"instock","15":"sale","16":"virtual","17":"taxable","18":"purchasable","19":"product-type-simple"},"acf":[],"_links":{"self":[{"href":"https:\/\/clonemontessori-dev.host3ip.eu\/pt-pt\/wp-json\/wp\/v2\/product\/11469","targetHints":{"allow":["GET"]}}],"collection":[{"href":"https:\/\/clonemontessori-dev.host3ip.eu\/pt-pt\/wp-json\/wp\/v2\/product"}],"about":[{"href":"https:\/\/clonemontessori-dev.host3ip.eu\/pt-pt\/wp-json\/wp\/v2\/types\/product"}],"wp:featuredmedia":[{"embeddable":true,"href":"https:\/\/clonemontessori-dev.host3ip.eu\/pt-pt\/wp-json\/wp\/v2\/media\/11470"}],"wp:attachment":[{"href":"https:\/\/clonemontessori-dev.host3ip.eu\/pt-pt\/wp-json\/wp\/v2\/media?parent=11469"}],"wp:term":[{"taxonomy":"product_brand","embeddable":true,"href":"https:\/\/clonemontessori-dev.host3ip.eu\/pt-pt\/wp-json\/wp\/v2\/product_brand?post=11469"},{"taxonomy":"product_cat","embeddable":true,"href":"https:\/\/clonemontessori-dev.host3ip.eu\/pt-pt\/wp-json\/wp\/v2\/product_cat?post=11469"},{"taxonomy":"product_tag","embeddable":true,"href":"https:\/\/clonemontessori-dev.host3ip.eu\/pt-pt\/wp-json\/wp\/v2\/product_tag?post=11469"},{"taxonomy":"tematica","embeddable":true,"href":"https:\/\/clonemontessori-dev.host3ip.eu\/pt-pt\/wp-json\/wp\/v2\/tematica?post=11469"}],"curies":[{"name":"wp","href":"https:\/\/api.w.org\/{rel}","templated":true}]}}