{"id":11490,"date":"2025-07-11T10:25:43","date_gmt":"2025-07-11T08:25:43","guid":{"rendered":"https:\/\/clonemontessori-dev.host3ip.eu\/?post_type=product&#038;p=11490"},"modified":"2025-11-17T17:22:27","modified_gmt":"2025-11-17T16:22:27","slug":"metodo-montessori-em-primaria","status":"publish","type":"product","link":"https:\/\/clonemontessori-dev.host3ip.eu\/pt-pt\/cursos-pt-pt\/metodo-montessori-em-primaria\/","title":{"rendered":"M\u00e9todo Montessori em Primaria"},"content":{"rendered":"<p>\u00c9 um treinamento b\u00e1sico focado nas\u00a0<strong>necessidades educacionais<\/strong>\u00a0de crian\u00e7as entre 6 e 12 anos de idade. Algumas ferramentas ser\u00e3o obtidas para orientar as crian\u00e7as durante o est\u00e1gio da educa\u00e7\u00e3o prim\u00e1ria sob a pedagogia montessori.<\/p>\n<p>Nesse est\u00e1gio, as crian\u00e7as continuam sendo protagonistas de seu aprendizado, mas aumentam sua capacidade de\u00a0<strong>abstra\u00e7\u00e3o<\/strong>\u00a0e interesse pela cultura.<\/p>\n","protected":false},"excerpt":{"rendered":"<p>\u00c9 um treinamento b\u00e1sico focado nas\u00a0necessidades educacionais\u00a0de crian\u00e7as entre 6 e 12 anos de idade. Algumas ferramentas ser\u00e3o obtidas para orientar as crian\u00e7as durante o est\u00e1gio da educa\u00e7\u00e3o prim\u00e1ria sob a pedagogia montessori. Nesse est\u00e1gio, as crian\u00e7as continuam sendo protagonistas de seu aprendizado, mas aumentam sua capacidade de\u00a0abstra\u00e7\u00e3o\u00a0e interesse pela cultura.<\/p>\n","protected":false},"featured_media":11485,"template":"","meta":{"_acf_changed":false},"product_brand":[],"product_cat":[101,153,161,173,157],"product_tag":[],"tematica":[220],"class_list":{"0":"post-11490","1":"product","2":"type-product","3":"status-publish","4":"has-post-thumbnail","6":"product_cat-cursos-pt-pt","7":"product_cat-primario","8":"product_cat-pais","9":"product_cat-6-12-anos-de-idade","10":"product_cat-professores","11":"tematica-desarrollo-infantil","13":"first","14":"instock","15":"sale","16":"virtual","17":"taxable","18":"purchasable","19":"product-type-simple"},"acf":[],"_links":{"self":[{"href":"https:\/\/clonemontessori-dev.host3ip.eu\/pt-pt\/wp-json\/wp\/v2\/product\/11490","targetHints":{"allow":["GET"]}}],"collection":[{"href":"https:\/\/clonemontessori-dev.host3ip.eu\/pt-pt\/wp-json\/wp\/v2\/product"}],"about":[{"href":"https:\/\/clonemontessori-dev.host3ip.eu\/pt-pt\/wp-json\/wp\/v2\/types\/product"}],"wp:featuredmedia":[{"embeddable":true,"href":"https:\/\/clonemontessori-dev.host3ip.eu\/pt-pt\/wp-json\/wp\/v2\/media\/11485"}],"wp:attachment":[{"href":"https:\/\/clonemontessori-dev.host3ip.eu\/pt-pt\/wp-json\/wp\/v2\/media?parent=11490"}],"wp:term":[{"taxonomy":"product_brand","embeddable":true,"href":"https:\/\/clonemontessori-dev.host3ip.eu\/pt-pt\/wp-json\/wp\/v2\/product_brand?post=11490"},{"taxonomy":"product_cat","embeddable":true,"href":"https:\/\/clonemontessori-dev.host3ip.eu\/pt-pt\/wp-json\/wp\/v2\/product_cat?post=11490"},{"taxonomy":"product_tag","embeddable":true,"href":"https:\/\/clonemontessori-dev.host3ip.eu\/pt-pt\/wp-json\/wp\/v2\/product_tag?post=11490"},{"taxonomy":"tematica","embeddable":true,"href":"https:\/\/clonemontessori-dev.host3ip.eu\/pt-pt\/wp-json\/wp\/v2\/tematica?post=11490"}],"curies":[{"name":"wp","href":"https:\/\/api.w.org\/{rel}","templated":true}]}}