{"id":11492,"date":"2025-07-11T10:31:15","date_gmt":"2025-07-11T08:31:15","guid":{"rendered":"https:\/\/clonemontessori-dev.host3ip.eu\/?post_type=product&#038;p=11492"},"modified":"2025-11-17T17:22:26","modified_gmt":"2025-11-17T16:22:26","slug":"artes-montessori-3","status":"publish","type":"product","link":"https:\/\/clonemontessori-dev.host3ip.eu\/pt-pt\/cursos-pt-pt\/artes-montessori-3\/","title":{"rendered":"Artes Montessori"},"content":{"rendered":"<p>A arte ajuda as crian\u00e7as da etapa de prim\u00e1ria a adquirirem confian\u00e7a em si mesmas, quer atrav\u00e9s da experimenta\u00e7\u00e3o, como da compreens\u00e3o dos conceitos das diferentes linguagens n\u00e3o verbais: a linguagem pl\u00e1stica e a linguagem musical.<br \/>\nNeste curso aprender\u00e1s a analisar as obras das crian\u00e7as \u00e0 luz da perspetiva Montessori e a desenhar situa\u00e7\u00f5es para a expressividade, ajudando as crian\u00e7as entre os 6 e os 12 anos a representarem o mundo que as rodeia.<\/p>\n","protected":false},"excerpt":{"rendered":"<p>A arte ajuda as crian\u00e7as da etapa de prim\u00e1ria a adquirirem confian\u00e7a em si mesmas, quer atrav\u00e9s da experimenta\u00e7\u00e3o, como da compreens\u00e3o dos conceitos das diferentes linguagens n\u00e3o verbais: a linguagem pl\u00e1stica e a linguagem musical. Neste curso aprender\u00e1s a analisar as obras das crian\u00e7as \u00e0 luz da perspetiva Montessori e a desenhar situa\u00e7\u00f5es para [&hellip;]<\/p>\n","protected":false},"featured_media":11475,"template":"","meta":{"_acf_changed":false},"product_brand":[],"product_cat":[101,153,161,173,157],"product_tag":[],"tematica":[216],"class_list":{"0":"post-11492","1":"product","2":"type-product","3":"status-publish","4":"has-post-thumbnail","6":"product_cat-cursos-pt-pt","7":"product_cat-primario","8":"product_cat-pais","9":"product_cat-6-12-anos-de-idade","10":"product_cat-professores","11":"tematica-arte-y-manualidades","13":"first","14":"instock","15":"sale","16":"virtual","17":"taxable","18":"purchasable","19":"product-type-simple"},"acf":[],"_links":{"self":[{"href":"https:\/\/clonemontessori-dev.host3ip.eu\/pt-pt\/wp-json\/wp\/v2\/product\/11492","targetHints":{"allow":["GET"]}}],"collection":[{"href":"https:\/\/clonemontessori-dev.host3ip.eu\/pt-pt\/wp-json\/wp\/v2\/product"}],"about":[{"href":"https:\/\/clonemontessori-dev.host3ip.eu\/pt-pt\/wp-json\/wp\/v2\/types\/product"}],"wp:featuredmedia":[{"embeddable":true,"href":"https:\/\/clonemontessori-dev.host3ip.eu\/pt-pt\/wp-json\/wp\/v2\/media\/11475"}],"wp:attachment":[{"href":"https:\/\/clonemontessori-dev.host3ip.eu\/pt-pt\/wp-json\/wp\/v2\/media?parent=11492"}],"wp:term":[{"taxonomy":"product_brand","embeddable":true,"href":"https:\/\/clonemontessori-dev.host3ip.eu\/pt-pt\/wp-json\/wp\/v2\/product_brand?post=11492"},{"taxonomy":"product_cat","embeddable":true,"href":"https:\/\/clonemontessori-dev.host3ip.eu\/pt-pt\/wp-json\/wp\/v2\/product_cat?post=11492"},{"taxonomy":"product_tag","embeddable":true,"href":"https:\/\/clonemontessori-dev.host3ip.eu\/pt-pt\/wp-json\/wp\/v2\/product_tag?post=11492"},{"taxonomy":"tematica","embeddable":true,"href":"https:\/\/clonemontessori-dev.host3ip.eu\/pt-pt\/wp-json\/wp\/v2\/tematica?post=11492"}],"curies":[{"name":"wp","href":"https:\/\/api.w.org\/{rel}","templated":true}]}}