{"id":11493,"date":"2025-07-11T10:34:00","date_gmt":"2025-07-11T08:34:00","guid":{"rendered":"https:\/\/clonemontessori-dev.host3ip.eu\/?post_type=product&#038;p=11493"},"modified":"2025-11-17T17:22:26","modified_gmt":"2025-11-17T16:22:26","slug":"ciencias-montessori","status":"publish","type":"product","link":"https:\/\/clonemontessori-dev.host3ip.eu\/pt-pt\/cursos-pt-pt\/ciencias-montessori\/","title":{"rendered":"Ci\u00eancias Montessori"},"content":{"rendered":"<p>Maria Montessori concentra<b>\u00a0o estudo das ci\u00eancias em duas \u00e1reas:<\/b>\u00a0\u00c1reas Culturais\u00a0(de 3 a 6 anos) e\u00a0Educa\u00e7\u00e3o C\u00f3smica\u00a0(de 6 a 12 anos).<\/p>\n<p>Nesse primeiro est\u00e1gio de\u00a0<b>i<\/b><strong>ntrodu\u00e7\u00e3o \u00e0 ci\u00eancia<\/strong>, a curiosidade inata das crian\u00e7as \u00e9 usada para traz\u00ea-las de maneira respeitosa com a natureza.\u00a0<b>Aspectos sensoriais da\u00a0biologia\u00a0e da\u00a0geografia<\/b>\u00a0come\u00e7am a ser conhecidos.<\/p>\n","protected":false},"excerpt":{"rendered":"<p>Maria Montessori concentra\u00a0o estudo das ci\u00eancias em duas \u00e1reas:\u00a0\u00c1reas Culturais\u00a0(de 3 a 6 anos) e\u00a0Educa\u00e7\u00e3o C\u00f3smica\u00a0(de 6 a 12 anos). Nesse primeiro est\u00e1gio de\u00a0introdu\u00e7\u00e3o \u00e0 ci\u00eancia, a curiosidade inata das crian\u00e7as \u00e9 usada para traz\u00ea-las de maneira respeitosa com a natureza.\u00a0Aspectos sensoriais da\u00a0biologia\u00a0e da\u00a0geografia\u00a0come\u00e7am a ser conhecidos.<\/p>\n","protected":false},"featured_media":11499,"template":"","meta":{"_acf_changed":false},"product_brand":[],"product_cat":[101,153,161,165,169,173,157],"product_tag":[],"tematica":[217],"class_list":{"0":"post-11493","1":"product","2":"type-product","3":"status-publish","4":"has-post-thumbnail","6":"product_cat-cursos-pt-pt","7":"product_cat-primario","8":"product_cat-pais","9":"product_cat-0-3-anos","10":"product_cat-3-6-anos","11":"product_cat-6-12-anos-de-idade","12":"product_cat-professores","13":"tematica-matematicas-y-ciencias","15":"first","16":"instock","17":"sale","18":"virtual","19":"taxable","20":"purchasable","21":"product-type-simple"},"acf":[],"_links":{"self":[{"href":"https:\/\/clonemontessori-dev.host3ip.eu\/pt-pt\/wp-json\/wp\/v2\/product\/11493","targetHints":{"allow":["GET"]}}],"collection":[{"href":"https:\/\/clonemontessori-dev.host3ip.eu\/pt-pt\/wp-json\/wp\/v2\/product"}],"about":[{"href":"https:\/\/clonemontessori-dev.host3ip.eu\/pt-pt\/wp-json\/wp\/v2\/types\/product"}],"wp:featuredmedia":[{"embeddable":true,"href":"https:\/\/clonemontessori-dev.host3ip.eu\/pt-pt\/wp-json\/wp\/v2\/media\/11499"}],"wp:attachment":[{"href":"https:\/\/clonemontessori-dev.host3ip.eu\/pt-pt\/wp-json\/wp\/v2\/media?parent=11493"}],"wp:term":[{"taxonomy":"product_brand","embeddable":true,"href":"https:\/\/clonemontessori-dev.host3ip.eu\/pt-pt\/wp-json\/wp\/v2\/product_brand?post=11493"},{"taxonomy":"product_cat","embeddable":true,"href":"https:\/\/clonemontessori-dev.host3ip.eu\/pt-pt\/wp-json\/wp\/v2\/product_cat?post=11493"},{"taxonomy":"product_tag","embeddable":true,"href":"https:\/\/clonemontessori-dev.host3ip.eu\/pt-pt\/wp-json\/wp\/v2\/product_tag?post=11493"},{"taxonomy":"tematica","embeddable":true,"href":"https:\/\/clonemontessori-dev.host3ip.eu\/pt-pt\/wp-json\/wp\/v2\/tematica?post=11493"}],"curies":[{"name":"wp","href":"https:\/\/api.w.org\/{rel}","templated":true}]}}