{"id":11504,"date":"2025-07-11T10:36:46","date_gmt":"2025-07-11T08:36:46","guid":{"rendered":"https:\/\/clonemontessori-dev.host3ip.eu\/?post_type=product&#038;p=11504"},"modified":"2025-11-17T17:22:26","modified_gmt":"2025-11-17T16:22:26","slug":"matematica-montessori-3","status":"publish","type":"product","link":"https:\/\/clonemontessori-dev.host3ip.eu\/pt-pt\/cursos-pt-pt\/matematica-montessori-3\/","title":{"rendered":"Matem\u00e1tica Montessori"},"content":{"rendered":"<p>Esta forma\u00e7\u00e3o foi desenvolvida sob a premissa de que todos temos uma inclina\u00e7\u00e3o natural para o pensamento matem\u00e1tico, que deve ser cultivado nas crian\u00e7as para que possam comparar, classificar, seriar e identificar padr\u00f5es, entre outras compet\u00eancias.<\/p>\n<p>Neste curso conhecer\u00e1s o trabalho de\u00a0<b>Matem\u00e1tica\u00a0<\/b>em Casa das Crian\u00e7as e em Prim\u00e1ria, os materiais representativos da \u00e1rea e as suas caracter\u00edsticas, co por exemplo a hist\u00f3ria dos n\u00fameros, que facilitam e despertam o entusiasmo das crian\u00e7as por estas aprendizagens.<\/p>\n","protected":false},"excerpt":{"rendered":"<p>Esta forma\u00e7\u00e3o foi desenvolvida sob a premissa de que todos temos uma inclina\u00e7\u00e3o natural para o pensamento matem\u00e1tico, que deve ser cultivado nas crian\u00e7as para que possam comparar, classificar, seriar e identificar padr\u00f5es, entre outras compet\u00eancias. Neste curso conhecer\u00e1s o trabalho de\u00a0Matem\u00e1tica\u00a0em Casa das Crian\u00e7as e em Prim\u00e1ria, os materiais representativos da \u00e1rea e as [&hellip;]<\/p>\n","protected":false},"featured_media":11494,"template":"","meta":{"_acf_changed":false},"product_brand":[],"product_cat":[101,161,169,173,157],"product_tag":[],"tematica":[217],"class_list":{"0":"post-11504","1":"product","2":"type-product","3":"status-publish","4":"has-post-thumbnail","6":"product_cat-cursos-pt-pt","7":"product_cat-pais","8":"product_cat-3-6-anos","9":"product_cat-6-12-anos-de-idade","10":"product_cat-professores","11":"tematica-matematicas-y-ciencias","13":"first","14":"instock","15":"sale","16":"virtual","17":"taxable","18":"purchasable","19":"product-type-simple"},"acf":[],"_links":{"self":[{"href":"https:\/\/clonemontessori-dev.host3ip.eu\/pt-pt\/wp-json\/wp\/v2\/product\/11504","targetHints":{"allow":["GET"]}}],"collection":[{"href":"https:\/\/clonemontessori-dev.host3ip.eu\/pt-pt\/wp-json\/wp\/v2\/product"}],"about":[{"href":"https:\/\/clonemontessori-dev.host3ip.eu\/pt-pt\/wp-json\/wp\/v2\/types\/product"}],"wp:featuredmedia":[{"embeddable":true,"href":"https:\/\/clonemontessori-dev.host3ip.eu\/pt-pt\/wp-json\/wp\/v2\/media\/11494"}],"wp:attachment":[{"href":"https:\/\/clonemontessori-dev.host3ip.eu\/pt-pt\/wp-json\/wp\/v2\/media?parent=11504"}],"wp:term":[{"taxonomy":"product_brand","embeddable":true,"href":"https:\/\/clonemontessori-dev.host3ip.eu\/pt-pt\/wp-json\/wp\/v2\/product_brand?post=11504"},{"taxonomy":"product_cat","embeddable":true,"href":"https:\/\/clonemontessori-dev.host3ip.eu\/pt-pt\/wp-json\/wp\/v2\/product_cat?post=11504"},{"taxonomy":"product_tag","embeddable":true,"href":"https:\/\/clonemontessori-dev.host3ip.eu\/pt-pt\/wp-json\/wp\/v2\/product_tag?post=11504"},{"taxonomy":"tematica","embeddable":true,"href":"https:\/\/clonemontessori-dev.host3ip.eu\/pt-pt\/wp-json\/wp\/v2\/tematica?post=11504"}],"curies":[{"name":"wp","href":"https:\/\/api.w.org\/{rel}","templated":true}]}}