{"id":11505,"date":"2025-07-11T10:40:17","date_gmt":"2025-07-11T08:40:17","guid":{"rendered":"https:\/\/clonemontessori-dev.host3ip.eu\/?post_type=product&#038;p=11505"},"modified":"2025-11-17T17:22:25","modified_gmt":"2025-11-17T16:22:25","slug":"implantacao-montessori-em-escola-publica","status":"publish","type":"product","link":"https:\/\/clonemontessori-dev.host3ip.eu\/pt-pt\/cursos-pt-pt\/implantacao-montessori-em-escola-publica\/","title":{"rendered":"Implanta\u00e7\u00e3o Montessori em escola p\u00fablica."},"content":{"rendered":"<p>Este curso introdut\u00f3rio oferece\u00a0<b>ferramentas pr\u00e1ticas<\/b>\u00a0que integram a filosofia Montessori para a sua implementa\u00e7\u00e3o no \u00e2mbito escolar.<\/p>\n<p>A Educa\u00e7\u00e3o Montessori \u00e9, neste curso, entendida como uma\u00a0<b>oportunidade pedag\u00f3gica que pode melhorar o sistema educativo atual<\/b><\/p>\n","protected":false},"excerpt":{"rendered":"<p>Este curso introdut\u00f3rio oferece\u00a0ferramentas pr\u00e1ticas\u00a0que integram a filosofia Montessori para a sua implementa\u00e7\u00e3o no \u00e2mbito escolar. A Educa\u00e7\u00e3o Montessori \u00e9, neste curso, entendida como uma\u00a0oportunidade pedag\u00f3gica que pode melhorar o sistema educativo atual<\/p>\n","protected":false},"featured_media":11506,"template":"","meta":{"_acf_changed":false},"product_brand":[],"product_cat":[101,149,153,161,165,169,173,157],"product_tag":[],"tematica":[245],"class_list":{"0":"post-11505","1":"product","2":"type-product","3":"status-publish","4":"has-post-thumbnail","6":"product_cat-cursos-pt-pt","7":"product_cat-criancas","8":"product_cat-primario","9":"product_cat-pais","10":"product_cat-0-3-anos","11":"product_cat-3-6-anos","12":"product_cat-6-12-anos-de-idade","13":"product_cat-professores","14":"tematica-innovacion-educativa","16":"first","17":"instock","18":"sale","19":"virtual","20":"taxable","21":"purchasable","22":"product-type-simple"},"acf":[],"_links":{"self":[{"href":"https:\/\/clonemontessori-dev.host3ip.eu\/pt-pt\/wp-json\/wp\/v2\/product\/11505","targetHints":{"allow":["GET"]}}],"collection":[{"href":"https:\/\/clonemontessori-dev.host3ip.eu\/pt-pt\/wp-json\/wp\/v2\/product"}],"about":[{"href":"https:\/\/clonemontessori-dev.host3ip.eu\/pt-pt\/wp-json\/wp\/v2\/types\/product"}],"wp:featuredmedia":[{"embeddable":true,"href":"https:\/\/clonemontessori-dev.host3ip.eu\/pt-pt\/wp-json\/wp\/v2\/media\/11506"}],"wp:attachment":[{"href":"https:\/\/clonemontessori-dev.host3ip.eu\/pt-pt\/wp-json\/wp\/v2\/media?parent=11505"}],"wp:term":[{"taxonomy":"product_brand","embeddable":true,"href":"https:\/\/clonemontessori-dev.host3ip.eu\/pt-pt\/wp-json\/wp\/v2\/product_brand?post=11505"},{"taxonomy":"product_cat","embeddable":true,"href":"https:\/\/clonemontessori-dev.host3ip.eu\/pt-pt\/wp-json\/wp\/v2\/product_cat?post=11505"},{"taxonomy":"product_tag","embeddable":true,"href":"https:\/\/clonemontessori-dev.host3ip.eu\/pt-pt\/wp-json\/wp\/v2\/product_tag?post=11505"},{"taxonomy":"tematica","embeddable":true,"href":"https:\/\/clonemontessori-dev.host3ip.eu\/pt-pt\/wp-json\/wp\/v2\/tematica?post=11505"}],"curies":[{"name":"wp","href":"https:\/\/api.w.org\/{rel}","templated":true}]}}